{"id":243514,"date":"2025-08-12T12:55:19","date_gmt":"2025-08-12T16:55:19","guid":{"rendered":"https:\/\/mendomedical.ca\/?post_type=product&#038;p=243514"},"modified":"2025-10-21T12:56:44","modified_gmt":"2025-10-21T16:56:44","slug":"coma-pre-rolls-5x0-5g-copy-2","status":"publish","type":"product","link":"https:\/\/mendomedical.ca\/fr\/produit\/coma-pre-rolls-5x0-5g-copy-2\/","title":{"rendered":"9 Pound Hammer Pre-Rolls 5&#215;0.5g"},"content":{"rendered":"","protected":false},"excerpt":{"rendered":"<div class=\"ExternalClass275ACD217E114CBE88FF0CD6DC014E4A\">\n<h3>9 Pound Hammer Pre-Rolls 5&#215;0.5g de Six One Charlie<\/h3>\n<p>D\u00e9couvrez la puissance r\u00e9put\u00e9e de 9 Pound Hammer dans un format pratique de Pr\u00e9-rolls. Six One Charlie pr\u00e9sente cet hybride \u00e0 dominance indica dans des Pr\u00e9-rolls de 0,5g parfaitement portionn\u00e9s, offrant cinq joints de qualit\u00e9 sup\u00e9rieure par paquet. Connue pour ses propri\u00e9t\u00e9s s\u00e9datives exceptionnelles et son profil fruit\u00e9 et sucr\u00e9, 9 Pound Hammer combine les g\u00e9n\u00e9tiques de Gooberry, Hells OG et Jack the Ripper pour offrir une relaxation profonde et un soulagement th\u00e9rapeutique.  <\/p>\n<h4>Caract\u00e9ristiques principales<\/h4>\n<ul>\n<li>5 pr\u00e9-rouleaux \u00e9labor\u00e9s par des experts, chacun contenant 0,5 g de fleur de qualit\u00e9 sup\u00e9rieure 9 Pound Hammer<\/li>\n<li>Teneur \u00e9lev\u00e9e en THC (20-25 %) pour des effets th\u00e9rapeutiques puissants.<\/li>\n<li>Hybride \u00e0 dominance indica id\u00e9al pour une utilisation en soir\u00e9e et une relaxation profonde.<\/li>\n<li>Des pr\u00e9-rouleaux de fleurs pures, non infus\u00e9es, mettant en valeur le profil naturel des cannabino\u00efdes de la vari\u00e9t\u00e9.<\/li>\n<li>Format pratique, pr\u00eat \u00e0 l&#8217;emploi, id\u00e9al pour un dosage r\u00e9gulier<\/li>\n<\/ul>\n<h4>Profil aromatique et gustatif<\/h4>\n<p>9 Pound Hammer offre une exp\u00e9rience sensorielle complexe avec des notes primaires de raisin sucr\u00e9 et de baies m\u00e9lang\u00e9es, compl\u00e9t\u00e9es par des notes acidul\u00e9es d&rsquo;agrumes. L&rsquo;ar\u00f4me associe une douceur fruit\u00e9e \u00e0 un arri\u00e8re-plan terreux et \u00e9pic\u00e9. En bouche, attendez-vous \u00e0 des saveurs prononc\u00e9es de raisin et de baies \u00e0 l&rsquo;inspiration, suivies d&rsquo;une terre subtile et de notes de pin \u00e0 l&rsquo;expiration, laissant un arri\u00e8re-go\u00fbt agr\u00e9ablement sucr\u00e9.  <\/p>\n<p>Le riche profil terp\u00e9nique de cette vari\u00e9t\u00e9 comprend du myrc\u00e8ne (qui contribue aux qualit\u00e9s s\u00e9datives et aux notes fruit\u00e9es), du pin\u00e8ne (qui ajoute des notes de pin) et du caryophyll\u00e8ne (qui apporte des propri\u00e9t\u00e9s anti-inflammatoires). Cette puissante combinaison favorise les effets corporels intenses et le potentiel th\u00e9rapeutique de la vari\u00e9t\u00e9. <\/p>\n<h4>Pourquoi choisir les pr\u00e9-rolls ?<\/h4>\n<p>Les Pr\u00e9-rolls offrent aux patients de cannabis m\u00e9dical un dosage coh\u00e9rent et pratique sans avoir besoin de les broyer ou de les rouler. Ils sont id\u00e9aux pour ceux qui recherchent un soulagement imm\u00e9diat ou pour les patients dont la mobilit\u00e9 rend la pr\u00e9paration difficile. <\/p>\n<h4>Exp\u00e9dition dans tout le Canada<\/h4>\n<p>9 Pound Hammer Pre-Rolls 5&#215;0.5g est exp\u00e9di\u00e9 rapidement \u00e0 travers le Canada. Nous offrons une livraison gratuite pour toutes les commandes de plus de 150 $, assurant que votre cannabis m\u00e9dical vous parvienne rapidement et discr\u00e8tement. <\/p>\n<h4>Avantages et couverture pour les anciens combattants<\/h4>\n<p>9 Pound Hammer Pre-Rolls 5&#215;0.5g est admissible \u00e0 la couverture d&rsquo;ACC (Anciens Combattants Canada) avec facturation directe par la Croix Bleue, ce qui signifie que les anciens combattants admissibles n&rsquo;ont pas \u00e0 d\u00e9bourser d&rsquo;argent. Si vous n&rsquo;avez pas encore votre carte de cannabis m\u00e9dical, obtenez-la rapidement et facilement sur <a href=\"https:\/\/mendomedical.ca\/fr\/carte-medicale\/\">https:\/\/mendomedical.ca\/medical-card\/.<\/a> <\/p>\n<\/div>\n","protected":false},"featured_media":238938,"comment_status":"closed","ping_status":"closed","template":"","meta":{"_acf_changed":false,"site-sidebar-layout":"default","site-content-layout":"","ast-site-content-layout":"default","site-content-style":"default","site-sidebar-style":"default","ast-global-header-display":"","ast-banner-title-visibility":"","ast-main-header-display":"","ast-hfb-above-header-display":"","ast-hfb-below-header-display":"","ast-hfb-mobile-header-display":"","site-post-title":"","ast-breadcrumbs-content":"","ast-featured-img":"","footer-sml-layout":"","ast-disable-related-posts":"","theme-transparent-header-meta":"default","adv-header-id-meta":"","stick-header-meta":"","header-above-stick-meta":"","header-main-stick-meta":"","header-below-stick-meta":"","astra-migrate-meta-layouts":"set","ast-page-background-enabled":"default","ast-page-background-meta":{"desktop":{"background-color":"var(--ast-global-color-4)","background-image":"","background-repeat":"repeat","background-position":"center center","background-size":"auto","background-attachment":"scroll","background-type":"","background-media":"","overlay-type":"","overlay-color":"","overlay-opacity":"","overlay-gradient":""},"tablet":{"background-color":"","background-image":"","background-repeat":"repeat","background-position":"center center","background-size":"auto","background-attachment":"scroll","background-type":"","background-media":"","overlay-type":"","overlay-color":"","overlay-opacity":"","overlay-gradient":""},"mobile":{"background-color":"","background-image":"","background-repeat":"repeat","background-position":"center center","background-size":"auto","background-attachment":"scroll","background-type":"","background-media":"","overlay-type":"","overlay-color":"","overlay-opacity":"","overlay-gradient":""}},"ast-content-background-meta":{"desktop":{"background-color":"var(--ast-global-color-5)","background-image":"","background-repeat":"repeat","background-position":"center center","background-size":"auto","background-attachment":"scroll","background-type":"","background-media":"","overlay-type":"","overlay-color":"","overlay-opacity":"","overlay-gradient":""},"tablet":{"background-color":"var(--ast-global-color-5)","background-image":"","background-repeat":"repeat","background-position":"center center","background-size":"auto","background-attachment":"scroll","background-type":"","background-media":"","overlay-type":"","overlay-color":"","overlay-opacity":"","overlay-gradient":""},"mobile":{"background-color":"var(--ast-global-color-5)","background-image":"","background-repeat":"repeat","background-position":"center center","background-size":"auto","background-attachment":"scroll","background-type":"","background-media":"","overlay-type":"","overlay-color":"","overlay-opacity":"","overlay-gradient":""}}},"product_brand":[],"product_cat":[4803,4801,1144],"product_tag":[],"product_format_filter":[6374],"class_list":{"0":"post-243514","1":"product","2":"type-product","3":"status-publish","4":"has-post-thumbnail","6":"product_cat-pre-rolls-non-infuses","7":"product_cat-six-one-charlie-fr","8":"product_cat-pre-roules","9":"pa_flavours-agrume","10":"pa_flavours-baies","11":"pa_flavours-fruite","12":"pa_flavours-pin","13":"pa_flavours-raisin","14":"pa_flavours-doux","15":"pa_flavours-terreux","16":"pa_intensity-thc-moyen","17":"pa_marques-six-one-charlie-fr","18":"pa_origin-colombie-britannique-fr","19":"pa_profil-terpene-caryophyllene","20":"pa_profil-terpene-myrcene","21":"pa_profil-terpene-pinene-fr","22":"pa_type-de-plante-indica-fr","23":"product_format_filter-0-5g","24":"desktop-align-left","25":"tablet-align-left","26":"mobile-align-left","28":"first","29":"outofstock","30":"taxable","31":"shipping-taxable","32":"purchasable","33":"product-type-simple"},"group_of_quantity":0,"min_quantity":0,"max_quantity":"","exclude_order_quantity_value_rules":"no","exclude_category_quantity_rules":"no","combine_variations":"no","acf":[],"_links":{"self":[{"href":"https:\/\/mendomedical.ca\/fr\/wp-json\/wp\/v2\/product\/243514","targetHints":{"allow":["GET"]}}],"collection":[{"href":"https:\/\/mendomedical.ca\/fr\/wp-json\/wp\/v2\/product"}],"about":[{"href":"https:\/\/mendomedical.ca\/fr\/wp-json\/wp\/v2\/types\/product"}],"replies":[{"embeddable":true,"href":"https:\/\/mendomedical.ca\/fr\/wp-json\/wp\/v2\/comments?post=243514"}],"wp:featuredmedia":[{"embeddable":true,"href":"https:\/\/mendomedical.ca\/fr\/wp-json\/wp\/v2\/media\/238938"}],"wp:attachment":[{"href":"https:\/\/mendomedical.ca\/fr\/wp-json\/wp\/v2\/media?parent=243514"}],"wp:term":[{"taxonomy":"product_brand","embeddable":true,"href":"https:\/\/mendomedical.ca\/fr\/wp-json\/wp\/v2\/product_brand?post=243514"},{"taxonomy":"product_cat","embeddable":true,"href":"https:\/\/mendomedical.ca\/fr\/wp-json\/wp\/v2\/product_cat?post=243514"},{"taxonomy":"product_tag","embeddable":true,"href":"https:\/\/mendomedical.ca\/fr\/wp-json\/wp\/v2\/product_tag?post=243514"},{"taxonomy":"product_format_filter","embeddable":true,"href":"https:\/\/mendomedical.ca\/fr\/wp-json\/wp\/v2\/product_format_filter?post=243514"}],"curies":[{"name":"wp","href":"https:\/\/api.w.org\/{rel}","templated":true}]}}