{"id":243502,"date":"2025-09-19T12:35:22","date_gmt":"2025-09-19T16:35:22","guid":{"rendered":"https:\/\/mendomedical.ca\/?post_type=product&#038;p=243502"},"modified":"2026-04-04T09:11:56","modified_gmt":"2026-04-04T13:11:56","slug":"coma-pre-rolls-10x0-5g-fr","status":"publish","type":"product","link":"https:\/\/mendomedical.ca\/fr\/produit\/coma-pre-rolls-10x0-5g-fr\/","title":{"rendered":"Coma Pr\u00e9-Rolls 10&#215;0.5g"},"content":{"rendered":"","protected":false},"excerpt":{"rendered":"<div class=\"ExternalClassD3F87C53C73D44FA8A4BF56502DCC21A\">\n<h3>Coma Pre-Rolls 10&#215;0.5g de Six One Charlie<\/h3>\n<p>Faites l&rsquo;exp\u00e9rience de la profonde relaxation du cannabis Comatose dans un format Pr\u00e9-rolls pratique. Les Pr\u00e9-rolls Coma de Six One Charlie d\u00e9livrent cet hybride notoirement puissant \u00e0 dominance indica en dix joints de 0,5g parfaitement portionn\u00e9s. Connus pour des effets exceptionnellement lourds et un profil piquant classique, ces Pr\u00e9-rolls offrent une tranquillit\u00e9 profonde et durable, id\u00e9ale pour une utilisation en soir\u00e9e et un soulagement th\u00e9rapeutique.  <\/p>\n<h4>Caract\u00e9ristiques principales<\/h4>\n<ul>\n<li>10 paquets de pr\u00e9-rolls de 0,5g contenant la vari\u00e9t\u00e9 premium Comatose<\/li>\n<li>Teneur \u00e9lev\u00e9e en THC, de 20 \u00e0 25 % pour les utilisateurs exp\u00e9riment\u00e9s<\/li>\n<li>Hybride \u00e0 dominance indica procurant une relaxation profonde de tout le corps.<\/li>\n<li>G\u00e9n\u00e9tique kush classique avec des fleurs denses et recouvertes de trichomes<\/li>\n<li>Des pr\u00e9-rouleaux de cannabis pur, non infus\u00e9s, pr\u00eats \u00e0 \u00eatre d\u00e9gust\u00e9s<\/li>\n<\/ul>\n<h4>Profil aromatique et terp\u00e9nique<\/h4>\n<p>La Comatose offre une exp\u00e9rience sensorielle audacieuse gr\u00e2ce \u00e0 son ar\u00f4me et \u00e0 son go\u00fbt puissants. La vari\u00e9t\u00e9 se caract\u00e9rise par un parfum profond\u00e9ment piquant et terreux avec des notes dominantes de pin, de diesel et d&rsquo;\u00e9pices subtiles. Lors de la consommation, attendez-vous \u00e0 une saveur lourde et terreuse avec des notes dominantes de pin et de carburant, suivies d&rsquo;un final \u00e9pic\u00e9 et herbac\u00e9.  <\/p>\n<p>Les terp\u00e8nes dominants sont le myrc\u00e8ne (qui contribue aux effets s\u00e9datifs et \u00e0 l&rsquo;ar\u00f4me de terre), le caryophyll\u00e8ne (qui apporte des notes \u00e9pic\u00e9es et des propri\u00e9t\u00e9s anti-inflammatoires) et le limon\u00e8ne (qui apporte de subtiles notes d&rsquo;agrumes). Cette puissante synergie terp\u00e9nique renforce les effets profond\u00e9ment relaxants de la vari\u00e9t\u00e9. <\/p>\n<h4>Pourquoi choisir les pr\u00e9-rolls ?<\/h4>\n<p>Les Pr\u00e9-rolls offrent aux consommateurs de cannabis m\u00e9dical un dosage constant, une grande commodit\u00e9 et un m\u00e9dicament pr\u00eat \u00e0 l&#8217;emploi sans avoir \u00e0 le moudre ou \u00e0 le rouler. Ils sont parfaits pour les patients qui recherchent un soulagement imm\u00e9diat de sympt\u00f4mes tels que la douleur chronique, l&rsquo;insomnie ou la tension musculaire. <\/p>\n<h4>Exp\u00e9dition dans tout le Canada<\/h4>\n<p>Coma Pre-Rolls 10&#215;0.5g est exp\u00e9di\u00e9 rapidement \u00e0 travers le Canada avec une livraison gratuite pour les commandes de plus de 150$. Votre commande arrive dans un emballage discret afin de pr\u00e9server la confidentialit\u00e9 et la fra\u00eecheur du produit. <\/p>\n<h4>Avantages et couverture pour les anciens combattants<\/h4>\n<p>Coma Pre-Rolls 10&#215;0.5g est admissible \u00e0 la couverture d&rsquo;ACC (Anciens Combattants Canada) avec facturation directe par la Croix Bleue, ce qui signifie que les anciens combattants admissibles n&rsquo;ont pas \u00e0 d\u00e9bourser d&rsquo;argent. Vous n&rsquo;avez pas encore votre ordonnance de cannabis m\u00e9dical ? Obtenez votre carte m\u00e9dicale gratuite rapidement et facilement sur <a href=\"https:\/\/mendomedical.ca\/fr\/carte-medicale\/\">https:\/\/mendomedical.ca\/medical-card\/.<\/a>  <\/p>\n<\/div>\n","protected":false},"featured_media":238936,"comment_status":"closed","ping_status":"closed","template":"","meta":{"_acf_changed":false,"site-sidebar-layout":"default","site-content-layout":"","ast-site-content-layout":"default","site-content-style":"default","site-sidebar-style":"default","ast-global-header-display":"","ast-banner-title-visibility":"","ast-main-header-display":"","ast-hfb-above-header-display":"","ast-hfb-below-header-display":"","ast-hfb-mobile-header-display":"","site-post-title":"","ast-breadcrumbs-content":"","ast-featured-img":"","footer-sml-layout":"","ast-disable-related-posts":"","theme-transparent-header-meta":"default","adv-header-id-meta":"","stick-header-meta":"","header-above-stick-meta":"","header-main-stick-meta":"","header-below-stick-meta":"","astra-migrate-meta-layouts":"set","ast-page-background-enabled":"default","ast-page-background-meta":{"desktop":{"background-color":"var(--ast-global-color-4)","background-image":"","background-repeat":"repeat","background-position":"center center","background-size":"auto","background-attachment":"scroll","background-type":"","background-media":"","overlay-type":"","overlay-color":"","overlay-opacity":"","overlay-gradient":""},"tablet":{"background-color":"","background-image":"","background-repeat":"repeat","background-position":"center center","background-size":"auto","background-attachment":"scroll","background-type":"","background-media":"","overlay-type":"","overlay-color":"","overlay-opacity":"","overlay-gradient":""},"mobile":{"background-color":"","background-image":"","background-repeat":"repeat","background-position":"center center","background-size":"auto","background-attachment":"scroll","background-type":"","background-media":"","overlay-type":"","overlay-color":"","overlay-opacity":"","overlay-gradient":""}},"ast-content-background-meta":{"desktop":{"background-color":"var(--ast-global-color-5)","background-image":"","background-repeat":"repeat","background-position":"center center","background-size":"auto","background-attachment":"scroll","background-type":"","background-media":"","overlay-type":"","overlay-color":"","overlay-opacity":"","overlay-gradient":""},"tablet":{"background-color":"var(--ast-global-color-5)","background-image":"","background-repeat":"repeat","background-position":"center center","background-size":"auto","background-attachment":"scroll","background-type":"","background-media":"","overlay-type":"","overlay-color":"","overlay-opacity":"","overlay-gradient":""},"mobile":{"background-color":"var(--ast-global-color-5)","background-image":"","background-repeat":"repeat","background-position":"center center","background-size":"auto","background-attachment":"scroll","background-type":"","background-media":"","overlay-type":"","overlay-color":"","overlay-opacity":"","overlay-gradient":""}}},"product_brand":[],"product_cat":[4803,4801,1144],"product_tag":[],"product_format_filter":[6374],"class_list":{"0":"post-243502","1":"product","2":"type-product","3":"status-publish","4":"has-post-thumbnail","6":"product_cat-pre-rolls-non-infuses","7":"product_cat-six-one-charlie-fr","8":"product_cat-pre-roules","9":"pa_flavours-diesel-fr","10":"pa_flavours-pimenter","11":"pa_flavours-kush","12":"pa_flavours-pin","13":"pa_flavours-pungent-fr","14":"pa_flavours-terreux","15":"pa_intensity-thc-eleve","16":"pa_marques-six-one-charlie-fr","17":"pa_origin-colombie-britannique-fr","18":"pa_profil-terpene-caryophyllene","19":"pa_profil-terpene-limonene-fr","20":"pa_profil-terpene-myrcene","21":"pa_type-de-plante-indica-fr","22":"product_format_filter-0-5g","23":"desktop-align-left","24":"tablet-align-left","25":"mobile-align-left","27":"first","28":"instock","29":"taxable","30":"shipping-taxable","31":"purchasable","32":"product-type-simple"},"group_of_quantity":0,"min_quantity":0,"max_quantity":"","exclude_order_quantity_value_rules":"no","exclude_category_quantity_rules":"no","combine_variations":"no","acf":[],"_links":{"self":[{"href":"https:\/\/mendomedical.ca\/fr\/wp-json\/wp\/v2\/product\/243502","targetHints":{"allow":["GET"]}}],"collection":[{"href":"https:\/\/mendomedical.ca\/fr\/wp-json\/wp\/v2\/product"}],"about":[{"href":"https:\/\/mendomedical.ca\/fr\/wp-json\/wp\/v2\/types\/product"}],"replies":[{"embeddable":true,"href":"https:\/\/mendomedical.ca\/fr\/wp-json\/wp\/v2\/comments?post=243502"}],"wp:featuredmedia":[{"embeddable":true,"href":"https:\/\/mendomedical.ca\/fr\/wp-json\/wp\/v2\/media\/238936"}],"wp:attachment":[{"href":"https:\/\/mendomedical.ca\/fr\/wp-json\/wp\/v2\/media?parent=243502"}],"wp:term":[{"taxonomy":"product_brand","embeddable":true,"href":"https:\/\/mendomedical.ca\/fr\/wp-json\/wp\/v2\/product_brand?post=243502"},{"taxonomy":"product_cat","embeddable":true,"href":"https:\/\/mendomedical.ca\/fr\/wp-json\/wp\/v2\/product_cat?post=243502"},{"taxonomy":"product_tag","embeddable":true,"href":"https:\/\/mendomedical.ca\/fr\/wp-json\/wp\/v2\/product_tag?post=243502"},{"taxonomy":"product_format_filter","embeddable":true,"href":"https:\/\/mendomedical.ca\/fr\/wp-json\/wp\/v2\/product_format_filter?post=243502"}],"curies":[{"name":"wp","href":"https:\/\/api.w.org\/{rel}","templated":true}]}}