{"id":243493,"date":"2025-08-12T12:40:20","date_gmt":"2025-08-12T16:40:20","guid":{"rendered":"https:\/\/mendomedical.ca\/?post_type=product&#038;p=243493"},"modified":"2025-11-07T10:38:52","modified_gmt":"2025-11-07T15:38:52","slug":"coma-pre-rolls-5x0-5g-fr","status":"publish","type":"product","link":"https:\/\/mendomedical.ca\/fr\/produit\/coma-pre-rolls-5x0-5g-fr\/","title":{"rendered":"Coma Pre-Rolls 5&#215;0.5g"},"content":{"rendered":"","protected":false},"excerpt":{"rendered":"<div class=\"ExternalClassA15D844471F6463EAF50A419827A06C1\">\n<h3>Coma Pre-Rolls 5&#215;0.5g de Six One Charlie<\/h3>\n<p>D\u00e9couvrez la puissance r\u00e9put\u00e9e de Comatose (Coma) avec le pratique paquet de Pr\u00e9-rolls de Six One Charlie. Cette vari\u00e9t\u00e9 hybride \u00e0 dominance indica d\u00e9livre des effets exceptionnellement lourds, parfaits pour une relaxation et une d\u00e9tente profondes. Chaque paquet contient cinq joints de 0,5 g roul\u00e9s de mani\u00e8re experte, offrant une qualit\u00e9 constante et une commodit\u00e9 pour les consommateurs de cannabis exp\u00e9riment\u00e9s \u00e0 la recherche d&rsquo;une profonde tranquillit\u00e9.  <\/p>\n<h4>Caract\u00e9ristiques principales<\/h4>\n<ul>\n<li>5 joints pr\u00e9-roul\u00e9s \u00e0 0,5g chacun (2,5g au total)<\/li>\n<li>Teneur \u00e9lev\u00e9e en THC (20-25 % ou plus)<\/li>\n<li>Hybride \u00e0 dominance indica aux effets profond\u00e9ment s\u00e9datifs.<\/li>\n<li>Profil classique de kush avec des notes de pin, de diesel et de terre.<\/li>\n<li>Id\u00e9al pour une utilisation en soir\u00e9e et pour g\u00e9rer les difficult\u00e9s de sommeil<\/li>\n<\/ul>\n<h4>Profil aromatique et terp\u00e9nique<\/h4>\n<p>Les Coma Pre-Rolls offrent une exp\u00e9rience sensorielle audacieuse gr\u00e2ce \u00e0 leur ar\u00f4me piquant de kush classique. Le profil olfactif dominant se caract\u00e9rise par des notes de terre et de pin, compl\u00e9t\u00e9es par des nuances de diesel et un piquant subtil. Lors de la consommation, attendez-vous \u00e0 une saveur riche et lourde avec des notes de pin et de carburant pro\u00e9minentes \u00e0 l&rsquo;inspiration, suivies de notes \u00e9pic\u00e9es et herbac\u00e9es \u00e0 l&rsquo;expiration.  <\/p>\n<p>Les effets puissants de cette vari\u00e9t\u00e9 proviennent de son profil terp\u00e9nique robuste, comprenant le myrc\u00e8ne (qui contribue aux effets s\u00e9datifs et \u00e0 l&rsquo;ar\u00f4me de terre), le caryophyll\u00e8ne (qui apporte des notes \u00e9pic\u00e9es et des propri\u00e9t\u00e9s anti-inflammatoires) et le limon\u00e8ne (qui apporte de subtiles notes d&rsquo;agrumes). Cette combinaison synergique est \u00e0 l&rsquo;origine des effets de relaxation profonde et d&rsquo;immobilisation sur le canap\u00e9 qui caract\u00e9risent cette vari\u00e9t\u00e9. <\/p>\n<h4>Pourquoi choisir les pr\u00e9-rolls ?<\/h4>\n<p>Les Pr\u00e9-rolls offrent aux consommateurs de cannabis m\u00e9dical la commodit\u00e9 et la coh\u00e9rence sans qu&rsquo;il soit n\u00e9cessaire de broyer ou de rouler. Ils sont parfaits pour les personnes \u00e0 mobilit\u00e9 r\u00e9duite ou ayant des probl\u00e8mes de dext\u00e9rit\u00e9, car ils permettent un dosage pr\u00e9cis et un soulagement pr\u00eat \u00e0 l&#8217;emploi. <\/p>\n<h4>Exp\u00e9dition dans tout le Canada<\/h4>\n<p>Coma Pre-Rolls 5&#215;0.5g est exp\u00e9di\u00e9 rapidement \u00e0 travers le Canada avec une livraison gratuite pour les commandes de plus de 150$. Votre commande sera emball\u00e9e discr\u00e8tement et livr\u00e9e directement \u00e0 votre porte, assurant un acc\u00e8s pratique \u00e0 vos produits de cannabis m\u00e9dical. <\/p>\n<h4>Avantages et couverture pour les anciens combattants<\/h4>\n<p>Coma Pre-Rolls 5&#215;0.5g est admissible \u00e0 la couverture d&rsquo;ACC (Anciens Combattants Canada) avec facturation directe par la Croix Bleue, ce qui signifie que les anciens combattants admissibles n&rsquo;ont pas \u00e0 d\u00e9bourser d&rsquo;argent. Si vous n&rsquo;avez pas encore d&rsquo;ordonnance de cannabis m\u00e9dical, vous pouvez <a href=\"https:\/\/mendomedical.ca\/fr\/carte-medicale\/\">obtenir votre carte m\u00e9dicale gratuite rapidement et facilement<\/a> gr\u00e2ce \u00e0 notre processus simplifi\u00e9. <\/p>\n<\/div>\n","protected":false},"featured_media":238938,"comment_status":"closed","ping_status":"closed","template":"","meta":{"_acf_changed":false,"site-sidebar-layout":"default","site-content-layout":"","ast-site-content-layout":"default","site-content-style":"default","site-sidebar-style":"default","ast-global-header-display":"","ast-banner-title-visibility":"","ast-main-header-display":"","ast-hfb-above-header-display":"","ast-hfb-below-header-display":"","ast-hfb-mobile-header-display":"","site-post-title":"","ast-breadcrumbs-content":"","ast-featured-img":"","footer-sml-layout":"","ast-disable-related-posts":"","theme-transparent-header-meta":"default","adv-header-id-meta":"","stick-header-meta":"","header-above-stick-meta":"","header-main-stick-meta":"","header-below-stick-meta":"","astra-migrate-meta-layouts":"set","ast-page-background-enabled":"default","ast-page-background-meta":{"desktop":{"background-color":"var(--ast-global-color-4)","background-image":"","background-repeat":"repeat","background-position":"center center","background-size":"auto","background-attachment":"scroll","background-type":"","background-media":"","overlay-type":"","overlay-color":"","overlay-opacity":"","overlay-gradient":""},"tablet":{"background-color":"","background-image":"","background-repeat":"repeat","background-position":"center center","background-size":"auto","background-attachment":"scroll","background-type":"","background-media":"","overlay-type":"","overlay-color":"","overlay-opacity":"","overlay-gradient":""},"mobile":{"background-color":"","background-image":"","background-repeat":"repeat","background-position":"center center","background-size":"auto","background-attachment":"scroll","background-type":"","background-media":"","overlay-type":"","overlay-color":"","overlay-opacity":"","overlay-gradient":""}},"ast-content-background-meta":{"desktop":{"background-color":"var(--ast-global-color-5)","background-image":"","background-repeat":"repeat","background-position":"center center","background-size":"auto","background-attachment":"scroll","background-type":"","background-media":"","overlay-type":"","overlay-color":"","overlay-opacity":"","overlay-gradient":""},"tablet":{"background-color":"var(--ast-global-color-5)","background-image":"","background-repeat":"repeat","background-position":"center center","background-size":"auto","background-attachment":"scroll","background-type":"","background-media":"","overlay-type":"","overlay-color":"","overlay-opacity":"","overlay-gradient":""},"mobile":{"background-color":"var(--ast-global-color-5)","background-image":"","background-repeat":"repeat","background-position":"center center","background-size":"auto","background-attachment":"scroll","background-type":"","background-media":"","overlay-type":"","overlay-color":"","overlay-opacity":"","overlay-gradient":""}}},"product_brand":[],"product_cat":[4803,4801,1144],"product_tag":[],"product_format_filter":[6374],"class_list":{"0":"post-243493","1":"product","2":"type-product","3":"status-publish","4":"has-post-thumbnail","6":"product_cat-pre-rolls-non-infuses","7":"product_cat-six-one-charlie-fr","8":"product_cat-pre-roules","9":"pa_flavours-diesel-fr","10":"pa_flavours-pimenter","11":"pa_flavours-kush","12":"pa_flavours-pin","13":"pa_flavours-pungent-fr","14":"pa_flavours-terreux","15":"pa_intensity-thc-eleve","16":"pa_marques-six-one-charlie-fr","17":"pa_origin-colombie-britannique-fr","18":"pa_profil-terpene-caryophyllene","19":"pa_profil-terpene-limonene-fr","20":"pa_profil-terpene-myrcene","21":"pa_type-de-plante-indica-fr","22":"product_format_filter-0-5g","23":"desktop-align-left","24":"tablet-align-left","25":"mobile-align-left","27":"first","28":"outofstock","29":"taxable","30":"shipping-taxable","31":"purchasable","32":"product-type-simple"},"group_of_quantity":0,"min_quantity":0,"max_quantity":"","exclude_order_quantity_value_rules":"no","exclude_category_quantity_rules":"no","combine_variations":"no","acf":[],"_links":{"self":[{"href":"https:\/\/mendomedical.ca\/fr\/wp-json\/wp\/v2\/product\/243493","targetHints":{"allow":["GET"]}}],"collection":[{"href":"https:\/\/mendomedical.ca\/fr\/wp-json\/wp\/v2\/product"}],"about":[{"href":"https:\/\/mendomedical.ca\/fr\/wp-json\/wp\/v2\/types\/product"}],"replies":[{"embeddable":true,"href":"https:\/\/mendomedical.ca\/fr\/wp-json\/wp\/v2\/comments?post=243493"}],"wp:featuredmedia":[{"embeddable":true,"href":"https:\/\/mendomedical.ca\/fr\/wp-json\/wp\/v2\/media\/238938"}],"wp:attachment":[{"href":"https:\/\/mendomedical.ca\/fr\/wp-json\/wp\/v2\/media?parent=243493"}],"wp:term":[{"taxonomy":"product_brand","embeddable":true,"href":"https:\/\/mendomedical.ca\/fr\/wp-json\/wp\/v2\/product_brand?post=243493"},{"taxonomy":"product_cat","embeddable":true,"href":"https:\/\/mendomedical.ca\/fr\/wp-json\/wp\/v2\/product_cat?post=243493"},{"taxonomy":"product_tag","embeddable":true,"href":"https:\/\/mendomedical.ca\/fr\/wp-json\/wp\/v2\/product_tag?post=243493"},{"taxonomy":"product_format_filter","embeddable":true,"href":"https:\/\/mendomedical.ca\/fr\/wp-json\/wp\/v2\/product_format_filter?post=243493"}],"curies":[{"name":"wp","href":"https:\/\/api.w.org\/{rel}","templated":true}]}}