{"id":243305,"date":"2025-06-07T07:15:28","date_gmt":"2025-06-07T11:15:28","guid":{"rendered":"https:\/\/mendomedical.ca\/?post_type=product&#038;p=243305"},"modified":"2025-12-02T09:59:59","modified_gmt":"2025-12-02T14:59:59","slug":"rainbow-belts-3-0-percy-live-rosin-copy","status":"publish","type":"product","link":"https:\/\/mendomedical.ca\/fr\/produit\/rainbow-belts-3-0-percy-live-rosin-copy\/","title":{"rendered":"Rainbow Guava #5 Percy Live Rosin"},"content":{"rendered":"","protected":false},"excerpt":{"rendered":"<div class=\"ExternalClassE4CB6A9C9D8A42EAA5DB6808A1A9AD04\">\n<h3>TERP\u00c8NES TOTAUX 9,12 %.<\/h3>\n<h3>Rainbow Guava #5 Percy Live Rosin<\/h3>\n<p>Faites l&rsquo;exp\u00e9rience d&rsquo;une extraction sans solvant de premi\u00e8re qualit\u00e9 avec la Rainbow Guava #5 Percy Live Rosin de Brindle Farms Inc. Ce concentr\u00e9 exceptionnel de 1g pr\u00e9sente une qualit\u00e9 percy-grade - le calibre typiquement r\u00e9serv\u00e9 comme headstash personnel par les ma\u00eetres hashmakers. Fabriqu\u00e9 \u00e0 partir de fleurs fra\u00eechement congel\u00e9es de Rainbow Guava (Strawberry Guava x Rainbow Belts), ce Live Rosin pr\u00e9sente une teneur totale en terp\u00e8nes impressionnante de 9,12 %, capturant avec une clart\u00e9 remarquable l&rsquo;essence vibrante, tropicale et fruit\u00e9e de la vari\u00e9t\u00e9.  <\/p>\n<h3>Caract\u00e9ristiques principales<\/h3>\n<ul>\n<li>Live Rosin de qualit\u00e9 sup\u00e9rieure, press\u00e9e \u00e0 partir de haschisch de 159-73 microns.<\/li>\n<li>Une teneur \u00e9lev\u00e9e en terp\u00e8nes (9,12 %) pour une saveur exceptionnelle.<\/li>\n<li>Extraction sans solvant de la fleur de goyave arc-en-ciel fra\u00eechement congel\u00e9e<\/li>\n<li>Concentr\u00e9 de qualit\u00e9 connaisseur en petites quantit\u00e9s<\/li>\n<li>Dabs doux et savoureux avec des effets puissants et stimulants.<\/li>\n<\/ul>\n<h3>Profil aromatique et gustatif<\/h3>\n<p>La Rainbow Guava #5 Percy Live Rosin pr\u00e9sente un profil terp\u00e9nique distinctif de baies et de fruits qui refl\u00e8te son impressionnante lign\u00e9e g\u00e9n\u00e9tique. La combinaison de Strawberry Guava et de Rainbow Belts cr\u00e9e des notes tropicales et fruit\u00e9es qui se traduisent magnifiquement \u00e0 travers le processus d&rsquo;extraction sans solvant. Avec 9,12 % de terp\u00e8nes totaux, chaque Dabs offre une exp\u00e9rience douce et savoureuse qui met en valeur les caract\u00e9ristiques naturelles du cultivar.  <\/p>\n<h3>Pourquoi choisir Live Rosin ?<\/h3>\n<p>Live Rosin offre aux consommateurs de cannabis m\u00e9dical une option de concentr\u00e9 pur, sans solvant, qui pr\u00e9serve le profil naturel des terp\u00e8nes et des cannabino\u00efdes de la plante. Cette m\u00e9thode d&rsquo;extraction peut produire des effets plus pr\u00e9visibles et une saveur plus prononc\u00e9e que les concentr\u00e9s \u00e0 base de solvant, ce qui en fait un excellent choix pour les patients \u00e0 la recherche d&rsquo;un m\u00e9dicament puissant et propre. <\/p>\n<h3>Exp\u00e9dition dans tout le Canada<\/h3>\n<p>Rainbow Guava #5 Percy Live Rosin est exp\u00e9di\u00e9 rapidement \u00e0 travers le Canada. Nous offrons la livraison gratuite pour les commandes de plus de 150 $, ce qui garantit que vos concentr\u00e9s de qualit\u00e9 sup\u00e9rieure arrivent en toute s\u00e9curit\u00e9 et en toute discr\u00e9tion \u00e0 votre porte. <\/p>\n<h3>Avantages et couverture pour les anciens combattants<\/h3>\n<p>Rainbow Guava #5 Percy Live Rosin est admissible \u00e0 la couverture d&rsquo;ACC (Anciens Combattants Canada) avec facturation directe par la Croix Bleue - ce qui signifie qu&rsquo;il n&rsquo;y a pas de frais \u00e0 d\u00e9bourser pour les anciens combattants admissibles. Si vous n&rsquo;avez pas encore de carte de cannabis m\u00e9dical, <a href=\"https:\/\/mendomedical.ca\/fr\/carte-medicale\/\">obtenez votre carte m\u00e9dicale gratuite rapidement et facilement<\/a> pour acc\u00e9der \u00e0 ces avantages. <\/p>\n<\/div>\n","protected":false},"featured_media":247062,"comment_status":"closed","ping_status":"closed","template":"","meta":{"_acf_changed":false,"site-sidebar-layout":"default","site-content-layout":"","ast-site-content-layout":"default","site-content-style":"default","site-sidebar-style":"default","ast-global-header-display":"","ast-banner-title-visibility":"","ast-main-header-display":"","ast-hfb-above-header-display":"","ast-hfb-below-header-display":"","ast-hfb-mobile-header-display":"","site-post-title":"","ast-breadcrumbs-content":"","ast-featured-img":"","footer-sml-layout":"","ast-disable-related-posts":"","theme-transparent-header-meta":"default","adv-header-id-meta":"","stick-header-meta":"","header-above-stick-meta":"","header-main-stick-meta":"","header-below-stick-meta":"","astra-migrate-meta-layouts":"set","ast-page-background-enabled":"default","ast-page-background-meta":{"desktop":{"background-color":"var(--ast-global-color-4)","background-image":"","background-repeat":"repeat","background-position":"center center","background-size":"auto","background-attachment":"scroll","background-type":"","background-media":"","overlay-type":"","overlay-color":"","overlay-opacity":"","overlay-gradient":""},"tablet":{"background-color":"","background-image":"","background-repeat":"repeat","background-position":"center center","background-size":"auto","background-attachment":"scroll","background-type":"","background-media":"","overlay-type":"","overlay-color":"","overlay-opacity":"","overlay-gradient":""},"mobile":{"background-color":"","background-image":"","background-repeat":"repeat","background-position":"center center","background-size":"auto","background-attachment":"scroll","background-type":"","background-media":"","overlay-type":"","overlay-color":"","overlay-opacity":"","overlay-gradient":""}},"ast-content-background-meta":{"desktop":{"background-color":"var(--ast-global-color-5)","background-image":"","background-repeat":"repeat","background-position":"center center","background-size":"auto","background-attachment":"scroll","background-type":"","background-media":"","overlay-type":"","overlay-color":"","overlay-opacity":"","overlay-gradient":""},"tablet":{"background-color":"var(--ast-global-color-5)","background-image":"","background-repeat":"repeat","background-position":"center center","background-size":"auto","background-attachment":"scroll","background-type":"","background-media":"","overlay-type":"","overlay-color":"","overlay-opacity":"","overlay-gradient":""},"mobile":{"background-color":"var(--ast-global-color-5)","background-image":"","background-repeat":"repeat","background-position":"center center","background-size":"auto","background-attachment":"scroll","background-type":"","background-media":"","overlay-type":"","overlay-color":"","overlay-opacity":"","overlay-gradient":""}}},"product_brand":[],"product_cat":[1125,1118],"product_tag":[],"product_format_filter":[6369],"class_list":{"0":"post-243305","1":"product","2":"type-product","3":"status-publish","4":"has-post-thumbnail","6":"product_cat-rosin-vivante","7":"product_cat-concentres","8":"pa_flavours-baies","9":"pa_flavours-fruite","10":"pa_intensity-thc-eleve","11":"pa_marques-brindle-farms-inc-fr","12":"pa_origin-colombie-britannique-fr","13":"pa_profil-terpene-caryophyllene","14":"pa_profil-terpene-farnesene-fr","15":"pa_profil-terpene-limonene-fr","16":"pa_profil-terpene-linalol-fr","17":"pa_profil-terpene-myrcene","18":"pa_type-de-plante-hybride-fr","19":"product_format_filter-1g","20":"desktop-align-left","21":"tablet-align-left","22":"mobile-align-left","24":"first","25":"outofstock","26":"taxable","27":"shipping-taxable","28":"purchasable","29":"product-type-simple"},"group_of_quantity":0,"min_quantity":0,"max_quantity":"","exclude_order_quantity_value_rules":"no","exclude_category_quantity_rules":"no","combine_variations":"no","acf":[],"_links":{"self":[{"href":"https:\/\/mendomedical.ca\/fr\/wp-json\/wp\/v2\/product\/243305","targetHints":{"allow":["GET"]}}],"collection":[{"href":"https:\/\/mendomedical.ca\/fr\/wp-json\/wp\/v2\/product"}],"about":[{"href":"https:\/\/mendomedical.ca\/fr\/wp-json\/wp\/v2\/types\/product"}],"replies":[{"embeddable":true,"href":"https:\/\/mendomedical.ca\/fr\/wp-json\/wp\/v2\/comments?post=243305"}],"wp:featuredmedia":[{"embeddable":true,"href":"https:\/\/mendomedical.ca\/fr\/wp-json\/wp\/v2\/media\/247062"}],"wp:attachment":[{"href":"https:\/\/mendomedical.ca\/fr\/wp-json\/wp\/v2\/media?parent=243305"}],"wp:term":[{"taxonomy":"product_brand","embeddable":true,"href":"https:\/\/mendomedical.ca\/fr\/wp-json\/wp\/v2\/product_brand?post=243305"},{"taxonomy":"product_cat","embeddable":true,"href":"https:\/\/mendomedical.ca\/fr\/wp-json\/wp\/v2\/product_cat?post=243305"},{"taxonomy":"product_tag","embeddable":true,"href":"https:\/\/mendomedical.ca\/fr\/wp-json\/wp\/v2\/product_tag?post=243305"},{"taxonomy":"product_format_filter","embeddable":true,"href":"https:\/\/mendomedical.ca\/fr\/wp-json\/wp\/v2\/product_format_filter?post=243305"}],"curies":[{"name":"wp","href":"https:\/\/api.w.org\/{rel}","templated":true}]}}