{"id":243291,"date":"2025-06-07T07:10:51","date_gmt":"2025-06-07T11:10:51","guid":{"rendered":"https:\/\/mendomedical.ca\/?post_type=product&#038;p=243291"},"modified":"2025-12-02T10:00:01","modified_gmt":"2025-12-02T15:00:01","slug":"papaya-cake-live-rosin-copy","status":"publish","type":"product","link":"https:\/\/mendomedical.ca\/fr\/produit\/papaya-cake-live-rosin-copy\/","title":{"rendered":"Rainbow Belts 3.0 Percy Live Rosin"},"content":{"rendered":"","protected":false},"excerpt":{"rendered":"<div class=\"ExternalClassCC4A14EEF4C64E73A6070FFBE866D7CA\">\n<h3>Rainbow Belts 3.0 Percy Live Rosin par Brindle Farms Inc<\/h3>\n<p>D\u00e9couvrez le summum de l&rsquo;extraction sans solvant avec Rainbow Belts 3.0 Percy Live Rosin, un concentr\u00e9 de premi\u00e8re qualit\u00e9 \u00e9labor\u00e9 par Brindle Farms Inc. Ce Live Rosin exceptionnel met en valeur la g\u00e9n\u00e9tique rare de Rainbow Belts 3.0 (Rainbow Belts #20 x Moonbow 112 F2 #60), cr\u00e9\u00e9e \u00e0 l&rsquo;origine par Archive Seeds. Avec une impressionnante teneur en terp\u00e8nes totaux de 9,08 %, ce concentr\u00e9 enti\u00e8rement fondu et produit en petite quantit\u00e9 offre une puret\u00e9 et une saveur in\u00e9gal\u00e9es qui r\u00e9pondent aux normes exigeantes des connaisseurs du cannabis.  <\/p>\n<h4>Caract\u00e9ristiques principales<\/h4>\n<ul>\n<li>Qualit\u00e9 Percy-grade - Rosin d&rsquo;\u00e9lite typiquement r\u00e9serv\u00e9e aux hashmakers en tant que headstash.<\/li>\n<li>Extraction sans solvant \u00e0 partir de hachis frais congel\u00e9 de premi\u00e8re qualit\u00e9 159-73 microns<\/li>\n<li>Une teneur exceptionnelle en terp\u00e8nes totaux de 9,08 % pour une saveur et un effet maximum.<\/li>\n<li>Consistance enti\u00e8rement fondue, id\u00e9ale pour les adeptes du dabbing.<\/li>\n<li>La production en petits lots garantit une qualit\u00e9 et une fra\u00eecheur constantes<\/li>\n<\/ul>\n<h4>Profil aromatique et gustatif<\/h4>\n<p>Rainbow Belts 3.0 Live Rosin offre un profil terp\u00e9nique complexe qui combine des notes sucr\u00e9es, semblables \u00e0 celles d&rsquo;un bonbon, avec des notes gazeuses et diesel robustes. Les caract\u00e9ristiques fruit\u00e9es brillent lors de l&rsquo;inhalation, tandis que les notes gazeuses et diesel apportent profondeur et complexit\u00e9 lors de l&rsquo;exhalation. Cette combinaison unique cr\u00e9e une exp\u00e9rience de dabbing douce et puissante qui met en valeur tout le spectre des g\u00e9n\u00e9tiques Rainbow Belts.  <\/p>\n<h4>Pourquoi choisir Live Rosin ?<\/h4>\n<p>Live Rosin repr\u00e9sente l&rsquo;\u00e9talon-or des concentr\u00e9s sans solvant, offrant aux utilisateurs m\u00e9dicaux un extrait pur et \u00e0 spectre complet qui pr\u00e9serve les compos\u00e9s naturels de la plante. Le processus d&rsquo;extraction doux peut aider \u00e0 maintenir les terp\u00e8nes et les cannabino\u00efdes th\u00e9rapeutiques, ce qui peut r\u00e9pondre \u00e0 divers besoins de bien-\u00eatre tout en offrant une saveur et une puissance exceptionnelles. <\/p>\n<h4>Exp\u00e9dition dans tout le Canada<\/h4>\n<p>Rainbow Belts 3.0 Percy Live Rosin est exp\u00e9di\u00e9 rapidement \u00e0 travers le Canada. Nous offrons la livraison gratuite pour toutes les commandes de plus de 150 $, ce qui vous assure de recevoir vos concentr\u00e9s de qualit\u00e9 sup\u00e9rieure rapidement et discr\u00e8tement. <\/p>\n<h4>Avantages et couverture pour les anciens combattants<\/h4>\n<p>Rainbow Belts 3.0 Percy Live Rosin est admissible \u00e0 la couverture d&rsquo;ACC (Anciens Combattants Canada) avec facturation directe par l&rsquo;entremise de la Croix Bleue, ce qui signifie que les anciens combattants admissibles n&rsquo;ont pas \u00e0 d\u00e9bourser d&rsquo;argent. Si vous n&rsquo;avez pas encore votre carte m\u00e9dicale, vous pouvez <a href=\"https:\/\/mendomedical.ca\/fr\/carte-medicale\/\">l&rsquo;obtenir rapidement et facilement<\/a> pour acc\u00e9der \u00e0 ces avantages. <\/p>\n<\/div>\n","protected":false},"featured_media":247059,"comment_status":"closed","ping_status":"closed","template":"","meta":{"_acf_changed":false,"site-sidebar-layout":"default","site-content-layout":"","ast-site-content-layout":"default","site-content-style":"default","site-sidebar-style":"default","ast-global-header-display":"","ast-banner-title-visibility":"","ast-main-header-display":"","ast-hfb-above-header-display":"","ast-hfb-below-header-display":"","ast-hfb-mobile-header-display":"","site-post-title":"","ast-breadcrumbs-content":"","ast-featured-img":"","footer-sml-layout":"","ast-disable-related-posts":"","theme-transparent-header-meta":"default","adv-header-id-meta":"","stick-header-meta":"","header-above-stick-meta":"","header-main-stick-meta":"","header-below-stick-meta":"","astra-migrate-meta-layouts":"set","ast-page-background-enabled":"default","ast-page-background-meta":{"desktop":{"background-color":"var(--ast-global-color-4)","background-image":"","background-repeat":"repeat","background-position":"center center","background-size":"auto","background-attachment":"scroll","background-type":"","background-media":"","overlay-type":"","overlay-color":"","overlay-opacity":"","overlay-gradient":""},"tablet":{"background-color":"","background-image":"","background-repeat":"repeat","background-position":"center center","background-size":"auto","background-attachment":"scroll","background-type":"","background-media":"","overlay-type":"","overlay-color":"","overlay-opacity":"","overlay-gradient":""},"mobile":{"background-color":"","background-image":"","background-repeat":"repeat","background-position":"center center","background-size":"auto","background-attachment":"scroll","background-type":"","background-media":"","overlay-type":"","overlay-color":"","overlay-opacity":"","overlay-gradient":""}},"ast-content-background-meta":{"desktop":{"background-color":"var(--ast-global-color-5)","background-image":"","background-repeat":"repeat","background-position":"center center","background-size":"auto","background-attachment":"scroll","background-type":"","background-media":"","overlay-type":"","overlay-color":"","overlay-opacity":"","overlay-gradient":""},"tablet":{"background-color":"var(--ast-global-color-5)","background-image":"","background-repeat":"repeat","background-position":"center center","background-size":"auto","background-attachment":"scroll","background-type":"","background-media":"","overlay-type":"","overlay-color":"","overlay-opacity":"","overlay-gradient":""},"mobile":{"background-color":"var(--ast-global-color-5)","background-image":"","background-repeat":"repeat","background-position":"center center","background-size":"auto","background-attachment":"scroll","background-type":"","background-media":"","overlay-type":"","overlay-color":"","overlay-opacity":"","overlay-gradient":""}}},"product_brand":[],"product_cat":[1125,1118],"product_tag":[],"product_format_filter":[6369],"class_list":{"0":"post-243291","1":"product","2":"type-product","3":"status-publish","4":"has-post-thumbnail","6":"product_cat-rosin-vivante","7":"product_cat-concentres","8":"pa_flavours-gazeux-diesel","9":"pa_flavours-fruite","10":"pa_intensity-thc-eleve","11":"pa_marques-brindle-farms-inc-fr","12":"pa_origin-colombie-britannique-fr","13":"pa_profil-terpene-caryophyllene","14":"pa_profil-terpene-farnesene-fr","15":"pa_profil-terpene-humulene-fr","16":"pa_profil-terpene-limonene-fr","17":"pa_profil-terpene-linalol-fr","18":"pa_type-de-plante-hybride-fr","19":"product_format_filter-1g","20":"desktop-align-left","21":"tablet-align-left","22":"mobile-align-left","24":"first","25":"outofstock","26":"taxable","27":"shipping-taxable","28":"purchasable","29":"product-type-simple"},"group_of_quantity":0,"min_quantity":0,"max_quantity":"","exclude_order_quantity_value_rules":"no","exclude_category_quantity_rules":"no","combine_variations":"no","acf":[],"_links":{"self":[{"href":"https:\/\/mendomedical.ca\/fr\/wp-json\/wp\/v2\/product\/243291","targetHints":{"allow":["GET"]}}],"collection":[{"href":"https:\/\/mendomedical.ca\/fr\/wp-json\/wp\/v2\/product"}],"about":[{"href":"https:\/\/mendomedical.ca\/fr\/wp-json\/wp\/v2\/types\/product"}],"replies":[{"embeddable":true,"href":"https:\/\/mendomedical.ca\/fr\/wp-json\/wp\/v2\/comments?post=243291"}],"wp:featuredmedia":[{"embeddable":true,"href":"https:\/\/mendomedical.ca\/fr\/wp-json\/wp\/v2\/media\/247059"}],"wp:attachment":[{"href":"https:\/\/mendomedical.ca\/fr\/wp-json\/wp\/v2\/media?parent=243291"}],"wp:term":[{"taxonomy":"product_brand","embeddable":true,"href":"https:\/\/mendomedical.ca\/fr\/wp-json\/wp\/v2\/product_brand?post=243291"},{"taxonomy":"product_cat","embeddable":true,"href":"https:\/\/mendomedical.ca\/fr\/wp-json\/wp\/v2\/product_cat?post=243291"},{"taxonomy":"product_tag","embeddable":true,"href":"https:\/\/mendomedical.ca\/fr\/wp-json\/wp\/v2\/product_tag?post=243291"},{"taxonomy":"product_format_filter","embeddable":true,"href":"https:\/\/mendomedical.ca\/fr\/wp-json\/wp\/v2\/product_format_filter?post=243291"}],"curies":[{"name":"wp","href":"https:\/\/api.w.org\/{rel}","templated":true}]}}