{"id":243286,"date":"2024-08-11T07:05:34","date_gmt":"2024-08-11T11:05:34","guid":{"rendered":"https:\/\/mendomedical.ca\/?post_type=product&#038;p=243286"},"modified":"2025-10-20T11:03:40","modified_gmt":"2025-10-20T15:03:40","slug":"strawberry-banana-pure-live-rosin-vape-cart-copy","status":"publish","type":"product","link":"https:\/\/mendomedical.ca\/fr\/produit\/strawberry-banana-pure-live-rosin-vape-cart-copy\/","title":{"rendered":"Sour Animal Pure Live Rosin Vape Cart"},"content":{"rendered":"","protected":false},"excerpt":{"rendered":"<div class=\"ExternalClass6D0D4438A2F740CEAF4977D9155AC0FB\">\n<h3>TERP\u00c8NES TOTAUX 9,13 %.<\/h3>\n<h3>Sour Animal Pure Live Rosin Vape Cart<\/h3>\n<p>Faites l&rsquo;exp\u00e9rience d&rsquo;une qualit\u00e9 sup\u00e9rieure avec la cartouche de vape Sour Animal Pure Live Rosin de Brindle Farms Inc. Cette cartouche exceptionnelle \u00e0 filetage 510 offre une puissante combinaison d&rsquo;effets sativa c\u00e9r\u00e9braux et de relaxation corporelle influenc\u00e9e par l&rsquo;indica. Fabriqu\u00e9e \u00e0 l&rsquo;aide de m\u00e9thodes d&rsquo;extraction \u00e0 l&rsquo;eau glac\u00e9e, cette Live Rosin Cart pr\u00e9sente une impressionnante teneur en terp\u00e8nes totaux de 9,13 %, garantissant une exp\u00e9rience de vape savoureuse et puissante.  <\/p>\n<h4>Caract\u00e9ristiques principales<\/h4>\n<ul>\n<li>Rosine vivante de premi\u00e8re qualit\u00e9 extraite \u00e0 l&rsquo;aide de m\u00e9thodes \u00e0 base d&rsquo;eau glac\u00e9e pour une puret\u00e9 et une puissance maximales.<\/li>\n<li>Effets hybrides \u00e9quilibr\u00e9s combinant l&rsquo;effet c\u00e9r\u00e9bral de Sour Diesel et l&rsquo;influence relaxante d&rsquo;Animal Cookies.<\/li>\n<li>Une teneur exceptionnelle en terp\u00e8nes totaux de 9,13 % pour une saveur et des effets renforc\u00e9s.<\/li>\n<li>Compatible avec les piles standard \u00e0 filetage 510 pour une utilisation pratique<\/li>\n<li>L&rsquo;extraction permet d&rsquo;obtenir r\u00e9guli\u00e8rement de grandes quantit\u00e9s de haschisch \u00e0 bulles enti\u00e8rement fondu.<\/li>\n<\/ul>\n<h4>Profil aromatique et gustatif<\/h4>\n<p>La vari\u00e9t\u00e9 Sour Animal (Sour Diesel x Animal Cookies) offre une exp\u00e9rience sensorielle complexe avec des notes de diesel et d&rsquo;acide pro\u00e9minentes, compl\u00e9t\u00e9es par des nuances d&rsquo;agrumes vives. Des accents de baies ajoutent de la douceur au profil, tandis que des ar\u00f4mes de gaz distinctifs compl\u00e8tent ce m\u00e9lange sophistiqu\u00e9 de terp\u00e8nes. Avec 9,13 % de Terp\u00e8nes totaux, chaque tirage offre une saveur riche et cors\u00e9e qui repr\u00e9sente v\u00e9ritablement le patrimoine g\u00e9n\u00e9tique de la souche.  <\/p>\n<h4>Pourquoi choisir les carts \u00e0 fils 510<\/h4>\n<p>Les cartouches \u00e0 filetage 510 offrent aux utilisateurs m\u00e9dicaux un contr\u00f4le pr\u00e9cis du dosage et une portabilit\u00e9 pratique. Le filetage standardis\u00e9 garantit la compatibilit\u00e9 avec la plupart des batteries de vapotage, ce qui en fait une option accessible pour g\u00e9rer les sympt\u00f4mes tout au long de la journ\u00e9e. <\/p>\n<h4>Exp\u00e9dition dans tout le Canada<\/h4>\n<p>Sour Animal Pure Live Rosin Vape Cart est exp\u00e9di\u00e9 rapidement \u00e0 travers le Canada. Nous offrons une livraison gratuite pour toutes les commandes de plus de 150 $, ce qui vous assure de recevoir vos produits de cannabis m\u00e9dical rapidement et discr\u00e8tement. <\/p>\n<h4>Avantages et couverture pour les anciens combattants<\/h4>\n<p>Sour Animal Pure Live Rosin Vape Cart est admissible \u00e0 la couverture d&rsquo;ACC (Anciens Combattants Canada) avec facturation directe par l&rsquo;entremise de Blue Cross, ce qui signifie qu&rsquo;aucun d\u00e9bours\u00e9 n&rsquo;est n\u00e9cessaire pour les anciens combattants admissibles. Si vous n&rsquo;avez pas encore d&rsquo;ordonnance de cannabis m\u00e9dical, <a href=\"https:\/\/mendomedical.ca\/fr\/carte-medicale\/\">obtenez rapidement et facilement votre carte m\u00e9dicale gratuite<\/a> pour acc\u00e9der \u00e0 ces avantages. <\/p>\n<\/div>\n","protected":false},"featured_media":111827,"comment_status":"closed","ping_status":"closed","template":"","meta":{"_acf_changed":false,"site-sidebar-layout":"default","site-content-layout":"","ast-site-content-layout":"default","site-content-style":"default","site-sidebar-style":"default","ast-global-header-display":"","ast-banner-title-visibility":"","ast-main-header-display":"","ast-hfb-above-header-display":"","ast-hfb-below-header-display":"","ast-hfb-mobile-header-display":"","site-post-title":"","ast-breadcrumbs-content":"","ast-featured-img":"","footer-sml-layout":"","ast-disable-related-posts":"","theme-transparent-header-meta":"default","adv-header-id-meta":"","stick-header-meta":"","header-above-stick-meta":"","header-main-stick-meta":"","header-below-stick-meta":"","astra-migrate-meta-layouts":"set","ast-page-background-enabled":"default","ast-page-background-meta":{"desktop":{"background-color":"var(--ast-global-color-4)","background-image":"","background-repeat":"repeat","background-position":"center center","background-size":"auto","background-attachment":"scroll","background-type":"","background-media":"","overlay-type":"","overlay-color":"","overlay-opacity":"","overlay-gradient":""},"tablet":{"background-color":"","background-image":"","background-repeat":"repeat","background-position":"center center","background-size":"auto","background-attachment":"scroll","background-type":"","background-media":"","overlay-type":"","overlay-color":"","overlay-opacity":"","overlay-gradient":""},"mobile":{"background-color":"","background-image":"","background-repeat":"repeat","background-position":"center center","background-size":"auto","background-attachment":"scroll","background-type":"","background-media":"","overlay-type":"","overlay-color":"","overlay-opacity":"","overlay-gradient":""}},"ast-content-background-meta":{"desktop":{"background-color":"var(--ast-global-color-5)","background-image":"","background-repeat":"repeat","background-position":"center center","background-size":"auto","background-attachment":"scroll","background-type":"","background-media":"","overlay-type":"","overlay-color":"","overlay-opacity":"","overlay-gradient":""},"tablet":{"background-color":"var(--ast-global-color-5)","background-image":"","background-repeat":"repeat","background-position":"center center","background-size":"auto","background-attachment":"scroll","background-type":"","background-media":"","overlay-type":"","overlay-color":"","overlay-opacity":"","overlay-gradient":""},"mobile":{"background-color":"var(--ast-global-color-5)","background-image":"","background-repeat":"repeat","background-position":"center center","background-size":"auto","background-attachment":"scroll","background-type":"","background-media":"","overlay-type":"","overlay-color":"","overlay-opacity":"","overlay-gradient":""}}},"product_brand":[],"product_cat":[1160,1164,1159],"product_tag":[2775],"product_format_filter":[6369],"class_list":{"0":"post-243286","1":"product","2":"type-product","3":"status-publish","4":"has-post-thumbnail","6":"product_cat-cart-fil-510","7":"product_cat-cured-et-rosin-vivante-fr","8":"product_cat-vapoteuses","9":"product_tag-brindle-farms-fr","10":"pa_flavours-agrume","11":"pa_flavours-aigre","12":"pa_flavours-baies","13":"pa_flavours-diesel-fr","14":"pa_flavours-gaz","15":"pa_intensity-thc-eleve","16":"pa_marques-brindle-farms-inc-fr","17":"pa_origin-colombie-britannique-fr","18":"pa_profil-terpene-caryophyllene","19":"pa_profil-terpene-limonene-fr","20":"pa_profil-terpene-linalol-fr","21":"pa_profil-terpene-myrcene","22":"pa_type-de-plante-sativa-fr","23":"product_format_filter-1g","24":"desktop-align-left","25":"tablet-align-left","26":"mobile-align-left","28":"first","29":"outofstock","30":"taxable","31":"shipping-taxable","32":"purchasable","33":"product-type-simple"},"group_of_quantity":0,"min_quantity":0,"max_quantity":"","exclude_order_quantity_value_rules":"no","exclude_category_quantity_rules":"no","combine_variations":"no","acf":[],"_links":{"self":[{"href":"https:\/\/mendomedical.ca\/fr\/wp-json\/wp\/v2\/product\/243286","targetHints":{"allow":["GET"]}}],"collection":[{"href":"https:\/\/mendomedical.ca\/fr\/wp-json\/wp\/v2\/product"}],"about":[{"href":"https:\/\/mendomedical.ca\/fr\/wp-json\/wp\/v2\/types\/product"}],"replies":[{"embeddable":true,"href":"https:\/\/mendomedical.ca\/fr\/wp-json\/wp\/v2\/comments?post=243286"}],"wp:featuredmedia":[{"embeddable":true,"href":"https:\/\/mendomedical.ca\/fr\/wp-json\/wp\/v2\/media\/111827"}],"wp:attachment":[{"href":"https:\/\/mendomedical.ca\/fr\/wp-json\/wp\/v2\/media?parent=243286"}],"wp:term":[{"taxonomy":"product_brand","embeddable":true,"href":"https:\/\/mendomedical.ca\/fr\/wp-json\/wp\/v2\/product_brand?post=243286"},{"taxonomy":"product_cat","embeddable":true,"href":"https:\/\/mendomedical.ca\/fr\/wp-json\/wp\/v2\/product_cat?post=243286"},{"taxonomy":"product_tag","embeddable":true,"href":"https:\/\/mendomedical.ca\/fr\/wp-json\/wp\/v2\/product_tag?post=243286"},{"taxonomy":"product_format_filter","embeddable":true,"href":"https:\/\/mendomedical.ca\/fr\/wp-json\/wp\/v2\/product_format_filter?post=243286"}],"curies":[{"name":"wp","href":"https:\/\/api.w.org\/{rel}","templated":true}]}}