{"id":242990,"date":"2025-08-28T14:35:09","date_gmt":"2025-08-28T18:35:09","guid":{"rendered":"https:\/\/mendomedical.ca\/?post_type=product&#038;p=242990"},"modified":"2026-04-15T14:39:04","modified_gmt":"2026-04-15T18:39:04","slug":"cannavine-cbd-copy","status":"publish","type":"product","link":"https:\/\/mendomedical.ca\/fr\/produit\/cannavine-cbd-copy\/","title":{"rendered":"CannaVine THC"},"content":{"rendered":"","protected":false},"excerpt":{"rendered":"<div class=\"ExternalClass2D3667F60DE94617B1F612A5047DEF97\">\n<h3>CannaVine THC - Vin de qualit\u00e9 sup\u00e9rieure infus\u00e9 au cannabis<\/h3>\n<p>D\u00e9couvrez la sophistication de la culture du vin avec CannaVine THC by Plush - une boisson r\u00e9volutionnaire sans alcool qui combine du jus de raisin ferment\u00e9 VQA d\u00e9salcoolis\u00e9 avec une infusion pr\u00e9cise de 10mg de THC. Cette boisson de qualit\u00e9 sup\u00e9rieure offre le profil de saveur complexe et l&rsquo;exp\u00e9rience raffin\u00e9e du vin traditionnel tout en offrant les bienfaits th\u00e9rapeutiques du cannabis, ce qui en fait le choix id\u00e9al pour les utilisateurs m\u00e9dicaux \u00e0 la recherche d&rsquo;une alternative \u00e9l\u00e9gante \u00e0 l&rsquo;alcool. <\/p>\n<p><strong>Si vous commandez une grande quantit\u00e9 de boissons (plus de 36), nous ne pourrons pas utiliser Postes Canada pour exp\u00e9dier votre commande et devrons faire appel \u00e0 un autre transporteur.<\/strong><\/p>\n<h4>Caract\u00e9ristiques principales<\/h4>\n<ul>\n<li>10mg de THC par portion pour un dosage constant et contr\u00f4l\u00e9<\/li>\n<li>\u00c9labor\u00e9 \u00e0 partir de jus de raisin ferment\u00e9 VQA d\u00e9salcoolis\u00e9 de premi\u00e8re qualit\u00e9.<\/li>\n<li>Un vin cors\u00e9 sans alcool<\/li>\n<li>Sans terp\u00e8nes ni ar\u00f4mes artificiels ajout\u00e9s - go\u00fbt pur de raisin<\/li>\n<li>Une alternative sophistiqu\u00e9e pour les occasions sociales et la d\u00e9tente<\/li>\n<\/ul>\n<h4>Profil aromatique et gustatif<\/h4>\n<p>CannaVine THC pr\u00e9sente un aspect rubis profond avec la complexit\u00e9 aromatique d&rsquo;un vin fin. Le nez s&rsquo;ouvre sur des notes vives de m\u00fbre, de prune et de cerise, suivies de subtiles nuances florales et herbac\u00e9es. En bouche, les riches fruits noirs se m\u00ealent \u00e0 une douce acidit\u00e9 et \u00e0 une structure tannique souple. Attendez-vous \u00e0 des saveurs juteuses de raisin, de cerise noire et de framboise, arrondies par des \u00e9pices chaudes et une douce douceur, et finissez par une bouche nette et persistante qui refl\u00e8te le vin traditionnel.   <\/p>\n<h4>Profil des cannabino\u00efdes<\/h4>\n<p>Cette boisson contient 10 mg de THC et aucun CBD ou cannabino\u00efde mineur n&rsquo;est d\u00e9tectable. L&rsquo;extrait de cannabis est homog\u00e9n\u00e9is\u00e9 \u00e0 l&rsquo;aide d&rsquo;une technique exclusive qui assure une distribution uniforme dans la boisson tout en pr\u00e9servant l&rsquo;int\u00e9grit\u00e9 de l&rsquo;ar\u00f4me de raisin. Les utilisateurs signalent g\u00e9n\u00e9ralement des effets calmants et agr\u00e9ablement doux, id\u00e9aux pour se d\u00e9tendre sans la lourdeur des boissons alcoolis\u00e9es.  <\/p>\n<h4>Pourquoi choisir Cannabis Drinkables ?<\/h4>\n<p>Les boissons infus\u00e9es au cannabis offrent aux utilisateurs m\u00e9dicaux une m\u00e9thode de consommation famili\u00e8re et sociale avec un dosage pr\u00e9cis et un effet plus rapide que les edibles traditionnels. Elles sont parfaites pour ceux qui recherchent des alternatives \u00e0 l&rsquo;alcool tout en g\u00e9rant leur parcours de bien-\u00eatre. <\/p>\n<h4>Exp\u00e9dition dans tout le Canada<\/h4>\n<p>CannaVine THC est exp\u00e9di\u00e9 rapidement \u00e0 travers le Canada avec une livraison gratuite pour les commandes de plus de 150 $. Veuillez noter que les produits liquides peuvent \u00eatre affect\u00e9s par des temp\u00e9ratures extr\u00eames pendant l&rsquo;exp\u00e9dition. Nous vous recommandons de tenir compte des conditions m\u00e9t\u00e9orologiques lorsque vous passez votre commande. Malheureusement, nous ne pouvons pas offrir de remboursement ou de remplacement pour les produits endommag\u00e9s par la temp\u00e9rature pendant le transport.    Nous vous remercions de votre compr\u00e9hension.<\/p>\n<p><strong>Avis important concernant l&rsquo;exp\u00e9dition en hiver : <\/strong>Veuillez noter que les produits liquides peuvent \u00eatre affect\u00e9s par des temp\u00e9ratures extr\u00eames pendant le transport. Nous vous recommandons de tenir compte des conditions m\u00e9t\u00e9orologiques lorsque vous passez votre commande. Malheureusement, nous ne pouvons pas offrir de remboursement ou de remplacement pour les produits endommag\u00e9s par la temp\u00e9rature pendant le transport.   Nous vous remercions de votre compr\u00e9hension.<\/p>\n<h4>Avantages et couverture pour les anciens combattants<\/h4>\n<p>CannaVine THC est admissible \u00e0 la couverture d&rsquo;ACC (Anciens Combattants Canada) et \u00e0 la facturation directe par l&rsquo;entremise de la Croix Bleue, sans frais. Vous n&rsquo;avez pas encore votre carte de cannabis m\u00e9dical ? Obtenez rapidement et facilement votre carte m\u00e9dicale gratuite sur <a href=\"https:\/\/mendomedical.ca\/fr\/carte-medicale\/\">https:\/\/mendomedical.ca\/medical-card\/<\/a>.<\/p>\n<p><strong>Ingr\u00e9dients :<\/strong> Jus de raisin ferment\u00e9 d\u00e9salcoolis\u00e9, sucre, extrait de cannabis.<\/p>\n<\/div>\n","protected":false},"featured_media":130865,"comment_status":"closed","ping_status":"closed","template":"","meta":{"_acf_changed":false,"site-sidebar-layout":"default","site-content-layout":"","ast-site-content-layout":"default","site-content-style":"default","site-sidebar-style":"default","ast-global-header-display":"","ast-banner-title-visibility":"","ast-main-header-display":"","ast-hfb-above-header-display":"","ast-hfb-below-header-display":"","ast-hfb-mobile-header-display":"","site-post-title":"","ast-breadcrumbs-content":"","ast-featured-img":"","footer-sml-layout":"","ast-disable-related-posts":"","theme-transparent-header-meta":"default","adv-header-id-meta":"","stick-header-meta":"","header-above-stick-meta":"","header-main-stick-meta":"","header-below-stick-meta":"","astra-migrate-meta-layouts":"set","ast-page-background-enabled":"default","ast-page-background-meta":{"desktop":{"background-color":"var(--ast-global-color-4)","background-image":"","background-repeat":"repeat","background-position":"center center","background-size":"auto","background-attachment":"scroll","background-type":"","background-media":"","overlay-type":"","overlay-color":"","overlay-opacity":"","overlay-gradient":""},"tablet":{"background-color":"","background-image":"","background-repeat":"repeat","background-position":"center center","background-size":"auto","background-attachment":"scroll","background-type":"","background-media":"","overlay-type":"","overlay-color":"","overlay-opacity":"","overlay-gradient":""},"mobile":{"background-color":"","background-image":"","background-repeat":"repeat","background-position":"center center","background-size":"auto","background-attachment":"scroll","background-type":"","background-media":"","overlay-type":"","overlay-color":"","overlay-opacity":"","overlay-gradient":""}},"ast-content-background-meta":{"desktop":{"background-color":"var(--ast-global-color-5)","background-image":"","background-repeat":"repeat","background-position":"center center","background-size":"auto","background-attachment":"scroll","background-type":"","background-media":"","overlay-type":"","overlay-color":"","overlay-opacity":"","overlay-gradient":""},"tablet":{"background-color":"var(--ast-global-color-5)","background-image":"","background-repeat":"repeat","background-position":"center center","background-size":"auto","background-attachment":"scroll","background-type":"","background-media":"","overlay-type":"","overlay-color":"","overlay-opacity":"","overlay-gradient":""},"mobile":{"background-color":"var(--ast-global-color-5)","background-image":"","background-repeat":"repeat","background-position":"center center","background-size":"auto","background-attachment":"scroll","background-type":"","background-media":"","overlay-type":"","overlay-color":"","overlay-opacity":"","overlay-gradient":""}}},"product_brand":[],"product_cat":[1131,1128],"product_tag":[2369],"product_format_filter":[6388],"class_list":{"0":"post-242990","1":"product","2":"type-product","3":"status-publish","4":"has-post-thumbnail","6":"product_cat-boissons","7":"product_cat-comestibles","8":"product_tag-plush-fr","9":"pa_flavours-wine-fr","10":"pa_intensity-thc-moyen","11":"pa_marques-plush-fr","12":"pa_origin-ontario-fr","13":"pa_type-de-plante-thc-fr","14":"product_format_filter-35ml","15":"desktop-align-left","16":"tablet-align-left","17":"mobile-align-left","19":"first","20":"instock","21":"taxable","22":"shipping-taxable","23":"purchasable","24":"product-type-simple"},"group_of_quantity":0,"min_quantity":0,"max_quantity":"","exclude_order_quantity_value_rules":"no","exclude_category_quantity_rules":"no","combine_variations":"no","acf":[],"_links":{"self":[{"href":"https:\/\/mendomedical.ca\/fr\/wp-json\/wp\/v2\/product\/242990","targetHints":{"allow":["GET"]}}],"collection":[{"href":"https:\/\/mendomedical.ca\/fr\/wp-json\/wp\/v2\/product"}],"about":[{"href":"https:\/\/mendomedical.ca\/fr\/wp-json\/wp\/v2\/types\/product"}],"replies":[{"embeddable":true,"href":"https:\/\/mendomedical.ca\/fr\/wp-json\/wp\/v2\/comments?post=242990"}],"wp:featuredmedia":[{"embeddable":true,"href":"https:\/\/mendomedical.ca\/fr\/wp-json\/wp\/v2\/media\/130865"}],"wp:attachment":[{"href":"https:\/\/mendomedical.ca\/fr\/wp-json\/wp\/v2\/media?parent=242990"}],"wp:term":[{"taxonomy":"product_brand","embeddable":true,"href":"https:\/\/mendomedical.ca\/fr\/wp-json\/wp\/v2\/product_brand?post=242990"},{"taxonomy":"product_cat","embeddable":true,"href":"https:\/\/mendomedical.ca\/fr\/wp-json\/wp\/v2\/product_cat?post=242990"},{"taxonomy":"product_tag","embeddable":true,"href":"https:\/\/mendomedical.ca\/fr\/wp-json\/wp\/v2\/product_tag?post=242990"},{"taxonomy":"product_format_filter","embeddable":true,"href":"https:\/\/mendomedical.ca\/fr\/wp-json\/wp\/v2\/product_format_filter?post=242990"}],"curies":[{"name":"wp","href":"https:\/\/api.w.org\/{rel}","templated":true}]}}