{"id":242983,"date":"2023-06-01T17:30:35","date_gmt":"2023-06-01T21:30:35","guid":{"rendered":"https:\/\/mendomedical.ca\/product\/lift-thc-100\/"},"modified":"2026-02-10T11:01:39","modified_gmt":"2026-02-10T16:01:39","slug":"lift-thc-100-caps","status":"publish","type":"product","link":"https:\/\/mendomedical.ca\/fr\/produit\/lift-thc-100-caps\/","title":{"rendered":"Lift THC 100 g\u00e9lules"},"content":{"rendered":"","protected":false},"excerpt":{"rendered":"<div class=\"ExternalClassAD3FE9200428454B95CD5F5FB7989585\">\n<h3>Lift THC 100 Capsules - Capsules de Cannabis dos\u00e9es avec pr\u00e9cision<\/h3>\n<p>Faites l&rsquo;exp\u00e9rience d&rsquo;un dosage coh\u00e9rent et fiable du cannabis avec Lift THC 100 de Starz. Ces capsules de qualit\u00e9 pharmaceutique d\u00e9livrent des doses pr\u00e9cis\u00e9ment mesur\u00e9es de 10mg de THC dans chaque capsule \u00e0 coque dure, en suspension dans de l&rsquo;huile MCT pure d\u00e9riv\u00e9e enti\u00e8rement de noix de coco. Con\u00e7ue pour les patients de cannabis m\u00e9dical \u00e0 la recherche d&rsquo;un format discret et facile \u00e0 utiliser, cette bouteille de 10 capsules offre des effets fiables et un dosage direct pour votre routine de bien-\u00eatre.  <\/p>\n<h4>Caract\u00e9ristiques principales<\/h4>\n<ul>\n<li>10 g\u00e9lules \u00e0 enveloppe dure avec 10mg de THC par g\u00e9lule (100mg de THC au total)<\/li>\n<li>Support d&rsquo;huile MCT de qualit\u00e9 pharmaceutique provenant \u00e0 100 % de sources de noix de coco<\/li>\n<li>Formulation de THC pur sans cannabino\u00efdes ou terp\u00e8nes mineurs<\/li>\n<li>Le flacon compact de type pharmaceutique pr\u00e9serve la fra\u00eecheur et l&rsquo;efficacit\u00e9.<\/li>\n<li>Liste d&rsquo;ingr\u00e9dients simple : Extrait de cannabis, huile MCT<\/li>\n<\/ul>\n<h4>Profil et effets des cannabino\u00efdes<\/h4>\n<p>Chaque g\u00e9lule lisse et uniforme contient un seul ingr\u00e9dient actif - le THC - offrant une lib\u00e9ration pure et coh\u00e9rente de cannabino\u00efdes sans compos\u00e9s suppl\u00e9mentaires. Le support d&rsquo;huile MCT de qualit\u00e9 pharmaceutique garantit une absorption optimale. Les utilisateurs signalent g\u00e9n\u00e9ralement un d\u00e9but r\u00e9gulier et durable, caract\u00e9ristique des ingestibles au THC, ce qui rend ces capsules id\u00e9ales pour ceux qui recherchent des effets fiables dans un format pratique.  <\/p>\n<h4>Pourquoi choisir les g\u00e9lules ?<\/h4>\n<p>Les capsules de cannabis offrent aux utilisateurs m\u00e9dicaux un dosage pr\u00e9cis, la discr\u00e9tion et la commodit\u00e9. Le format familier \u00e9limine les conjectures tout en procurant des effets constants, ce qui les rend parfaites pour \u00eatre incorpor\u00e9es dans les routines quotidiennes de bien-\u00eatre. <\/p>\n<h4>Exp\u00e9dition dans tout le Canada<\/h4>\n<p>Lift THC 100 capsules est exp\u00e9di\u00e9 rapidement \u00e0 travers le Canada. Profitez de la livraison gratuite pour les commandes de plus de 150 $, afin que votre cannabis m\u00e9dical vous parvienne rapidement et \u00e0 un prix abordable. <\/p>\n<h4>Avantages et couverture pour les anciens combattants<\/h4>\n<p>Les capsules Lift THC 100 sont admissibles \u00e0 la couverture d&rsquo;ACC (Anciens Combattants Canada) avec facturation directe par l&rsquo;entremise de la Croix Bleue - aucun d\u00e9bours\u00e9 n&rsquo;est requis. Vous n&rsquo;avez pas encore votre carte m\u00e9dicale ? Obtenez rapidement et facilement votre carte de cannabis m\u00e9dical gratuite sur <a href=\"https:\/\/mendomedical.ca\/fr\/carte-medicale\/\">https:\/\/mendomedical.ca\/medical-card\/<\/a>.<\/p>\n<\/div>\n","protected":false},"featured_media":44456,"comment_status":"closed","ping_status":"closed","template":"","meta":{"_acf_changed":false,"site-sidebar-layout":"default","site-content-layout":"","ast-site-content-layout":"default","site-content-style":"default","site-sidebar-style":"default","ast-global-header-display":"","ast-banner-title-visibility":"","ast-main-header-display":"","ast-hfb-above-header-display":"","ast-hfb-below-header-display":"","ast-hfb-mobile-header-display":"","site-post-title":"","ast-breadcrumbs-content":"","ast-featured-img":"","footer-sml-layout":"","ast-disable-related-posts":"","theme-transparent-header-meta":"default","adv-header-id-meta":"","stick-header-meta":"","header-above-stick-meta":"","header-main-stick-meta":"","header-below-stick-meta":"","astra-migrate-meta-layouts":"set","ast-page-background-enabled":"default","ast-page-background-meta":{"desktop":{"background-color":"var(--ast-global-color-4)","background-image":"","background-repeat":"repeat","background-position":"center center","background-size":"auto","background-attachment":"scroll","background-type":"","background-media":"","overlay-type":"","overlay-color":"","overlay-opacity":"","overlay-gradient":""},"tablet":{"background-color":"","background-image":"","background-repeat":"repeat","background-position":"center center","background-size":"auto","background-attachment":"scroll","background-type":"","background-media":"","overlay-type":"","overlay-color":"","overlay-opacity":"","overlay-gradient":""},"mobile":{"background-color":"","background-image":"","background-repeat":"repeat","background-position":"center center","background-size":"auto","background-attachment":"scroll","background-type":"","background-media":"","overlay-type":"","overlay-color":"","overlay-opacity":"","overlay-gradient":""}},"ast-content-background-meta":{"desktop":{"background-color":"var(--ast-global-color-5)","background-image":"","background-repeat":"repeat","background-position":"center center","background-size":"auto","background-attachment":"scroll","background-type":"","background-media":"","overlay-type":"","overlay-color":"","overlay-opacity":"","overlay-gradient":""},"tablet":{"background-color":"var(--ast-global-color-5)","background-image":"","background-repeat":"repeat","background-position":"center center","background-size":"auto","background-attachment":"scroll","background-type":"","background-media":"","overlay-type":"","overlay-color":"","overlay-opacity":"","overlay-gradient":""},"mobile":{"background-color":"var(--ast-global-color-5)","background-image":"","background-repeat":"repeat","background-position":"center center","background-size":"auto","background-attachment":"scroll","background-type":"","background-media":"","overlay-type":"","overlay-color":"","overlay-opacity":"","overlay-gradient":""}}},"product_brand":[],"product_cat":[1115,1114],"product_tag":[],"product_format_filter":[],"class_list":{"0":"post-242983","1":"product","2":"type-product","3":"status-publish","4":"has-post-thumbnail","6":"product_cat-gelules-fr","7":"product_cat-gelules","8":"pa_intensity-thc-moyen","9":"pa_marques-starz-fr","10":"pa_origin-ontario-fr","11":"pa_type-de-plante-thc-fr","12":"desktop-align-left","13":"tablet-align-left","14":"mobile-align-left","16":"first","17":"outofstock","18":"taxable","19":"shipping-taxable","20":"purchasable","21":"product-type-simple"},"group_of_quantity":0,"min_quantity":0,"max_quantity":"","exclude_order_quantity_value_rules":"no","exclude_category_quantity_rules":"no","combine_variations":"no","acf":[],"_links":{"self":[{"href":"https:\/\/mendomedical.ca\/fr\/wp-json\/wp\/v2\/product\/242983","targetHints":{"allow":["GET"]}}],"collection":[{"href":"https:\/\/mendomedical.ca\/fr\/wp-json\/wp\/v2\/product"}],"about":[{"href":"https:\/\/mendomedical.ca\/fr\/wp-json\/wp\/v2\/types\/product"}],"replies":[{"embeddable":true,"href":"https:\/\/mendomedical.ca\/fr\/wp-json\/wp\/v2\/comments?post=242983"}],"wp:featuredmedia":[{"embeddable":true,"href":"https:\/\/mendomedical.ca\/fr\/wp-json\/wp\/v2\/media\/44456"}],"wp:attachment":[{"href":"https:\/\/mendomedical.ca\/fr\/wp-json\/wp\/v2\/media?parent=242983"}],"wp:term":[{"taxonomy":"product_brand","embeddable":true,"href":"https:\/\/mendomedical.ca\/fr\/wp-json\/wp\/v2\/product_brand?post=242983"},{"taxonomy":"product_cat","embeddable":true,"href":"https:\/\/mendomedical.ca\/fr\/wp-json\/wp\/v2\/product_cat?post=242983"},{"taxonomy":"product_tag","embeddable":true,"href":"https:\/\/mendomedical.ca\/fr\/wp-json\/wp\/v2\/product_tag?post=242983"},{"taxonomy":"product_format_filter","embeddable":true,"href":"https:\/\/mendomedical.ca\/fr\/wp-json\/wp\/v2\/product_format_filter?post=242983"}],"curies":[{"name":"wp","href":"https:\/\/api.w.org\/{rel}","templated":true}]}}