{"id":242413,"date":"2025-08-25T04:06:27","date_gmt":"2025-08-25T08:06:27","guid":{"rendered":"https:\/\/mendomedical.ca\/product\/janejuice-rocket-man-single-ampule-10mg\/"},"modified":"2026-02-12T12:12:23","modified_gmt":"2026-02-12T17:12:23","slug":"janejuice-rocket-man-single-ampule-10mg","status":"publish","type":"product","link":"https:\/\/mendomedical.ca\/fr\/produit\/janejuice-rocket-man-single-ampule-10mg\/","title":{"rendered":"Ampoule de l&rsquo;homme-fus\u00e9e pour l&rsquo;am\u00e9lioration des boissons"},"content":{"rendered":"","protected":false},"excerpt":{"rendered":"<div class=\"ExternalClassE7667CC6CD9F4BB2AE578DD21AC8B03F\">\n<h3>Ampoule de l&rsquo;homme-fus\u00e9e pour l&rsquo;am\u00e9lioration des boissons<\/h3>\n<p>Faites l&rsquo;exp\u00e9rience d&rsquo;un dosage pratique et pr\u00e9cis avec l&rsquo;amplificateur de boisson Rocket Man de Jane &amp; Juice. Ces ampoules innovantes d&rsquo;extrait de cannabis soluble dans l&rsquo;eau produisent des effets \u00e9nergisants avec une rapidit\u00e9 et un contr\u00f4le remarquables. Le design portable \u00e0 ouverture par rotation permet d&rsquo;am\u00e9liorer facilement n&rsquo;importe quelle boisson sur le pouce, tandis que la fonction de pression dosable vous permet de personnaliser votre exp\u00e9rience en fonction de vos besoins.  <\/p>\n<h4>Caract\u00e9ristiques principales<\/h4>\n<ul>\n<li>Effet rapide pour des effets pr\u00e9visibles et contr\u00f4l\u00e9s<\/li>\n<li>Ampoules portables \u00e0 ouverture par rotation et refermables pour une meilleure fra\u00eecheur<\/li>\n<li>La formule soluble dans l&rsquo;eau s&rsquo;int\u00e8gre parfaitement \u00e0 toutes les boissons.<\/li>\n<li>Formule enti\u00e8rement naturelle au go\u00fbt de plantes et sans additifs artificiels<\/li>\n<li>Fait partie du profil d&rsquo;humeur \u00ab\u00a0\u00c9nergie\u00a0\u00bb de Jane &amp; Juice pour des exp\u00e9riences stimulantes.<\/li>\n<\/ul>\n<h4>Profil d&rsquo;ar\u00f4me<\/h4>\n<p>Cet exhausteur de boissons a un go\u00fbt naturel et herbac\u00e9 qui compl\u00e8te vos boissons pr\u00e9f\u00e9r\u00e9es au lieu de les dominer. La formulation propre garantit qu&rsquo;aucun ar\u00f4me artificiel n&rsquo;interf\u00e8re avec la boisson de votre choix. <\/p>\n<h4>Pourquoi choisir Drinkables ?<\/h4>\n<p>Les produits \u00e0 boire \u00e0 base de cannabis offrent aux utilisateurs m\u00e9dicaux un contr\u00f4le pr\u00e9cis du dosage et des options de consommation discr\u00e8tes. La nature \u00e0 action rapide des formulations hydrosolubles peut apporter un soulagement plus rapide que les edibles traditionnels, ce qui les rend id\u00e9ales pour ceux qui recherchent une dur\u00e9e et des effets pr\u00e9visibles. <\/p>\n<h4>Exp\u00e9dition dans tout le Canada<\/h4>\n<p>Rocket Man Ampule Beverage Enhancer est exp\u00e9di\u00e9 rapidement au Canada. Nous offrons la livraison gratuite pour les commandes de plus de 150 $. <\/p>\n<h4>Avantages et couverture pour les anciens combattants<\/h4>\n<p>Rocket Man Ampule Beverage Enhancer est admissible \u00e0 la couverture d&rsquo;ACC (Anciens Combattants Canada) avec facturation directe par l&rsquo;entremise de la Croix Bleue, ce qui signifie que les anciens combattants admissibles n&rsquo;ont pas \u00e0 d\u00e9bourser d&rsquo;argent. Si vous n&rsquo;avez pas encore d&rsquo;ordonnance de cannabis m\u00e9dical, <a href=\"https:\/\/mendomedical.ca\/fr\/carte-medicale\/\">obtenez rapidement et facilement votre carte m\u00e9dicale gratuite<\/a>. <\/p>\n<p><strong>Ingr\u00e9dients :<\/strong> Eau purifi\u00e9e, huile de coco, vitamine E, l\u00e9cithine, acide sorbique, propanediol, gomme arabique, extrait de cannabis.<\/p>\n<\/div>\n","protected":false},"featured_media":242489,"comment_status":"closed","ping_status":"closed","template":"","meta":{"_acf_changed":false,"site-sidebar-layout":"default","site-content-layout":"","ast-site-content-layout":"default","site-content-style":"default","site-sidebar-style":"default","ast-global-header-display":"","ast-banner-title-visibility":"","ast-main-header-display":"","ast-hfb-above-header-display":"","ast-hfb-below-header-display":"","ast-hfb-mobile-header-display":"","site-post-title":"","ast-breadcrumbs-content":"","ast-featured-img":"","footer-sml-layout":"","ast-disable-related-posts":"","theme-transparent-header-meta":"default","adv-header-id-meta":"","stick-header-meta":"","header-above-stick-meta":"","header-main-stick-meta":"","header-below-stick-meta":"","astra-migrate-meta-layouts":"set","ast-page-background-enabled":"default","ast-page-background-meta":{"desktop":{"background-color":"var(--ast-global-color-4)","background-image":"","background-repeat":"repeat","background-position":"center center","background-size":"auto","background-attachment":"scroll","background-type":"","background-media":"","overlay-type":"","overlay-color":"","overlay-opacity":"","overlay-gradient":""},"tablet":{"background-color":"","background-image":"","background-repeat":"repeat","background-position":"center center","background-size":"auto","background-attachment":"scroll","background-type":"","background-media":"","overlay-type":"","overlay-color":"","overlay-opacity":"","overlay-gradient":""},"mobile":{"background-color":"","background-image":"","background-repeat":"repeat","background-position":"center center","background-size":"auto","background-attachment":"scroll","background-type":"","background-media":"","overlay-type":"","overlay-color":"","overlay-opacity":"","overlay-gradient":""}},"ast-content-background-meta":{"desktop":{"background-color":"var(--ast-global-color-5)","background-image":"","background-repeat":"repeat","background-position":"center center","background-size":"auto","background-attachment":"scroll","background-type":"","background-media":"","overlay-type":"","overlay-color":"","overlay-opacity":"","overlay-gradient":""},"tablet":{"background-color":"var(--ast-global-color-5)","background-image":"","background-repeat":"repeat","background-position":"center center","background-size":"auto","background-attachment":"scroll","background-type":"","background-media":"","overlay-type":"","overlay-color":"","overlay-opacity":"","overlay-gradient":""},"mobile":{"background-color":"var(--ast-global-color-5)","background-image":"","background-repeat":"repeat","background-position":"center center","background-size":"auto","background-attachment":"scroll","background-type":"","background-media":"","overlay-type":"","overlay-color":"","overlay-opacity":"","overlay-gradient":""}}},"product_brand":[],"product_cat":[1131,1135,1128],"product_tag":[],"product_format_filter":[6366],"class_list":{"0":"post-242413","1":"product","2":"type-product","3":"status-publish","4":"has-post-thumbnail","6":"product_cat-boissons","7":"product_cat-sans-sucre","8":"product_cat-comestibles","9":"pa_intensity-thc-moyen","10":"pa_marques-jane-juice-fr","11":"pa_origin-quebec-fr","12":"pa_type-de-plante-thc-fr","13":"product_format_filter-1units","14":"desktop-align-left","15":"tablet-align-left","16":"mobile-align-left","18":"first","19":"instock","20":"taxable","21":"shipping-taxable","22":"purchasable","23":"product-type-simple"},"group_of_quantity":0,"min_quantity":0,"max_quantity":"","exclude_order_quantity_value_rules":"no","exclude_category_quantity_rules":"no","combine_variations":"no","acf":[],"_links":{"self":[{"href":"https:\/\/mendomedical.ca\/fr\/wp-json\/wp\/v2\/product\/242413","targetHints":{"allow":["GET"]}}],"collection":[{"href":"https:\/\/mendomedical.ca\/fr\/wp-json\/wp\/v2\/product"}],"about":[{"href":"https:\/\/mendomedical.ca\/fr\/wp-json\/wp\/v2\/types\/product"}],"replies":[{"embeddable":true,"href":"https:\/\/mendomedical.ca\/fr\/wp-json\/wp\/v2\/comments?post=242413"}],"wp:featuredmedia":[{"embeddable":true,"href":"https:\/\/mendomedical.ca\/fr\/wp-json\/wp\/v2\/media\/242489"}],"wp:attachment":[{"href":"https:\/\/mendomedical.ca\/fr\/wp-json\/wp\/v2\/media?parent=242413"}],"wp:term":[{"taxonomy":"product_brand","embeddable":true,"href":"https:\/\/mendomedical.ca\/fr\/wp-json\/wp\/v2\/product_brand?post=242413"},{"taxonomy":"product_cat","embeddable":true,"href":"https:\/\/mendomedical.ca\/fr\/wp-json\/wp\/v2\/product_cat?post=242413"},{"taxonomy":"product_tag","embeddable":true,"href":"https:\/\/mendomedical.ca\/fr\/wp-json\/wp\/v2\/product_tag?post=242413"},{"taxonomy":"product_format_filter","embeddable":true,"href":"https:\/\/mendomedical.ca\/fr\/wp-json\/wp\/v2\/product_format_filter?post=242413"}],"curies":[{"name":"wp","href":"https:\/\/api.w.org\/{rel}","templated":true}]}}