{"id":242409,"date":"2025-08-25T04:03:22","date_gmt":"2025-08-25T08:03:22","guid":{"rendered":"https:\/\/mendomedical.ca\/product\/janejuice-synchronicity-ampoule-unique-10mg\/"},"modified":"2026-04-16T10:48:27","modified_gmt":"2026-04-16T14:48:27","slug":"janejuice-synchronicity-ampoule-unique-10mg","status":"publish","type":"product","link":"https:\/\/mendomedical.ca\/fr\/produit\/janejuice-synchronicity-ampoule-unique-10mg\/","title":{"rendered":"Synchronicity 1:1 Ampoules Boisson am\u00e9lior\u00e9e"},"content":{"rendered":"","protected":false},"excerpt":{"rendered":"<div class=\"ExternalClassDEFEFC7844FF4257A6EFB7980941FA31\">\n<h3>Synchronicity 1:1 Ampoules Am\u00e9liorateur de boisson par Jane &amp; Juice<\/h3>\n<p>Faites l&rsquo;exp\u00e9rience d&rsquo;un dosage pr\u00e9cis et d&rsquo;une consommation pratique avec les ampoules Synchronicity 1:1 Beverage Enhancer. Ces ampoules d&rsquo;extrait de cannabis solubles dans l&rsquo;eau offrent une formulation \u00e9quilibr\u00e9e avec un rapport de 1:1, con\u00e7ue pour les utilisateurs m\u00e9dicaux \u00e0 la recherche d&rsquo;effets \u00e9nergisants. Avec un design facile \u00e0 ouvrir et un bouchon refermable, ces ampoules portables offrent des temps d&rsquo;apparition et de disparition rapides, ce qui les rend id\u00e9ales pour une utilisation en journ\u00e9e et un mode de vie actif.  <\/p>\n<h4>Caract\u00e9ristiques principales<\/h4>\n<ul>\n<li>La formulation hydrosoluble assure une absorption rapide avec des temps d&rsquo;action et d&rsquo;arr\u00eat rapides.<\/li>\n<li>Le rapport \u00e9quilibr\u00e9 de 1:1 entre les cannabino\u00efdes procure des effets \u00e9nergisants et stimulants.<\/li>\n<li>Ampoules pratiques \u00e0 ouverture par rotation avec un design de pression dosable pour un contr\u00f4le pr\u00e9cis.<\/li>\n<li>Portable et de poche avec une fermeture \u00e9tanche et refermable pour une utilisation en d\u00e9placement.<\/li>\n<li>Ingr\u00e9dients enti\u00e8rement naturels au go\u00fbt de plantes et sans additifs artificiels<\/li>\n<\/ul>\n<h4>Profil et formulation<\/h4>\n<p>Faisant partie de la collection de profils d&rsquo;humeur \u00ab\u00a0Energy\u00a0\u00bb, ces ampoules contiennent un extrait de cannabis soigneusement \u00e9labor\u00e9 aux propri\u00e9t\u00e9s \u00e9nergisantes et stimulantes. La formulation enti\u00e8rement naturelle offre un go\u00fbt d&rsquo;herbe sans ar\u00f4mes ni additifs suppl\u00e9mentaires, pour une exp\u00e9rience pure et authentique du cannabis. <\/p>\n<p><strong>Ingr\u00e9dients :<\/strong> Eau purifi\u00e9e, huile de coco, vitamine E, l\u00e9cithine, acide sorbique, propanediol, gomme arabique, extrait de cannabis<br \/><strong>Contient :<\/strong> Fruits \u00e0 coque<\/p>\n<h4>Pourquoi choisir CBD &amp; Minors Beverage Enhancers ?<\/h4>\n<p>Les exhausteurs de boissons offrent aux consommateurs de cannabis m\u00e9dical un dosage pr\u00e9cis et discret avec une absorption plus rapide que les edibles traditionnels. Le format hydrosoluble peut favoriser des effets constants et un titrage plus facile pour les besoins th\u00e9rapeutiques. <\/p>\n<h4>Exp\u00e9dition dans tout le Canada<\/h4>\n<p>Synchronicity 1:1 Ampules Beverage Enhancer est exp\u00e9di\u00e9 rapidement \u00e0 travers le Canada. Nous offrons une livraison gratuite pour les commandes de plus de 150 $, assurant un acc\u00e8s pratique \u00e0 vos produits de cannabis m\u00e9dical dans tout le pays. <\/p>\n<h4>Avantages et couverture pour les anciens combattants<\/h4>\n<p>Synchronicity 1:1 Ampules Beverage Enhancer est admissible \u00e0 la couverture d&rsquo;ACC (Anciens Combattants Canada) avec facturation directe par l&rsquo;entremise de la Croix Bleue, ce qui signifie que les anciens combattants admissibles n&rsquo;ont pas \u00e0 d\u00e9bourser d&rsquo;argent. Si vous n&rsquo;avez pas encore d&rsquo;ordonnance de cannabis m\u00e9dical, obtenez votre carte m\u00e9dicale gratuite rapidement et facilement sur <a href=\"https:\/\/mendomedical.ca\/fr\/carte-medicale\/\">https:\/\/mendomedical.ca\/medical-card\/.<\/a> <\/p>\n<div style=\"14px;14px\"><strong>Ingr\u00e9dients<\/p>\n<p><span style=\"400\">Eau purifi\u00e9e, huile de coco, vitamine E, l\u00e9cithine, acide sorbique, propanediol, gomme arabique, extrait de cannabis.<\/span><\/p>\n<p><\/strong><\/div>\n<\/div>\n","protected":false},"featured_media":242448,"comment_status":"closed","ping_status":"closed","template":"","meta":{"_acf_changed":false,"site-sidebar-layout":"default","site-content-layout":"","ast-site-content-layout":"default","site-content-style":"default","site-sidebar-style":"default","ast-global-header-display":"","ast-banner-title-visibility":"","ast-main-header-display":"","ast-hfb-above-header-display":"","ast-hfb-below-header-display":"","ast-hfb-mobile-header-display":"","site-post-title":"","ast-breadcrumbs-content":"","ast-featured-img":"","footer-sml-layout":"","ast-disable-related-posts":"","theme-transparent-header-meta":"default","adv-header-id-meta":"","stick-header-meta":"","header-above-stick-meta":"","header-main-stick-meta":"","header-below-stick-meta":"","astra-migrate-meta-layouts":"set","ast-page-background-enabled":"default","ast-page-background-meta":{"desktop":{"background-color":"var(--ast-global-color-4)","background-image":"","background-repeat":"repeat","background-position":"center center","background-size":"auto","background-attachment":"scroll","background-type":"","background-media":"","overlay-type":"","overlay-color":"","overlay-opacity":"","overlay-gradient":""},"tablet":{"background-color":"","background-image":"","background-repeat":"repeat","background-position":"center center","background-size":"auto","background-attachment":"scroll","background-type":"","background-media":"","overlay-type":"","overlay-color":"","overlay-opacity":"","overlay-gradient":""},"mobile":{"background-color":"","background-image":"","background-repeat":"repeat","background-position":"center center","background-size":"auto","background-attachment":"scroll","background-type":"","background-media":"","overlay-type":"","overlay-color":"","overlay-opacity":"","overlay-gradient":""}},"ast-content-background-meta":{"desktop":{"background-color":"var(--ast-global-color-5)","background-image":"","background-repeat":"repeat","background-position":"center center","background-size":"auto","background-attachment":"scroll","background-type":"","background-media":"","overlay-type":"","overlay-color":"","overlay-opacity":"","overlay-gradient":""},"tablet":{"background-color":"var(--ast-global-color-5)","background-image":"","background-repeat":"repeat","background-position":"center center","background-size":"auto","background-attachment":"scroll","background-type":"","background-media":"","overlay-type":"","overlay-color":"","overlay-opacity":"","overlay-gradient":""},"mobile":{"background-color":"var(--ast-global-color-5)","background-image":"","background-repeat":"repeat","background-position":"center center","background-size":"auto","background-attachment":"scroll","background-type":"","background-media":"","overlay-type":"","overlay-color":"","overlay-opacity":"","overlay-gradient":""}}},"product_brand":[],"product_cat":[1131,3825,5048,1135,1128],"product_tag":[],"product_format_filter":[],"class_list":{"0":"post-242409","1":"product","2":"type-product","3":"status-publish","4":"has-post-thumbnail","6":"product_cat-boissons","7":"product_cat-cbd-minors-3-fr","8":"product_cat-cbd-minors-6-fr","9":"product_cat-sans-sucre","10":"product_cat-comestibles","11":"pa_intensity-cbd-moyen","12":"pa_intensity-thc-moyen","13":"pa_marques-jane-juice-fr","14":"pa_origin-quebec-fr","15":"pa_type-de-plante-cbd-fr","16":"pa_type-de-plante-thc-fr","17":"desktop-align-left","18":"tablet-align-left","19":"mobile-align-left","21":"first","22":"instock","23":"taxable","24":"shipping-taxable","25":"purchasable","26":"product-type-simple"},"group_of_quantity":0,"min_quantity":0,"max_quantity":"","exclude_order_quantity_value_rules":"no","exclude_category_quantity_rules":"no","combine_variations":"no","acf":[],"_links":{"self":[{"href":"https:\/\/mendomedical.ca\/fr\/wp-json\/wp\/v2\/product\/242409","targetHints":{"allow":["GET"]}}],"collection":[{"href":"https:\/\/mendomedical.ca\/fr\/wp-json\/wp\/v2\/product"}],"about":[{"href":"https:\/\/mendomedical.ca\/fr\/wp-json\/wp\/v2\/types\/product"}],"replies":[{"embeddable":true,"href":"https:\/\/mendomedical.ca\/fr\/wp-json\/wp\/v2\/comments?post=242409"}],"wp:featuredmedia":[{"embeddable":true,"href":"https:\/\/mendomedical.ca\/fr\/wp-json\/wp\/v2\/media\/242448"}],"wp:attachment":[{"href":"https:\/\/mendomedical.ca\/fr\/wp-json\/wp\/v2\/media?parent=242409"}],"wp:term":[{"taxonomy":"product_brand","embeddable":true,"href":"https:\/\/mendomedical.ca\/fr\/wp-json\/wp\/v2\/product_brand?post=242409"},{"taxonomy":"product_cat","embeddable":true,"href":"https:\/\/mendomedical.ca\/fr\/wp-json\/wp\/v2\/product_cat?post=242409"},{"taxonomy":"product_tag","embeddable":true,"href":"https:\/\/mendomedical.ca\/fr\/wp-json\/wp\/v2\/product_tag?post=242409"},{"taxonomy":"product_format_filter","embeddable":true,"href":"https:\/\/mendomedical.ca\/fr\/wp-json\/wp\/v2\/product_format_filter?post=242409"}],"curies":[{"name":"wp","href":"https:\/\/api.w.org\/{rel}","templated":true}]}}