{"id":242400,"date":"2023-08-02T03:51:24","date_gmt":"2023-08-02T07:51:24","guid":{"rendered":"https:\/\/mendomedical.ca\/product\/ladoze-50-50-spray-oral-10mg-thc10mg-cbd\/"},"modified":"2026-01-05T11:20:44","modified_gmt":"2026-01-05T16:20:44","slug":"ladoze-50-50-spray-oral-10mg-thc10mg-cbd","status":"publish","type":"product","link":"https:\/\/mendomedical.ca\/fr\/produit\/ladoze-50-50-spray-oral-10mg-thc10mg-cbd\/","title":{"rendered":"THC:CBD 50\/50 Spray oral"},"content":{"rendered":"","protected":false},"excerpt":{"rendered":"<div class=\"ExternalClass29A41952534344118374B9A1A606FFA3\">\n<h3>THC:CBD 50\/50 Spray oral de La Doze<\/h3>\n<p>D\u00e9couvrez un soulagement \u00e9quilibr\u00e9 avec le spray oral THC:CBD 50\/50 de La Doze, un extrait de cannabis hydrosoluble innovant con\u00e7u pour une consommation polyvalente. Ce spray \u00e0 la formulation pr\u00e9cise utilise une technologie avanc\u00e9e de nano-\u00e9mulsion pour d\u00e9livrer un m\u00e9lange harmonieux de THC et de CBD dans un format facile \u00e0 utiliser qui se dissout rapidement sans n\u00e9cessiter de substances grasses. Parfait pour ceux qui recherchent les avantages combin\u00e9s des deux cannabino\u00efdes dans une mesure \u00e9gale.  <\/p>\n<h4>Caract\u00e9ristiques principales<\/h4>\n<ul>\n<li>Rapport \u00e9quilibr\u00e9 50\/50 entre le THC et le CBD pour des effets synergiques<\/li>\n<li>Formule hydrosoluble utilisant la technologie des nano-\u00e9mulsions pour une absorption rapide<\/li>\n<li>Le processus d&rsquo;extraction au CO2 garantit la puret\u00e9 et la puissance<\/li>\n<li>Consommation polyvalente - \u00e0 utiliser directement ou \u00e0 m\u00e9langer \u00e0 des boissons et \u00e0 des aliments<\/li>\n<li>Dosage pr\u00e9cis avec application pratique par pulv\u00e9risation<\/li>\n<\/ul>\n<h4>Profil d&rsquo;ar\u00f4mes et d&rsquo;effets<\/h4>\n<p>Ce spray oral a un go\u00fbt l\u00e9ger et naturel de cannabis, sans ar\u00f4mes ajout\u00e9s. Les utilisateurs peuvent ressentir une cr\u00e9ativit\u00e9 accrue, une relaxation profonde et une humeur positive. Les effets commencent g\u00e9n\u00e9ralement dans les 60 minutes et peuvent durer jusqu&rsquo;\u00e0 8 heures ou plus. Nous vous recommandons de commencer par une faible dose et d&rsquo;attendre avant d&rsquo;en consommer davantage afin d&rsquo;\u00e9valuer la r\u00e9action individuelle.   <\/p>\n<h4>Pourquoi choisir les huiles et teintures<\/h4>\n<p>Les sprays oraux et les teintures offrent aux consommateurs de cannabis m\u00e9dical un contr\u00f4le pr\u00e9cis du dosage et des options de consommation discr\u00e8tes. La m\u00e9thode d&rsquo;administration sublinguale peut permettre une action plus rapide que les edibles traditionnels, tout en maintenant des effets durables, id\u00e9aux pour une gestion soutenue des sympt\u00f4mes. <\/p>\n<h4>Exp\u00e9dition dans tout le Canada<\/h4>\n<p>Le vaporisateur oral THC:CBD 50\/50 est exp\u00e9di\u00e9 rapidement \u00e0 travers le Canada avec une livraison gratuite pour les commandes de plus de 150 $. Votre commande sera emball\u00e9e discr\u00e8tement et livr\u00e9e rapidement \u00e0 votre porte. <\/p>\n<h4>Avantages et couverture pour les anciens combattants<\/h4>\n<p>Le vaporisateur oral THC:CBD 50\/50 est admissible \u00e0 la couverture d&rsquo;ACC (Anciens Combattants Canada) avec facturation directe par l&rsquo;entremise de la Croix Bleue, ce qui signifie que les anciens combattants admissibles n&rsquo;ont pas \u00e0 d\u00e9bourser d&rsquo;argent. Si vous n&rsquo;avez pas encore de prescription m\u00e9dicale de cannabis, <a href=\"https:\/\/mendomedical.ca\/fr\/carte-medicale\/\">obtenez votre carte m\u00e9dicale gratuite rapidement et facilement ici.<\/a> <\/p>\n<p><strong>Ingr\u00e9dients :<\/strong> Glyc\u00e9rine, eau, huile de coco raffin\u00e9e, tocofersolan, isolat de THC et de CBD, phospholipides, benzoate de sodium, acide sorbique et agent neutralisant.<\/p>\n<p><strong>Important :<\/strong> il n&rsquo;est pas recommand\u00e9 de l&rsquo;utiliser avec de l&rsquo;eau bouillante. Conserver dans un endroit frais et sec. <\/p>\n<\/div>\n","protected":false},"featured_media":242429,"comment_status":"closed","ping_status":"closed","template":"","meta":{"_acf_changed":false,"site-sidebar-layout":"default","site-content-layout":"","ast-site-content-layout":"default","site-content-style":"default","site-sidebar-style":"default","ast-global-header-display":"","ast-banner-title-visibility":"","ast-main-header-display":"","ast-hfb-above-header-display":"","ast-hfb-below-header-display":"","ast-hfb-mobile-header-display":"","site-post-title":"","ast-breadcrumbs-content":"","ast-featured-img":"","footer-sml-layout":"","ast-disable-related-posts":"","theme-transparent-header-meta":"default","adv-header-id-meta":"","stick-header-meta":"","header-above-stick-meta":"","header-main-stick-meta":"","header-below-stick-meta":"","astra-migrate-meta-layouts":"set","ast-page-background-enabled":"default","ast-page-background-meta":{"desktop":{"background-color":"var(--ast-global-color-4)","background-image":"","background-repeat":"repeat","background-position":"center center","background-size":"auto","background-attachment":"scroll","background-type":"","background-media":"","overlay-type":"","overlay-color":"","overlay-opacity":"","overlay-gradient":""},"tablet":{"background-color":"","background-image":"","background-repeat":"repeat","background-position":"center center","background-size":"auto","background-attachment":"scroll","background-type":"","background-media":"","overlay-type":"","overlay-color":"","overlay-opacity":"","overlay-gradient":""},"mobile":{"background-color":"","background-image":"","background-repeat":"repeat","background-position":"center center","background-size":"auto","background-attachment":"scroll","background-type":"","background-media":"","overlay-type":"","overlay-color":"","overlay-opacity":"","overlay-gradient":""}},"ast-content-background-meta":{"desktop":{"background-color":"var(--ast-global-color-5)","background-image":"","background-repeat":"repeat","background-position":"center center","background-size":"auto","background-attachment":"scroll","background-type":"","background-media":"","overlay-type":"","overlay-color":"","overlay-opacity":"","overlay-gradient":""},"tablet":{"background-color":"var(--ast-global-color-5)","background-image":"","background-repeat":"repeat","background-position":"center center","background-size":"auto","background-attachment":"scroll","background-type":"","background-media":"","overlay-type":"","overlay-color":"","overlay-opacity":"","overlay-gradient":""},"mobile":{"background-color":"var(--ast-global-color-5)","background-image":"","background-repeat":"repeat","background-position":"center center","background-size":"auto","background-attachment":"scroll","background-type":"","background-media":"","overlay-type":"","overlay-color":"","overlay-opacity":"","overlay-gradient":""}}},"product_brand":[],"product_cat":[3837,1143],"product_tag":[],"product_format_filter":[],"class_list":{"0":"post-242400","1":"product","2":"type-product","3":"status-publish","4":"has-post-thumbnail","6":"product_cat-cbd-minors-4-fr","7":"product_cat-huiles-et-teintures","8":"pa_cbd-10mg-ml-fr","9":"pa_format-15ml-fr","10":"pa_intensity-faible-cbd","11":"pa_intensity-thc-moyen","12":"pa_marques-la-doze-fr","13":"pa_origin-quebec-fr","14":"pa_thc-10mg-ml-fr","15":"pa_type-de-plante-cbd-fr","16":"pa_type-de-plante-thc-fr","17":"desktop-align-left","18":"tablet-align-left","19":"mobile-align-left","21":"first","22":"outofstock","23":"taxable","24":"shipping-taxable","25":"purchasable","26":"product-type-simple"},"group_of_quantity":0,"min_quantity":0,"max_quantity":"","exclude_order_quantity_value_rules":"no","exclude_category_quantity_rules":"no","combine_variations":"no","acf":[],"_links":{"self":[{"href":"https:\/\/mendomedical.ca\/fr\/wp-json\/wp\/v2\/product\/242400","targetHints":{"allow":["GET"]}}],"collection":[{"href":"https:\/\/mendomedical.ca\/fr\/wp-json\/wp\/v2\/product"}],"about":[{"href":"https:\/\/mendomedical.ca\/fr\/wp-json\/wp\/v2\/types\/product"}],"replies":[{"embeddable":true,"href":"https:\/\/mendomedical.ca\/fr\/wp-json\/wp\/v2\/comments?post=242400"}],"wp:featuredmedia":[{"embeddable":true,"href":"https:\/\/mendomedical.ca\/fr\/wp-json\/wp\/v2\/media\/242429"}],"wp:attachment":[{"href":"https:\/\/mendomedical.ca\/fr\/wp-json\/wp\/v2\/media?parent=242400"}],"wp:term":[{"taxonomy":"product_brand","embeddable":true,"href":"https:\/\/mendomedical.ca\/fr\/wp-json\/wp\/v2\/product_brand?post=242400"},{"taxonomy":"product_cat","embeddable":true,"href":"https:\/\/mendomedical.ca\/fr\/wp-json\/wp\/v2\/product_cat?post=242400"},{"taxonomy":"product_tag","embeddable":true,"href":"https:\/\/mendomedical.ca\/fr\/wp-json\/wp\/v2\/product_tag?post=242400"},{"taxonomy":"product_format_filter","embeddable":true,"href":"https:\/\/mendomedical.ca\/fr\/wp-json\/wp\/v2\/product_format_filter?post=242400"}],"curies":[{"name":"wp","href":"https:\/\/api.w.org\/{rel}","templated":true}]}}