{"id":242309,"date":"2025-08-24T21:10:45","date_gmt":"2025-08-25T01:10:45","guid":{"rendered":"https:\/\/mendomedical.ca\/?post_type=product&#038;p=242309"},"modified":"2026-04-16T10:00:03","modified_gmt":"2026-04-16T14:00:03","slug":"banjorine-dream-live-rosin-fizz","status":"publish","type":"product","link":"https:\/\/mendomedical.ca\/fr\/produit\/banjorine-dream-live-rosin-fizz\/","title":{"rendered":"Banjorine Dream Live Rosin Fizz"},"content":{"rendered":"","protected":false},"excerpt":{"rendered":"<div class=\"ExternalClass2449E36E4CB04DA3BD501FC38F07740D\">\n<h3>Banjorine Dream Live Rosin Fizz<\/h3>\n<p>Faites l&rsquo;exp\u00e9rience de la fusion rafra\u00eechissante de la Live Rosin de premi\u00e8re qualit\u00e9 et d&rsquo;un rafra\u00eechissement p\u00e9tillant avec Banjorine Dream Live Rosin Fizz de Sheesh. Cette boisson innovante infus\u00e9e au cannabis associe la douceur acidul\u00e9e d&rsquo;un v\u00e9ritable jus de mandarine \u00e0 de douces notes de vanille, cr\u00e9ant ainsi une boisson parfaitement \u00e9quilibr\u00e9e qui offre \u00e0 la fois une saveur exceptionnelle et des effets puissants. Fabriqu\u00e9e avec une \u00e9mulsion de Live Rosin de haute qualit\u00e9, cette friandise gazeuse offre un moyen pratique et agr\u00e9able de consommer du cannabis.  <\/p>\n<p><strong>Si vous commandez une grande quantit\u00e9 de boissons (plus de 36), nous ne pourrons pas utiliser Postes Canada pour exp\u00e9dier votre commande et devrons faire appel \u00e0 un autre transporteur.<\/strong><\/p>\n<h4>Caract\u00e9ristiques principales<\/h4>\n<ul>\n<li>Infusion de rosine vivante de Banjo Cake de premi\u00e8re qualit\u00e9 pour une puissance accrue et des effets \u00e0 spectre complet.<\/li>\n<li>Profil de saveur acidul\u00e9 de mandarine et de vanille avec des jus de fruits naturels<\/li>\n<li>Format gazeux pratique pour une consommation facile et discr\u00e8te<\/li>\n<li>Fabriqu\u00e9 \u00e0 partir d&rsquo;ingr\u00e9dients de qualit\u00e9, dont un v\u00e9ritable concentr\u00e9 de jus de mandarine.<\/li>\n<li>Disponible dans les saveurs rafra\u00eechissantes de mangue et de p\u00eache<\/li>\n<\/ul>\n<h4>Profil d&rsquo;ar\u00f4me<\/h4>\n<p>Banjorine Dream Live Rosin Fizz offre une exp\u00e9rience sensorielle d\u00e9licieuse avec sa base de soda \u00e0 la cr\u00e8me acidul\u00e9e et sucr\u00e9e, rehauss\u00e9e par du v\u00e9ritable jus de mandarine et de douces nuances de vanille. Le Live Rosin de la souche Banjo Cake ajoute de la profondeur au profil aromatique tout en conservant le caract\u00e8re rafra\u00eechissant et p\u00e9tillant qui rend cette boisson si agr\u00e9able. Vous avez le choix entre des variantes tropicales \u00e0 la mangue ou sucr\u00e9es \u00e0 la p\u00eache, selon vos pr\u00e9f\u00e9rences.  <\/p>\n<h4>Pourquoi choisir Drinkables ?<\/h4>\n<p>Les boissons infus\u00e9es au cannabis offrent aux utilisateurs m\u00e9dicaux une m\u00e9thode de consommation sans fum\u00e9e et respectueuse des poumons, avec des d\u00e9lais d&rsquo;action pr\u00e9visibles. Le format liquide permet un contr\u00f4le plus facile de la dose et une absorption plus rapide que les edibles traditionnels, ce qui les rend id\u00e9ales pour ceux qui recherchent un soulagement pratique et discret. <\/p>\n<h4>Exp\u00e9dition dans tout le Canada<\/h4>\n<p>Banjorine Dream Live Rosin Fizz est exp\u00e9di\u00e9 rapidement dans tout le Canada, avec livraison gratuite \u00e0 partir de 150 $ d&rsquo;achat.<\/p>\n<p><strong>Avis important concernant l&rsquo;exp\u00e9dition en hiver :<\/strong> En raison des temp\u00e9ratures glaciales pendant le transport, les boissons en conserve peuvent arriver gonfl\u00e9es. Il s&rsquo;agit d&rsquo;un r\u00e9sultat naturel de la cong\u00e9lation qui n&rsquo;affecte pas la qualit\u00e9 ou la s\u00e9curit\u00e9 du produit. Si vos boissons arrivent congel\u00e9es, laissez-les simplement d\u00e9congeler compl\u00e8tement \u00e0 temp\u00e9rature ambiante avant de les consommer. Vous pouvez d\u00e9guster vos boissons en toute confiance !   <\/p>\n<p><strong>Veuillez noter :<\/strong> Chaque commande peut contenir un maximum de 36 boissons en canettes. Pour commander plus de 36, veuillez passer plusieurs commandes. Pour toute assistance, n&rsquo;h\u00e9sitez pas \u00e0 contacter notre service client\u00e8le.  <\/p>\n<h4>Avantages et couverture pour les anciens combattants<\/h4>\n<p>Banjorine Dream Live Rosin Fizz est admissible \u00e0 la couverture d&rsquo;ACC (Anciens Combattants Canada) avec facturation directe par la Croix Bleue, ce qui signifie qu&rsquo;il n&rsquo;y a pas de frais \u00e0 d\u00e9bourser pour les anciens combattants admissibles. Si vous n&rsquo;avez pas encore d&rsquo;ordonnance de cannabis m\u00e9dical, <a href=\"https:\/\/mendomedical.ca\/fr\/carte-medicale\/\">obtenez rapidement et facilement votre carte m\u00e9dicale gratuite<\/a>. <\/p>\n<p><strong>Ingr\u00e9dients :<\/strong> Eau gazeuse, sucres (saccharose, jus de mandarine concentr\u00e9, jus de carotte et de pomme pour la couleur), ar\u00f4mes naturels, acide citrique, \u00e9mulsion THC (cannabis live Rosin, eau, gomme d&rsquo;acacia, huile de coco modifi\u00e9e [triglyc\u00e9rides \u00e0 cha\u00eene moyenne], acide citrique, m\u00e9lange de tocoph\u00e9rols, sorbate de potassium, benzoate de sodium, extrait de quillaia), acide ascorbique.<\/p>\n<\/div>\n","protected":false},"featured_media":242313,"comment_status":"closed","ping_status":"closed","template":"","meta":{"_acf_changed":false,"site-sidebar-layout":"default","site-content-layout":"","ast-site-content-layout":"default","site-content-style":"default","site-sidebar-style":"default","ast-global-header-display":"","ast-banner-title-visibility":"","ast-main-header-display":"","ast-hfb-above-header-display":"","ast-hfb-below-header-display":"","ast-hfb-mobile-header-display":"","site-post-title":"","ast-breadcrumbs-content":"","ast-featured-img":"","footer-sml-layout":"","ast-disable-related-posts":"","theme-transparent-header-meta":"default","adv-header-id-meta":"","stick-header-meta":"","header-above-stick-meta":"","header-main-stick-meta":"","header-below-stick-meta":"","astra-migrate-meta-layouts":"set","ast-page-background-enabled":"default","ast-page-background-meta":{"desktop":{"background-color":"var(--ast-global-color-4)","background-image":"","background-repeat":"repeat","background-position":"center center","background-size":"auto","background-attachment":"scroll","background-type":"","background-media":"","overlay-type":"","overlay-color":"","overlay-opacity":"","overlay-gradient":""},"tablet":{"background-color":"","background-image":"","background-repeat":"repeat","background-position":"center center","background-size":"auto","background-attachment":"scroll","background-type":"","background-media":"","overlay-type":"","overlay-color":"","overlay-opacity":"","overlay-gradient":""},"mobile":{"background-color":"","background-image":"","background-repeat":"repeat","background-position":"center center","background-size":"auto","background-attachment":"scroll","background-type":"","background-media":"","overlay-type":"","overlay-color":"","overlay-opacity":"","overlay-gradient":""}},"ast-content-background-meta":{"desktop":{"background-color":"var(--ast-global-color-5)","background-image":"","background-repeat":"repeat","background-position":"center center","background-size":"auto","background-attachment":"scroll","background-type":"","background-media":"","overlay-type":"","overlay-color":"","overlay-opacity":"","overlay-gradient":""},"tablet":{"background-color":"var(--ast-global-color-5)","background-image":"","background-repeat":"repeat","background-position":"center center","background-size":"auto","background-attachment":"scroll","background-type":"","background-media":"","overlay-type":"","overlay-color":"","overlay-opacity":"","overlay-gradient":""},"mobile":{"background-color":"var(--ast-global-color-5)","background-image":"","background-repeat":"repeat","background-position":"center center","background-size":"auto","background-attachment":"scroll","background-type":"","background-media":"","overlay-type":"","overlay-color":"","overlay-opacity":"","overlay-gradient":""}}},"product_brand":[],"product_cat":[1131,1511,1128],"product_tag":[],"product_format_filter":[6363],"class_list":{"0":"post-242309","1":"product","2":"type-product","3":"status-publish","4":"has-post-thumbnail","6":"product_cat-boissons","7":"product_cat-full-spectrum-fr","8":"product_cat-comestibles","9":"pa_flavours-mango-fr","10":"pa_flavours-peach-fr","11":"pa_format-355ml-fr","12":"pa_intensity-thc-moyen","13":"pa_marques-sheesh-fr","14":"pa_origin-colombie-britannique-fr","15":"pa_thc-10mg-fr","16":"pa_type-de-plante-thc-fr","17":"product_format_filter-355ml","18":"desktop-align-left","19":"tablet-align-left","20":"mobile-align-left","22":"first","23":"instock","24":"taxable","25":"shipping-taxable","26":"purchasable","27":"product-type-simple"},"group_of_quantity":0,"min_quantity":0,"max_quantity":"","exclude_order_quantity_value_rules":"no","exclude_category_quantity_rules":"no","combine_variations":"no","acf":[],"_links":{"self":[{"href":"https:\/\/mendomedical.ca\/fr\/wp-json\/wp\/v2\/product\/242309","targetHints":{"allow":["GET"]}}],"collection":[{"href":"https:\/\/mendomedical.ca\/fr\/wp-json\/wp\/v2\/product"}],"about":[{"href":"https:\/\/mendomedical.ca\/fr\/wp-json\/wp\/v2\/types\/product"}],"replies":[{"embeddable":true,"href":"https:\/\/mendomedical.ca\/fr\/wp-json\/wp\/v2\/comments?post=242309"}],"wp:featuredmedia":[{"embeddable":true,"href":"https:\/\/mendomedical.ca\/fr\/wp-json\/wp\/v2\/media\/242313"}],"wp:attachment":[{"href":"https:\/\/mendomedical.ca\/fr\/wp-json\/wp\/v2\/media?parent=242309"}],"wp:term":[{"taxonomy":"product_brand","embeddable":true,"href":"https:\/\/mendomedical.ca\/fr\/wp-json\/wp\/v2\/product_brand?post=242309"},{"taxonomy":"product_cat","embeddable":true,"href":"https:\/\/mendomedical.ca\/fr\/wp-json\/wp\/v2\/product_cat?post=242309"},{"taxonomy":"product_tag","embeddable":true,"href":"https:\/\/mendomedical.ca\/fr\/wp-json\/wp\/v2\/product_tag?post=242309"},{"taxonomy":"product_format_filter","embeddable":true,"href":"https:\/\/mendomedical.ca\/fr\/wp-json\/wp\/v2\/product_format_filter?post=242309"}],"curies":[{"name":"wp","href":"https:\/\/api.w.org\/{rel}","templated":true}]}}