{"id":242297,"date":"2025-09-05T01:30:42","date_gmt":"2025-09-05T05:30:42","guid":{"rendered":"https:\/\/mendomedical.ca\/?post_type=product&#038;p=242297"},"modified":"2026-04-15T14:39:05","modified_gmt":"2026-04-15T18:39:05","slug":"xtra-strength-muscle-joint-herbal-roll-on","status":"publish","type":"product","link":"https:\/\/mendomedical.ca\/fr\/produit\/xtra-strength-muscle-joint-herbal-roll-on\/","title":{"rendered":"Xtra Strength Muscle &#038; Joint Herbal Roll-on"},"content":{"rendered":"","protected":false},"excerpt":{"rendered":"<div class=\"ExternalClass554A643240A14C928A64F7FC5036D800\">\n<h3>19 Paths Xtra Strength Muscle &amp; Joint Herbal Roll-on<\/h3>\n<p>Profitez d&rsquo;un soulagement puissant avec 19 Paths Xtra Strength Muscle &amp; Joint Herbal Roll-on, un topique CBD de premi\u00e8re qualit\u00e9 qui associe 1 700 mg de CBD \u00e0 18 ingr\u00e9dients \u00e0 base de plantes soigneusement s\u00e9lectionn\u00e9s. Cette formule innovante en roll-on apporte un soutien cibl\u00e9 aux muscles et articulations douloureux gr\u00e2ce \u00e0 un m\u00e9lange unique d&rsquo;herbes de m\u00e9decine traditionnelle chinoise et de th\u00e9rapie moderne \u00e0 base de cannabino\u00efdes. Fabriqu\u00e9 au Canada selon les directives strictes des produits de sant\u00e9 naturels, ce puissant topique est soumis \u00e0 un processus d&rsquo;infusion naturel exclusif de 4 mois afin d&rsquo;extraire le maximum de bienfaits th\u00e9rapeutiques des plantes botaniques enti\u00e8res.<\/p>\n<h4>Caract\u00e9ristiques principales<\/h4>\n<ul>\n<li>Formule \u00e0 haute puissance contenant 1 700 mg de CBD par flacon de 60 ml pour une efficacit\u00e9 renforc\u00e9e.<\/li>\n<li>Applicateur roll-on mains libres avec formule non grasse \u00e0 s\u00e9chage rapide qui ne laisse aucun r\u00e9sidu.<\/li>\n<li>M\u00e9lange synergique de 18 ingr\u00e9dients \u00e0 base de plantes, dont le MSM, le menthol et le camphre, pour un soutien complet.<\/li>\n<li>Formulation de m\u00e9decine traditionnelle chinoise avec un processus d&rsquo;infusion naturelle de 4 mois<\/li>\n<li>Fabriqu\u00e9 au Canada selon les directives strictes de Sant\u00e9 Canada<\/li>\n<\/ul>\n<h4>Profil aromatique et sensoriel<\/h4>\n<p>Ce roll-on \u00e0 base de plantes a un ar\u00f4me subtil et agr\u00e9able qui se dissipe rapidement au s\u00e9chage. Le menthol et le camphre procurent une sensation distinctive de refroidissement et de r\u00e9chauffement qui peut contribuer au confort et au soulagement. La formule soigneusement \u00e9quilibr\u00e9e offre des avantages th\u00e9rapeutiques tout en maintenant une exp\u00e9rience sensorielle raffin\u00e9e adapt\u00e9e \u00e0 un usage quotidien.<\/p>\n<h4>Pourquoi choisir les Roll-Ons Topiques<\/h4>\n<p>Les roll-ons topiques au CBD offrent aux consommateurs de cannabis m\u00e9dical un soutien cibl\u00e9 et localis\u00e9 sans effets syst\u00e9miques. L&rsquo;applicateur pratique permet une application pr\u00e9cise et sans d\u00e9g\u00e2ts directement sur les zones affect\u00e9es, ce qui le rend id\u00e9al pour g\u00e9rer l&rsquo;inconfort musculaire et articulaire tout au long de la journ\u00e9e.<\/p>\n<h4>Exp\u00e9dition dans tout le Canada<\/h4>\n<p>19 Paths Xtra Strength Muscle &amp; Joint Herbal Roll-on est exp\u00e9di\u00e9 rapidement au Canada. Nous offrons la livraison gratuite pour toutes les commandes de plus de 150 $, ce qui vous assure de recevoir vos produits th\u00e9rapeutiques rapidement et \u00e0 un prix abordable.<\/p>\n<h4>Avantages et couverture pour les anciens combattants<\/h4>\n<p>Ce produit est admissible \u00e0 la couverture d&rsquo;ACC (Anciens Combattants Canada) avec facturation directe par l&rsquo;entremise de la Croix Bleue, ce qui signifie que les anciens combattants admissibles n&rsquo;ont pas \u00e0 d\u00e9bourser d&rsquo;argent. Si vous n&rsquo;avez pas encore votre carte de cannabis m\u00e9dical, vous pouvez l&rsquo;obtenir rapidement et facilement gr\u00e2ce \u00e0 <a href=\"https:\/\/mendomedical.ca\/fr\/carte-medicale\/\">notre processus de demande simplifi\u00e9<\/a>.<\/p>\n<p><strong>Ingr\u00e9dients :<\/strong> Eau purifi\u00e9e, extrait de cannabis, alcool isopropylique, poudre de feuille d&rsquo;Aloe Barbadensis, Acrylates\/C10-30 Alkyl Acrylate Crosspolymer, Triethanolamine, Mentha Piperita (huile de menthe poivr\u00e9e), menthol, camphre, MSM (m\u00e9thylsulfonylm\u00e9thane, dim\u00e9thyl sulfone), \u00e9corce de racine d&rsquo;Eleutherococcus gracilistylus, extrait de racine d&rsquo;Angelica Pubescens, extrait de racine de Panax Notoginseng, Carthamus Tinctorius (Carthame) Flower Extract, Citrus Aurantium Amara (Bitter Orange) Fruit Extract, Curcuma longa Rhizome, Prunus persica Seed, Rehmannia Glutinosa Root Extract, Aquilaria sinensis Stem sapwood, Atractylodes Macrocephala Root Extract, Boswellia Carterii Gum Extract, Cyperus Rotundus Root Extract, Daemonorops Draco Extract, Eucommia Ulmoides Bark Extract, Sparganium eurycarpum Rhizome<\/p>\n<\/div>\n","protected":false},"featured_media":242303,"comment_status":"closed","ping_status":"closed","template":"","meta":{"_acf_changed":false,"site-sidebar-layout":"default","site-content-layout":"","ast-site-content-layout":"default","site-content-style":"default","site-sidebar-style":"default","ast-global-header-display":"","ast-banner-title-visibility":"","ast-main-header-display":"","ast-hfb-above-header-display":"","ast-hfb-below-header-display":"","ast-hfb-mobile-header-display":"","site-post-title":"","ast-breadcrumbs-content":"","ast-featured-img":"","footer-sml-layout":"","ast-disable-related-posts":"","theme-transparent-header-meta":"default","adv-header-id-meta":"","stick-header-meta":"","header-above-stick-meta":"","header-main-stick-meta":"","header-below-stick-meta":"","astra-migrate-meta-layouts":"set","ast-page-background-enabled":"default","ast-page-background-meta":{"desktop":{"background-color":"var(--ast-global-color-4)","background-image":"","background-repeat":"repeat","background-position":"center center","background-size":"auto","background-attachment":"scroll","background-type":"","background-media":"","overlay-type":"","overlay-color":"","overlay-opacity":"","overlay-gradient":""},"tablet":{"background-color":"","background-image":"","background-repeat":"repeat","background-position":"center center","background-size":"auto","background-attachment":"scroll","background-type":"","background-media":"","overlay-type":"","overlay-color":"","overlay-opacity":"","overlay-gradient":""},"mobile":{"background-color":"","background-image":"","background-repeat":"repeat","background-position":"center center","background-size":"auto","background-attachment":"scroll","background-type":"","background-media":"","overlay-type":"","overlay-color":"","overlay-opacity":"","overlay-gradient":""}},"ast-content-background-meta":{"desktop":{"background-color":"var(--ast-global-color-5)","background-image":"","background-repeat":"repeat","background-position":"center center","background-size":"auto","background-attachment":"scroll","background-type":"","background-media":"","overlay-type":"","overlay-color":"","overlay-opacity":"","overlay-gradient":""},"tablet":{"background-color":"var(--ast-global-color-5)","background-image":"","background-repeat":"repeat","background-position":"center center","background-size":"auto","background-attachment":"scroll","background-type":"","background-media":"","overlay-type":"","overlay-color":"","overlay-opacity":"","overlay-gradient":""},"mobile":{"background-color":"var(--ast-global-color-5)","background-image":"","background-repeat":"repeat","background-position":"center center","background-size":"auto","background-attachment":"scroll","background-type":"","background-media":"","overlay-type":"","overlay-color":"","overlay-opacity":"","overlay-gradient":""}}},"product_brand":[4287],"product_cat":[1155,1150],"product_tag":[3576],"product_format_filter":[6464],"class_list":{"0":"post-242297","1":"product","2":"type-product","3":"status-publish","4":"has-post-thumbnail","6":"product_brand-19-paths","7":"product_cat-rouleaux","8":"product_cat-topiques","9":"product_tag-19-paths-fr","10":"pa_cbd-1700mg-fr","11":"pa_format-60ml-fr","12":"pa_intensity-eleve-en-cbd","13":"pa_marques-19-paths-fr","14":"pa_origin-quebec-fr","15":"product_format_filter-6g","16":"desktop-align-left","17":"tablet-align-left","18":"mobile-align-left","20":"first","21":"instock","22":"taxable","23":"shipping-taxable","24":"purchasable","25":"product-type-simple"},"group_of_quantity":0,"min_quantity":0,"max_quantity":"","exclude_order_quantity_value_rules":"no","exclude_category_quantity_rules":"no","combine_variations":"no","acf":[],"_links":{"self":[{"href":"https:\/\/mendomedical.ca\/fr\/wp-json\/wp\/v2\/product\/242297","targetHints":{"allow":["GET"]}}],"collection":[{"href":"https:\/\/mendomedical.ca\/fr\/wp-json\/wp\/v2\/product"}],"about":[{"href":"https:\/\/mendomedical.ca\/fr\/wp-json\/wp\/v2\/types\/product"}],"replies":[{"embeddable":true,"href":"https:\/\/mendomedical.ca\/fr\/wp-json\/wp\/v2\/comments?post=242297"}],"wp:featuredmedia":[{"embeddable":true,"href":"https:\/\/mendomedical.ca\/fr\/wp-json\/wp\/v2\/media\/242303"}],"wp:attachment":[{"href":"https:\/\/mendomedical.ca\/fr\/wp-json\/wp\/v2\/media?parent=242297"}],"wp:term":[{"taxonomy":"product_brand","embeddable":true,"href":"https:\/\/mendomedical.ca\/fr\/wp-json\/wp\/v2\/product_brand?post=242297"},{"taxonomy":"product_cat","embeddable":true,"href":"https:\/\/mendomedical.ca\/fr\/wp-json\/wp\/v2\/product_cat?post=242297"},{"taxonomy":"product_tag","embeddable":true,"href":"https:\/\/mendomedical.ca\/fr\/wp-json\/wp\/v2\/product_tag?post=242297"},{"taxonomy":"product_format_filter","embeddable":true,"href":"https:\/\/mendomedical.ca\/fr\/wp-json\/wp\/v2\/product_format_filter?post=242297"}],"curies":[{"name":"wp","href":"https:\/\/api.w.org\/{rel}","templated":true}]}}