{"id":242282,"date":"2024-08-11T10:31:01","date_gmt":"2024-08-11T14:31:01","guid":{"rendered":"https:\/\/mendomedical.ca\/?post_type=product&#038;p=242282"},"modified":"2026-01-14T13:21:21","modified_gmt":"2026-01-14T18:21:21","slug":"r2-hindu-kush-x-northern-lights-2-full-spectrum-vape-cart-1g-fr","status":"publish","type":"product","link":"https:\/\/mendomedical.ca\/fr\/produit\/r2-hindu-kush-x-northern-lights-2-full-spectrum-vape-cart-1g-fr\/","title":{"rendered":"R2 Full Spectrum Vape Cart"},"content":{"rendered":"","protected":false},"excerpt":{"rendered":"<div class=\"ExternalClassE8832A807523403AA06503264067B705\">\n<h3>R2 Full Spectrum Vape Cart<\/h3>\n<h3>Terp\u00e8nes totaux : 6,5%.<\/h3>\n<p>D\u00e9couvrez le profil riche \u00e0 dominance indica de la R2 Full Spectrum Vape Cart de Retro. Cet extrait d&rsquo;huile de miel premium d\u00e9livre 6,5 % de terp\u00e8nes totaux dans un format pratique de cartouche \u00e0 filetage 510. Fabriqu\u00e9e \u00e0 l&rsquo;aide d&rsquo;une technologie d&rsquo;extraction de CO2 de pointe, cette vape cart \u00e0 spectre complet offre une exp\u00e9rience pure et sans produits chimiques qui capture le profil cannabino\u00efde et terp\u00e9nique complet de la plante pour des effets et une saveur authentiques.  <\/p>\n<h4>Caract\u00e9ristiques principales<\/h4>\n<ul>\n<li>Teneur \u00e9lev\u00e9e en terp\u00e8nes (6,5 %) pour une saveur accrue et des effets d&rsquo;entourage.<\/li>\n<li>Extrait d&rsquo;huile de miel \u00e0 spectre complet pr\u00e9servant les cannabino\u00efdes et terp\u00e8nes naturels.<\/li>\n<li>Le processus d&rsquo;extraction au CO2 garantit l&rsquo;absence de produits chimiques nocifs ou d&rsquo;additifs synth\u00e9tiques.<\/li>\n<li>Effets \u00e0 dominance indica adapt\u00e9s \u00e0 la relaxation et \u00e0 l&rsquo;utilisation en soir\u00e9e.<\/li>\n<li>Compatible avec les piles standard \u00e0 filetage 510 pour une utilisation pratique<\/li>\n<\/ul>\n<h4>Profil et effets<\/h4>\n<p>Cet extrait \u00e0 dominance indica offre des effets polyvalents en fonction du dosage. Des doses faibles \u00e0 mod\u00e9r\u00e9es peuvent aider \u00e0 promouvoir la relaxation tout en maintenant la fonctionnalit\u00e9 sociale, tandis que des doses plus \u00e9lev\u00e9es ont tendance \u00e0 produire des effets plus s\u00e9datifs, de type \u00ab\u00a0couch-lock\u00a0\u00bb. Le spectre complet de l&rsquo;extrait permet aux utilisateurs de b\u00e9n\u00e9ficier de l&rsquo;effet d&rsquo;entourage, o\u00f9 les cannabino\u00efdes et les terp\u00e8nes agissent en synergie.  <\/p>\n<h4>Pourquoi choisir les carts \u00e0 fils 510<\/h4>\n<p>Les cartouches \u00e0 filetage 510 offrent aux consommateurs de cannabis m\u00e9dical un contr\u00f4le pr\u00e9cis du dosage et une grande discr\u00e9tion. La m\u00e9thode de vaporisation permet une apparition rapide des effets, ce qui facilite la recherche de la dose optimale tout en \u00e9vitant l&rsquo;irritation respiratoire associ\u00e9e \u00e0 la combustion. <\/p>\n<h4>Exp\u00e9dition dans tout le Canada<\/h4>\n<p>R2 Full Spectrum Vape Cart est exp\u00e9di\u00e9 rapidement \u00e0 travers le Canada. Nous offrons une livraison gratuite pour les commandes de plus de 150 $, assurant un acc\u00e8s pratique \u00e0 vos produits de cannabis m\u00e9dical dans tout le pays. <\/p>\n<h4>Avantages et couverture pour les anciens combattants<\/h4>\n<p>R2 Full Spectrum Vape Cart est admissible \u00e0 la couverture d&rsquo;ACC (Anciens Combattants Canada) avec facturation directe par l&rsquo;entremise de la Croix Bleue, ce qui signifie qu&rsquo;il n&rsquo;y a pas de frais \u00e0 d\u00e9bourser pour les anciens combattants admissibles. Si vous n&rsquo;avez pas encore d&rsquo;ordonnance de cannabis m\u00e9dical, <a href=\"https:\/\/mendomedical.ca\/fr\/carte-medicale\/\">obtenez votre carte m\u00e9dicale gratuite rapidement et facilement<\/a> pour acc\u00e9der aux avantages de la couverture. <\/p>\n<\/div>\n","protected":false},"featured_media":103811,"comment_status":"closed","ping_status":"closed","template":"","meta":{"_acf_changed":false,"site-sidebar-layout":"default","site-content-layout":"","ast-site-content-layout":"default","site-content-style":"default","site-sidebar-style":"default","ast-global-header-display":"","ast-banner-title-visibility":"","ast-main-header-display":"","ast-hfb-above-header-display":"","ast-hfb-below-header-display":"","ast-hfb-mobile-header-display":"","site-post-title":"","ast-breadcrumbs-content":"","ast-featured-img":"","footer-sml-layout":"","ast-disable-related-posts":"","theme-transparent-header-meta":"default","adv-header-id-meta":"","stick-header-meta":"","header-above-stick-meta":"","header-main-stick-meta":"","header-below-stick-meta":"","astra-migrate-meta-layouts":"set","ast-page-background-enabled":"default","ast-page-background-meta":{"desktop":{"background-color":"var(--ast-global-color-4)","background-image":"","background-repeat":"repeat","background-position":"center center","background-size":"auto","background-attachment":"scroll","background-type":"","background-media":"","overlay-type":"","overlay-color":"","overlay-opacity":"","overlay-gradient":""},"tablet":{"background-color":"","background-image":"","background-repeat":"repeat","background-position":"center center","background-size":"auto","background-attachment":"scroll","background-type":"","background-media":"","overlay-type":"","overlay-color":"","overlay-opacity":"","overlay-gradient":""},"mobile":{"background-color":"","background-image":"","background-repeat":"repeat","background-position":"center center","background-size":"auto","background-attachment":"scroll","background-type":"","background-media":"","overlay-type":"","overlay-color":"","overlay-opacity":"","overlay-gradient":""}},"ast-content-background-meta":{"desktop":{"background-color":"var(--ast-global-color-5)","background-image":"","background-repeat":"repeat","background-position":"center center","background-size":"auto","background-attachment":"scroll","background-type":"","background-media":"","overlay-type":"","overlay-color":"","overlay-opacity":"","overlay-gradient":""},"tablet":{"background-color":"var(--ast-global-color-5)","background-image":"","background-repeat":"repeat","background-position":"center center","background-size":"auto","background-attachment":"scroll","background-type":"","background-media":"","overlay-type":"","overlay-color":"","overlay-opacity":"","overlay-gradient":""},"mobile":{"background-color":"var(--ast-global-color-5)","background-image":"","background-repeat":"repeat","background-position":"center center","background-size":"auto","background-attachment":"scroll","background-type":"","background-media":"","overlay-type":"","overlay-color":"","overlay-opacity":"","overlay-gradient":""}}},"product_brand":[],"product_cat":[1160,1530,1159],"product_tag":[],"product_format_filter":[6369],"class_list":{"0":"post-242282","1":"product","2":"type-product","3":"status-publish","4":"has-post-thumbnail","6":"product_cat-cart-fil-510","7":"product_cat-spectre-complet1","8":"product_cat-vapoteuses","9":"pa_cbg-2-fr-2","10":"pa_format-1g-2-fr","11":"pa_intensity-thc-eleve","12":"pa_marques-retro-fr","13":"pa_origin-ile-du-prince-edouard","14":"pa_profil-terpene-caryophyllene","15":"pa_profil-terpene-humulene-fr","16":"pa_profil-terpene-myrcene","17":"pa_profil-terpene-ocimene-fr","18":"pa_thc-76-4-fr","19":"pa_type-de-plante-hybride-indica-fr","20":"product_format_filter-1g","21":"desktop-align-left","22":"tablet-align-left","23":"mobile-align-left","25":"first","26":"instock","27":"taxable","28":"shipping-taxable","29":"purchasable","30":"product-type-simple"},"group_of_quantity":0,"min_quantity":0,"max_quantity":"","exclude_order_quantity_value_rules":"no","exclude_category_quantity_rules":"no","combine_variations":"no","acf":[],"_links":{"self":[{"href":"https:\/\/mendomedical.ca\/fr\/wp-json\/wp\/v2\/product\/242282","targetHints":{"allow":["GET"]}}],"collection":[{"href":"https:\/\/mendomedical.ca\/fr\/wp-json\/wp\/v2\/product"}],"about":[{"href":"https:\/\/mendomedical.ca\/fr\/wp-json\/wp\/v2\/types\/product"}],"replies":[{"embeddable":true,"href":"https:\/\/mendomedical.ca\/fr\/wp-json\/wp\/v2\/comments?post=242282"}],"wp:featuredmedia":[{"embeddable":true,"href":"https:\/\/mendomedical.ca\/fr\/wp-json\/wp\/v2\/media\/103811"}],"wp:attachment":[{"href":"https:\/\/mendomedical.ca\/fr\/wp-json\/wp\/v2\/media?parent=242282"}],"wp:term":[{"taxonomy":"product_brand","embeddable":true,"href":"https:\/\/mendomedical.ca\/fr\/wp-json\/wp\/v2\/product_brand?post=242282"},{"taxonomy":"product_cat","embeddable":true,"href":"https:\/\/mendomedical.ca\/fr\/wp-json\/wp\/v2\/product_cat?post=242282"},{"taxonomy":"product_tag","embeddable":true,"href":"https:\/\/mendomedical.ca\/fr\/wp-json\/wp\/v2\/product_tag?post=242282"},{"taxonomy":"product_format_filter","embeddable":true,"href":"https:\/\/mendomedical.ca\/fr\/wp-json\/wp\/v2\/product_format_filter?post=242282"}],"curies":[{"name":"wp","href":"https:\/\/api.w.org\/{rel}","templated":true}]}}