{"id":240958,"date":"2025-09-17T15:00:37","date_gmt":"2025-09-17T19:00:37","guid":{"rendered":"https:\/\/mendomedical.ca\/?post_type=product&#038;p=240958"},"modified":"2026-05-11T10:18:57","modified_gmt":"2026-05-11T14:18:57","slug":"iced-sangria-cold-cure-live-rosin","status":"publish","type":"product","link":"https:\/\/mendomedical.ca\/fr\/produit\/iced-sangria-cold-cure-live-rosin\/","title":{"rendered":"Sangria glac\u00e9e Cold Cure Live Rosin"},"content":{"rendered":"","protected":false},"excerpt":{"rendered":"<div class=\"ExternalClass84EB8086BA4A4438830A732C7F0BF429\">\n<h3>Sangria glac\u00e9e Cold Cure Live Rosin<\/h3>\n<h3>Terp\u00e8nes totaux : 10,7%.<\/h3>\n<p>D\u00e9couvrez le summum de l&rsquo;extraction sans solvant avec Invader&rsquo;s Iced Sangria Cold Cure Live Rosin. \u00c9labor\u00e9e gr\u00e2ce \u00e0 un traitement m\u00e9ticuleux en petits lots par Crop Circle Cannabis en Alberta, cette Live Rosin pr\u00e9sente un \u00e9quilibre parfait entre douceur fruit\u00e9e et notes gazeuses, le tout pr\u00e9serv\u00e9 gr\u00e2ce \u00e0 des techniques innovantes de s\u00e9chage \u00e0 froid, offrant une teneur totale en terp\u00e8nes exceptionnelle de 10,7 %. <\/p>\n<h4>Points forts du produit<\/h4>\n<ul>\n<li>Extraction sans solvant \u00e0 100 % en utilisant uniquement du mat\u00e9riel de premi\u00e8re pression<\/li>\n<li>Processus de maturation \u00e0 froid de 30 jours pour une pr\u00e9servation optimale de la texture et de la saveur<\/li>\n<li>Teneur \u00e9lev\u00e9e en terp\u00e8nes (7,65 %) avec un profil dominant de limon\u00e8ne.<\/li>\n<li>L&#8217;emballage sous vide POP-VAC de premi\u00e8re qualit\u00e9 pr\u00e9serve la fra\u00eecheur.<\/li>\n<li>Des intrants s\u00e9lectionn\u00e9s \u00e0 la main garantissent une qualit\u00e9 constante dans chaque lot.<\/li>\n<\/ul>\n<h4>Profil aromatique et terp\u00e9nique<\/h4>\n<p>Cette Live Rosin \u00e0 s\u00e9chage \u00e0 froid pr\u00e9sente une exp\u00e9rience sensorielle complexe avec des notes fruit\u00e9es, acides et gazeuses pro\u00e9minentes, caract\u00e9ristiques de ses souches patrimoniales. Le profil terp\u00e9nique se caract\u00e9rise par une forte pr\u00e9sence de limon\u00e8ne et des niveaux \u00e9lev\u00e9s de CBGA, cr\u00e9ant un profil d&rsquo;effet \u00e9nergisant et euphorique. La texture p\u00e2le et beurr\u00e9e indique une maturation et un stockage corrects, tandis que les nuances gazeuses distinctes compl\u00e8tent admirablement les saveurs fruit\u00e9es et sucr\u00e9es. Pour obtenir les r\u00e9sultats d\u00e9taill\u00e9s des tests sp\u00e9cifiques aux lots, visitez Invaderlabs.ca\/017-250609.<\/p>\n<h4>Pourquoi choisir Live Rosin ?<\/h4>\n<p>Le Live Rosin repr\u00e9sente la forme la plus pure de concentr\u00e9 de cannabis, sans solvants ni traitement chimique. Les utilisateurs m\u00e9dicaux pr\u00e9f\u00e8rent souvent ce format pour sa m\u00e9thode d&rsquo;extraction propre et ses profils terp\u00e9niques pr\u00e9serv\u00e9s, qui peuvent renforcer les b\u00e9n\u00e9fices th\u00e9rapeutiques par l&rsquo;effet d&rsquo;entourage. <\/p>\n<h4>Exp\u00e9dition dans tout le Canada<\/h4>\n<p>Iced Sangria Cold Cure Live Rosin est exp\u00e9di\u00e9 rapidement \u00e0 travers le Canada avec la livraison gratuite pour les commandes de plus de 150 $. Notre traitement efficace garantit que vos concentr\u00e9s de qualit\u00e9 sup\u00e9rieure arrivent frais et pr\u00eats \u00e0 \u00eatre d\u00e9gust\u00e9s. <\/p>\n<h4>Avantages et couverture pour les anciens combattants<\/h4>\n<p>Iced Sangria Cold Cure Live Rosin est admissible \u00e0 la couverture d&rsquo;ACC (Anciens Combattants Canada) avec facturation directe par la Croix Bleue, ce qui signifie qu&rsquo;il n&rsquo;y a pas de frais \u00e0 d\u00e9bourser pour les anciens combattants admissibles. Si vous n&rsquo;avez pas encore obtenu votre ordonnance de cannabis m\u00e9dical, obtenez votre carte m\u00e9dicale gratuite rapidement et facilement sur <a href=\"https:\/\/mendomedical.ca\/fr\/carte-medicale\/\">https:\/\/mendomedical.ca\/medical-card\/.<\/a> <\/p>\n<\/div>\n","protected":false},"featured_media":240974,"comment_status":"closed","ping_status":"closed","template":"","meta":{"_acf_changed":false,"site-sidebar-layout":"default","site-content-layout":"","ast-site-content-layout":"default","site-content-style":"default","site-sidebar-style":"default","ast-global-header-display":"","ast-banner-title-visibility":"","ast-main-header-display":"","ast-hfb-above-header-display":"","ast-hfb-below-header-display":"","ast-hfb-mobile-header-display":"","site-post-title":"","ast-breadcrumbs-content":"","ast-featured-img":"","footer-sml-layout":"","ast-disable-related-posts":"","theme-transparent-header-meta":"default","adv-header-id-meta":"","stick-header-meta":"","header-above-stick-meta":"","header-main-stick-meta":"","header-below-stick-meta":"","astra-migrate-meta-layouts":"set","ast-page-background-enabled":"default","ast-page-background-meta":{"desktop":{"background-color":"var(--ast-global-color-4)","background-image":"","background-repeat":"repeat","background-position":"center center","background-size":"auto","background-attachment":"scroll","background-type":"","background-media":"","overlay-type":"","overlay-color":"","overlay-opacity":"","overlay-gradient":""},"tablet":{"background-color":"","background-image":"","background-repeat":"repeat","background-position":"center center","background-size":"auto","background-attachment":"scroll","background-type":"","background-media":"","overlay-type":"","overlay-color":"","overlay-opacity":"","overlay-gradient":""},"mobile":{"background-color":"","background-image":"","background-repeat":"repeat","background-position":"center center","background-size":"auto","background-attachment":"scroll","background-type":"","background-media":"","overlay-type":"","overlay-color":"","overlay-opacity":"","overlay-gradient":""}},"ast-content-background-meta":{"desktop":{"background-color":"var(--ast-global-color-5)","background-image":"","background-repeat":"repeat","background-position":"center center","background-size":"auto","background-attachment":"scroll","background-type":"","background-media":"","overlay-type":"","overlay-color":"","overlay-opacity":"","overlay-gradient":""},"tablet":{"background-color":"var(--ast-global-color-5)","background-image":"","background-repeat":"repeat","background-position":"center center","background-size":"auto","background-attachment":"scroll","background-type":"","background-media":"","overlay-type":"","overlay-color":"","overlay-opacity":"","overlay-gradient":""},"mobile":{"background-color":"var(--ast-global-color-5)","background-image":"","background-repeat":"repeat","background-position":"center center","background-size":"auto","background-attachment":"scroll","background-type":"","background-media":"","overlay-type":"","overlay-color":"","overlay-opacity":"","overlay-gradient":""}}},"product_brand":[],"product_cat":[1125,1118,1119],"product_tag":[],"product_format_filter":[6369],"class_list":{"0":"post-240958","1":"product","2":"type-product","3":"status-publish","4":"has-post-thumbnail","6":"product_cat-rosin-vivante","7":"product_cat-concentres","8":"product_cat-tout-sans-solvant","9":"pa_flavours-aigre","10":"pa_flavours-gazeux-diesel","11":"pa_flavours-fruite","12":"pa_format-1g-2-fr","13":"pa_intensity-thc-eleve","14":"pa_marques-invader-fr","15":"pa_origin-alberta-fr","16":"pa_profil-terpene-caryophyllene","17":"pa_profil-terpene-limonene-fr","18":"pa_profil-terpene-selinadiene-fr","19":"pa_type-de-plante-hybride-fr","20":"product_format_filter-1g","21":"desktop-align-left","22":"tablet-align-left","23":"mobile-align-left","25":"first","26":"instock","27":"taxable","28":"shipping-taxable","29":"purchasable","30":"product-type-simple"},"group_of_quantity":0,"min_quantity":0,"max_quantity":"","exclude_order_quantity_value_rules":"no","exclude_category_quantity_rules":"no","combine_variations":"no","acf":[],"_links":{"self":[{"href":"https:\/\/mendomedical.ca\/fr\/wp-json\/wp\/v2\/product\/240958","targetHints":{"allow":["GET"]}}],"collection":[{"href":"https:\/\/mendomedical.ca\/fr\/wp-json\/wp\/v2\/product"}],"about":[{"href":"https:\/\/mendomedical.ca\/fr\/wp-json\/wp\/v2\/types\/product"}],"replies":[{"embeddable":true,"href":"https:\/\/mendomedical.ca\/fr\/wp-json\/wp\/v2\/comments?post=240958"}],"wp:featuredmedia":[{"embeddable":true,"href":"https:\/\/mendomedical.ca\/fr\/wp-json\/wp\/v2\/media\/240974"}],"wp:attachment":[{"href":"https:\/\/mendomedical.ca\/fr\/wp-json\/wp\/v2\/media?parent=240958"}],"wp:term":[{"taxonomy":"product_brand","embeddable":true,"href":"https:\/\/mendomedical.ca\/fr\/wp-json\/wp\/v2\/product_brand?post=240958"},{"taxonomy":"product_cat","embeddable":true,"href":"https:\/\/mendomedical.ca\/fr\/wp-json\/wp\/v2\/product_cat?post=240958"},{"taxonomy":"product_tag","embeddable":true,"href":"https:\/\/mendomedical.ca\/fr\/wp-json\/wp\/v2\/product_tag?post=240958"},{"taxonomy":"product_format_filter","embeddable":true,"href":"https:\/\/mendomedical.ca\/fr\/wp-json\/wp\/v2\/product_format_filter?post=240958"}],"curies":[{"name":"wp","href":"https:\/\/api.w.org\/{rel}","templated":true}]}}