{"id":240664,"date":"2025-10-10T07:00:21","date_gmt":"2025-10-10T11:00:21","guid":{"rendered":"https:\/\/mendomedical.ca\/product\/mangue-acide-live-rosin-gommes\/"},"modified":"2026-05-11T10:16:07","modified_gmt":"2026-05-11T14:16:07","slug":"sour-mango-live-rosin-gummies-fr","status":"publish","type":"product","link":"https:\/\/mendomedical.ca\/fr\/produit\/sour-mango-live-rosin-gummies-fr\/","title":{"rendered":"Sour Mango Live Rosin Gummies"},"content":{"rendered":"","protected":false},"excerpt":{"rendered":"<div class=\"ExternalClass347AA6E1D73047ED97CB6B699A7B3C66\">\n<h3>Sour Mango Live Rosin Gummies<\/h3>\n<p>D\u00e9couvrez l&rsquo;\u00e9quilibre parfait entre la douceur tropicale et le zeste acidul\u00e9 avec les gommes de live rosin The Goo ! Sour Mango Live Rosin Gummies. Ces edibles de qualit\u00e9 sup\u00e9rieure combinent la saveur audacieuse de la mangue m\u00fbre avec un coup de fouet aigre revigorant, le tout fabriqu\u00e9 \u00e0 partir de 100% de Live Rosin sans solvant de Crop Circle Cannabis. Chaque sachet compact contient deux gommes de 5 mg, offrant une exp\u00e9rience riche et compl\u00e8te du cannabis gr\u00e2ce \u00e0 des ingr\u00e9dients soigneusement s\u00e9lectionn\u00e9s et respectueux de l&rsquo;environnement.<\/p>\n<h4>Points forts du produit<\/h4>\n<ul>\n<li>Fabriqu\u00e9e avec la rosin 100% sans solvant The Goo ! Live Rosin sans solvant pour une exp\u00e9rience \u00e0 spectre complet de premi\u00e8re qualit\u00e9.<\/li>\n<li>Formule v\u00e9g\u00e9talienne et sans gluten utilisant de la pectine \u00e0 la place de la g\u00e9latine<\/li>\n<li>Ar\u00f4mes et colorants naturels sans sirop de ma\u00efs<\/li>\n<li>Format pratique de 2 x 5 mg dans une pochette compacte et portable<\/li>\n<li>Fabriqu\u00e9 artisanalement par Crop Circle Cannabis \u00e0 partir d&rsquo;une base d&rsquo;huile de coco de premi\u00e8re qualit\u00e9.<\/li>\n<\/ul>\n<h4>Profil d&rsquo;ar\u00f4me<\/h4>\n<p>Ces gommes offrent une exp\u00e9rience gustative tropicale authentique avec une saveur de mangue naturelle et audacieuse, rehauss\u00e9e d&rsquo;un coup de fouet acidul\u00e9 rafra\u00eechissant. Le profil fruit\u00e9 est obtenu gr\u00e2ce \u00e0 des ar\u00f4mes naturels soigneusement s\u00e9lectionn\u00e9s qui compl\u00e8tent l&rsquo;extrait de Live Rosin \u00e0 spectre complet.<\/p>\n<h4>Pourquoi choisir les gommes<\/h4>\n<p>Les gommes de cannabis offrent aux utilisateurs m\u00e9dicaux une option discr\u00e8te, pratique et pr\u00e9cis\u00e9ment dos\u00e9e pour leurs besoins th\u00e9rapeutiques. Le dosage constant de 5 mg permet un titrage facile et des effets pr\u00e9visibles, tandis que la dur\u00e9e prolong\u00e9e des edibles peut fournir un soutien plus durable par rapport \u00e0 d&rsquo;autres m\u00e9thodes de consommation.<\/p>\n<h4>Exp\u00e9dition dans tout le Canada<\/h4>\n<p>Les gommes \u00e0 m\u00e2cher Sour Mango Live Rosin sont exp\u00e9di\u00e9es rapidement dans tout le Canada, avec livraison gratuite pour les commandes de plus de 150 $. Veuillez noter que les produits contenant de la g\u00e9latine peuvent fondre pendant l&rsquo;exp\u00e9dition durant les mois d&rsquo;\u00e9t\u00e9. Nous vous recommandons de tenir compte de ce probl\u00e8me potentiel lorsque vous passez votre commande. Malheureusement, nous ne pouvons pas offrir de remboursement ou de remplacement pour les produits qui fondent pendant le transport. Nous vous remercions de votre compr\u00e9hension.<\/p>\n<h4>Avantages et couverture pour les anciens combattants<\/h4>\n<p>Les gommes Sour Mango Live Rosin sont admissibles \u00e0 la couverture d&rsquo;ACC (Anciens Combattants Canada) avec facturation directe par l&rsquo;entremise de la Croix Bleue, ce qui signifie qu&rsquo;aucun d\u00e9bours\u00e9 n&rsquo;est n\u00e9cessaire pour les anciens combattants admissibles. Si vous n&rsquo;avez pas encore de carte de cannabis m\u00e9dical, vous pouvez <a href=\"https:\/\/mendomedical.ca\/fr\/carte-medicale\/\">obtenir votre carte m\u00e9dicale gratuite rapidement et facilement<\/a> pour acc\u00e9der \u00e0 ces avantages.<\/p>\n<p><strong>Ingr\u00e9dients :<\/strong> Sucres (Isomalto-oligosaccharide (IMO), sucre), eau, pectine, huile de coco, malate d&rsquo;hydrog\u00e8ne sodique, ar\u00f4me naturel, acide citrique, extrait de cannabis, glyc\u00e9rine, paprika (colorant), l\u00e9cithine de tournesol, huile v\u00e9g\u00e9tale, huile de canola.<\/p>\n<\/div>\n","protected":false},"featured_media":240663,"comment_status":"closed","ping_status":"closed","template":"","meta":{"_acf_changed":false,"site-sidebar-layout":"default","site-content-layout":"","ast-site-content-layout":"default","site-content-style":"default","site-sidebar-style":"default","ast-global-header-display":"","ast-banner-title-visibility":"","ast-main-header-display":"","ast-hfb-above-header-display":"","ast-hfb-below-header-display":"","ast-hfb-mobile-header-display":"","site-post-title":"","ast-breadcrumbs-content":"","ast-featured-img":"","footer-sml-layout":"","ast-disable-related-posts":"","theme-transparent-header-meta":"default","adv-header-id-meta":"","stick-header-meta":"","header-above-stick-meta":"","header-main-stick-meta":"","header-below-stick-meta":"","astra-migrate-meta-layouts":"set","ast-page-background-enabled":"default","ast-page-background-meta":{"desktop":{"background-color":"var(--ast-global-color-4)","background-image":"","background-repeat":"repeat","background-position":"center center","background-size":"auto","background-attachment":"scroll","background-type":"","background-media":"","overlay-type":"","overlay-color":"","overlay-opacity":"","overlay-gradient":""},"tablet":{"background-color":"","background-image":"","background-repeat":"repeat","background-position":"center center","background-size":"auto","background-attachment":"scroll","background-type":"","background-media":"","overlay-type":"","overlay-color":"","overlay-opacity":"","overlay-gradient":""},"mobile":{"background-color":"","background-image":"","background-repeat":"repeat","background-position":"center center","background-size":"auto","background-attachment":"scroll","background-type":"","background-media":"","overlay-type":"","overlay-color":"","overlay-opacity":"","overlay-gradient":""}},"ast-content-background-meta":{"desktop":{"background-color":"var(--ast-global-color-5)","background-image":"","background-repeat":"repeat","background-position":"center center","background-size":"auto","background-attachment":"scroll","background-type":"","background-media":"","overlay-type":"","overlay-color":"","overlay-opacity":"","overlay-gradient":""},"tablet":{"background-color":"var(--ast-global-color-5)","background-image":"","background-repeat":"repeat","background-position":"center center","background-size":"auto","background-attachment":"scroll","background-type":"","background-media":"","overlay-type":"","overlay-color":"","overlay-opacity":"","overlay-gradient":""},"mobile":{"background-color":"var(--ast-global-color-5)","background-image":"","background-repeat":"repeat","background-position":"center center","background-size":"auto","background-attachment":"scroll","background-type":"","background-media":"","overlay-type":"","overlay-color":"","overlay-opacity":"","overlay-gradient":""}}},"product_brand":[],"product_cat":[1132,1511,1128],"product_tag":[],"product_format_filter":[],"class_list":{"0":"post-240664","1":"product","2":"type-product","3":"status-publish","4":"has-post-thumbnail","6":"product_cat-bonbons","7":"product_cat-full-spectrum-fr","8":"product_cat-comestibles","9":"pa_flavours-aigre","10":"pa_flavours-fruite","11":"pa_format-2-unites","12":"pa_intensity-thc-moyen","13":"pa_marques-the-goo-fr","14":"pa_origin-alberta-fr","15":"pa_thc-10mg-fr","16":"pa_type-de-plante-thc-fr","17":"desktop-align-left","18":"tablet-align-left","19":"mobile-align-left","21":"first","22":"instock","23":"taxable","24":"shipping-taxable","25":"purchasable","26":"product-type-simple"},"group_of_quantity":0,"min_quantity":0,"max_quantity":"","exclude_order_quantity_value_rules":"no","exclude_category_quantity_rules":"no","combine_variations":"no","acf":[],"_links":{"self":[{"href":"https:\/\/mendomedical.ca\/fr\/wp-json\/wp\/v2\/product\/240664","targetHints":{"allow":["GET"]}}],"collection":[{"href":"https:\/\/mendomedical.ca\/fr\/wp-json\/wp\/v2\/product"}],"about":[{"href":"https:\/\/mendomedical.ca\/fr\/wp-json\/wp\/v2\/types\/product"}],"replies":[{"embeddable":true,"href":"https:\/\/mendomedical.ca\/fr\/wp-json\/wp\/v2\/comments?post=240664"}],"wp:featuredmedia":[{"embeddable":true,"href":"https:\/\/mendomedical.ca\/fr\/wp-json\/wp\/v2\/media\/240663"}],"wp:attachment":[{"href":"https:\/\/mendomedical.ca\/fr\/wp-json\/wp\/v2\/media?parent=240664"}],"wp:term":[{"taxonomy":"product_brand","embeddable":true,"href":"https:\/\/mendomedical.ca\/fr\/wp-json\/wp\/v2\/product_brand?post=240664"},{"taxonomy":"product_cat","embeddable":true,"href":"https:\/\/mendomedical.ca\/fr\/wp-json\/wp\/v2\/product_cat?post=240664"},{"taxonomy":"product_tag","embeddable":true,"href":"https:\/\/mendomedical.ca\/fr\/wp-json\/wp\/v2\/product_tag?post=240664"},{"taxonomy":"product_format_filter","embeddable":true,"href":"https:\/\/mendomedical.ca\/fr\/wp-json\/wp\/v2\/product_format_filter?post=240664"}],"curies":[{"name":"wp","href":"https:\/\/api.w.org\/{rel}","templated":true}]}}