{"id":240499,"date":"2025-07-28T19:30:14","date_gmt":"2025-07-28T23:30:14","guid":{"rendered":"https:\/\/mendomedical.ca\/product\/jalousie-x-biscotti\/"},"modified":"2026-04-16T12:23:04","modified_gmt":"2026-04-16T16:23:04","slug":"jalousie-x-biscotti","status":"publish","type":"product","link":"https:\/\/mendomedical.ca\/fr\/produit\/jalousie-x-biscotti\/","title":{"rendered":"Jealousy x Biscotti"},"content":{"rendered":"","protected":false},"excerpt":{"rendered":"<div class=\"ExternalClassB9C41BB8F5EF4A6DAD8067C60F13F18F\">\n<h3>Jealousy x Biscotti - Fleur de cannabis artisanale de qualit\u00e9 sup\u00e9rieure<\/h3>\n<h3>Terp\u00e8nes totaux : 2,6%.<\/h3>\n<p>D\u00e9couvrez la fleur artisanale la plus distinctive de Smokestack avec Jealousy x Biscotti, un puissant croisement \u00e0 dominance indica qui offre un profil intens\u00e9ment aromatique. Cette fleur premium de 7 g combine des g\u00e9n\u00e9tiques classiques h\u00e9rit\u00e9es pour cr\u00e9er une exp\u00e9rience sensorielle vraiment unique, avec des nugs denses, violets et verts, et une teneur exceptionnelle en terp\u00e8nes de 2,6 %. <\/p>\n<h4>Caract\u00e9ristiques principales<\/h4>\n<ul>\n<li>Fleur artisanale de haute puissance avec des niveaux de THC atteignant jusqu&rsquo;\u00e0 32%.<\/li>\n<li>Culture en petites quantit\u00e9s avec parage \u00e0 la main et s\u00e9chage en suspension<\/li>\n<li>Des p\u00e9pins denses et \u00e9tincelants aux couleurs violettes et vertes \u00e9clatantes.<\/li>\n<li>Profil terp\u00e9nique riche \u00e0 2,6 % comprenant du D-Limon\u00e8ne, du \u00df-Caryophyll\u00e8ne et du Linalol.<\/li>\n<li>Paquet premium de 7g de cannabis artisanal m\u00e9ticuleusement cultiv\u00e9<\/li>\n<\/ul>\n<h4>Profil aromatique et gustatif<\/h4>\n<p>Ce croisement distinctif pr\u00e9sente une saveur complexe avec des notes florales, savonneuses et gazeuses prononc\u00e9es, compl\u00e9t\u00e9es par de subtiles nuances sucr\u00e9es. L&rsquo;ar\u00f4me piquant offre une exp\u00e9rience sensorielle intense qui met en valeur l&rsquo;h\u00e9ritage g\u00e9n\u00e9tique de la vari\u00e9t\u00e9, tandis que le profil terp\u00e9nique cr\u00e9e un palais piquant et m\u00e9morable qui d\u00e9finit le caract\u00e8re unique de cette fleur artisanale. <\/p>\n<h4>Pourquoi choisir Craft Flower<\/h4>\n<p>La fleur artisanale de premi\u00e8re qualit\u00e9 offre aux utilisateurs m\u00e9dicaux une qualit\u00e9 et une puissance constantes gr\u00e2ce \u00e0 des pratiques de culture m\u00e9ticuleuses. Le processus minutieux de coupe \u00e0 la main et de s\u00e9chage en suspension pr\u00e9serve le spectre complet des cannabino\u00efdes et des terp\u00e8nes, ce qui peut contribuer \u00e0 renforcer les bienfaits th\u00e9rapeutiques. <\/p>\n<h4>Exp\u00e9dition dans tout le Canada<\/h4>\n<p>Jealousy x Biscotti est exp\u00e9di\u00e9 rapidement \u00e0 travers le Canada avec une livraison gratuite pour les commandes de plus de 150 $. Nous assurons un emballage discret et s\u00e9curitaire afin de maintenir la qualit\u00e9 du produit pendant le transport. <\/p>\n<h4>Avantages et couverture pour les anciens combattants<\/h4>\n<p>Jealousy x Biscotti est admissible \u00e0 la couverture d&rsquo;ACC (Anciens Combattants Canada) avec facturation directe par l&rsquo;entremise de la Croix Bleue, ce qui signifie que les anciens combattants admissibles n&rsquo;ont pas \u00e0 d\u00e9bourser d&rsquo;argent. Si vous n&rsquo;avez pas encore de carte de cannabis m\u00e9dical, vous pouvez <a href=\"https:\/\/mendomedical.ca\/fr\/carte-medicale\/\">obtenir votre carte m\u00e9dicale gratuite rapidement et facilement<\/a> gr\u00e2ce \u00e0 notre processus simplifi\u00e9. <\/p>\n<\/div>\n","protected":false},"featured_media":240494,"comment_status":"closed","ping_status":"closed","template":"","meta":{"_acf_changed":false,"site-sidebar-layout":"default","site-content-layout":"","ast-site-content-layout":"default","site-content-style":"default","site-sidebar-style":"default","ast-global-header-display":"","ast-banner-title-visibility":"","ast-main-header-display":"","ast-hfb-above-header-display":"","ast-hfb-below-header-display":"","ast-hfb-mobile-header-display":"","site-post-title":"","ast-breadcrumbs-content":"","ast-featured-img":"","footer-sml-layout":"","ast-disable-related-posts":"","theme-transparent-header-meta":"default","adv-header-id-meta":"","stick-header-meta":"","header-above-stick-meta":"","header-main-stick-meta":"","header-below-stick-meta":"","astra-migrate-meta-layouts":"set","ast-page-background-enabled":"default","ast-page-background-meta":{"desktop":{"background-color":"var(--ast-global-color-4)","background-image":"","background-repeat":"repeat","background-position":"center center","background-size":"auto","background-attachment":"scroll","background-type":"","background-media":"","overlay-type":"","overlay-color":"","overlay-opacity":"","overlay-gradient":""},"tablet":{"background-color":"","background-image":"","background-repeat":"repeat","background-position":"center center","background-size":"auto","background-attachment":"scroll","background-type":"","background-media":"","overlay-type":"","overlay-color":"","overlay-opacity":"","overlay-gradient":""},"mobile":{"background-color":"","background-image":"","background-repeat":"repeat","background-position":"center center","background-size":"auto","background-attachment":"scroll","background-type":"","background-media":"","overlay-type":"","overlay-color":"","overlay-opacity":"","overlay-gradient":""}},"ast-content-background-meta":{"desktop":{"background-color":"var(--ast-global-color-5)","background-image":"","background-repeat":"repeat","background-position":"center center","background-size":"auto","background-attachment":"scroll","background-type":"","background-media":"","overlay-type":"","overlay-color":"","overlay-opacity":"","overlay-gradient":""},"tablet":{"background-color":"var(--ast-global-color-5)","background-image":"","background-repeat":"repeat","background-position":"center center","background-size":"auto","background-attachment":"scroll","background-type":"","background-media":"","overlay-type":"","overlay-color":"","overlay-opacity":"","overlay-gradient":""},"mobile":{"background-color":"var(--ast-global-color-5)","background-image":"","background-repeat":"repeat","background-position":"center center","background-size":"auto","background-attachment":"scroll","background-type":"","background-media":"","overlay-type":"","overlay-color":"","overlay-opacity":"","overlay-gradient":""}}},"product_brand":[],"product_cat":[1137],"product_tag":[],"product_format_filter":[6373],"class_list":{"0":"post-240499","1":"product","2":"type-product","3":"status-publish","4":"has-post-thumbnail","6":"product_cat-fleur","7":"pa_flavours-floral-fr","8":"pa_flavours-gazeux","9":"pa_flavours-soapy-fr","10":"pa_format-7g-fr","11":"pa_intensity-thc-moyen","12":"pa_marques-cheminee","13":"pa_origin-ontario-fr","14":"pa_packaging-date-07-30-2025","15":"pa_prix-par-gramme-8-57","16":"pa_profil-terpene-caryophyllene","17":"pa_profil-terpene-limonene-fr","18":"pa_profil-terpene-linalol-fr","19":"pa_profil-terpene-pinene-fr","20":"pa_thc-26-92-fr","21":"pa_type-de-plante-indica-fr","22":"product_format_filter-7g","23":"desktop-align-left","24":"tablet-align-left","25":"mobile-align-left","27":"first","28":"outofstock","29":"taxable","30":"shipping-taxable","31":"purchasable","32":"product-type-simple"},"group_of_quantity":0,"min_quantity":0,"max_quantity":"","exclude_order_quantity_value_rules":"no","exclude_category_quantity_rules":"no","combine_variations":"no","acf":[],"_links":{"self":[{"href":"https:\/\/mendomedical.ca\/fr\/wp-json\/wp\/v2\/product\/240499","targetHints":{"allow":["GET"]}}],"collection":[{"href":"https:\/\/mendomedical.ca\/fr\/wp-json\/wp\/v2\/product"}],"about":[{"href":"https:\/\/mendomedical.ca\/fr\/wp-json\/wp\/v2\/types\/product"}],"replies":[{"embeddable":true,"href":"https:\/\/mendomedical.ca\/fr\/wp-json\/wp\/v2\/comments?post=240499"}],"wp:featuredmedia":[{"embeddable":true,"href":"https:\/\/mendomedical.ca\/fr\/wp-json\/wp\/v2\/media\/240494"}],"wp:attachment":[{"href":"https:\/\/mendomedical.ca\/fr\/wp-json\/wp\/v2\/media?parent=240499"}],"wp:term":[{"taxonomy":"product_brand","embeddable":true,"href":"https:\/\/mendomedical.ca\/fr\/wp-json\/wp\/v2\/product_brand?post=240499"},{"taxonomy":"product_cat","embeddable":true,"href":"https:\/\/mendomedical.ca\/fr\/wp-json\/wp\/v2\/product_cat?post=240499"},{"taxonomy":"product_tag","embeddable":true,"href":"https:\/\/mendomedical.ca\/fr\/wp-json\/wp\/v2\/product_tag?post=240499"},{"taxonomy":"product_format_filter","embeddable":true,"href":"https:\/\/mendomedical.ca\/fr\/wp-json\/wp\/v2\/product_format_filter?post=240499"}],"curies":[{"name":"wp","href":"https:\/\/api.w.org\/{rel}","templated":true}]}}