{"id":240484,"date":"2025-09-03T17:30:33","date_gmt":"2025-09-03T21:30:33","guid":{"rendered":"https:\/\/mendomedical.ca\/product\/coupe-de-fruits-aio\/"},"modified":"2026-04-05T15:46:47","modified_gmt":"2026-04-05T19:46:47","slug":"fruit-cup-vape-tout-en-un","status":"publish","type":"product","link":"https:\/\/mendomedical.ca\/fr\/produit\/fruit-cup-vape-tout-en-un\/","title":{"rendered":"Coupe de fruits Vape tout-en-un"},"content":{"rendered":"","protected":false},"excerpt":{"rendered":"<div class=\"ExternalClass57A23DB38D984735B1E823DC7D94FE32\">\n<h3>Fruit Cup All-in-One Vape by Smokestack<br \/>\nTerp\u00e8nes totaux : 3,1%.<\/h3>\n<p>Faites l&rsquo;exp\u00e9rience d&rsquo;un m\u00e9lange parfait de commodit\u00e9 et de saveur avec le Fruit Cup All-in-One Vape de Smokestack. Ce dispositif de vapotage tout-en-un de premi\u00e8re qualit\u00e9 associe la technologie de pointe du mat\u00e9riel Jupiter \u00e0 un m\u00e9lange de fruits soigneusement \u00e9labor\u00e9, compos\u00e9 de pomme verte, de poire sucr\u00e9e et de kiwi tropical acidul\u00e9. Con\u00e7u pour les consommateurs de cannabis m\u00e9dical \u00e0 la recherche d&rsquo;une exp\u00e9rience de vapotage fiable et conviviale, ce dispositif offre des performances constantes \u00e0 chaque utilisation.  <\/p>\n<h3>Caract\u00e9ristiques principales<\/h3>\n<ul>\n<li>Technologie anti-colmatage Jupiter \u00e0 la pointe de l&rsquo;industrie, avec deux orifices d&rsquo;a\u00e9ration pour des tirages fluides et ininterrompus.<\/li>\n<li>\u00c9l\u00e9ment chauffant de qualit\u00e9 sup\u00e9rieure avec pivot en acier inoxydable pour une production optimale de vapeur<\/li>\n<li>Capacit\u00e9 de charge USB-C pratique pour une gestion de l&rsquo;alimentation moderne et sans tracas.<\/li>\n<li>Embout buccal de qualit\u00e9 alimentaire garantissant une utilisation s\u00fbre et confortable<\/li>\n<li>3,1 % de Terp\u00e8nes totaux, dont Trans-Caryophyllene, Trans-Nerolidol et Alpha-Pinene<\/li>\n<\/ul>\n<h3>Profil aromatique et terp\u00e9nique<\/h3>\n<p>La Fruit Cup AIO offre un m\u00e9lange harmonieux de saveurs douces et sucr\u00e9es de poire, de kiwi tropical acidul\u00e9 et de pomme verte acidul\u00e9e \u00e0 chaque bouff\u00e9e. Ce profil fruit\u00e9 est rehauss\u00e9 par un m\u00e9lange de terp\u00e8nes soigneusement s\u00e9lectionn\u00e9, compos\u00e9 de trans-caryophyll\u00e8ne, de trans-n\u00e9rol et d&rsquo;alpha-pin\u00e8ne, qui contribue \u00e0 la fois \u00e0 l&rsquo;exp\u00e9rience aromatique et aux bienfaits th\u00e9rapeutiques potentiels. Chaque dispositif contient du distillat de THC et des terp\u00e8nes botaniques, avec une teneur totale en terp\u00e8nes de 3,1 %.  <\/p>\n<p><strong>Ingr\u00e9dients :<\/strong> Distillat de THC, Terp\u00e8nes botaniques<\/p>\n<h3>Pourquoi choisir All-in-One Vapes<\/h3>\n<p>Les vapes tout-en-un offrent aux consommateurs de cannabis m\u00e9dical une commodit\u00e9 et une coh\u00e9rence in\u00e9gal\u00e9es. Pr\u00e9-remplis et pr\u00eats \u00e0 l&#8217;emploi, ces appareils \u00e9liminent le besoin de piles ou de cartouches s\u00e9par\u00e9es, tout en garantissant un dosage pr\u00e9cis et des performances fiables pour les applications th\u00e9rapeutiques. <\/p>\n<h3>Exp\u00e9dition dans tout le Canada<\/h3>\n<p>Le Fruit Cup All-in-One Vape est exp\u00e9di\u00e9 rapidement \u00e0 travers le Canada, avec une livraison gratuite pour les commandes de plus de 150 $. Nous sommes fiers d&rsquo;offrir une livraison rapide et discr\u00e8te aux patients qui consomment du cannabis m\u00e9dical dans tout le pays. <\/p>\n<h3>Avantages et couverture pour les anciens combattants<\/h3>\n<p>Le Fruit Cup All-in-One Vape est admissible \u00e0 la couverture d&rsquo;ACC (Anciens Combattants Canada) avec facturation directe par l&rsquo;entremise de la Croix Bleue, ce qui signifie que les anciens combattants admissibles n&rsquo;ont pas \u00e0 d\u00e9bourser d&rsquo;argent. Si vous n&rsquo;avez pas encore votre ordonnance de cannabis m\u00e9dical, vous pouvez obtenir votre carte m\u00e9dicale gratuite rapidement et facilement \u00e0 l&rsquo;<a href=\"https:\/\/mendomedical.ca\/fr\/carte-medicale\/\">adresse https:\/\/mendomedical.ca\/medical-card\/.<\/a> <\/p>\n<\/div>\n","protected":false},"featured_media":240469,"comment_status":"closed","ping_status":"closed","template":"","meta":{"_acf_changed":false,"site-sidebar-layout":"default","site-content-layout":"","ast-site-content-layout":"default","site-content-style":"default","site-sidebar-style":"default","ast-global-header-display":"","ast-banner-title-visibility":"","ast-main-header-display":"","ast-hfb-above-header-display":"","ast-hfb-below-header-display":"","ast-hfb-mobile-header-display":"","site-post-title":"","ast-breadcrumbs-content":"","ast-featured-img":"","footer-sml-layout":"","ast-disable-related-posts":"","theme-transparent-header-meta":"default","adv-header-id-meta":"","stick-header-meta":"","header-above-stick-meta":"","header-main-stick-meta":"","header-below-stick-meta":"","astra-migrate-meta-layouts":"set","ast-page-background-enabled":"default","ast-page-background-meta":{"desktop":{"background-color":"var(--ast-global-color-4)","background-image":"","background-repeat":"repeat","background-position":"center center","background-size":"auto","background-attachment":"scroll","background-type":"","background-media":"","overlay-type":"","overlay-color":"","overlay-opacity":"","overlay-gradient":""},"tablet":{"background-color":"","background-image":"","background-repeat":"repeat","background-position":"center center","background-size":"auto","background-attachment":"scroll","background-type":"","background-media":"","overlay-type":"","overlay-color":"","overlay-opacity":"","overlay-gradient":""},"mobile":{"background-color":"","background-image":"","background-repeat":"repeat","background-position":"center center","background-size":"auto","background-attachment":"scroll","background-type":"","background-media":"","overlay-type":"","overlay-color":"","overlay-opacity":"","overlay-gradient":""}},"ast-content-background-meta":{"desktop":{"background-color":"var(--ast-global-color-5)","background-image":"","background-repeat":"repeat","background-position":"center center","background-size":"auto","background-attachment":"scroll","background-type":"","background-media":"","overlay-type":"","overlay-color":"","overlay-opacity":"","overlay-gradient":""},"tablet":{"background-color":"var(--ast-global-color-5)","background-image":"","background-repeat":"repeat","background-position":"center center","background-size":"auto","background-attachment":"scroll","background-type":"","background-media":"","overlay-type":"","overlay-color":"","overlay-opacity":"","overlay-gradient":""},"mobile":{"background-color":"var(--ast-global-color-5)","background-image":"","background-repeat":"repeat","background-position":"center center","background-size":"auto","background-attachment":"scroll","background-type":"","background-media":"","overlay-type":"","overlay-color":"","overlay-opacity":"","overlay-gradient":""}}},"product_brand":[],"product_cat":[1162,1159,1161],"product_tag":[],"product_format_filter":[6369],"class_list":{"0":"post-240484","1":"product","2":"type-product","3":"status-publish","4":"has-post-thumbnail","6":"product_cat-distillat","7":"product_cat-vapoteuses","8":"product_cat-tout-en-un","9":"pa_flavours-kiwi-tropical-acidule","10":"pa_flavours-poire-douce","11":"pa_flavours-pomme-verte","12":"pa_intensity-thc-eleve","13":"pa_marques-cheminee","14":"pa_origin-ontario-fr","15":"pa_type-de-plante-thc-fr","16":"product_format_filter-1g","17":"desktop-align-left","18":"tablet-align-left","19":"mobile-align-left","21":"first","22":"instock","23":"taxable","24":"shipping-taxable","25":"purchasable","26":"product-type-simple"},"group_of_quantity":0,"min_quantity":0,"max_quantity":"","exclude_order_quantity_value_rules":"no","exclude_category_quantity_rules":"no","combine_variations":"no","acf":[],"_links":{"self":[{"href":"https:\/\/mendomedical.ca\/fr\/wp-json\/wp\/v2\/product\/240484","targetHints":{"allow":["GET"]}}],"collection":[{"href":"https:\/\/mendomedical.ca\/fr\/wp-json\/wp\/v2\/product"}],"about":[{"href":"https:\/\/mendomedical.ca\/fr\/wp-json\/wp\/v2\/types\/product"}],"replies":[{"embeddable":true,"href":"https:\/\/mendomedical.ca\/fr\/wp-json\/wp\/v2\/comments?post=240484"}],"wp:featuredmedia":[{"embeddable":true,"href":"https:\/\/mendomedical.ca\/fr\/wp-json\/wp\/v2\/media\/240469"}],"wp:attachment":[{"href":"https:\/\/mendomedical.ca\/fr\/wp-json\/wp\/v2\/media?parent=240484"}],"wp:term":[{"taxonomy":"product_brand","embeddable":true,"href":"https:\/\/mendomedical.ca\/fr\/wp-json\/wp\/v2\/product_brand?post=240484"},{"taxonomy":"product_cat","embeddable":true,"href":"https:\/\/mendomedical.ca\/fr\/wp-json\/wp\/v2\/product_cat?post=240484"},{"taxonomy":"product_tag","embeddable":true,"href":"https:\/\/mendomedical.ca\/fr\/wp-json\/wp\/v2\/product_tag?post=240484"},{"taxonomy":"product_format_filter","embeddable":true,"href":"https:\/\/mendomedical.ca\/fr\/wp-json\/wp\/v2\/product_format_filter?post=240484"}],"curies":[{"name":"wp","href":"https:\/\/api.w.org\/{rel}","templated":true}]}}