{"id":240478,"date":"2024-09-01T20:10:11","date_gmt":"2024-09-02T00:10:11","guid":{"rendered":"https:\/\/mendomedical.ca\/product\/pre-rouleau-infuse-au-pave-de-peche\/"},"modified":"2026-04-04T21:06:54","modified_gmt":"2026-04-05T01:06:54","slug":"pre-rouleau-infuse-au-pave-de-peche","status":"publish","type":"product","link":"https:\/\/mendomedical.ca\/fr\/produit\/pre-rouleau-infuse-au-pave-de-peche\/","title":{"rendered":"Peach Cobblestone Infused Pre-Roll"},"content":{"rendered":"","protected":false},"excerpt":{"rendered":"<div class=\"ExternalClass54CAA64D5B034ABC9342A3DA1FF2B3F0\">\n<h3>Peach Cobblestone Infused Pre-Roll<\/h3>\n<p>Faites l&rsquo;exp\u00e9rience de la fusion parfaite entre le cannabis de premi\u00e8re qualit\u00e9 et les saveurs juteuses de la p\u00eache avec le Pr\u00e9-roll infus\u00e9 Peach Cobblestone de Smokestack. Ce Pr\u00e9-rolls de 1g con\u00e7u par des experts combine des fleurs m\u00e9lang\u00e9es de premier ordre avec du THCA pur et des terp\u00e8nes botaniques de p\u00eache, offrant une exp\u00e9rience exceptionnellement puissante avec jusqu&rsquo;\u00e0 44% de THC. Scell\u00e9 \u00e0 la main pour plus de fra\u00eecheur et roul\u00e9 dans des c\u00f4nes en papier hollandais non blanchi, chaque Pr\u00e9-roll assure une combustion douce et r\u00e9guli\u00e8re du d\u00e9but \u00e0 la fin.  <\/p>\n<h4>Caract\u00e9ristiques principales<\/h4>\n<ul>\n<li>Pr\u00e9-rolls infus\u00e9s ultra-puissants contenant jusqu&rsquo;\u00e0 44% de THC avec des cristaux de THCA pur.<\/li>\n<li>3,5 % de terp\u00e8nes totaux comprenant du Citral, de l&rsquo;\u03b1-Bisabolol et de l&rsquo;\u03b1-Terpineol pour des effets renforc\u00e9s.<\/li>\n<li>Les c\u00f4nes en papier hollandais non blanchi de premi\u00e8re qualit\u00e9 garantissent une combustion douce et r\u00e9guli\u00e8re.<\/li>\n<li>Emball\u00e9 \u00e0 la main et scell\u00e9 pour maintenir une fra\u00eecheur et une qualit\u00e9 optimales.<\/li>\n<li>Le format 1g permet une session prolong\u00e9e et satisfaisante<\/li>\n<\/ul>\n<h4>Profil aromatique et terp\u00e9nique<\/h4>\n<p>Peach Cobblestone offre une authentique sensation de p\u00eache, sans le duvet, gr\u00e2ce \u00e0 des terp\u00e8nes botaniques soigneusement s\u00e9lectionn\u00e9s qui cr\u00e9ent une exp\u00e9rience fructueuse et percutante. La teneur en terp\u00e8nes de 3,5 % comprend du Citral pour ses notes d&rsquo;agrumes, de l&rsquo;\u03b1-Bisabolol pour ses nuances douces et florales, et de l&rsquo;\u03b1-Terpineol pour son caract\u00e8re herbac\u00e9 agr\u00e9able. Ce m\u00e9lange sophistiqu\u00e9 de terp\u00e8nes rehausse non seulement la saveur de p\u00eache, mais peut \u00e9galement contribuer aux effets th\u00e9rapeutiques globaux.  <\/p>\n<p><strong>Ingr\u00e9dients :<\/strong> Cannabis s\u00e9ch\u00e9, distillat de THC, terp\u00e8nes botaniques.<\/p>\n<h4>Pourquoi choisir les pr\u00e9-roul\u00e9s infus\u00e9s ?<\/h4>\n<p>Les Pr\u00e9-rolls infus\u00e9s offrent aux consommateurs de cannabis m\u00e9dical un format pratique et pr\u00e9cis\u00e9ment dos\u00e9 avec une puissance accrue. La combinaison de fleurs de qualit\u00e9 sup\u00e9rieure et de THC concentr\u00e9 produit des effets plus puissants et plus durables qui peuvent aider \u00e0 g\u00e9rer les sympt\u00f4mes, tout en \u00e9liminant le besoin de broyer ou de rouler. <\/p>\n<h4>Exp\u00e9dition dans tout le Canada<\/h4>\n<p>Peach Cobblestone Infused Pr\u00e9-rolls est exp\u00e9di\u00e9 rapidement \u00e0 travers le Canada. Nous offrons une livraison gratuite pour toutes les commandes de plus de 150 $, ce qui vous assure de recevoir vos produits de cannabis m\u00e9dical rapidement et discr\u00e8tement. <\/p>\n<h4>Avantages et couverture pour les anciens combattants<\/h4>\n<p>Le Pr\u00e9-roll infus\u00e9 Peach Cobblestone est admissible \u00e0 la couverture d&rsquo;ACC (Anciens Combattants Canada) avec facturation directe par l&rsquo;entremise de la Croix Bleue, ce qui signifie qu&rsquo;aucun d\u00e9bours\u00e9 n&rsquo;est n\u00e9cessaire pour les anciens combattants admissibles. Si vous n&rsquo;avez pas encore votre carte de cannabis m\u00e9dical, vous pouvez <a href=\"https:\/\/mendomedical.ca\/fr\/carte-medicale\/\">obtenir votre carte m\u00e9dicale gratuite rapidement et facilement<\/a> gr\u00e2ce \u00e0 notre processus simplifi\u00e9. <\/p>\n<\/div>\n","protected":false},"featured_media":241566,"comment_status":"closed","ping_status":"closed","template":"","meta":{"_acf_changed":false,"site-sidebar-layout":"default","site-content-layout":"","ast-site-content-layout":"default","site-content-style":"default","site-sidebar-style":"default","ast-global-header-display":"","ast-banner-title-visibility":"","ast-main-header-display":"","ast-hfb-above-header-display":"","ast-hfb-below-header-display":"","ast-hfb-mobile-header-display":"","site-post-title":"","ast-breadcrumbs-content":"","ast-featured-img":"","footer-sml-layout":"","ast-disable-related-posts":"","theme-transparent-header-meta":"default","adv-header-id-meta":"","stick-header-meta":"","header-above-stick-meta":"","header-main-stick-meta":"","header-below-stick-meta":"","astra-migrate-meta-layouts":"set","ast-page-background-enabled":"default","ast-page-background-meta":{"desktop":{"background-color":"var(--ast-global-color-4)","background-image":"","background-repeat":"repeat","background-position":"center center","background-size":"auto","background-attachment":"scroll","background-type":"","background-media":"","overlay-type":"","overlay-color":"","overlay-opacity":"","overlay-gradient":""},"tablet":{"background-color":"","background-image":"","background-repeat":"repeat","background-position":"center center","background-size":"auto","background-attachment":"scroll","background-type":"","background-media":"","overlay-type":"","overlay-color":"","overlay-opacity":"","overlay-gradient":""},"mobile":{"background-color":"","background-image":"","background-repeat":"repeat","background-position":"center center","background-size":"auto","background-attachment":"scroll","background-type":"","background-media":"","overlay-type":"","overlay-color":"","overlay-opacity":"","overlay-gradient":""}},"ast-content-background-meta":{"desktop":{"background-color":"var(--ast-global-color-5)","background-image":"","background-repeat":"repeat","background-position":"center center","background-size":"auto","background-attachment":"scroll","background-type":"","background-media":"","overlay-type":"","overlay-color":"","overlay-opacity":"","overlay-gradient":""},"tablet":{"background-color":"var(--ast-global-color-5)","background-image":"","background-repeat":"repeat","background-position":"center center","background-size":"auto","background-attachment":"scroll","background-type":"","background-media":"","overlay-type":"","overlay-color":"","overlay-opacity":"","overlay-gradient":""},"mobile":{"background-color":"var(--ast-global-color-5)","background-image":"","background-repeat":"repeat","background-position":"center center","background-size":"auto","background-attachment":"scroll","background-type":"","background-media":"","overlay-type":"","overlay-color":"","overlay-opacity":"","overlay-gradient":""}}},"product_brand":[],"product_cat":[1147,1144],"product_tag":[],"product_format_filter":[6369],"class_list":{"0":"post-240478","1":"product","2":"type-product","3":"status-publish","4":"has-post-thumbnail","6":"product_cat-pre-roules-infuses","7":"product_cat-pre-roules","8":"pa_flavours-peach-fr","9":"pa_format-1x1g-fr","10":"pa_intensity-thc-eleve","11":"pa_marques-cheminee","12":"pa_origin-ontario-fr","13":"pa_thc-39-94-fr","14":"pa_type-de-plante-thc-fr","15":"product_format_filter-1g","16":"desktop-align-left","17":"tablet-align-left","18":"mobile-align-left","20":"first","21":"instock","22":"taxable","23":"shipping-taxable","24":"purchasable","25":"product-type-simple"},"group_of_quantity":0,"min_quantity":0,"max_quantity":"","exclude_order_quantity_value_rules":"no","exclude_category_quantity_rules":"no","combine_variations":"no","acf":[],"_links":{"self":[{"href":"https:\/\/mendomedical.ca\/fr\/wp-json\/wp\/v2\/product\/240478","targetHints":{"allow":["GET"]}}],"collection":[{"href":"https:\/\/mendomedical.ca\/fr\/wp-json\/wp\/v2\/product"}],"about":[{"href":"https:\/\/mendomedical.ca\/fr\/wp-json\/wp\/v2\/types\/product"}],"replies":[{"embeddable":true,"href":"https:\/\/mendomedical.ca\/fr\/wp-json\/wp\/v2\/comments?post=240478"}],"wp:featuredmedia":[{"embeddable":true,"href":"https:\/\/mendomedical.ca\/fr\/wp-json\/wp\/v2\/media\/241566"}],"wp:attachment":[{"href":"https:\/\/mendomedical.ca\/fr\/wp-json\/wp\/v2\/media?parent=240478"}],"wp:term":[{"taxonomy":"product_brand","embeddable":true,"href":"https:\/\/mendomedical.ca\/fr\/wp-json\/wp\/v2\/product_brand?post=240478"},{"taxonomy":"product_cat","embeddable":true,"href":"https:\/\/mendomedical.ca\/fr\/wp-json\/wp\/v2\/product_cat?post=240478"},{"taxonomy":"product_tag","embeddable":true,"href":"https:\/\/mendomedical.ca\/fr\/wp-json\/wp\/v2\/product_tag?post=240478"},{"taxonomy":"product_format_filter","embeddable":true,"href":"https:\/\/mendomedical.ca\/fr\/wp-json\/wp\/v2\/product_format_filter?post=240478"}],"curies":[{"name":"wp","href":"https:\/\/api.w.org\/{rel}","templated":true}]}}