{"id":240470,"date":"2024-09-03T17:37:51","date_gmt":"2024-09-03T21:37:51","guid":{"rendered":"https:\/\/mendomedical.ca\/product\/fumee-de-mure-aio\/"},"modified":"2026-05-01T01:33:09","modified_gmt":"2026-05-01T05:33:09","slug":"fumee-de-mure-aio","status":"publish","type":"product","link":"https:\/\/mendomedical.ca\/fr\/produit\/fumee-de-mure-aio\/","title":{"rendered":"Vapeur tout-en-un Blackberry Fume"},"content":{"rendered":"","protected":false},"excerpt":{"rendered":"<div class=\"ExternalClass80E41B9355144E46A0ACE814A9A998E8\">\n<h3>Vapeur tout-en-un Blackberry Fume<\/h3>\n<p>D\u00e9couvrez la commodit\u00e9 et la qualit\u00e9 de la vape tout-en-un Blackberry Fume de Smokestack, qui propose un distillat de THC de premi\u00e8re qualit\u00e9 enrichi de 4,3 % de terp\u00e8nes botaniques. Ce dispositif tout-en-un sophistiqu\u00e9 combine le mat\u00e9riel Jupiter \u00e0 la pointe de l&rsquo;industrie avec un d\u00e9licieux profil de saveur de m\u00fbre, offrant des tirages doux et constants \u00e0 chaque utilisation. La technologie anti-obstruction et la capacit\u00e9 de charge USB-C garantissent une exp\u00e9rience de vapotage sans tracas pour les consommateurs de cannabis m\u00e9dical.  <\/p>\n<h4>Caract\u00e9ristiques principales<\/h4>\n<ul>\n<li>Mat\u00e9riel Jupiter de premi\u00e8re qualit\u00e9 avec double ventilation anti-colmatage et \u00e9l\u00e9ment chauffant de qualit\u00e9 sup\u00e9rieure<\/li>\n<li>4,3 % de terp\u00e8nes totaux, dont le gamma-terpin\u00e8ne, le linalol et le cym\u00e8ne<\/li>\n<li>Chargement USB-C pratique avec embout buccal de qualit\u00e9 alimentaire et montant central en acier inoxydable.<\/li>\n<li>Conception tout-en-un pr\u00eate \u00e0 l&#8217;emploi ne n\u00e9cessitant aucun \u00e9quipement ou installation suppl\u00e9mentaire<\/li>\n<li>Saveur de m\u00fbre douce et terreuse avec des notes sucr\u00e9es et acidul\u00e9es.<\/li>\n<\/ul>\n<h4>Profil aromatique et terp\u00e9nique<\/h4>\n<p>Le Blackberry Fume offre une exp\u00e9rience fruit\u00e9e authentique gr\u00e2ce \u00e0 son m\u00e9lange de terp\u00e8nes botaniques soigneusement \u00e9labor\u00e9. Chaque tirage offre des notes terreuses et sucr\u00e9es de m\u00fbre avec une subtile acidit\u00e9 rappelant les desserts frais \u00e0 la m\u00fbre. Le profil terp\u00e9nique comprend du Gamma-Terpinene, du Linalool et du Cymene, qui se combinent pour cr\u00e9er une vapeur douce et savoureuse qui compl\u00e8te la base de distillat de THC de premi\u00e8re qualit\u00e9.  <\/p>\n<p><strong>Ingr\u00e9dients :<\/strong> Distillat de THC, Terp\u00e8nes botaniques<\/p>\n<h4>Pourquoi choisir All-in-One Vapes<\/h4>\n<p>Les vapes tout-en-un offrent aux consommateurs de cannabis m\u00e9dical une commodit\u00e9 et une coh\u00e9rence in\u00e9gal\u00e9es. Pr\u00e9-remplies et pr\u00eates \u00e0 l&#8217;emploi, elles \u00e9liminent le besoin d&rsquo;\u00e9quipement suppl\u00e9mentaire tout en offrant un dosage pr\u00e9cis et contr\u00f4l\u00e9 \u00e0 chaque tirage. <\/p>\n<h4>Exp\u00e9dition dans tout le Canada<\/h4>\n<p>Le Blackberry Fume All-in-One Vape est exp\u00e9di\u00e9 rapidement \u00e0 travers le Canada, avec une livraison gratuite pour les commandes de plus de 150 $. Votre commande sera emball\u00e9e discr\u00e8tement et livr\u00e9e directement \u00e0 votre porte. <\/p>\n<h4>Avantages et couverture pour les anciens combattants<\/h4>\n<p>Le Blackberry Fume All-in-One Vape est admissible \u00e0 la couverture d&rsquo;ACC (Anciens Combattants Canada) avec facturation directe par l&rsquo;entremise de la Croix Bleue, ce qui signifie que les anciens combattants admissibles n&rsquo;ont pas \u00e0 d\u00e9bourser d&rsquo;argent. Si vous n&rsquo;avez pas encore d&rsquo;ordonnance de cannabis m\u00e9dical, <a href=\"https:\/\/mendomedical.ca\/fr\/carte-medicale\/\">obtenez votre carte m\u00e9dicale gratuite rapidement et facilement<\/a> pour acc\u00e9der aux avantages de la couverture. <\/p>\n<\/div>\n","protected":false},"featured_media":240469,"comment_status":"closed","ping_status":"closed","template":"","meta":{"_acf_changed":false,"site-sidebar-layout":"default","site-content-layout":"","ast-site-content-layout":"default","site-content-style":"default","site-sidebar-style":"default","ast-global-header-display":"","ast-banner-title-visibility":"","ast-main-header-display":"","ast-hfb-above-header-display":"","ast-hfb-below-header-display":"","ast-hfb-mobile-header-display":"","site-post-title":"","ast-breadcrumbs-content":"","ast-featured-img":"","footer-sml-layout":"","ast-disable-related-posts":"","theme-transparent-header-meta":"default","adv-header-id-meta":"","stick-header-meta":"","header-above-stick-meta":"","header-main-stick-meta":"","header-below-stick-meta":"","astra-migrate-meta-layouts":"set","ast-page-background-enabled":"default","ast-page-background-meta":{"desktop":{"background-color":"var(--ast-global-color-4)","background-image":"","background-repeat":"repeat","background-position":"center center","background-size":"auto","background-attachment":"scroll","background-type":"","background-media":"","overlay-type":"","overlay-color":"","overlay-opacity":"","overlay-gradient":""},"tablet":{"background-color":"","background-image":"","background-repeat":"repeat","background-position":"center center","background-size":"auto","background-attachment":"scroll","background-type":"","background-media":"","overlay-type":"","overlay-color":"","overlay-opacity":"","overlay-gradient":""},"mobile":{"background-color":"","background-image":"","background-repeat":"repeat","background-position":"center center","background-size":"auto","background-attachment":"scroll","background-type":"","background-media":"","overlay-type":"","overlay-color":"","overlay-opacity":"","overlay-gradient":""}},"ast-content-background-meta":{"desktop":{"background-color":"var(--ast-global-color-5)","background-image":"","background-repeat":"repeat","background-position":"center center","background-size":"auto","background-attachment":"scroll","background-type":"","background-media":"","overlay-type":"","overlay-color":"","overlay-opacity":"","overlay-gradient":""},"tablet":{"background-color":"var(--ast-global-color-5)","background-image":"","background-repeat":"repeat","background-position":"center center","background-size":"auto","background-attachment":"scroll","background-type":"","background-media":"","overlay-type":"","overlay-color":"","overlay-opacity":"","overlay-gradient":""},"mobile":{"background-color":"var(--ast-global-color-5)","background-image":"","background-repeat":"repeat","background-position":"center center","background-size":"auto","background-attachment":"scroll","background-type":"","background-media":"","overlay-type":"","overlay-color":"","overlay-opacity":"","overlay-gradient":""}}},"product_brand":[],"product_cat":[1162,1159,1161],"product_tag":[],"product_format_filter":[6369],"class_list":{"0":"post-240470","1":"product","2":"type-product","3":"status-publish","4":"has-post-thumbnail","6":"product_cat-distillat","7":"product_cat-vapoteuses","8":"product_cat-tout-en-un","9":"pa_flavours-blackberry","10":"pa_flavours-doux","11":"pa_flavours-tart-fr","12":"pa_format-1g-2-fr","13":"pa_intensity-thc-eleve","14":"pa_marques-cheminee","15":"pa_origin-ontario-fr","16":"pa_thc-87-1-fr","17":"pa_type-de-plante-thc-fr","18":"product_format_filter-1g","19":"desktop-align-left","20":"tablet-align-left","21":"mobile-align-left","23":"first","24":"instock","25":"taxable","26":"shipping-taxable","27":"purchasable","28":"product-type-simple"},"group_of_quantity":0,"min_quantity":0,"max_quantity":"","exclude_order_quantity_value_rules":"no","exclude_category_quantity_rules":"no","combine_variations":"no","acf":[],"_links":{"self":[{"href":"https:\/\/mendomedical.ca\/fr\/wp-json\/wp\/v2\/product\/240470","targetHints":{"allow":["GET"]}}],"collection":[{"href":"https:\/\/mendomedical.ca\/fr\/wp-json\/wp\/v2\/product"}],"about":[{"href":"https:\/\/mendomedical.ca\/fr\/wp-json\/wp\/v2\/types\/product"}],"replies":[{"embeddable":true,"href":"https:\/\/mendomedical.ca\/fr\/wp-json\/wp\/v2\/comments?post=240470"}],"wp:featuredmedia":[{"embeddable":true,"href":"https:\/\/mendomedical.ca\/fr\/wp-json\/wp\/v2\/media\/240469"}],"wp:attachment":[{"href":"https:\/\/mendomedical.ca\/fr\/wp-json\/wp\/v2\/media?parent=240470"}],"wp:term":[{"taxonomy":"product_brand","embeddable":true,"href":"https:\/\/mendomedical.ca\/fr\/wp-json\/wp\/v2\/product_brand?post=240470"},{"taxonomy":"product_cat","embeddable":true,"href":"https:\/\/mendomedical.ca\/fr\/wp-json\/wp\/v2\/product_cat?post=240470"},{"taxonomy":"product_tag","embeddable":true,"href":"https:\/\/mendomedical.ca\/fr\/wp-json\/wp\/v2\/product_tag?post=240470"},{"taxonomy":"product_format_filter","embeddable":true,"href":"https:\/\/mendomedical.ca\/fr\/wp-json\/wp\/v2\/product_format_filter?post=240470"}],"curies":[{"name":"wp","href":"https:\/\/api.w.org\/{rel}","templated":true}]}}