{"id":240309,"date":"2025-05-24T16:24:12","date_gmt":"2025-05-24T20:24:12","guid":{"rendered":"https:\/\/mendomedical.ca\/product\/maui\/"},"modified":"2025-07-12T07:25:10","modified_gmt":"2025-07-12T11:25:10","slug":"maui","status":"publish","type":"product","link":"https:\/\/mendomedical.ca\/fr\/produit\/maui\/","title":{"rendered":"Maui"},"content":{"rendered":"","protected":false},"excerpt":{"rendered":"<h3>Total des terp\u00e8nes : 4,32%.<\/h3>\n<p>&nbsp;<\/p>\n<p><strong>La Maui de TobaGrown est une sativa tropicale qui allie une saveur audacieuse \u00e0 une clart\u00e9 de haut niveau. Avec 30% de THC et un profil terp\u00e9nique vibrant de 4,32%, ce pot de 5g apporte une \u00e9nergie majeure avec une douce touche insulaire - parfaite pour dynamiser votre journ\u00e9e avec intention. <\/strong><\/p>\n<p>&nbsp;<\/p>\n<h5>Aspect Visuel:<\/h5>\n<p>Ces bourgeons de densit\u00e9 moyenne sont vert clair avec des poils orange dor\u00e9, recouverts de trichomes et regorgeant d&rsquo;ar\u00f4mes d\u00e8s l&rsquo;ouverture du pot. Elles sont taill\u00e9es pour favoriser l&rsquo;\u00e9coulement de l&rsquo;air et la fumabilit\u00e9.<\/p>\n<h5>Ar\u00f4me et saveur :<\/h5>\n<p>D\u00e9bordant d&rsquo;ananas acidul\u00e9, de zeste de citron vert et de notes de fleurs tropicales, Maui offre une inhalation vive et juteuse et une exhalaison croustillante d&rsquo;agrumes et de diesel. Soutenu par des \u00e9pices piquantes et un pin terreux, Maui offre une inhalation vive et juteuse et une exhalation croustillante d&rsquo;agrumes et de diesel.<\/p>\n<h5>Exp\u00e9rience :<\/h5>\n<p>Attendez-vous \u00e0 un d\u00e9but \u00e9nergique et lucide qui favorise le flux cr\u00e9atif, la conversation et la fonctionnalit\u00e9 pendant la journ\u00e9e. Le high est durable mais \u00e9quilibr\u00e9, vous permettant de rester optimiste sans \u00eatre surstimul\u00e9.<\/p>\n<h5>Pourquoi les consommateurs le choisissent-ils ?<\/h5>\n<p>Maui est destin\u00e9 aux consommateurs qui veulent un remontant doux, aliment\u00e9 par la sativa, sans aucun compromis sur la puissance ou la saveur. Avec une forte teneur en terp et une clart\u00e9 remarquable, elle est aussi fonctionnelle que savoureuse.<\/p>\n","protected":false},"featured_media":240308,"comment_status":"closed","ping_status":"closed","template":"","meta":{"_acf_changed":false,"site-sidebar-layout":"default","site-content-layout":"","ast-site-content-layout":"default","site-content-style":"default","site-sidebar-style":"default","ast-global-header-display":"","ast-banner-title-visibility":"","ast-main-header-display":"","ast-hfb-above-header-display":"","ast-hfb-below-header-display":"","ast-hfb-mobile-header-display":"","site-post-title":"","ast-breadcrumbs-content":"","ast-featured-img":"","footer-sml-layout":"","ast-disable-related-posts":"","theme-transparent-header-meta":"default","adv-header-id-meta":"","stick-header-meta":"","header-above-stick-meta":"","header-main-stick-meta":"","header-below-stick-meta":"","astra-migrate-meta-layouts":"set","ast-page-background-enabled":"default","ast-page-background-meta":{"desktop":{"background-color":"var(--ast-global-color-4)","background-image":"","background-repeat":"repeat","background-position":"center center","background-size":"auto","background-attachment":"scroll","background-type":"","background-media":"","overlay-type":"","overlay-color":"","overlay-opacity":"","overlay-gradient":""},"tablet":{"background-color":"","background-image":"","background-repeat":"repeat","background-position":"center center","background-size":"auto","background-attachment":"scroll","background-type":"","background-media":"","overlay-type":"","overlay-color":"","overlay-opacity":"","overlay-gradient":""},"mobile":{"background-color":"","background-image":"","background-repeat":"repeat","background-position":"center center","background-size":"auto","background-attachment":"scroll","background-type":"","background-media":"","overlay-type":"","overlay-color":"","overlay-opacity":"","overlay-gradient":""}},"ast-content-background-meta":{"desktop":{"background-color":"var(--ast-global-color-5)","background-image":"","background-repeat":"repeat","background-position":"center center","background-size":"auto","background-attachment":"scroll","background-type":"","background-media":"","overlay-type":"","overlay-color":"","overlay-opacity":"","overlay-gradient":""},"tablet":{"background-color":"var(--ast-global-color-5)","background-image":"","background-repeat":"repeat","background-position":"center center","background-size":"auto","background-attachment":"scroll","background-type":"","background-media":"","overlay-type":"","overlay-color":"","overlay-opacity":"","overlay-gradient":""},"mobile":{"background-color":"var(--ast-global-color-5)","background-image":"","background-repeat":"repeat","background-position":"center center","background-size":"auto","background-attachment":"scroll","background-type":"","background-media":"","overlay-type":"","overlay-color":"","overlay-opacity":"","overlay-gradient":""}}},"product_brand":[],"product_cat":[1137],"product_tag":[5833],"product_format_filter":[],"class_list":{"0":"post-240309","1":"product","2":"type-product","3":"status-publish","4":"has-post-thumbnail","6":"product_cat-fleur","7":"product_tag-uniquement-pour-les-veterans","8":"pa_flavours-agrume","9":"pa_flavours-pineapple","10":"pa_flavours-diesel-fr","11":"pa_flavours-pimenter","12":"pa_flavours-floral-fr","13":"pa_flavours-terreux","14":"pa_format-5g-fr","15":"pa_intensity-thc-eleve","16":"pa_marques-tobagrown-fr","17":"pa_origin-manitoba-fr","18":"pa_packaging-date-06-12-2025","19":"pa_prix-par-gramme-8-50-fr","20":"pa_profil-terpene-caryophyllene","21":"pa_profil-terpene-farnesene-fr","22":"pa_profil-terpene-limonene-fr","23":"pa_profil-terpene-linalol-fr","24":"pa_profil-terpene-myrcene","25":"pa_profil-terpene-pinene-fr","26":"pa_thc-30-fr","27":"pa_type-de-plante-sativa-fr","28":"desktop-align-left","29":"tablet-align-left","30":"mobile-align-left","32":"first","33":"outofstock","34":"taxable","35":"shipping-taxable","36":"purchasable","37":"product-type-simple"},"group_of_quantity":0,"min_quantity":0,"max_quantity":"","exclude_order_quantity_value_rules":"no","exclude_category_quantity_rules":"no","combine_variations":"no","acf":[],"_links":{"self":[{"href":"https:\/\/mendomedical.ca\/fr\/wp-json\/wp\/v2\/product\/240309","targetHints":{"allow":["GET"]}}],"collection":[{"href":"https:\/\/mendomedical.ca\/fr\/wp-json\/wp\/v2\/product"}],"about":[{"href":"https:\/\/mendomedical.ca\/fr\/wp-json\/wp\/v2\/types\/product"}],"replies":[{"embeddable":true,"href":"https:\/\/mendomedical.ca\/fr\/wp-json\/wp\/v2\/comments?post=240309"}],"wp:featuredmedia":[{"embeddable":true,"href":"https:\/\/mendomedical.ca\/fr\/wp-json\/wp\/v2\/media\/240308"}],"wp:attachment":[{"href":"https:\/\/mendomedical.ca\/fr\/wp-json\/wp\/v2\/media?parent=240309"}],"wp:term":[{"taxonomy":"product_brand","embeddable":true,"href":"https:\/\/mendomedical.ca\/fr\/wp-json\/wp\/v2\/product_brand?post=240309"},{"taxonomy":"product_cat","embeddable":true,"href":"https:\/\/mendomedical.ca\/fr\/wp-json\/wp\/v2\/product_cat?post=240309"},{"taxonomy":"product_tag","embeddable":true,"href":"https:\/\/mendomedical.ca\/fr\/wp-json\/wp\/v2\/product_tag?post=240309"},{"taxonomy":"product_format_filter","embeddable":true,"href":"https:\/\/mendomedical.ca\/fr\/wp-json\/wp\/v2\/product_format_filter?post=240309"}],"curies":[{"name":"wp","href":"https:\/\/api.w.org\/{rel}","templated":true}]}}