{"id":240290,"date":"2025-09-13T06:12:09","date_gmt":"2025-09-13T10:12:09","guid":{"rendered":"https:\/\/mendomedical.ca\/?post_type=product&#038;p=240290"},"modified":"2026-03-16T20:06:48","modified_gmt":"2026-03-17T00:06:48","slug":"jujubes-thc-a-la-cerise-et-a-la-grenade","status":"publish","type":"product","link":"https:\/\/mendomedical.ca\/fr\/produit\/jujubes-thc-a-la-cerise-et-a-la-grenade\/","title":{"rendered":"Jujubes THC \u00e0 la cerise et \u00e0 la grenade"},"content":{"rendered":"","protected":false},"excerpt":{"rendered":"<div class=\"ExternalClass425D0FF95AB348B7A191A6E51348344C\">\n<h3>Gomme THC \u00e0 la cerise et \u00e0 la grenade par Best Kind Edibles<\/h3>\n<p>Faites l&rsquo;exp\u00e9rience d&rsquo;un \u00e9quilibre parfait entre des saveurs fruit\u00e9es audacieuses avec le THC Gummy Cerise Grenade de Best Kind Edibles. Ce produit comestible vibrant combine la douceur des cerises m\u00fbres avec le piquant de la grenade, cr\u00e9ant un profil de saveur sophistiqu\u00e9 qui ravit le palais tout en offrant une exp\u00e9rience de cannabis douce et coh\u00e9rente. Chaque gomme \u00e0 m\u00e2cher de couleur rubis offre un dosage pr\u00e9cis pour les patients de cannabis m\u00e9dical qui recherchent des effets fiables avec un go\u00fbt exceptionnel.<\/p>\n<h4>Caract\u00e9ristiques principales<\/h4>\n<ul>\n<li>Saveur fruit\u00e9e de premier choix associant la cerise sucr\u00e9e et la grenade acidul\u00e9e<\/li>\n<li>Dosage constant de THC pour des effets th\u00e9rapeutiques fiables<\/li>\n<li>Couleur rouge vif avec des nuances violettes et un ar\u00f4me vif d&rsquo;agrumes.<\/li>\n<li>L&rsquo;attaque en douceur est id\u00e9ale pour soutenir l&rsquo;humeur et favoriser le calme et la clart\u00e9.<\/li>\n<li>Fabriqu\u00e9 par Best Kind Edibles pour la qualit\u00e9 et la coh\u00e9rence.<\/li>\n<\/ul>\n<h4>Profil aromatique et gustatif<\/h4>\n<p><strong>Attrait visuel :<\/strong> Couleur rouge juteux avec une pointe de violet<\/p>\n<p><strong>Ar\u00f4me :<\/strong> Juteux et brillant avec un soup\u00e7on d&rsquo;agrumes<\/p>\n<p><strong>Profil d&rsquo;ar\u00f4me :<\/strong> Douce cerise m\u00fbre et luxuriante avec une pointe de grenade piquante et acidul\u00e9e, offrant une finale tropicale et acide \u00e0 la fois rafra\u00eechissante et riche.<\/p>\n<h4>Pourquoi choisir les THC Gummies<\/h4>\n<p>Les gommes au THC offrent aux patients qui consomment du cannabis m\u00e9dical une m\u00e9thode de consommation discr\u00e8te, sans fum\u00e9e, avec des capacit\u00e9s de dosage pr\u00e9cises. Les effets prolong\u00e9s des edibles peuvent aider \u00e0 g\u00e9rer les sympt\u00f4mes tout au long de la journ\u00e9e, ce qui en fait un excellent choix pour les patients \u00e0 la recherche d&rsquo;un soulagement durable.<\/p>\n<h4>Exp\u00e9dition dans tout le Canada<\/h4>\n<p>Cherry Pomegranate THC Gummy est exp\u00e9di\u00e9 rapidement \u00e0 travers le Canada. Profitez de la livraison gratuite pour les commandes de plus de 150 $. <strong>Veuillez noter que<\/strong> les produits contenant de la g\u00e9latine peuvent fondre pendant l&rsquo;exp\u00e9dition durant les mois d&rsquo;\u00e9t\u00e9. Nous vous recommandons de tenir compte de ce probl\u00e8me potentiel lorsque vous passez votre commande. Malheureusement, nous ne pouvons pas offrir de remboursement ou de remplacement pour les produits qui fondent pendant le transport. Nous vous remercions de votre compr\u00e9hension.<\/p>\n<h4>Avantages et couverture pour les anciens combattants<\/h4>\n<p>Cherry Pomegranate THC Gummy est admissible \u00e0 la couverture d&rsquo;ACC (Anciens Combattants Canada) et \u00e0 la facturation directe par l&rsquo;entremise de la Croix Bleue, sans aucun d\u00e9bours\u00e9. Si vous n&rsquo;avez pas encore de carte m\u00e9dicale, <a href=\"https:\/\/mendomedical.ca\/fr\/carte-medicale\/\">obtenez votre carte m\u00e9dicale gratuite rapidement et facilement<\/a>.<\/p>\n<\/div>\n","protected":false},"featured_media":250756,"comment_status":"closed","ping_status":"closed","template":"","meta":{"_acf_changed":false,"site-sidebar-layout":"default","site-content-layout":"","ast-site-content-layout":"default","site-content-style":"default","site-sidebar-style":"default","ast-global-header-display":"","ast-banner-title-visibility":"","ast-main-header-display":"","ast-hfb-above-header-display":"","ast-hfb-below-header-display":"","ast-hfb-mobile-header-display":"","site-post-title":"","ast-breadcrumbs-content":"","ast-featured-img":"","footer-sml-layout":"","ast-disable-related-posts":"","theme-transparent-header-meta":"default","adv-header-id-meta":"","stick-header-meta":"","header-above-stick-meta":"","header-main-stick-meta":"","header-below-stick-meta":"","astra-migrate-meta-layouts":"set","ast-page-background-enabled":"default","ast-page-background-meta":{"desktop":{"background-color":"var(--ast-global-color-4)","background-image":"","background-repeat":"repeat","background-position":"center center","background-size":"auto","background-attachment":"scroll","background-type":"","background-media":"","overlay-type":"","overlay-color":"","overlay-opacity":"","overlay-gradient":""},"tablet":{"background-color":"","background-image":"","background-repeat":"repeat","background-position":"center center","background-size":"auto","background-attachment":"scroll","background-type":"","background-media":"","overlay-type":"","overlay-color":"","overlay-opacity":"","overlay-gradient":""},"mobile":{"background-color":"","background-image":"","background-repeat":"repeat","background-position":"center center","background-size":"auto","background-attachment":"scroll","background-type":"","background-media":"","overlay-type":"","overlay-color":"","overlay-opacity":"","overlay-gradient":""}},"ast-content-background-meta":{"desktop":{"background-color":"var(--ast-global-color-5)","background-image":"","background-repeat":"repeat","background-position":"center center","background-size":"auto","background-attachment":"scroll","background-type":"","background-media":"","overlay-type":"","overlay-color":"","overlay-opacity":"","overlay-gradient":""},"tablet":{"background-color":"var(--ast-global-color-5)","background-image":"","background-repeat":"repeat","background-position":"center center","background-size":"auto","background-attachment":"scroll","background-type":"","background-media":"","overlay-type":"","overlay-color":"","overlay-opacity":"","overlay-gradient":""},"mobile":{"background-color":"var(--ast-global-color-5)","background-image":"","background-repeat":"repeat","background-position":"center center","background-size":"auto","background-attachment":"scroll","background-type":"","background-media":"","overlay-type":"","overlay-color":"","overlay-opacity":"","overlay-gradient":""}}},"product_brand":[],"product_cat":[3825,1132,1128],"product_tag":[],"product_format_filter":[],"class_list":{"0":"post-240290","1":"product","2":"type-product","3":"status-publish","4":"has-post-thumbnail","6":"product_cat-cbd-minors-3-fr","7":"product_cat-bonbons","8":"product_cat-comestibles","9":"pa_flavours-aigre","10":"pa_flavours-baies","11":"pa_flavours-cherry-fr","12":"pa_flavours-fruite","13":"pa_flavours-pomegranate-fr","14":"pa_flavours-tropical-fr","15":"pa_format-2-unites","16":"pa_intensity-faible-thc","17":"pa_intensity-faible-cbd","18":"pa_marques-best-kind-edibles-fr","19":"pa_origin-nouvelle-ecosse","20":"pa_thc-10mg-fr","21":"pa_type-de-plante-cbd-fr","22":"pa_type-de-plante-thc-fr","23":"desktop-align-left","24":"tablet-align-left","25":"mobile-align-left","27":"first","28":"outofstock","29":"taxable","30":"shipping-taxable","31":"purchasable","32":"product-type-simple"},"group_of_quantity":0,"min_quantity":0,"max_quantity":"","exclude_order_quantity_value_rules":"no","exclude_category_quantity_rules":"no","combine_variations":"no","acf":[],"_links":{"self":[{"href":"https:\/\/mendomedical.ca\/fr\/wp-json\/wp\/v2\/product\/240290","targetHints":{"allow":["GET"]}}],"collection":[{"href":"https:\/\/mendomedical.ca\/fr\/wp-json\/wp\/v2\/product"}],"about":[{"href":"https:\/\/mendomedical.ca\/fr\/wp-json\/wp\/v2\/types\/product"}],"replies":[{"embeddable":true,"href":"https:\/\/mendomedical.ca\/fr\/wp-json\/wp\/v2\/comments?post=240290"}],"wp:featuredmedia":[{"embeddable":true,"href":"https:\/\/mendomedical.ca\/fr\/wp-json\/wp\/v2\/media\/250756"}],"wp:attachment":[{"href":"https:\/\/mendomedical.ca\/fr\/wp-json\/wp\/v2\/media?parent=240290"}],"wp:term":[{"taxonomy":"product_brand","embeddable":true,"href":"https:\/\/mendomedical.ca\/fr\/wp-json\/wp\/v2\/product_brand?post=240290"},{"taxonomy":"product_cat","embeddable":true,"href":"https:\/\/mendomedical.ca\/fr\/wp-json\/wp\/v2\/product_cat?post=240290"},{"taxonomy":"product_tag","embeddable":true,"href":"https:\/\/mendomedical.ca\/fr\/wp-json\/wp\/v2\/product_tag?post=240290"},{"taxonomy":"product_format_filter","embeddable":true,"href":"https:\/\/mendomedical.ca\/fr\/wp-json\/wp\/v2\/product_format_filter?post=240290"}],"curies":[{"name":"wp","href":"https:\/\/api.w.org\/{rel}","templated":true}]}}