{"id":240279,"date":"2025-09-13T06:15:53","date_gmt":"2025-09-13T10:15:53","guid":{"rendered":"https:\/\/mendomedical.ca\/?post_type=product&#038;p=240279"},"modified":"2026-02-16T10:47:22","modified_gmt":"2026-02-16T15:47:22","slug":"gomme-de-gaufre-a-la-vanille-a-lancienne-copy","status":"publish","type":"product","link":"https:\/\/mendomedical.ca\/fr\/produit\/gomme-de-gaufre-a-la-vanille-a-lancienne-copy\/","title":{"rendered":"Salted Caramel Pineapple THC Gummy"},"content":{"rendered":"","protected":false},"excerpt":{"rendered":"<div class=\"ExternalClassAD013EB8D39D4F4F92ADBF255B76B6E7\">\n<h3>Salted Caramel Pineapple THC Gummy<\/h3>\n<p>Faites l&rsquo;exp\u00e9rience d&rsquo;une luxueuse fusion de saveurs avec le THC Gummy Ananas Caramel Sal\u00e9 de Best Kind Edibles. Ce produit comestible innovant associe l&rsquo;\u00e9clat tropical de l&rsquo;ananas juteux \u00e0 la richesse indulgente du caramel au beurre, le tout agr\u00e9ment\u00e9 d&rsquo;une d\u00e9licate touche de sel de mer. Chaque gomme jaune d&rsquo;or offre une exp\u00e9rience sucr\u00e9e-sal\u00e9e sophistiqu\u00e9e qui transforme votre consommation de cannabis en une aventure gastronomique.  <\/p>\n<h4>Caract\u00e9ristiques principales<\/h4>\n<ul>\n<li>G\u00e9latine infus\u00e9e au THC de premi\u00e8re qualit\u00e9 avec un dosage pr\u00e9cis pour des effets constants<\/li>\n<li>Profil aromatique unique associant l&rsquo;ananas tropical au caramel sal\u00e9<\/li>\n<li>Aspect jaune beurre dor\u00e9 avec un ar\u00f4me riche et app\u00e9tissant.<\/li>\n<li>Fabriqu\u00e9 par Best Kind Edibles pour la qualit\u00e9 et la coh\u00e9rence.<\/li>\n<li>Id\u00e9al pour une consommation discr\u00e8te et pratique du cannabis<\/li>\n<\/ul>\n<h4>Profil aromatique et gustatif<\/h4>\n<p>Attrait visuel : Couleur jaune beurre dor\u00e9 qui refl\u00e8te les ingr\u00e9dients de qualit\u00e9 sup\u00e9rieure qu&rsquo;il contient.<\/p>\n<p>Ar\u00f4me : De riches notes d&rsquo;ananas rehauss\u00e9es par de subtiles nuances de caramel cr\u00e9ent une exp\u00e9rience sensorielle s\u00e9duisante.<\/p>\n<p>Profil d&rsquo;ar\u00f4me : Un riche caramel au beurre avec des notes douces et profondes de sucre grill\u00e9, m\u00e9lang\u00e9 \u00e0 de l&rsquo;ananas vif et juteux et \u00e0 un soup\u00e7on d&rsquo;acidit\u00e9. L&rsquo;ajout de sel marin rehausse l&rsquo;ensemble de l&rsquo;exp\u00e9rience gustative, cr\u00e9ant une combinaison sucr\u00e9e-sal\u00e9e parfaitement \u00e9quilibr\u00e9e. <\/p>\n<h4>Pourquoi choisir les plantes aromatiques<\/h4>\n<p>Les edibles de cannabis offrent aux utilisateurs m\u00e9dicaux une alternative sans fum\u00e9e avec des effets plus durables que les m\u00e9thodes de consommation traditionnelles. Ils offrent des options de dosage discr\u00e8tes et pr\u00e9cises qui peuvent aider \u00e0 r\u00e9pondre \u00e0 divers besoins de bien-\u00eatre tout en offrant une exp\u00e9rience culinaire agr\u00e9able. <\/p>\n<h4>Exp\u00e9dition dans tout le Canada<\/h4>\n<p>Le THC Gummy au caramel sal\u00e9 et \u00e0 l&rsquo;ananas est exp\u00e9di\u00e9 rapidement \u00e0 travers le Canada, avec une livraison gratuite pour les commandes de plus de 150 $. Veuillez noter que les produits contenant de la g\u00e9latine peuvent fondre pendant l&rsquo;exp\u00e9dition durant les mois d&rsquo;\u00e9t\u00e9. Nous vous recommandons de tenir compte de ce probl\u00e8me potentiel lorsque vous passez votre commande.   Malheureusement, nous ne pouvons pas offrir de remboursement ou de remplacement pour les produits qui fondent pendant le transport. Nous vous remercions de votre compr\u00e9hension.<\/p>\n<h4>Avantages et couverture pour les anciens combattants<\/h4>\n<p>Salted Caramel Pineapple THC Gummy est admissible \u00e0 la couverture d&rsquo;ACC (Anciens Combattants Canada) avec facturation directe par l&rsquo;entremise de la Croix Bleue, ce qui signifie que les anciens combattants admissibles n&rsquo;ont pas \u00e0 d\u00e9bourser d&rsquo;argent. Si vous n&rsquo;avez pas encore d&rsquo;ordonnance de cannabis m\u00e9dical, <a href=\"https:\/\/mendomedical.ca\/fr\/carte-medicale\/\">obtenez rapidement et facilement votre carte m\u00e9dicale gratuite<\/a>. <\/p>\n<\/div>\n","protected":false},"featured_media":250760,"comment_status":"closed","ping_status":"closed","template":"","meta":{"_acf_changed":false,"site-sidebar-layout":"default","site-content-layout":"","ast-site-content-layout":"default","site-content-style":"default","site-sidebar-style":"default","ast-global-header-display":"","ast-banner-title-visibility":"","ast-main-header-display":"","ast-hfb-above-header-display":"","ast-hfb-below-header-display":"","ast-hfb-mobile-header-display":"","site-post-title":"","ast-breadcrumbs-content":"","ast-featured-img":"","footer-sml-layout":"","ast-disable-related-posts":"","theme-transparent-header-meta":"default","adv-header-id-meta":"","stick-header-meta":"","header-above-stick-meta":"","header-main-stick-meta":"","header-below-stick-meta":"","astra-migrate-meta-layouts":"set","ast-page-background-enabled":"default","ast-page-background-meta":{"desktop":{"background-color":"var(--ast-global-color-4)","background-image":"","background-repeat":"repeat","background-position":"center center","background-size":"auto","background-attachment":"scroll","background-type":"","background-media":"","overlay-type":"","overlay-color":"","overlay-opacity":"","overlay-gradient":""},"tablet":{"background-color":"","background-image":"","background-repeat":"repeat","background-position":"center center","background-size":"auto","background-attachment":"scroll","background-type":"","background-media":"","overlay-type":"","overlay-color":"","overlay-opacity":"","overlay-gradient":""},"mobile":{"background-color":"","background-image":"","background-repeat":"repeat","background-position":"center center","background-size":"auto","background-attachment":"scroll","background-type":"","background-media":"","overlay-type":"","overlay-color":"","overlay-opacity":"","overlay-gradient":""}},"ast-content-background-meta":{"desktop":{"background-color":"var(--ast-global-color-5)","background-image":"","background-repeat":"repeat","background-position":"center center","background-size":"auto","background-attachment":"scroll","background-type":"","background-media":"","overlay-type":"","overlay-color":"","overlay-opacity":"","overlay-gradient":""},"tablet":{"background-color":"var(--ast-global-color-5)","background-image":"","background-repeat":"repeat","background-position":"center center","background-size":"auto","background-attachment":"scroll","background-type":"","background-media":"","overlay-type":"","overlay-color":"","overlay-opacity":"","overlay-gradient":""},"mobile":{"background-color":"var(--ast-global-color-5)","background-image":"","background-repeat":"repeat","background-position":"center center","background-size":"auto","background-attachment":"scroll","background-type":"","background-media":"","overlay-type":"","overlay-color":"","overlay-opacity":"","overlay-gradient":""}}},"product_brand":[],"product_cat":[3825,1132,1128],"product_tag":[],"product_format_filter":[],"class_list":{"0":"post-240279","1":"product","2":"type-product","3":"status-publish","4":"has-post-thumbnail","6":"product_cat-cbd-minors-3-fr","7":"product_cat-bonbons","8":"product_cat-comestibles","9":"pa_flavours-pineapple","10":"pa_flavours-caramel-fr","11":"pa_flavours-cremeux","12":"pa_flavours-doux","13":"pa_flavours-tropical-fr","14":"pa_format-4-unites","15":"pa_intensity-faible-thc","16":"pa_intensity-faible-cbd","17":"pa_marques-best-kind-edibles-fr","18":"pa_origin-nouvelle-ecosse","19":"pa_thc-10mg-fr","20":"pa_type-de-plante-cbd-fr","21":"pa_type-de-plante-thc-fr","22":"desktop-align-left","23":"tablet-align-left","24":"mobile-align-left","26":"first","27":"outofstock","28":"taxable","29":"shipping-taxable","30":"purchasable","31":"product-type-simple"},"group_of_quantity":0,"min_quantity":0,"max_quantity":"","exclude_order_quantity_value_rules":"no","exclude_category_quantity_rules":"no","combine_variations":"no","acf":[],"_links":{"self":[{"href":"https:\/\/mendomedical.ca\/fr\/wp-json\/wp\/v2\/product\/240279","targetHints":{"allow":["GET"]}}],"collection":[{"href":"https:\/\/mendomedical.ca\/fr\/wp-json\/wp\/v2\/product"}],"about":[{"href":"https:\/\/mendomedical.ca\/fr\/wp-json\/wp\/v2\/types\/product"}],"replies":[{"embeddable":true,"href":"https:\/\/mendomedical.ca\/fr\/wp-json\/wp\/v2\/comments?post=240279"}],"wp:featuredmedia":[{"embeddable":true,"href":"https:\/\/mendomedical.ca\/fr\/wp-json\/wp\/v2\/media\/250760"}],"wp:attachment":[{"href":"https:\/\/mendomedical.ca\/fr\/wp-json\/wp\/v2\/media?parent=240279"}],"wp:term":[{"taxonomy":"product_brand","embeddable":true,"href":"https:\/\/mendomedical.ca\/fr\/wp-json\/wp\/v2\/product_brand?post=240279"},{"taxonomy":"product_cat","embeddable":true,"href":"https:\/\/mendomedical.ca\/fr\/wp-json\/wp\/v2\/product_cat?post=240279"},{"taxonomy":"product_tag","embeddable":true,"href":"https:\/\/mendomedical.ca\/fr\/wp-json\/wp\/v2\/product_tag?post=240279"},{"taxonomy":"product_format_filter","embeddable":true,"href":"https:\/\/mendomedical.ca\/fr\/wp-json\/wp\/v2\/product_format_filter?post=240279"}],"curies":[{"name":"wp","href":"https:\/\/api.w.org\/{rel}","templated":true}]}}