{"id":239092,"date":"2025-09-13T06:11:11","date_gmt":"2025-09-13T10:11:11","guid":{"rendered":"https:\/\/mendomedical.ca\/?post_type=product&#038;p=239092"},"modified":"2025-12-15T11:30:40","modified_gmt":"2025-12-15T16:30:40","slug":"old-fashioned-vanilla-waffle-cone-gummy","status":"publish","type":"product","link":"https:\/\/mendomedical.ca\/fr\/produit\/old-fashioned-vanilla-waffle-cone-gummy\/","title":{"rendered":"Old Fashioned Vanilla Waffle Cone Gummy"},"content":{"rendered":"","protected":false},"excerpt":{"rendered":"<div class=\"ExternalClassCFA880CD5D6E470AB9F84849A924EE82\">\n<h3>Gummy \u00e0 la vanille \u00e0 l&rsquo;ancienne - Best Kind Edibles<\/h3>\n<p>Faites l&rsquo;exp\u00e9rience de la nostalgie r\u00e9confortante de votre cr\u00e8me glac\u00e9e pr\u00e9f\u00e9r\u00e9e avec le Old Fashioned Vanilla Waffle Cone Gummy de Best Kind Edibles. Ce produit comestible infus\u00e9 au THC et au CBG combine la richesse de la vanille classique avec la douceur du beurre d&rsquo;un c\u00f4ne de gaufre dor\u00e9, cr\u00e9ant un profil de saveur unique et satisfaisant qui vous transporte vers des temps plus simples. Chaque gomme bleue brillante offre une exp\u00e9rience douce et pleine de saveurs, parfaite pour se d\u00e9tendre apr\u00e8s une longue journ\u00e9e.<\/p>\n<h4>Caract\u00e9ristiques principales<\/h4>\n<ul>\n<li>Chewing-gum de qualit\u00e9 sup\u00e9rieure infus\u00e9 au THC et au CBG, aux saveurs nostalgiques des glaciers<\/li>\n<li>Go\u00fbt cr\u00e9meux de vanille avec de subtiles notes de sucre roux.<\/li>\n<li>Aspect bleu brillant et chatoyant pour un meilleur attrait visuel<\/li>\n<li>Format de poche pratique pour une utilisation nomade<\/li>\n<li>Fabriqu\u00e9 par Best Kind Edibles pour une qualit\u00e9 et une puissance constantes.<\/li>\n<\/ul>\n<h4>Profil aromatique et gustatif<\/h4>\n<p>Ce produit comestible exceptionnel offre une exp\u00e9rience multisensorielle qui commence par son ar\u00f4me classique de vanille, compl\u00e9t\u00e9 par des notes de gaufre fra\u00eechement pr\u00e9par\u00e9e. Le profil de saveur est vanill\u00e9 avec de d\u00e9licieuses notes de sucre brun, cr\u00e9ant une douceur cr\u00e9meuse et p\u00e2tissi\u00e8re qui capture parfaitement l&rsquo;essence d&rsquo;un c\u00f4ne de cr\u00e8me glac\u00e9e traditionnel. L&rsquo;aspect bleu brillant et scintillant ajoute un \u00e9l\u00e9ment d&rsquo;intrigue visuelle \u00e0 cette friandise d\u00e9j\u00e0 attrayante.<\/p>\n<h4>Pourquoi choisir les produits comestibles THC:CBG ?<\/h4>\n<p>Les edibles THC:CBG offrent aux utilisateurs m\u00e9dicaux une option discr\u00e8te, pratique et pr\u00e9cis\u00e9ment dos\u00e9e pour leur routine de bien-\u00eatre. Les effets plus durables des edibles peuvent contribuer \u00e0 un soulagement soutenu tout au long de la journ\u00e9e ou de la soir\u00e9e, ce qui en fait un excellent choix pour ceux qui recherchent des r\u00e9sultats constants et g\u00e9rables.<\/p>\n<h4>Exp\u00e9dition dans tout le Canada<\/h4>\n<p>La gomme gaufr\u00e9e \u00e0 la vanille \u00e0 l&rsquo;ancienne est exp\u00e9di\u00e9e rapidement au Canada, et la livraison est gratuite pour les commandes de plus de 150 $. Veuillez noter que les produits contenant de la g\u00e9latine peuvent fondre pendant l&rsquo;exp\u00e9dition durant les mois d&rsquo;\u00e9t\u00e9. Nous vous recommandons de tenir compte de ce probl\u00e8me potentiel lorsque vous passez votre commande. Malheureusement, nous ne pouvons pas offrir de remboursement ou de remplacement pour les produits qui fondent pendant le transport. Nous vous remercions de votre compr\u00e9hension.<\/p>\n<h4>Avantages et couverture pour les anciens combattants<\/h4>\n<p>Le produit Old Fashioned Vanilla Waffle Cone Gummy est admissible \u00e0 la couverture d&rsquo;ACC (Anciens Combattants Canada) et \u00e0 la facturation directe par l&rsquo;entremise de la Croix Bleue, ce qui signifie que les anciens combattants admissibles n&rsquo;ont pas \u00e0 d\u00e9bourser d&rsquo;argent. Si vous n&rsquo;avez pas encore de carte m\u00e9dicale, vous pouvez <a href=\"https:\/\/mendomedical.ca\/fr\/carte-medicale\/\">obtenir votre carte m\u00e9dicale gratuite rapidement et facilement<\/a> gr\u00e2ce \u00e0 notre processus simplifi\u00e9.<\/p>\n<\/div>\n","protected":false},"featured_media":250752,"comment_status":"closed","ping_status":"closed","template":"","meta":{"_acf_changed":false,"site-sidebar-layout":"default","site-content-layout":"","ast-site-content-layout":"default","site-content-style":"default","site-sidebar-style":"default","ast-global-header-display":"","ast-banner-title-visibility":"","ast-main-header-display":"","ast-hfb-above-header-display":"","ast-hfb-below-header-display":"","ast-hfb-mobile-header-display":"","site-post-title":"","ast-breadcrumbs-content":"","ast-featured-img":"","footer-sml-layout":"","ast-disable-related-posts":"","theme-transparent-header-meta":"default","adv-header-id-meta":"","stick-header-meta":"","header-above-stick-meta":"","header-main-stick-meta":"","header-below-stick-meta":"","astra-migrate-meta-layouts":"set","ast-page-background-enabled":"default","ast-page-background-meta":{"desktop":{"background-color":"var(--ast-global-color-4)","background-image":"","background-repeat":"repeat","background-position":"center center","background-size":"auto","background-attachment":"scroll","background-type":"","background-media":"","overlay-type":"","overlay-color":"","overlay-opacity":"","overlay-gradient":""},"tablet":{"background-color":"","background-image":"","background-repeat":"repeat","background-position":"center center","background-size":"auto","background-attachment":"scroll","background-type":"","background-media":"","overlay-type":"","overlay-color":"","overlay-opacity":"","overlay-gradient":""},"mobile":{"background-color":"","background-image":"","background-repeat":"repeat","background-position":"center center","background-size":"auto","background-attachment":"scroll","background-type":"","background-media":"","overlay-type":"","overlay-color":"","overlay-opacity":"","overlay-gradient":""}},"ast-content-background-meta":{"desktop":{"background-color":"var(--ast-global-color-5)","background-image":"","background-repeat":"repeat","background-position":"center center","background-size":"auto","background-attachment":"scroll","background-type":"","background-media":"","overlay-type":"","overlay-color":"","overlay-opacity":"","overlay-gradient":""},"tablet":{"background-color":"var(--ast-global-color-5)","background-image":"","background-repeat":"repeat","background-position":"center center","background-size":"auto","background-attachment":"scroll","background-type":"","background-media":"","overlay-type":"","overlay-color":"","overlay-opacity":"","overlay-gradient":""},"mobile":{"background-color":"var(--ast-global-color-5)","background-image":"","background-repeat":"repeat","background-position":"center center","background-size":"auto","background-attachment":"scroll","background-type":"","background-media":"","overlay-type":"","overlay-color":"","overlay-opacity":"","overlay-gradient":""}}},"product_brand":[],"product_cat":[3825,1132,1128],"product_tag":[],"product_format_filter":[6366],"class_list":{"0":"post-239092","1":"product","2":"type-product","3":"status-publish","4":"has-post-thumbnail","6":"product_cat-cbd-minors-3-fr","7":"product_cat-bonbons","8":"product_cat-comestibles","9":"pa_cbg-10mg-4-fr","10":"pa_flavours-cremeux","11":"pa_flavours-pastry-fr","12":"pa_flavours-doux","13":"pa_format-1-unit-fr","14":"pa_intensity-faible-thc","15":"pa_intensity-faible-cbd","16":"pa_marques-best-kind-edibles-fr","17":"pa_origin-nouvelle-ecosse","18":"pa_thc-10mg-fr","19":"pa_type-de-plante-cbd-fr","20":"pa_type-de-plante-thc-fr","21":"product_format_filter-1units","22":"desktop-align-left","23":"tablet-align-left","24":"mobile-align-left","26":"first","27":"instock","28":"taxable","29":"shipping-taxable","30":"purchasable","31":"product-type-simple"},"group_of_quantity":0,"min_quantity":0,"max_quantity":"","exclude_order_quantity_value_rules":"no","exclude_category_quantity_rules":"no","combine_variations":"no","acf":[],"_links":{"self":[{"href":"https:\/\/mendomedical.ca\/fr\/wp-json\/wp\/v2\/product\/239092","targetHints":{"allow":["GET"]}}],"collection":[{"href":"https:\/\/mendomedical.ca\/fr\/wp-json\/wp\/v2\/product"}],"about":[{"href":"https:\/\/mendomedical.ca\/fr\/wp-json\/wp\/v2\/types\/product"}],"replies":[{"embeddable":true,"href":"https:\/\/mendomedical.ca\/fr\/wp-json\/wp\/v2\/comments?post=239092"}],"wp:featuredmedia":[{"embeddable":true,"href":"https:\/\/mendomedical.ca\/fr\/wp-json\/wp\/v2\/media\/250752"}],"wp:attachment":[{"href":"https:\/\/mendomedical.ca\/fr\/wp-json\/wp\/v2\/media?parent=239092"}],"wp:term":[{"taxonomy":"product_brand","embeddable":true,"href":"https:\/\/mendomedical.ca\/fr\/wp-json\/wp\/v2\/product_brand?post=239092"},{"taxonomy":"product_cat","embeddable":true,"href":"https:\/\/mendomedical.ca\/fr\/wp-json\/wp\/v2\/product_cat?post=239092"},{"taxonomy":"product_tag","embeddable":true,"href":"https:\/\/mendomedical.ca\/fr\/wp-json\/wp\/v2\/product_tag?post=239092"},{"taxonomy":"product_format_filter","embeddable":true,"href":"https:\/\/mendomedical.ca\/fr\/wp-json\/wp\/v2\/product_format_filter?post=239092"}],"curies":[{"name":"wp","href":"https:\/\/api.w.org\/{rel}","templated":true}]}}