{"id":239079,"date":"2025-09-27T16:20:11","date_gmt":"2025-09-27T20:20:11","guid":{"rendered":"https:\/\/mendomedical.ca\/product\/orange-tropicale\/"},"modified":"2026-04-17T11:40:04","modified_gmt":"2026-04-17T15:40:04","slug":"tropical-dream","status":"publish","type":"product","link":"https:\/\/mendomedical.ca\/fr\/produit\/tropical-dream\/","title":{"rendered":"Tropical Dream"},"content":{"rendered":"","protected":false},"excerpt":{"rendered":"<div class=\"ExternalClass61AA642307E5462FAFA6BEE169B8CF1A\">\n<h3>Tropical Dream de Six One Charlie - Fleur hybride de qualit\u00e9 sup\u00e9rieure aux agrumes<\/h3>\n<h3>Terp\u00e8nes totaux : 2,55%.<\/h3>\n<p>D\u00e9couvrez la qualit\u00e9 exceptionnelle de Tropical Dream, un cultivar hybride magistral de Six One Charlie qui offre une exp\u00e9rience cannabique in\u00e9gal\u00e9e \u00e0 base d&rsquo;agrumes. Ce croisement unique entre les vari\u00e9t\u00e9s Zazai et Mentz produit des fleurs rondes et denses aux teintes vertes vibrantes accentu\u00e9es par des nuances violettes, le tout g\u00e9n\u00e9reusement recouvert d&rsquo;une couche givr\u00e9e de trichomes. Cultiv\u00e9e par Koots Canna, cette fleur de qualit\u00e9 sup\u00e9rieure pr\u00e9sente des normes de culture m\u00e9ticuleuses qui se traduisent par une teneur totale en terp\u00e8nes impressionnante de 2,55 %.<\/p>\n<h4>Caract\u00e9ristiques principales<\/h4>\n<ul>\n<li>G\u00e9n\u00e9tique hybride de premi\u00e8re qualit\u00e9 combinant Zazai x Mentz pour une exp\u00e9rience \u00e9quilibr\u00e9e<\/li>\n<li>Teneur exceptionnelle en terp\u00e8nes totaux (2,55 %) comprenant du limon\u00e8ne, du b\u00eata-caryophyll\u00e8ne, du linalol et de l&rsquo;alpha-pin\u00e8ne.<\/li>\n<li>Fleurs denses, rondes, aux teintes vertes et violettes, fortement givr\u00e9es de trichomes.<\/li>\n<li>Ar\u00f4me unique de nettoyant \u00e0 l&rsquo;orange tropicale avec des nuances gazeuses<\/li>\n<li>Cultivar polyvalent, utilisable toute la journ\u00e9e, qui convient aussi bien aux activit\u00e9s productives qu&rsquo;\u00e0 la d\u00e9tente<\/li>\n<\/ul>\n<h4>Profil aromatique et terp\u00e9nique<\/h4>\n<p>Tropical Dream offre une exp\u00e9rience sensorielle extraordinaire gr\u00e2ce \u00e0 son profil aromatique complexe. L&rsquo;ar\u00f4me pr\u00e9sente un m\u00e9lange captivant d&rsquo;agrumes tropicaux et d&rsquo;orange avec des notes subtiles de nettoyant chimique et des nuances gazeuses, cr\u00e9ant un parfum intrigant et unique. L&rsquo;ar\u00f4me se traduit magnifiquement lorsqu&rsquo;il est consomm\u00e9, offrant des notes de gaz d&rsquo;orange acidul\u00e9es \u00e0 chaque bouff\u00e9e. Les terp\u00e8nes dominants - Limonene, Beta Caryophyllene, Linalool, et Alpha Pinene - travaillent en synergie pour cr\u00e9er ce profil distinctif tout en contribuant aux effets bien \u00e9quilibr\u00e9s du cultivar.<\/p>\n<h4>Pourquoi choisir Premium Flower<\/h4>\n<p>Une fleur de haute qualit\u00e9 comme Tropical Dream offre aux consommateurs de cannabis m\u00e9dical un contr\u00f4le pr\u00e9cis de leur dosage et de leurs effets imm\u00e9diats. Le riche profil terp\u00e9nique et la g\u00e9n\u00e9tique hybride \u00e9quilibr\u00e9e en font un excellent choix pour ceux qui recherchent un soulagement pendant la journ\u00e9e tout en conservant leur fonctionnalit\u00e9 et leur clart\u00e9 mentale.<\/p>\n<h4>Exp\u00e9dition dans tout le Canada<\/h4>\n<p>Tropical Dream livre rapidement \u00e0 travers le Canada, assurant la livraison de produits frais \u00e0 votre porte. Nous offrons une livraison gratuite pour toutes les commandes de plus de 150 $, ce qui rend pratique et abordable l&rsquo;acc\u00e8s \u00e0 des produits de cannabis m\u00e9dical de premi\u00e8re qualit\u00e9 dans tout le pays.<\/p>\n<h4>Avantages et couverture pour les anciens combattants<\/h4>\n<p>Tropical Dream est \u00e9ligible \u00e0 la couverture d&rsquo;ACC (Anciens Combattants Canada) et \u00e0 la facturation directe par la Croix Bleue, ce qui permet aux v\u00e9t\u00e9rans admissibles de ne pas avoir \u00e0 d\u00e9bourser d&rsquo;argent. Si vous n&rsquo;avez pas encore d&rsquo;autorisation de cannabis m\u00e9dical, vous pouvez obtenir votre carte m\u00e9dicale gratuite rapidement et facilement gr\u00e2ce \u00e0 notre <a href=\"https:\/\/mendomedical.ca\/fr\/carte-medicale\/\">processus simplifi\u00e9<\/a>.<\/p>\n<\/div>\n","protected":false},"featured_media":240417,"comment_status":"closed","ping_status":"closed","template":"","meta":{"_acf_changed":false,"site-sidebar-layout":"default","site-content-layout":"","ast-site-content-layout":"default","site-content-style":"default","site-sidebar-style":"default","ast-global-header-display":"","ast-banner-title-visibility":"","ast-main-header-display":"","ast-hfb-above-header-display":"","ast-hfb-below-header-display":"","ast-hfb-mobile-header-display":"","site-post-title":"","ast-breadcrumbs-content":"","ast-featured-img":"","footer-sml-layout":"","ast-disable-related-posts":"","theme-transparent-header-meta":"default","adv-header-id-meta":"","stick-header-meta":"","header-above-stick-meta":"","header-main-stick-meta":"","header-below-stick-meta":"","astra-migrate-meta-layouts":"set","ast-page-background-enabled":"default","ast-page-background-meta":{"desktop":{"background-color":"var(--ast-global-color-4)","background-image":"","background-repeat":"repeat","background-position":"center center","background-size":"auto","background-attachment":"scroll","background-type":"","background-media":"","overlay-type":"","overlay-color":"","overlay-opacity":"","overlay-gradient":""},"tablet":{"background-color":"","background-image":"","background-repeat":"repeat","background-position":"center center","background-size":"auto","background-attachment":"scroll","background-type":"","background-media":"","overlay-type":"","overlay-color":"","overlay-opacity":"","overlay-gradient":""},"mobile":{"background-color":"","background-image":"","background-repeat":"repeat","background-position":"center center","background-size":"auto","background-attachment":"scroll","background-type":"","background-media":"","overlay-type":"","overlay-color":"","overlay-opacity":"","overlay-gradient":""}},"ast-content-background-meta":{"desktop":{"background-color":"var(--ast-global-color-5)","background-image":"","background-repeat":"repeat","background-position":"center center","background-size":"auto","background-attachment":"scroll","background-type":"","background-media":"","overlay-type":"","overlay-color":"","overlay-opacity":"","overlay-gradient":""},"tablet":{"background-color":"var(--ast-global-color-5)","background-image":"","background-repeat":"repeat","background-position":"center center","background-size":"auto","background-attachment":"scroll","background-type":"","background-media":"","overlay-type":"","overlay-color":"","overlay-opacity":"","overlay-gradient":""},"mobile":{"background-color":"var(--ast-global-color-5)","background-image":"","background-repeat":"repeat","background-position":"center center","background-size":"auto","background-attachment":"scroll","background-type":"","background-media":"","overlay-type":"","overlay-color":"","overlay-opacity":"","overlay-gradient":""}}},"product_brand":[],"product_cat":[4801,1137],"product_tag":[],"product_format_filter":[6373],"class_list":{"0":"post-239079","1":"product","2":"type-product","3":"status-publish","4":"has-post-thumbnail","6":"product_cat-six-one-charlie-fr","7":"product_cat-fleur","8":"pa_flavours-agrume","9":"pa_flavours-gazeux-diesel","10":"pa_flavours-orange-fr","11":"pa_flavours-doux","12":"pa_flavours-tropical-fr","13":"pa_intensity-thc-eleve","14":"pa_marques-six-one-charlie-fr","15":"pa_origin-colombie-britannique-fr","16":"pa_packaging-date-11-25-2025","17":"pa_prix-par-gramme-8-57","18":"pa_profil-terpene-caryophyllene","19":"pa_profil-terpene-farnesene-fr","20":"pa_profil-terpene-limonene-fr","21":"pa_profil-terpene-linalol-fr","22":"pa_profil-terpene-myrcene","23":"pa_profil-terpene-pinene-fr","24":"pa_type-de-plante-hybride-fr","25":"product_format_filter-7g","26":"desktop-align-left","27":"tablet-align-left","28":"mobile-align-left","30":"first","31":"outofstock","32":"taxable","33":"shipping-taxable","34":"purchasable","35":"product-type-simple"},"group_of_quantity":0,"min_quantity":0,"max_quantity":"","exclude_order_quantity_value_rules":"no","exclude_category_quantity_rules":"no","combine_variations":"no","acf":[],"_links":{"self":[{"href":"https:\/\/mendomedical.ca\/fr\/wp-json\/wp\/v2\/product\/239079","targetHints":{"allow":["GET"]}}],"collection":[{"href":"https:\/\/mendomedical.ca\/fr\/wp-json\/wp\/v2\/product"}],"about":[{"href":"https:\/\/mendomedical.ca\/fr\/wp-json\/wp\/v2\/types\/product"}],"replies":[{"embeddable":true,"href":"https:\/\/mendomedical.ca\/fr\/wp-json\/wp\/v2\/comments?post=239079"}],"wp:featuredmedia":[{"embeddable":true,"href":"https:\/\/mendomedical.ca\/fr\/wp-json\/wp\/v2\/media\/240417"}],"wp:attachment":[{"href":"https:\/\/mendomedical.ca\/fr\/wp-json\/wp\/v2\/media?parent=239079"}],"wp:term":[{"taxonomy":"product_brand","embeddable":true,"href":"https:\/\/mendomedical.ca\/fr\/wp-json\/wp\/v2\/product_brand?post=239079"},{"taxonomy":"product_cat","embeddable":true,"href":"https:\/\/mendomedical.ca\/fr\/wp-json\/wp\/v2\/product_cat?post=239079"},{"taxonomy":"product_tag","embeddable":true,"href":"https:\/\/mendomedical.ca\/fr\/wp-json\/wp\/v2\/product_tag?post=239079"},{"taxonomy":"product_format_filter","embeddable":true,"href":"https:\/\/mendomedical.ca\/fr\/wp-json\/wp\/v2\/product_format_filter?post=239079"}],"curies":[{"name":"wp","href":"https:\/\/api.w.org\/{rel}","templated":true}]}}