{"id":238894,"date":"2025-06-02T08:40:28","date_gmt":"2025-06-02T12:40:28","guid":{"rendered":"https:\/\/mendomedical.ca\/?post_type=product&#038;p=238894"},"modified":"2025-08-18T15:54:34","modified_gmt":"2025-08-18T19:54:34","slug":"canadian-1-hash-copy","status":"publish","type":"product","link":"https:\/\/mendomedical.ca\/fr\/produit\/canadian-1-hash-copy\/","title":{"rendered":"Skunkussion Pre-rolls 3x1g"},"content":{"rendered":"","protected":false},"excerpt":{"rendered":"<div class=\"Qr7Oae\" role=\"listitem\">\n<div class=\"OxAavc NVbRL\" data-item-id=\"1198376709\">\n<div class=\"xMZTse Ih4Dzb\">\n<p class=\"Mh5jwe JqSWld yqQS1\" tabindex=\"0\" role=\"textbox\" aria-describedby=\"c35830\" aria-label=\"Strain &amp; Lineage (if applicable)\" aria-disabled=\"true\"><strong>Skunkussion<\/strong><\/p>\n<\/div>\n<\/div>\n<\/div>\n<div class=\"Qr7Oae\" role=\"listitem\">\n<div class=\"OxAavc\" data-required=\"true\" data-other-input=\"qSV85\" data-other-hidden=\"MfYA1e\" data-item-id=\"2093781535\">\n<div class=\"pYfr3c\">\n<div class=\"prOLdf\">\n<div class=\"g53bl\">\n<div id=\"c35833\" class=\"cTDvob D1wxyf RjsPE\" role=\"heading\" aria-level=\"3\" aria-describedby=\"i.desc.2093781535 c35876\"><\/div>\n<\/div>\n<\/div>\n<\/div>\n<\/div>\n<\/div>\n<p><strong>Pr\u00e9parez-vous \u00e0 embarquer pour un voyage captivant avec notre vari\u00e9t\u00e9 maison exclusive, un croisement magistral o\u00f9 la populaire Shoreline rencontre ses parents l\u00e9gendaires, Northern Light et Skunk #1. Cette fleur de cannabis hybride exceptionnelle t\u00e9moigne d&rsquo;une culture m\u00e9ticuleuse. <\/strong><\/p>\n<p><strong>Ce ph\u00e9notype particulier a \u00e9t\u00e9 m\u00e9ticuleusement s\u00e9lectionn\u00e9 pour sa saveur et son ar\u00f4me de raisin prononc\u00e9s, compl\u00e9t\u00e9s par un arri\u00e8re-go\u00fbt caract\u00e9ristique de skunky. Chaque pr\u00e9-roll est exclusivement fabriqu\u00e9 \u00e0 partir de fleurs de premi\u00e8re qualit\u00e9 - jamais de trim ou de shake - afin d&rsquo;assurer au consommateur une exp\u00e9rience de fum\u00e9e toujours douce. Il offre des ar\u00f4mes s\u00e9duisants, des saveurs complexes et des effets profonds con\u00e7us pour \u00e9lever votre exp\u00e9rience du cannabis \u00e0 un niveau skunky diff\u00e9rent. <\/strong><\/p>\n<p>&nbsp;<\/p>\n<h5>Ar\u00f4me :<\/h5>\n<div class=\"Qr7Oae\" role=\"listitem\">\n<div class=\"OxAavc NVbRL\" data-required=\"true\" data-item-id=\"1218851885\">\n<div class=\"Ih4Dzb\">\n<div class=\"q4tvle JqSWld yqQS1\" tabindex=\"0\" role=\"textbox\" aria-label=\"Aroma:&lt;encoded_tag_open \/&gt;br&lt;encoded_tag_closed \/&gt;Describe the armoa of the product ( If not applicable enter NONE )&lt;encoded_tag_open \/&gt;br&lt;encoded_tag_closed \/&gt;ex: As you break open the bag, a tantalizing blend of earthy pine, sweet vanilla, and hints of citrus will immediately captivate your olfactory senses. The aromatic profile is a delightful marriage of LA Kush Cake\u2019s decadent sweetness and Lindsay OG\u2019s earthy pungency.\" aria-disabled=\"true\">\n<div class=\"Qr7Oae\" role=\"listitem\">\n<div class=\"OxAavc NVbRL\" data-required=\"true\" data-item-id=\"1218851885\">\n<div class=\"Ih4Dzb\">\n<div class=\"q4tvle JqSWld yqQS1\" tabindex=\"0\" role=\"textbox\" aria-label=\"Aroma:&lt;encoded_tag_open \/&gt;br&lt;encoded_tag_closed \/&gt;Describe the armoa of the product ( If not applicable enter NONE )&lt;encoded_tag_open \/&gt;br&lt;encoded_tag_closed \/&gt;ex: As you break open the bag, a tantalizing blend of earthy pine, sweet vanilla, and hints of citrus will immediately captivate your olfactory senses. The aromatic profile is a delightful marriage of LA Kush Cake\u2019s decadent sweetness and Lindsay OG\u2019s earthy pungency.\" aria-disabled=\"true\">D\u00e8s votre premi\u00e8re rencontre, vous remarquerez un m\u00e9lange tr\u00e8s doux de skunk et de caf\u00e9 qui se m\u00eale \u00e0 des notes poivr\u00e9es et musqu\u00e9es de raisin, intriguant vos sens. Ce profil aromatique pr\u00e9sente une fusion d\u00e9licieuse.<\/div>\n<\/div>\n<\/div>\n<\/div>\n<\/div>\n<\/div>\n<\/div>\n<\/div>\n<div tabindex=\"0\" role=\"textbox\" aria-label=\"Aroma:&lt;encoded_tag_open \/&gt;br&lt;encoded_tag_closed \/&gt;Describe the armoa of the product ( If not applicable enter NONE )&lt;encoded_tag_open \/&gt;br&lt;encoded_tag_closed \/&gt;ex: As you break open the bag, a tantalizing blend of earthy pine, sweet vanilla, and hints of citrus will immediately captivate your olfactory senses. The aromatic profile is a delightful marriage of LA Kush Cake\u2019s decadent sweetness and Lindsay OG\u2019s earthy pungency.\" aria-disabled=\"true\"><\/div>\n<h5 tabindex=\"0\" role=\"textbox\" aria-label=\"Aroma:&lt;encoded_tag_open \/&gt;br&lt;encoded_tag_closed \/&gt;Describe the armoa of the product ( If not applicable enter NONE )&lt;encoded_tag_open \/&gt;br&lt;encoded_tag_closed \/&gt;ex: As you break open the bag, a tantalizing blend of earthy pine, sweet vanilla, and hints of citrus will immediately captivate your olfactory senses. The aromatic profile is a delightful marriage of LA Kush Cake\u2019s decadent sweetness and Lindsay OG\u2019s earthy pungency.\" aria-disabled=\"true\"><\/h5>\n<h5 tabindex=\"0\" role=\"textbox\" aria-label=\"Aroma:&lt;encoded_tag_open \/&gt;br&lt;encoded_tag_closed \/&gt;Describe the armoa of the product ( If not applicable enter NONE )&lt;encoded_tag_open \/&gt;br&lt;encoded_tag_closed \/&gt;ex: As you break open the bag, a tantalizing blend of earthy pine, sweet vanilla, and hints of citrus will immediately captivate your olfactory senses. The aromatic profile is a delightful marriage of LA Kush Cake\u2019s decadent sweetness and Lindsay OG\u2019s earthy pungency.\" aria-disabled=\"true\">Profil de saveur :<\/h5>\n<div class=\"Qr7Oae\" role=\"listitem\">\n<div class=\"OxAavc NVbRL\" data-required=\"true\" data-item-id=\"1323035134\">\n<div class=\"Ih4Dzb\">\n<div class=\"q4tvle JqSWld yqQS1\" tabindex=\"0\" role=\"textbox\" aria-label=\"Flavor Profile:&lt;encoded_tag_open \/&gt;br&lt;encoded_tag_closed \/&gt;Describe the armoa of the product ( If not applicable enter NONE )&lt;encoded_tag_open \/&gt;br&lt;encoded_tag_closed \/&gt;ex: Upon inhale, your palate will be treated to a complex flavor symphony. LA Kush Cake\u2019s sweet and doughy undertones intertwine seamlessly with Lindsay OG\u2019s earthy and woody notes. The exhale leaves a lingering taste of citrus, completing the experience with a subtle zest.\" aria-disabled=\"true\">\n<div class=\"Qr7Oae\" role=\"listitem\">\n<div class=\"OxAavc NVbRL\" data-required=\"true\" data-item-id=\"1323035134\">\n<div class=\"Ih4Dzb\">\n<div class=\"q4tvle JqSWld yqQS1\" tabindex=\"0\" role=\"textbox\" aria-label=\"Flavor Profile:&lt;encoded_tag_open \/&gt;br&lt;encoded_tag_closed \/&gt;Describe the armoa of the product ( If not applicable enter NONE )&lt;encoded_tag_open \/&gt;br&lt;encoded_tag_closed \/&gt;ex: Upon inhale, your palate will be treated to a complex flavor symphony. LA Kush Cake\u2019s sweet and doughy undertones intertwine seamlessly with Lindsay OG\u2019s earthy and woody notes. The exhale leaves a lingering taste of citrus, completing the experience with a subtle zest.\" aria-disabled=\"true\">L&rsquo;inhalation initiale accueille votre palais avec une saveur grasse pro\u00e9minente. \u00c0 des temp\u00e9ratures de combustion plus basses, une note de mouffette subtile mais distincte \u00e9merge, ajoutant une couche d&rsquo;intrigue \u00e0 la fin.<\/div>\n<\/div>\n<\/div>\n<\/div>\n<\/div>\n<\/div>\n<\/div>\n<\/div>\n<p>&nbsp;<\/p>\n<h5>Profil des cannabino\u00efdes et des terp\u00e8nes :<\/h5>\n<div class=\"Qr7Oae\" role=\"listitem\">\n<div class=\"OxAavc NVbRL\" data-required=\"true\" data-item-id=\"1437692762\">\n<div class=\"Ih4Dzb\">\n<div class=\"q4tvle JqSWld yqQS1\" tabindex=\"0\" role=\"textbox\" aria-label=\"Cannabinoid and Terpene Profile:&lt;encoded_tag_open \/&gt;br&lt;encoded_tag_closed \/&gt;Describe the cannabinoid and terpene profiles of the product ( If not applicable enter NONE )&lt;encoded_tag_open \/&gt;br&lt;encoded_tag_closed \/&gt;ex: Expect a robust cannabinoid profile with a balanced mix of THC and CBD, providing a well-rounded experience for both recreational and medicinal users. The terpene profile is diverse, featuring myrcene, caryophyllene, and limonene, contributing to the strain\u2019s unique aroma and potential therapeutic benefits.\" aria-disabled=\"true\">\n<div class=\"Qr7Oae\" role=\"listitem\">\n<div class=\"OxAavc NVbRL\" data-required=\"true\" data-item-id=\"1437692762\">\n<div class=\"Ih4Dzb\">\n<div class=\"q4tvle JqSWld yqQS1\" tabindex=\"0\" role=\"textbox\" aria-label=\"Cannabinoid and Terpene Profile:&lt;encoded_tag_open \/&gt;br&lt;encoded_tag_closed \/&gt;Describe the cannabinoid and terpene profiles of the product ( If not applicable enter NONE )&lt;encoded_tag_open \/&gt;br&lt;encoded_tag_closed \/&gt;ex: Expect a robust cannabinoid profile with a balanced mix of THC and CBD, providing a well-rounded experience for both recreational and medicinal users. The terpene profile is diverse, featuring myrcene, caryophyllene, and limonene, contributing to the strain\u2019s unique aroma and potential therapeutic benefits.\" aria-disabled=\"true\">Pr\u00e9parez-vous \u00e0 vivre une exp\u00e9rience particuli\u00e8rement douce, gr\u00e2ce \u00e0 un profil cannabino\u00efde domin\u00e9 par le THC. Le profil terp\u00e9nique comprenant le myrc\u00e8ne, le caryophyll\u00e8ne, le limon\u00e8ne, le b\u00eata-pin\u00e8ne et le linalol rend notre vari\u00e9t\u00e9 parfaite pour tous ceux qui recherchent des avantages r\u00e9cr\u00e9atifs ou th\u00e9rapeutiques \u00e0 la fois doux et remarquables.<\/div>\n<\/div>\n<\/div>\n<\/div>\n<div class=\"Qr7Oae\" role=\"listitem\">\n<div class=\"OxAavc NVbRL\" data-required=\"true\" data-item-id=\"1810074370\">\n<div class=\"pYfr3c\">\n<div class=\"prOLdf\">\n<div class=\"g53bl\">\n<div class=\"cTDvob D1wxyf RjsPE\" role=\"heading\" aria-level=\"3\" aria-describedby=\"i.desc.1810074370 c36018\"><\/div>\n<\/div>\n<\/div>\n<\/div>\n<\/div>\n<\/div>\n<\/div>\n<\/div>\n<\/div>\n<\/div>\n<div role=\"heading\" aria-level=\"3\" aria-describedby=\"i.desc.1810074370 c35405\"><\/div>\n<h5 role=\"heading\" aria-level=\"3\" aria-describedby=\"i.desc.1810074370 c35405\">Effets :<\/h5>\n<div class=\"Qr7Oae\" role=\"listitem\">\n<div class=\"OxAavc NVbRL\" data-required=\"true\" data-item-id=\"1810074370\">\n<div class=\"Ih4Dzb\">\n<div class=\"q4tvle JqSWld yqQS1\" tabindex=\"0\" role=\"textbox\" aria-label=\"Effects:&lt;encoded_tag_open \/&gt;br&lt;encoded_tag_closed \/&gt;Describe the effects of the product ( If not applicable enter NONE )&lt;encoded_tag_open \/&gt;br&lt;encoded_tag_closed \/&gt;ex: This hybrid cultivar delivers a potent yet balanced high that begins with a euphoric head rush, inducing a sense of creative energy and focus. As the experience unfolds, the relaxing body effects from both parent strains come into play, offering a soothing sensation without sedation. Whether you\u2019re looking to unwind after a long day or enhance your creative endeavors, this hybrid provides a versatile and enjoyable journey.\" aria-disabled=\"true\">\n<div class=\"Qr7Oae\" role=\"listitem\">\n<div class=\"OxAavc NVbRL\" data-required=\"true\" data-item-id=\"1810074370\">\n<div class=\"Ih4Dzb\">\n<div class=\"q4tvle JqSWld yqQS1\" tabindex=\"0\" role=\"textbox\" aria-label=\"Effects:&lt;encoded_tag_open \/&gt;br&lt;encoded_tag_closed \/&gt;Describe the effects of the product ( If not applicable enter NONE )&lt;encoded_tag_open \/&gt;br&lt;encoded_tag_closed \/&gt;ex: This hybrid cultivar delivers a potent yet balanced high that begins with a euphoric head rush, inducing a sense of creative energy and focus. As the experience unfolds, the relaxing body effects from both parent strains come into play, offering a soothing sensation without sedation. Whether you\u2019re looking to unwind after a long day or enhance your creative endeavors, this hybrid provides a versatile and enjoyable journey.\" aria-disabled=\"true\">Ne vous laissez pas tromper par le taux de THC inf\u00e9rieur \u00e0 30 % ; ce cultivar hybride est tr\u00e8s puissant. Il commence par une pouss\u00e9e revigorante, suivie d&rsquo;une sensation corporelle apaisante au fur et \u00e0 mesure que ses souches parentales s&rsquo;installent, procurant une relaxation profonde sans conduire \u00e0 une s\u00e9dation lourde. Cet hybride polyvalent est parfait pour se d\u00e9tendre apr\u00e8s une journ\u00e9e \u00e9prouvante.<\/div>\n<\/div>\n<\/div>\n<\/div>\n<\/div>\n<\/div>\n<\/div>\n<\/div>\n","protected":false},"featured_media":237379,"comment_status":"closed","ping_status":"closed","template":"","meta":{"_acf_changed":false,"site-sidebar-layout":"default","site-content-layout":"","ast-site-content-layout":"default","site-content-style":"default","site-sidebar-style":"default","ast-global-header-display":"","ast-banner-title-visibility":"","ast-main-header-display":"","ast-hfb-above-header-display":"","ast-hfb-below-header-display":"","ast-hfb-mobile-header-display":"","site-post-title":"","ast-breadcrumbs-content":"","ast-featured-img":"","footer-sml-layout":"","ast-disable-related-posts":"","theme-transparent-header-meta":"default","adv-header-id-meta":"","stick-header-meta":"","header-above-stick-meta":"","header-main-stick-meta":"","header-below-stick-meta":"","astra-migrate-meta-layouts":"set","ast-page-background-enabled":"default","ast-page-background-meta":{"desktop":{"background-color":"var(--ast-global-color-4)","background-image":"","background-repeat":"repeat","background-position":"center center","background-size":"auto","background-attachment":"scroll","background-type":"","background-media":"","overlay-type":"","overlay-color":"","overlay-opacity":"","overlay-gradient":""},"tablet":{"background-color":"","background-image":"","background-repeat":"repeat","background-position":"center center","background-size":"auto","background-attachment":"scroll","background-type":"","background-media":"","overlay-type":"","overlay-color":"","overlay-opacity":"","overlay-gradient":""},"mobile":{"background-color":"","background-image":"","background-repeat":"repeat","background-position":"center center","background-size":"auto","background-attachment":"scroll","background-type":"","background-media":"","overlay-type":"","overlay-color":"","overlay-opacity":"","overlay-gradient":""}},"ast-content-background-meta":{"desktop":{"background-color":"var(--ast-global-color-5)","background-image":"","background-repeat":"repeat","background-position":"center center","background-size":"auto","background-attachment":"scroll","background-type":"","background-media":"","overlay-type":"","overlay-color":"","overlay-opacity":"","overlay-gradient":""},"tablet":{"background-color":"var(--ast-global-color-5)","background-image":"","background-repeat":"repeat","background-position":"center center","background-size":"auto","background-attachment":"scroll","background-type":"","background-media":"","overlay-type":"","overlay-color":"","overlay-opacity":"","overlay-gradient":""},"mobile":{"background-color":"var(--ast-global-color-5)","background-image":"","background-repeat":"repeat","background-position":"center center","background-size":"auto","background-attachment":"scroll","background-type":"","background-media":"","overlay-type":"","overlay-color":"","overlay-opacity":"","overlay-gradient":""}}},"product_brand":[],"product_cat":[4803,1144],"product_tag":[],"product_format_filter":[6369],"class_list":{"0":"post-238894","1":"product","2":"type-product","3":"status-publish","4":"has-post-thumbnail","6":"product_cat-pre-rolls-non-infuses","7":"product_cat-pre-roules","8":"pa_flavours-fruite","9":"pa_flavours-gaz","10":"pa_flavours-moufette","11":"pa_flavours-raisin","12":"pa_flavours-doux","13":"pa_intensity-thc-eleve","14":"pa_marques-trichomes-purs","15":"pa_origin-quebec-fr","16":"pa_type-de-plante-hybride-fr","17":"product_format_filter-1g","18":"desktop-align-left","19":"tablet-align-left","20":"mobile-align-left","22":"first","23":"outofstock","24":"taxable","25":"shipping-taxable","26":"purchasable","27":"product-type-simple"},"group_of_quantity":0,"min_quantity":0,"max_quantity":"","exclude_order_quantity_value_rules":"no","exclude_category_quantity_rules":"no","combine_variations":"no","acf":[],"_links":{"self":[{"href":"https:\/\/mendomedical.ca\/fr\/wp-json\/wp\/v2\/product\/238894","targetHints":{"allow":["GET"]}}],"collection":[{"href":"https:\/\/mendomedical.ca\/fr\/wp-json\/wp\/v2\/product"}],"about":[{"href":"https:\/\/mendomedical.ca\/fr\/wp-json\/wp\/v2\/types\/product"}],"replies":[{"embeddable":true,"href":"https:\/\/mendomedical.ca\/fr\/wp-json\/wp\/v2\/comments?post=238894"}],"wp:featuredmedia":[{"embeddable":true,"href":"https:\/\/mendomedical.ca\/fr\/wp-json\/wp\/v2\/media\/237379"}],"wp:attachment":[{"href":"https:\/\/mendomedical.ca\/fr\/wp-json\/wp\/v2\/media?parent=238894"}],"wp:term":[{"taxonomy":"product_brand","embeddable":true,"href":"https:\/\/mendomedical.ca\/fr\/wp-json\/wp\/v2\/product_brand?post=238894"},{"taxonomy":"product_cat","embeddable":true,"href":"https:\/\/mendomedical.ca\/fr\/wp-json\/wp\/v2\/product_cat?post=238894"},{"taxonomy":"product_tag","embeddable":true,"href":"https:\/\/mendomedical.ca\/fr\/wp-json\/wp\/v2\/product_tag?post=238894"},{"taxonomy":"product_format_filter","embeddable":true,"href":"https:\/\/mendomedical.ca\/fr\/wp-json\/wp\/v2\/product_format_filter?post=238894"}],"curies":[{"name":"wp","href":"https:\/\/api.w.org\/{rel}","templated":true}]}}