{"id":238868,"date":"2025-05-24T09:00:57","date_gmt":"2025-05-24T13:00:57","guid":{"rendered":"https:\/\/mendomedical.ca\/?post_type=product&#038;p=238868"},"modified":"2026-03-31T14:06:58","modified_gmt":"2026-03-31T18:06:58","slug":"xkief-copy","status":"publish","type":"product","link":"https:\/\/mendomedical.ca\/fr\/produit\/xkief-copy\/","title":{"rendered":"Haschtag Full Buzz THC:CBD"},"content":{"rendered":"","protected":false},"excerpt":{"rendered":"<div class=\"ExternalClass9D6E09F24D0F4B21A47F6BFBABFE1187\">\n<h3>Haschtag Full Buzz THC:CBD<\/h3>\n<p>Faites l&rsquo;exp\u00e9rience de la qualit\u00e9 exceptionnelle du Haschtag Full Buzz d&rsquo;Exka, un haschisch noir de style montr\u00e9alais de premi\u00e8re qualit\u00e9 qui offre un ratio THC:CBD parfaitement \u00e9quilibr\u00e9 de 2:1. Ce concentr\u00e9 de 3 g combine les techniques traditionnelles de fabrication de haschisch avec la science moderne des cannabino\u00efdes, avec une rotation de vari\u00e9t\u00e9s sativa de premi\u00e8re qualit\u00e9 qui offrent des exp\u00e9riences uniques \u00e0 chaque lot. Emball\u00e9 dans un pot en verre avec un joint en silicone pour pr\u00e9server la fra\u00eecheur et maintenir la texture mall\u00e9able caract\u00e9ristique du produit.  <\/p>\n<h4>Caract\u00e9ristiques principales<\/h4>\n<ul>\n<li>Rapport \u00e9quilibr\u00e9 2:1 THC:CBD pour des effets d&rsquo;entourage renforc\u00e9s<\/li>\n<li>S\u00e9lections de sativa \u00e0 grain unique de premi\u00e8re qualit\u00e9 en rotation<\/li>\n<li>Texture mall\u00e9able avec ext\u00e9rieur fonc\u00e9 et int\u00e9rieur blond clair<\/li>\n<li>Emballage en verre avec joint en silicone pour une fra\u00eecheur optimale<\/li>\n<li>Une teneur \u00e9lev\u00e9e en cannabino\u00efdes avec des profils terp\u00e9niques sp\u00e9cifiques \u00e0 chaque souche<\/li>\n<\/ul>\n<h4>Profil aromatique et gustatif<\/h4>\n<p>Ce concentr\u00e9 se caract\u00e9rise par des saveurs de gaz et de diesel qui compl\u00e8tent les ar\u00f4mes riches et sp\u00e9cifiques \u00e0 la vari\u00e9t\u00e9. Chaque lot offre des profils terp\u00e9niques uniques bas\u00e9s sur les souches sativa en rotation, garantissant une exp\u00e9rience sensorielle distinctive. Les profils de cannabino\u00efdes et de terp\u00e8nes varient en fonction de la s\u00e9lection des souches, ce qui permet d&rsquo;obtenir des effets et des saveurs vari\u00e9s tout au long de la rotation du produit.  <\/p>\n<h4>Pourquoi choisir les concentr\u00e9s ?<\/h4>\n<p>Les concentr\u00e9s comme Haschtag Full Buzz offrent aux consommateurs de cannabis m\u00e9dical des possibilit\u00e9s de dosage pr\u00e9cis et une apparition rapide des effets. Le rapport \u00e9quilibr\u00e9 entre le THC et le CBD peut aider \u00e0 soutenir divers besoins th\u00e9rapeutiques tout en offrant une exp\u00e9rience plus contr\u00f4l\u00e9e par rapport aux produits \u00e0 forte teneur en THC uniquement. <\/p>\n<h4>Exp\u00e9dition dans tout le Canada<\/h4>\n<p>Haschtag Full Buzz THC:CBD est exp\u00e9di\u00e9 rapidement \u00e0 travers le Canada. Nous offrons une livraison gratuite pour toutes les commandes de plus de 150 $, assurant un acc\u00e8s pratique \u00e0 vos produits de cannabis m\u00e9dical dans tout le pays. <\/p>\n<h4>Avantages et couverture pour les anciens combattants<\/h4>\n<p>Haschtag Full Buzz THC:CBD est admissible \u00e0 la couverture d&rsquo;ACC (Anciens Combattants Canada) et \u00e0 la facturation directe par la Croix Bleue, ce qui signifie que les anciens combattants admissibles n&rsquo;ont rien \u00e0 d\u00e9bourser. Si vous n&rsquo;avez pas encore de carte de cannabis m\u00e9dical, vous pouvez <a href=\"https:\/\/mendomedical.ca\/fr\/carte-medicale\/\">obtenir votre carte m\u00e9dicale gratuite rapidement et facilement<\/a> pour acc\u00e9der \u00e0 ces avantages. <\/p>\n<\/div>\n","protected":false},"featured_media":238880,"comment_status":"closed","ping_status":"closed","template":"","meta":{"_acf_changed":false,"site-sidebar-layout":"default","site-content-layout":"","ast-site-content-layout":"default","site-content-style":"default","site-sidebar-style":"default","ast-global-header-display":"","ast-banner-title-visibility":"","ast-main-header-display":"","ast-hfb-above-header-display":"","ast-hfb-below-header-display":"","ast-hfb-mobile-header-display":"","site-post-title":"","ast-breadcrumbs-content":"","ast-featured-img":"","footer-sml-layout":"","ast-disable-related-posts":"","theme-transparent-header-meta":"default","adv-header-id-meta":"","stick-header-meta":"","header-above-stick-meta":"","header-main-stick-meta":"","header-below-stick-meta":"","astra-migrate-meta-layouts":"set","ast-page-background-enabled":"default","ast-page-background-meta":{"desktop":{"background-color":"var(--ast-global-color-4)","background-image":"","background-repeat":"repeat","background-position":"center center","background-size":"auto","background-attachment":"scroll","background-type":"","background-media":"","overlay-type":"","overlay-color":"","overlay-opacity":"","overlay-gradient":""},"tablet":{"background-color":"","background-image":"","background-repeat":"repeat","background-position":"center center","background-size":"auto","background-attachment":"scroll","background-type":"","background-media":"","overlay-type":"","overlay-color":"","overlay-opacity":"","overlay-gradient":""},"mobile":{"background-color":"","background-image":"","background-repeat":"repeat","background-position":"center center","background-size":"auto","background-attachment":"scroll","background-type":"","background-media":"","overlay-type":"","overlay-color":"","overlay-opacity":"","overlay-gradient":""}},"ast-content-background-meta":{"desktop":{"background-color":"var(--ast-global-color-5)","background-image":"","background-repeat":"repeat","background-position":"center center","background-size":"auto","background-attachment":"scroll","background-type":"","background-media":"","overlay-type":"","overlay-color":"","overlay-opacity":"","overlay-gradient":""},"tablet":{"background-color":"var(--ast-global-color-5)","background-image":"","background-repeat":"repeat","background-position":"center center","background-size":"auto","background-attachment":"scroll","background-type":"","background-media":"","overlay-type":"","overlay-color":"","overlay-opacity":"","overlay-gradient":""},"mobile":{"background-color":"var(--ast-global-color-5)","background-image":"","background-repeat":"repeat","background-position":"center center","background-size":"auto","background-attachment":"scroll","background-type":"","background-media":"","overlay-type":"","overlay-color":"","overlay-opacity":"","overlay-gradient":""}}},"product_brand":[],"product_cat":[3926,1121,1118,1119],"product_tag":[],"product_format_filter":[],"class_list":{"0":"post-238868","1":"product","2":"type-product","3":"status-publish","4":"has-post-thumbnail","6":"product_cat-cbd-minors-2-fr","7":"product_cat-haschisch","8":"product_cat-concentres","9":"product_cat-tout-sans-solvant","10":"pa_cbd-12-6-fr","11":"pa_flavours-gazeux-diesel","12":"pa_format-3g-fr","13":"pa_intensity-thc-eleve","14":"pa_intensity-cbd-moyen","15":"pa_marques-exka-fr","16":"pa_origin-quebec-fr","17":"pa_thc-30-fr","18":"pa_type-de-plante-sativa-fr","19":"desktop-align-left","20":"tablet-align-left","21":"mobile-align-left","23":"first","24":"instock","25":"taxable","26":"shipping-taxable","27":"purchasable","28":"product-type-simple"},"group_of_quantity":0,"min_quantity":0,"max_quantity":"","exclude_order_quantity_value_rules":"no","exclude_category_quantity_rules":"no","combine_variations":"no","acf":[],"_links":{"self":[{"href":"https:\/\/mendomedical.ca\/fr\/wp-json\/wp\/v2\/product\/238868","targetHints":{"allow":["GET"]}}],"collection":[{"href":"https:\/\/mendomedical.ca\/fr\/wp-json\/wp\/v2\/product"}],"about":[{"href":"https:\/\/mendomedical.ca\/fr\/wp-json\/wp\/v2\/types\/product"}],"replies":[{"embeddable":true,"href":"https:\/\/mendomedical.ca\/fr\/wp-json\/wp\/v2\/comments?post=238868"}],"wp:featuredmedia":[{"embeddable":true,"href":"https:\/\/mendomedical.ca\/fr\/wp-json\/wp\/v2\/media\/238880"}],"wp:attachment":[{"href":"https:\/\/mendomedical.ca\/fr\/wp-json\/wp\/v2\/media?parent=238868"}],"wp:term":[{"taxonomy":"product_brand","embeddable":true,"href":"https:\/\/mendomedical.ca\/fr\/wp-json\/wp\/v2\/product_brand?post=238868"},{"taxonomy":"product_cat","embeddable":true,"href":"https:\/\/mendomedical.ca\/fr\/wp-json\/wp\/v2\/product_cat?post=238868"},{"taxonomy":"product_tag","embeddable":true,"href":"https:\/\/mendomedical.ca\/fr\/wp-json\/wp\/v2\/product_tag?post=238868"},{"taxonomy":"product_format_filter","embeddable":true,"href":"https:\/\/mendomedical.ca\/fr\/wp-json\/wp\/v2\/product_format_filter?post=238868"}],"curies":[{"name":"wp","href":"https:\/\/api.w.org\/{rel}","templated":true}]}}