{"id":238125,"date":"2025-09-19T11:34:18","date_gmt":"2025-09-19T15:34:18","guid":{"rendered":"https:\/\/mendomedical.ca\/?post_type=product&#038;p=238125"},"modified":"2026-04-06T23:54:53","modified_gmt":"2026-04-07T03:54:53","slug":"sweet-skunk-pre-rolls-5x0-5g-copy","status":"publish","type":"product","link":"https:\/\/mendomedical.ca\/fr\/produit\/sweet-skunk-pre-rolls-5x0-5g-copy\/","title":{"rendered":"Sweet Skunk Pre-Rolls 10&#215;0.5g"},"content":{"rendered":"","protected":false},"excerpt":{"rendered":"<div class=\"ExternalClass79BE0EBF1556487FBF99ED9822E06F3A\">\n<h3>Sweet Skunk Pre-Rolls 10&#215;0.5g<\/h3>\n<p>Faites l&rsquo;exp\u00e9rience du c\u00e9l\u00e8bre hybride indica Sweet Skunk dans le format pratique de Pr\u00e9-rolls de Mendo Select. Ce paquet soigneusement s\u00e9lectionn\u00e9 contient 10 Pr\u00e9-rolls, chacun contenant 0,5g de fleur Sweet Skunk de premi\u00e8re qualit\u00e9, offrant une qualit\u00e9 constante et une commodit\u00e9 pour les consommateurs de cannabis m\u00e9dical. Connue pour son ar\u00f4me captivant et ses effets remarquablement \u00e9quilibr\u00e9s, la Sweet Skunk offre une exp\u00e9rience revigorante qui peut aider \u00e0 soutenir la cr\u00e9ativit\u00e9, l&rsquo;engagement social et l&rsquo;\u00e9l\u00e9vation de l&rsquo;humeur tout au long de la journ\u00e9e.  <\/p>\n<h3>Caract\u00e9ristiques principales<\/h3>\n<ul>\n<li>10 joints roul\u00e9s professionnellement contenant 0,5g chacun (5g au total)<\/li>\n<li>Cultivar hybride indica Sweet Skunk Premium<\/li>\n<li>Pr\u00e9-rolls non infus\u00e9s, \u00e0 base de fleurs pures<\/li>\n<li>Format pratique, pr\u00eat \u00e0 l&#8217;emploi, id\u00e9al pour un dosage r\u00e9gulier<\/li>\n<li>Effets \u00e9quilibr\u00e9s convenant \u00e0 une utilisation en journ\u00e9e ou en soir\u00e9e<\/li>\n<\/ul>\n<h3>Profil des ar\u00f4mes et des effets<\/h3>\n<p>La Sweet Skunk est r\u00e9put\u00e9e pour ses saveurs vibrantes et son ar\u00f4me captivant qui font honneur \u00e0 son nom. Cet hybride indica offre une exp\u00e9rience sensorielle unique avec ses notes sucr\u00e9es et skunky distinctives. Ce cultivar est r\u00e9put\u00e9 pour produire des effets euphoriques et revigorants qui peuvent aider \u00e0 soutenir les moments de cr\u00e9ativit\u00e9 et d&rsquo;engagement social tout en remontant le moral tout au long de la journ\u00e9e.  <\/p>\n<h3>Pourquoi choisir les pr\u00e9-rolls ?<\/h3>\n<p>Les Pr\u00e9-rolls offrent aux utilisateurs m\u00e9dicaux un dosage pr\u00e9cis et coh\u00e9rent dans un format pratique qui ne n\u00e9cessite aucune pr\u00e9paration. Ils sont id\u00e9aux pour les patients qui recherchent des effets fiables sans avoir \u00e0 les broyer ou \u00e0 les rouler, ce qui les rend parfaits pour ceux qui ont des probl\u00e8mes de mobilit\u00e9 ou des contraintes de temps. <\/p>\n<h3>Exp\u00e9dition dans tout le Canada<\/h3>\n<p>Sweet Skunk Pr\u00e9-rolls 10&#215;0,5g est exp\u00e9di\u00e9 rapidement \u00e0 travers le Canada. Nous offrons une livraison gratuite pour toutes les commandes de plus de 150 $, ce qui vous assure de recevoir vos produits de cannabis m\u00e9dical rapidement et discr\u00e8tement. <\/p>\n<h3>Avantages et couverture pour les anciens combattants<\/h3>\n<p>Sweet Skunk Pr\u00e9-rolls 10&#215;0,5g est admissible \u00e0 la couverture d&rsquo;ACC (Anciens Combattants Canada) avec facturation directe par la Croix Bleue, ce qui signifie qu&rsquo;il n&rsquo;y a pas de frais \u00e0 d\u00e9bourser pour les anciens combattants admissibles. Si vous n&rsquo;avez pas encore de carte de cannabis m\u00e9dical, vous pouvez <a href=\"https:\/\/mendomedical.ca\/fr\/carte-medicale\/\">obtenir votre carte m\u00e9dicale gratuite rapidement et facilement<\/a> pour acc\u00e9der \u00e0 ces avantages. <\/p>\n<\/div>\n","protected":false},"featured_media":238936,"comment_status":"closed","ping_status":"closed","template":"","meta":{"_acf_changed":false,"site-sidebar-layout":"default","site-content-layout":"","ast-site-content-layout":"default","site-content-style":"default","site-sidebar-style":"default","ast-global-header-display":"","ast-banner-title-visibility":"","ast-main-header-display":"","ast-hfb-above-header-display":"","ast-hfb-below-header-display":"","ast-hfb-mobile-header-display":"","site-post-title":"","ast-breadcrumbs-content":"","ast-featured-img":"","footer-sml-layout":"","ast-disable-related-posts":"","theme-transparent-header-meta":"default","adv-header-id-meta":"","stick-header-meta":"","header-above-stick-meta":"","header-main-stick-meta":"","header-below-stick-meta":"","astra-migrate-meta-layouts":"set","ast-page-background-enabled":"default","ast-page-background-meta":{"desktop":{"background-color":"var(--ast-global-color-4)","background-image":"","background-repeat":"repeat","background-position":"center center","background-size":"auto","background-attachment":"scroll","background-type":"","background-media":"","overlay-type":"","overlay-color":"","overlay-opacity":"","overlay-gradient":""},"tablet":{"background-color":"","background-image":"","background-repeat":"repeat","background-position":"center center","background-size":"auto","background-attachment":"scroll","background-type":"","background-media":"","overlay-type":"","overlay-color":"","overlay-opacity":"","overlay-gradient":""},"mobile":{"background-color":"","background-image":"","background-repeat":"repeat","background-position":"center center","background-size":"auto","background-attachment":"scroll","background-type":"","background-media":"","overlay-type":"","overlay-color":"","overlay-opacity":"","overlay-gradient":""}},"ast-content-background-meta":{"desktop":{"background-color":"var(--ast-global-color-5)","background-image":"","background-repeat":"repeat","background-position":"center center","background-size":"auto","background-attachment":"scroll","background-type":"","background-media":"","overlay-type":"","overlay-color":"","overlay-opacity":"","overlay-gradient":""},"tablet":{"background-color":"var(--ast-global-color-5)","background-image":"","background-repeat":"repeat","background-position":"center center","background-size":"auto","background-attachment":"scroll","background-type":"","background-media":"","overlay-type":"","overlay-color":"","overlay-opacity":"","overlay-gradient":""},"mobile":{"background-color":"var(--ast-global-color-5)","background-image":"","background-repeat":"repeat","background-position":"center center","background-size":"auto","background-attachment":"scroll","background-type":"","background-media":"","overlay-type":"","overlay-color":"","overlay-opacity":"","overlay-gradient":""}}},"product_brand":[],"product_cat":[4803,1140,1144],"product_tag":[],"product_format_filter":[6374],"class_list":{"0":"post-238125","1":"product","2":"type-product","3":"status-publish","4":"has-post-thumbnail","6":"product_cat-pre-rolls-non-infuses","7":"product_cat-selection-mendo","8":"product_cat-pre-roules","9":"pa_format-10x05g","10":"pa_intensity-thc-eleve","11":"pa_marques-mendo-select-fr","12":"pa_origin-quebec-fr","13":"pa_thc-27-2-fr","14":"pa_type-de-plante-indica-fr","15":"product_format_filter-0-5g","16":"desktop-align-left","17":"tablet-align-left","18":"mobile-align-left","20":"first","21":"instock","22":"taxable","23":"shipping-taxable","24":"purchasable","25":"product-type-simple"},"group_of_quantity":0,"min_quantity":0,"max_quantity":"","exclude_order_quantity_value_rules":"no","exclude_category_quantity_rules":"no","combine_variations":"no","acf":[],"_links":{"self":[{"href":"https:\/\/mendomedical.ca\/fr\/wp-json\/wp\/v2\/product\/238125","targetHints":{"allow":["GET"]}}],"collection":[{"href":"https:\/\/mendomedical.ca\/fr\/wp-json\/wp\/v2\/product"}],"about":[{"href":"https:\/\/mendomedical.ca\/fr\/wp-json\/wp\/v2\/types\/product"}],"replies":[{"embeddable":true,"href":"https:\/\/mendomedical.ca\/fr\/wp-json\/wp\/v2\/comments?post=238125"}],"wp:featuredmedia":[{"embeddable":true,"href":"https:\/\/mendomedical.ca\/fr\/wp-json\/wp\/v2\/media\/238936"}],"wp:attachment":[{"href":"https:\/\/mendomedical.ca\/fr\/wp-json\/wp\/v2\/media?parent=238125"}],"wp:term":[{"taxonomy":"product_brand","embeddable":true,"href":"https:\/\/mendomedical.ca\/fr\/wp-json\/wp\/v2\/product_brand?post=238125"},{"taxonomy":"product_cat","embeddable":true,"href":"https:\/\/mendomedical.ca\/fr\/wp-json\/wp\/v2\/product_cat?post=238125"},{"taxonomy":"product_tag","embeddable":true,"href":"https:\/\/mendomedical.ca\/fr\/wp-json\/wp\/v2\/product_tag?post=238125"},{"taxonomy":"product_format_filter","embeddable":true,"href":"https:\/\/mendomedical.ca\/fr\/wp-json\/wp\/v2\/product_format_filter?post=238125"}],"curies":[{"name":"wp","href":"https:\/\/api.w.org\/{rel}","templated":true}]}}