{"id":238110,"date":"2025-09-19T10:59:36","date_gmt":"2025-09-19T14:59:36","guid":{"rendered":"https:\/\/mendomedical.ca\/?post_type=product&#038;p=238110"},"modified":"2026-03-18T11:45:59","modified_gmt":"2026-03-18T15:45:59","slug":"mendo-select-peach-queen-pre-rolls-5x0-5g-copy","status":"publish","type":"product","link":"https:\/\/mendomedical.ca\/fr\/produit\/mendo-select-peach-queen-pre-rolls-5x0-5g-copy\/","title":{"rendered":"Peach Queen Pr\u00e9-Rolls 10&#215;0.5g"},"content":{"rendered":"","protected":false},"excerpt":{"rendered":"<div class=\"ExternalClass3A97BA19C527453BB54C91442916F987\">\n<h3>Peach Queen Pr\u00e9-Rolls 10&#215;0.5g<\/h3>\n<p>D\u00e9couvrez le confort luxueux des Pr\u00e9-rolls Peach Queen de Mendo Select. Cette souche indica soigneusement cultiv\u00e9e procure une relaxation profonde gr\u00e2ce \u00e0 dix Pr\u00e9-rolls de 0,5g parfaitement dos\u00e9s, offrant une qualit\u00e9 et une commodit\u00e9 constantes dans chaque paquet. Avec une teneur totale en terp\u00e8nes de 2,70 % et un profil p\u00eache-agrumes, ces Pr\u00e9-rolls offrent une exp\u00e9rience nocturne de haut niveau aux consommateurs de cannabis m\u00e9dical \u00e0 la recherche d&rsquo;un soulagement efficace du stress et de la douleur.  <\/p>\n<h4>Caract\u00e9ristiques principales<\/h4>\n<ul>\n<li>10 Pr\u00e9-rolls de 0,5g chacun pour un dosage r\u00e9gulier et pratique.<\/li>\n<li>Souche indica de qualit\u00e9 sup\u00e9rieure avec 2,70 % de terp\u00e8nes totaux pour des effets renforc\u00e9s<\/li>\n<li>La g\u00e9n\u00e9tique Peach Cobbler x The Queen offre une relaxation puissante.<\/li>\n<li>Cocottes denses, couvertes de trichomes, aux teintes vertes et orange profondes.<\/li>\n<li>Id\u00e9al pour le soir, le soulagement du stress et le soutien du sommeil<\/li>\n<\/ul>\n<h4>Profil aromatique et terp\u00e9nique<\/h4>\n<p>Peach Queen ravit les sens avec sa riche combinaison d&rsquo;agrumes et d&rsquo;ar\u00f4mes cr\u00e9meux. Le profil aromatique pr\u00e9sente des notes d&rsquo;agrumes fra\u00eeches et juteuses, \u00e9quilibr\u00e9es par des nuances terreuses et de subtiles touches de vanille. \u00c0 l&rsquo;inhalation, la p\u00eache sucr\u00e9e et les notes tropicales dominent, suivies d&rsquo;une finale douce et cr\u00e9meuse. Le profil terp\u00e9nique comprend du cedr\u00e8ne, du pin\u00e8ne et du terpin\u00e8ne, qui contribuent \u00e0 la fois \u00e0 la saveur distinctive de la vari\u00e9t\u00e9 et \u00e0 ses effets profond\u00e9ment relaxants.   <\/p>\n<h4>Pourquoi choisir les pr\u00e9-rolls ?<\/h4>\n<p>Les Pr\u00e9-rolls offrent aux utilisateurs m\u00e9dicaux un dosage pr\u00e9cis et coh\u00e9rent sans qu&rsquo;il soit n\u00e9cessaire de les broyer ou de les rouler. Ils sont parfaits pour les patients ayant des probl\u00e8mes de mobilit\u00e9 ou pour ceux qui recherchent des options pratiques et pr\u00eates \u00e0 l&#8217;emploi pour g\u00e9rer les sympt\u00f4mes rapidement et efficacement. <\/p>\n<h4>Exp\u00e9dition dans tout le Canada<\/h4>\n<p>Les Pr\u00e9-rolls de Peach Queen sont exp\u00e9di\u00e9s rapidement \u00e0 travers le Canada avec une livraison gratuite pour les commandes de plus de 150 $. Votre commande arrivera dans un emballage discret pour garantir la confidentialit\u00e9 et l&rsquo;int\u00e9grit\u00e9 du produit. <\/p>\n<h4>Avantages et couverture pour les anciens combattants<\/h4>\n<p>Les Pr\u00e9-rolls de Peach Queen 10&#215;0,5g sont admissibles \u00e0 la couverture d&rsquo;ACC (Anciens Combattants Canada) avec facturation directe par la Croix Bleue, ce qui signifie que les anciens combattants admissibles n&rsquo;ont pas \u00e0 d\u00e9bourser d&rsquo;argent. Si vous n&rsquo;avez pas encore votre carte m\u00e9dicale, <a href=\"https:\/\/mendomedical.ca\/fr\/carte-medicale\/\">obtenez-la rapidement et facilement<\/a> pour acc\u00e9der \u00e0 ces avantages. <\/p>\n<\/div>\n","protected":false},"featured_media":238936,"comment_status":"closed","ping_status":"closed","template":"","meta":{"_acf_changed":false,"site-sidebar-layout":"default","site-content-layout":"","ast-site-content-layout":"default","site-content-style":"default","site-sidebar-style":"default","ast-global-header-display":"","ast-banner-title-visibility":"","ast-main-header-display":"","ast-hfb-above-header-display":"","ast-hfb-below-header-display":"","ast-hfb-mobile-header-display":"","site-post-title":"","ast-breadcrumbs-content":"","ast-featured-img":"","footer-sml-layout":"","ast-disable-related-posts":"","theme-transparent-header-meta":"default","adv-header-id-meta":"","stick-header-meta":"","header-above-stick-meta":"","header-main-stick-meta":"","header-below-stick-meta":"","astra-migrate-meta-layouts":"set","ast-page-background-enabled":"default","ast-page-background-meta":{"desktop":{"background-color":"var(--ast-global-color-4)","background-image":"","background-repeat":"repeat","background-position":"center center","background-size":"auto","background-attachment":"scroll","background-type":"","background-media":"","overlay-type":"","overlay-color":"","overlay-opacity":"","overlay-gradient":""},"tablet":{"background-color":"","background-image":"","background-repeat":"repeat","background-position":"center center","background-size":"auto","background-attachment":"scroll","background-type":"","background-media":"","overlay-type":"","overlay-color":"","overlay-opacity":"","overlay-gradient":""},"mobile":{"background-color":"","background-image":"","background-repeat":"repeat","background-position":"center center","background-size":"auto","background-attachment":"scroll","background-type":"","background-media":"","overlay-type":"","overlay-color":"","overlay-opacity":"","overlay-gradient":""}},"ast-content-background-meta":{"desktop":{"background-color":"var(--ast-global-color-5)","background-image":"","background-repeat":"repeat","background-position":"center center","background-size":"auto","background-attachment":"scroll","background-type":"","background-media":"","overlay-type":"","overlay-color":"","overlay-opacity":"","overlay-gradient":""},"tablet":{"background-color":"var(--ast-global-color-5)","background-image":"","background-repeat":"repeat","background-position":"center center","background-size":"auto","background-attachment":"scroll","background-type":"","background-media":"","overlay-type":"","overlay-color":"","overlay-opacity":"","overlay-gradient":""},"mobile":{"background-color":"var(--ast-global-color-5)","background-image":"","background-repeat":"repeat","background-position":"center center","background-size":"auto","background-attachment":"scroll","background-type":"","background-media":"","overlay-type":"","overlay-color":"","overlay-opacity":"","overlay-gradient":""}}},"product_brand":[],"product_cat":[4803,1140,1144],"product_tag":[1345],"product_format_filter":[6374],"class_list":{"0":"post-238110","1":"product","2":"type-product","3":"status-publish","4":"has-post-thumbnail","6":"product_cat-pre-rolls-non-infuses","7":"product_cat-selection-mendo","8":"product_cat-pre-roules","9":"product_tag-mendo-select-fr","10":"pa_flavours-agrume","11":"pa_flavours-cremeux","12":"pa_flavours-terreux","13":"pa_format-10x05g","14":"pa_intensity-thc-eleve","15":"pa_marques-mendo-select-fr","16":"pa_origin-quebec-fr","17":"pa_prix-par-gramme-8-50","18":"pa_thc-26-01-fr","19":"pa_type-de-plante-indica-fr","20":"product_format_filter-0-5g","21":"desktop-align-left","22":"tablet-align-left","23":"mobile-align-left","25":"first","26":"instock","27":"taxable","28":"shipping-taxable","29":"purchasable","30":"product-type-simple"},"group_of_quantity":0,"min_quantity":0,"max_quantity":"","exclude_order_quantity_value_rules":"no","exclude_category_quantity_rules":"no","combine_variations":"no","acf":[],"_links":{"self":[{"href":"https:\/\/mendomedical.ca\/fr\/wp-json\/wp\/v2\/product\/238110","targetHints":{"allow":["GET"]}}],"collection":[{"href":"https:\/\/mendomedical.ca\/fr\/wp-json\/wp\/v2\/product"}],"about":[{"href":"https:\/\/mendomedical.ca\/fr\/wp-json\/wp\/v2\/types\/product"}],"replies":[{"embeddable":true,"href":"https:\/\/mendomedical.ca\/fr\/wp-json\/wp\/v2\/comments?post=238110"}],"wp:featuredmedia":[{"embeddable":true,"href":"https:\/\/mendomedical.ca\/fr\/wp-json\/wp\/v2\/media\/238936"}],"wp:attachment":[{"href":"https:\/\/mendomedical.ca\/fr\/wp-json\/wp\/v2\/media?parent=238110"}],"wp:term":[{"taxonomy":"product_brand","embeddable":true,"href":"https:\/\/mendomedical.ca\/fr\/wp-json\/wp\/v2\/product_brand?post=238110"},{"taxonomy":"product_cat","embeddable":true,"href":"https:\/\/mendomedical.ca\/fr\/wp-json\/wp\/v2\/product_cat?post=238110"},{"taxonomy":"product_tag","embeddable":true,"href":"https:\/\/mendomedical.ca\/fr\/wp-json\/wp\/v2\/product_tag?post=238110"},{"taxonomy":"product_format_filter","embeddable":true,"href":"https:\/\/mendomedical.ca\/fr\/wp-json\/wp\/v2\/product_format_filter?post=238110"}],"curies":[{"name":"wp","href":"https:\/\/api.w.org\/{rel}","templated":true}]}}