{"id":237865,"date":"2025-08-05T12:55:10","date_gmt":"2025-08-05T16:55:10","guid":{"rendered":"https:\/\/mendomedical.ca\/?post_type=product&#038;p=237865"},"modified":"2025-11-25T14:32:03","modified_gmt":"2025-11-25T19:32:03","slug":"couch-clementine","status":"publish","type":"product","link":"https:\/\/mendomedical.ca\/fr\/produit\/couch-clementine\/","title":{"rendered":"Couchlock Cl\u00e9mentine"},"content":{"rendered":"","protected":false},"excerpt":{"rendered":"<div class=\"ExternalClass19E1C62701BE4432B0D4FA20CF4BB656\">\n<h3>Couchlock Clementine - Fleur de cannabis m\u00e9dical de qualit\u00e9 sup\u00e9rieure - Cultiv\u00e9e par : Kootenay Quantum<\/h3>\n<p>Faites l&rsquo;exp\u00e9rience d&rsquo;une relaxation exceptionnelle avec Couchlock Clementine de Six One Charlie, une fleur de cannabis m\u00e9dical soigneusement s\u00e9lectionn\u00e9e et con\u00e7ue pour apporter un calme et un contentement profonds. Ce cultivar hybride combine des saveurs de cl\u00e9mentine brillantes avec des nuances de gaz cr\u00e9meux, offrant un puissant profil terp\u00e9nique total de 2,87 % qui le distingue \u00e0 la fois en termes de go\u00fbt et de potentiel th\u00e9rapeutique. <\/p>\n<h3>Caract\u00e9ristiques principales<\/h3>\n<ul>\n<li>Fleur hybride de qualit\u00e9 sup\u00e9rieure avec 2,87 % de terp\u00e8nes totaux pour des effets th\u00e9rapeutiques renforc\u00e9s.<\/li>\n<li>Profil aromatique distinctif avec des notes sucr\u00e9es de cl\u00e9mentine et une finale cr\u00e9meuse de gaz.<\/li>\n<li>Des cocottes denses, recouvertes de trichomes, avec des pistils orange vif et des teintes violettes.<\/li>\n<li>Souche s\u00e9lectionn\u00e9e par des v\u00e9t\u00e9rans et r\u00e9pondant aux normes de qualit\u00e9 strictes de Six One Charlie<\/li>\n<li>Id\u00e9al pour se d\u00e9tendre le soir et traiter les sympt\u00f4mes de l&rsquo;anxi\u00e9t\u00e9, de la douleur et des troubles du sommeil.<\/li>\n<\/ul>\n<h3>Profil aromatique et terp\u00e9nique<\/h3>\n<p>Couchlock Clementine offre une exp\u00e9rience sensorielle exceptionnelle gr\u00e2ce \u00e0 son profil sucr\u00e9 et citronn\u00e9. L&rsquo;explosion initiale de cl\u00e9mentine m\u00fbre se transforme en douceur en une finale gazeuse et cr\u00e9meuse qui tapisse le palais. Cette combinaison unique de saveurs est aliment\u00e9e par un profil terp\u00e9nique robuste comprenant du Citronellol, du Caryophyllene, du Cedrene, du Thujone, du Cymene et du Menthol. Ces terp\u00e8nes agissent en synergie pour cr\u00e9er \u00e0 la fois le go\u00fbt distinctif de la vari\u00e9t\u00e9 et ses effets calmants r\u00e9put\u00e9s, qui commencent par une l\u00e9g\u00e8re \u00e9l\u00e9vation avant de passer \u00e0 une relaxation profonde, qui fait fondre le corps.   <\/p>\n<h3>Pourquoi choisir Premium Flower<\/h3>\n<p>La fleur de cannabis m\u00e9dical offre un contr\u00f4le pr\u00e9cis du dosage et une apparition imm\u00e9diate des effets, ce qui la rend id\u00e9ale pour la gestion des sympt\u00f4mes. La teneur \u00e9lev\u00e9e en terp\u00e8nes et les effets \u00e9quilibr\u00e9s de Couchlock Clementine peuvent contribuer \u00e0 la relaxation, au soulagement de la douleur et \u00e0 l&rsquo;am\u00e9lioration de la qualit\u00e9 du sommeil. <\/p>\n<h3>Exp\u00e9dition dans tout le Canada<\/h3>\n<p>Faites-vous livrer Couchlock Clementine rapidement \u00e0 travers le Canada gr\u00e2ce \u00e0 notre service de livraison fiable. Profitez de la livraison gratuite pour toutes les commandes de plus de 150 $, afin que votre cannabis m\u00e9dical vous parvienne rapidement et discr\u00e8tement. <\/p>\n<h3>Avantages et couverture pour les anciens combattants<\/h3>\n<p>Couchlock Clementine est admissible \u00e0 la couverture d&rsquo;ACC (Anciens Combattants Canada) avec facturation directe par l&rsquo;entremise de la Croix Bleue, ce qui signifie que les anciens combattants admissibles n&rsquo;ont pas \u00e0 d\u00e9bourser d&rsquo;argent. Si vous n&rsquo;avez pas encore votre carte de cannabis m\u00e9dical, commencez rapidement et facilement sur <a href=\"https:\/\/mendomedical.ca\/fr\/carte-medicale\/\">https:\/\/mendomedical.ca\/medical-card\/.<\/a> <\/p>\n<div>\n<h5><em><strong>61 Charlie a \u00e9t\u00e9 cr\u00e9\u00e9 par des v\u00e9t\u00e9rans pour des v\u00e9t\u00e9rans. Nous sommes tr\u00e8s fiers de s\u00e9lectionner nos produits avec le plus grand soin et la plus grande attention. En tant que patients et v\u00e9t\u00e9rans impartiaux, nous avons eu l&rsquo;opportunit\u00e9 unique d&rsquo;explorer les meilleures offres de cannabis m\u00e9dical disponibles sur le march\u00e9, en nous assurant que nous n&rsquo;acceptons que les produits qui r\u00e9pondent \u00e0 nos normes rigoureuses - dix sur dix, \u00e0 chaque fois. Notre mission est claire : fournir des solutions efficaces aux anciens combattants et \u00e0 ceux qui luttent contre les probl\u00e8mes de sant\u00e9 mentale et de stress post-traumatique. Les fleurs que nous choisissons pour nos sachets sont soigneusement s\u00e9lectionn\u00e9es en fonction de leurs propri\u00e9t\u00e9s uniques, de leur efficacit\u00e9 et des commentaires des patients pour combattre une vari\u00e9t\u00e9 de sympt\u00f4mes - qu&rsquo;il s&rsquo;agisse de douleur chronique, d&rsquo;anxi\u00e9t\u00e9, de d\u00e9pression, de probl\u00e8mes de sommeil, d&rsquo;irritabilit\u00e9 ou de probl\u00e8mes de concentration. Chaque produit que nous proposons est con\u00e7u pour soutenir le parcours de gu\u00e9rison de ceux qui servent courageusement notre pays et de ceux qui cherchent \u00e0 \u00eatre soulag\u00e9s dans leur vie quotidienne. Chez 61 Charlie, nous voulons donner \u00e0 notre communaut\u00e9 les outils dont elle a besoin pour retrouver son bien-\u00eatre et s&rsquo;\u00e9panouir.      <\/strong><\/em><\/h5>\n<p>&nbsp;<\/p>\n<\/div>\n<\/div>\n","protected":false},"featured_media":238057,"comment_status":"closed","ping_status":"closed","template":"","meta":{"_acf_changed":false,"site-sidebar-layout":"default","site-content-layout":"","ast-site-content-layout":"default","site-content-style":"default","site-sidebar-style":"default","ast-global-header-display":"","ast-banner-title-visibility":"","ast-main-header-display":"","ast-hfb-above-header-display":"","ast-hfb-below-header-display":"","ast-hfb-mobile-header-display":"","site-post-title":"","ast-breadcrumbs-content":"","ast-featured-img":"","footer-sml-layout":"","ast-disable-related-posts":"","theme-transparent-header-meta":"default","adv-header-id-meta":"","stick-header-meta":"","header-above-stick-meta":"","header-main-stick-meta":"","header-below-stick-meta":"","astra-migrate-meta-layouts":"set","ast-page-background-enabled":"default","ast-page-background-meta":{"desktop":{"background-color":"var(--ast-global-color-4)","background-image":"","background-repeat":"repeat","background-position":"center center","background-size":"auto","background-attachment":"scroll","background-type":"","background-media":"","overlay-type":"","overlay-color":"","overlay-opacity":"","overlay-gradient":""},"tablet":{"background-color":"","background-image":"","background-repeat":"repeat","background-position":"center center","background-size":"auto","background-attachment":"scroll","background-type":"","background-media":"","overlay-type":"","overlay-color":"","overlay-opacity":"","overlay-gradient":""},"mobile":{"background-color":"","background-image":"","background-repeat":"repeat","background-position":"center center","background-size":"auto","background-attachment":"scroll","background-type":"","background-media":"","overlay-type":"","overlay-color":"","overlay-opacity":"","overlay-gradient":""}},"ast-content-background-meta":{"desktop":{"background-color":"var(--ast-global-color-5)","background-image":"","background-repeat":"repeat","background-position":"center center","background-size":"auto","background-attachment":"scroll","background-type":"","background-media":"","overlay-type":"","overlay-color":"","overlay-opacity":"","overlay-gradient":""},"tablet":{"background-color":"var(--ast-global-color-5)","background-image":"","background-repeat":"repeat","background-position":"center center","background-size":"auto","background-attachment":"scroll","background-type":"","background-media":"","overlay-type":"","overlay-color":"","overlay-opacity":"","overlay-gradient":""},"mobile":{"background-color":"var(--ast-global-color-5)","background-image":"","background-repeat":"repeat","background-position":"center center","background-size":"auto","background-attachment":"scroll","background-type":"","background-media":"","overlay-type":"","overlay-color":"","overlay-opacity":"","overlay-gradient":""}}},"product_brand":[4164,4089],"product_cat":[4801,1137],"product_tag":[],"product_format_filter":[6373],"class_list":{"0":"post-237865","1":"product","2":"type-product","3":"status-publish","4":"has-post-thumbnail","6":"product_brand-mendo-select","7":"product_brand-six-one-charlie","8":"product_cat-six-one-charlie-fr","9":"product_cat-fleur","10":"pa_flavours-agrume","11":"pa_flavours-cremeux","12":"pa_flavours-gazeux","13":"pa_flavours-doux","14":"pa_intensity-thc-eleve","15":"pa_marques-six-one-charlie-fr","16":"pa_origin-colombie-britannique-fr","17":"pa_packaging-date-08-25-2025-fr","18":"pa_prix-par-gramme-8-57-fr","19":"pa_profil-terpene-caryophyllene","20":"pa_profil-terpene-humulene-fr","21":"pa_profil-terpene-limonene-fr","22":"pa_profil-terpene-linalol-fr","23":"pa_profil-terpene-myrcene","24":"pa_type-de-plante-hybride-fr","25":"product_format_filter-7g","26":"desktop-align-left","27":"tablet-align-left","28":"mobile-align-left","30":"first","31":"outofstock","32":"taxable","33":"shipping-taxable","34":"purchasable","35":"product-type-simple"},"group_of_quantity":0,"min_quantity":0,"max_quantity":"","exclude_order_quantity_value_rules":"no","exclude_category_quantity_rules":"no","combine_variations":"no","acf":[],"_links":{"self":[{"href":"https:\/\/mendomedical.ca\/fr\/wp-json\/wp\/v2\/product\/237865","targetHints":{"allow":["GET"]}}],"collection":[{"href":"https:\/\/mendomedical.ca\/fr\/wp-json\/wp\/v2\/product"}],"about":[{"href":"https:\/\/mendomedical.ca\/fr\/wp-json\/wp\/v2\/types\/product"}],"replies":[{"embeddable":true,"href":"https:\/\/mendomedical.ca\/fr\/wp-json\/wp\/v2\/comments?post=237865"}],"wp:featuredmedia":[{"embeddable":true,"href":"https:\/\/mendomedical.ca\/fr\/wp-json\/wp\/v2\/media\/238057"}],"wp:attachment":[{"href":"https:\/\/mendomedical.ca\/fr\/wp-json\/wp\/v2\/media?parent=237865"}],"wp:term":[{"taxonomy":"product_brand","embeddable":true,"href":"https:\/\/mendomedical.ca\/fr\/wp-json\/wp\/v2\/product_brand?post=237865"},{"taxonomy":"product_cat","embeddable":true,"href":"https:\/\/mendomedical.ca\/fr\/wp-json\/wp\/v2\/product_cat?post=237865"},{"taxonomy":"product_tag","embeddable":true,"href":"https:\/\/mendomedical.ca\/fr\/wp-json\/wp\/v2\/product_tag?post=237865"},{"taxonomy":"product_format_filter","embeddable":true,"href":"https:\/\/mendomedical.ca\/fr\/wp-json\/wp\/v2\/product_format_filter?post=237865"}],"curies":[{"name":"wp","href":"https:\/\/api.w.org\/{rel}","templated":true}]}}