{"id":237863,"date":"2025-09-30T21:55:07","date_gmt":"2025-10-01T01:55:07","guid":{"rendered":"https:\/\/mendomedical.ca\/?post_type=product&#038;p=237863"},"modified":"2026-04-07T10:29:37","modified_gmt":"2026-04-07T14:29:37","slug":"heavyz-fr","status":"publish","type":"product","link":"https:\/\/mendomedical.ca\/fr\/produit\/heavyz-fr\/","title":{"rendered":"Heavy Z&rsquo;s"},"content":{"rendered":"","protected":false},"excerpt":{"rendered":"<div class=\"ExternalClass61380A7B66374035B8E51AAA6EEED9F1\">\n<h3>Heavy Z&rsquo;s by Six One Charlie - Premium Indica-Dominance Hybrid - Cultiv\u00e9 par : L\u00e9gende<\/h3>\n<h3>Terp\u00e8nes totaux : 3,74%.<\/h3>\n<p>Heavy Z&rsquo;s est une vari\u00e9t\u00e9 hybride \u00e0 dominance indica exceptionnelle, m\u00e9ticuleusement cultiv\u00e9e au Qu\u00e9bec par l&rsquo;\u00e9quipe d&rsquo;experts de L\u00e9gende et soigneusement cur\u00e9e par Six One Charlie. Cette fleur de qualit\u00e9 sup\u00e9rieure se distingue par son impressionnante teneur en terp\u00e8nes totaux de 3,74 % et ses Cocottes denses et riches en trichomes qui mettent en valeur la g\u00e9n\u00e9tique sup\u00e9rieure de la souche. Cr\u00e9\u00e9e sp\u00e9cifiquement pour les v\u00e9t\u00e9rans par les v\u00e9t\u00e9rans, Heavy Z&rsquo;s offre une exp\u00e9rience puissante mais \u00e9quilibr\u00e9e qui peut contribuer \u00e0 la relaxation et \u00e0 la tranquillit\u00e9.<\/p>\n<h4>Caract\u00e9ristiques principales<\/h4>\n<ul>\n<li>Teneur \u00e9lev\u00e9e en terp\u00e8nes (3,74 %) avec une pr\u00e9sence dominante de pin\u00e8ne.<\/li>\n<li>Des cocottes denses, recouvertes de trichomes, aux couleurs violettes et vertes de la for\u00eat.<\/li>\n<li>Profil aromatique complexe combinant des notes fruit\u00e9es, gazeuses, d&rsquo;ail et d&rsquo;\u00e9pices.<\/li>\n<li>Hybride \u00e0 dominance indica offrant une euphorie \u00e9quilibr\u00e9e et une relaxation profonde.<\/li>\n<li>S\u00e9lectionn\u00e9s \u00e0 la main par des v\u00e9t\u00e9rans pour leur potentiel th\u00e9rapeutique et leurs normes de qualit\u00e9<\/li>\n<\/ul>\n<h4>Profil aromatique et gustatif<\/h4>\n<p>Heavy Z&rsquo;s offre une exp\u00e9rience sensorielle captivante qui commence par des notes fruit\u00e9es dominantes rappelant les Zkittlez classiques, suivies de notes gazeuses et \u00e9pic\u00e9es distinctives. L&rsquo;ar\u00f4me \u00e9volue vers un funk piquant unique qui \u00e9veille v\u00e9ritablement les sens. En bouche, vous d\u00e9couvrirez une complexit\u00e9 fascinante, le funk terreux et herbac\u00e9 se transformant en un fruit\u00e9 doux et persistant qui tapisse g\u00e9n\u00e9reusement la bouche. Le profil cannabique robuste, riche en THC et compl\u00e9t\u00e9 par des cannabino\u00efdes mineurs subtils, travaille en synergie avec le terp\u00e8ne Pinene dominant pour cr\u00e9er un effet puissant mais remarquablement \u00e9quilibr\u00e9.<\/p>\n<h4>Pourquoi choisir Premium Flower<\/h4>\n<p>La fleur enti\u00e8re de premi\u00e8re qualit\u00e9 comme celle de Heavy Z&rsquo;s offre aux utilisateurs m\u00e9dicaux le spectre complet des cannabino\u00efdes et des terp\u00e8nes \u00e0 l&rsquo;\u00e9tat naturel. Ce format permet un contr\u00f4le pr\u00e9cis du dosage et fournit un effet d&rsquo;entourage complet qui peut aider \u00e0 traiter divers sympt\u00f4mes, y compris la douleur chronique, l&rsquo;anxi\u00e9t\u00e9 et les probl\u00e8mes de sommeil.<\/p>\n<h4>Exp\u00e9dition dans tout le Canada<\/h4>\n<p>Heavy Z&rsquo;s exp\u00e9die rapidement \u00e0 travers le Canada avec une livraison gratuite pour les commandes de plus de 150 $. Nous nous assurons que votre fleur de qualit\u00e9 sup\u00e9rieure arrive fra\u00eeche et en toute s\u00e9curit\u00e9, en maintenant la qualit\u00e9 et la puissance que vous attendez des produits Six One Charlie.<\/p>\n<h4>Avantages et couverture pour les anciens combattants<\/h4>\n<p>Heavy Z&rsquo;s est admissible \u00e0 la couverture d&rsquo;ACC (Anciens Combattants Canada) avec facturation directe par l&rsquo;entremise de la Croix Bleue, ce qui signifie que les anciens combattants admissibles n&rsquo;ont pas \u00e0 d\u00e9bourser d&rsquo;argent. Si vous n&rsquo;avez pas encore votre ordonnance de cannabis m\u00e9dical, vous pouvez obtenir votre carte m\u00e9dicale gratuite rapidement et facilement \u00e0 l&rsquo;<a href=\"https:\/\/mendomedical.ca\/fr\/carte-medicale\/\">adresse https:\/\/mendomedical.ca\/medical-card\/.<\/a><\/p>\n<\/div>\n","protected":false},"featured_media":238061,"comment_status":"closed","ping_status":"closed","template":"","meta":{"_acf_changed":false,"site-sidebar-layout":"default","site-content-layout":"","ast-site-content-layout":"default","site-content-style":"default","site-sidebar-style":"default","ast-global-header-display":"","ast-banner-title-visibility":"","ast-main-header-display":"","ast-hfb-above-header-display":"","ast-hfb-below-header-display":"","ast-hfb-mobile-header-display":"","site-post-title":"","ast-breadcrumbs-content":"","ast-featured-img":"","footer-sml-layout":"","ast-disable-related-posts":"","theme-transparent-header-meta":"default","adv-header-id-meta":"","stick-header-meta":"","header-above-stick-meta":"","header-main-stick-meta":"","header-below-stick-meta":"","astra-migrate-meta-layouts":"set","ast-page-background-enabled":"default","ast-page-background-meta":{"desktop":{"background-color":"var(--ast-global-color-4)","background-image":"","background-repeat":"repeat","background-position":"center center","background-size":"auto","background-attachment":"scroll","background-type":"","background-media":"","overlay-type":"","overlay-color":"","overlay-opacity":"","overlay-gradient":""},"tablet":{"background-color":"","background-image":"","background-repeat":"repeat","background-position":"center center","background-size":"auto","background-attachment":"scroll","background-type":"","background-media":"","overlay-type":"","overlay-color":"","overlay-opacity":"","overlay-gradient":""},"mobile":{"background-color":"","background-image":"","background-repeat":"repeat","background-position":"center center","background-size":"auto","background-attachment":"scroll","background-type":"","background-media":"","overlay-type":"","overlay-color":"","overlay-opacity":"","overlay-gradient":""}},"ast-content-background-meta":{"desktop":{"background-color":"var(--ast-global-color-5)","background-image":"","background-repeat":"repeat","background-position":"center center","background-size":"auto","background-attachment":"scroll","background-type":"","background-media":"","overlay-type":"","overlay-color":"","overlay-opacity":"","overlay-gradient":""},"tablet":{"background-color":"var(--ast-global-color-5)","background-image":"","background-repeat":"repeat","background-position":"center center","background-size":"auto","background-attachment":"scroll","background-type":"","background-media":"","overlay-type":"","overlay-color":"","overlay-opacity":"","overlay-gradient":""},"mobile":{"background-color":"var(--ast-global-color-5)","background-image":"","background-repeat":"repeat","background-position":"center center","background-size":"auto","background-attachment":"scroll","background-type":"","background-media":"","overlay-type":"","overlay-color":"","overlay-opacity":"","overlay-gradient":""}}},"product_brand":[],"product_cat":[4801,1137],"product_tag":[],"product_format_filter":[6373],"class_list":{"0":"post-237863","1":"product","2":"type-product","3":"status-publish","4":"has-post-thumbnail","6":"product_cat-six-one-charlie-fr","7":"product_cat-fleur","8":"pa_flavours-ail","9":"pa_flavours-pimenter","10":"pa_flavours-fruite","11":"pa_flavours-gazeux","12":"pa_intensity-thc-eleve","13":"pa_marques-six-one-charlie-fr","14":"pa_origin-quebec-fr","15":"pa_packaging-date-01-18-2026","16":"pa_prix-par-gramme-8-57","17":"pa_profil-terpene-caryophyllene","18":"pa_profil-terpene-farnesene-fr","19":"pa_profil-terpene-limonene-fr","20":"pa_profil-terpene-linalol-fr","21":"pa_profil-terpene-myrcene","22":"pa_profil-terpene-pinene-fr","23":"pa_type-de-plante-indica-fr","24":"product_format_filter-7g","25":"desktop-align-left","26":"tablet-align-left","27":"mobile-align-left","29":"first","30":"instock","31":"taxable","32":"shipping-taxable","33":"purchasable","34":"product-type-simple"},"group_of_quantity":0,"min_quantity":0,"max_quantity":"","exclude_order_quantity_value_rules":"no","exclude_category_quantity_rules":"no","combine_variations":"no","acf":[],"_links":{"self":[{"href":"https:\/\/mendomedical.ca\/fr\/wp-json\/wp\/v2\/product\/237863","targetHints":{"allow":["GET"]}}],"collection":[{"href":"https:\/\/mendomedical.ca\/fr\/wp-json\/wp\/v2\/product"}],"about":[{"href":"https:\/\/mendomedical.ca\/fr\/wp-json\/wp\/v2\/types\/product"}],"replies":[{"embeddable":true,"href":"https:\/\/mendomedical.ca\/fr\/wp-json\/wp\/v2\/comments?post=237863"}],"wp:featuredmedia":[{"embeddable":true,"href":"https:\/\/mendomedical.ca\/fr\/wp-json\/wp\/v2\/media\/238061"}],"wp:attachment":[{"href":"https:\/\/mendomedical.ca\/fr\/wp-json\/wp\/v2\/media?parent=237863"}],"wp:term":[{"taxonomy":"product_brand","embeddable":true,"href":"https:\/\/mendomedical.ca\/fr\/wp-json\/wp\/v2\/product_brand?post=237863"},{"taxonomy":"product_cat","embeddable":true,"href":"https:\/\/mendomedical.ca\/fr\/wp-json\/wp\/v2\/product_cat?post=237863"},{"taxonomy":"product_tag","embeddable":true,"href":"https:\/\/mendomedical.ca\/fr\/wp-json\/wp\/v2\/product_tag?post=237863"},{"taxonomy":"product_format_filter","embeddable":true,"href":"https:\/\/mendomedical.ca\/fr\/wp-json\/wp\/v2\/product_format_filter?post=237863"}],"curies":[{"name":"wp","href":"https:\/\/api.w.org\/{rel}","templated":true}]}}