{"id":237310,"date":"2023-06-01T17:15:46","date_gmt":"2023-06-01T21:15:46","guid":{"rendered":"https:\/\/mendomedical.ca\/?post_type=product&#038;p=237310"},"modified":"2026-04-28T13:25:22","modified_gmt":"2026-04-28T17:25:22","slug":"1000-mg-cbg-5000mg-cbd-softgels-copy","status":"publish","type":"product","link":"https:\/\/mendomedical.ca\/fr\/produit\/1000-mg-cbg-5000mg-cbd-softgels-copy\/","title":{"rendered":"GoodNight - 1000 mg CBN + 1000 mg THC Softgels"},"content":{"rendered":"","protected":false},"excerpt":{"rendered":"<div class=\"ExternalClassD5F96E4632664DE2800FB5BEEE2BE383\">\n<h3>GoodNight - 1000 mg CBN + 1000 mg THC Softgels<\/h3>\n<p>D\u00e9couvrez la puissance de la combinaison CBN et THC la plus puissante du Canada avec les capsules molles GoodNight d&rsquo;Emprise. Chaque bouteille contient 100 capsules molles vertes dor\u00e9es, pr\u00e9cis\u00e9ment formul\u00e9es avec 10 mg de CBN et 10 mg de THC par capsule. Con\u00e7u pour \u00eatre pris 30 \u00e0 45 minutes avant le repos, cet extrait de cannabis \u00e0 spectre complet exploite l&rsquo;effet d&rsquo;entourage gr\u00e2ce \u00e0 des terp\u00e8nes soigneusement s\u00e9lectionn\u00e9s et \u00e0 l&rsquo;huile de support de graines de chanvre.  <\/p>\n<h4>Caract\u00e9ristiques principales<\/h4>\n<ul>\n<li>Formule de puissance maximale disponible au Canada : 1000 mg de CBN total + 1000 mg de THC total par bouteille<\/li>\n<li>100 g\u00e9lules faciles \u00e0 avaler contenant 10 mg de CBN + 10 mg de THC par g\u00e9lule<\/li>\n<li>Extrait de cannabis \u00e0 spectre complet de THC avec une huile de chanvre pour un effet d&rsquo;entourage renforc\u00e9<\/li>\n<li>G\u00e9lules vertes dor\u00e9es con\u00e7ues pour une consommation pratique le soir<\/li>\n<li>Formul\u00e9 sp\u00e9cifiquement pour favoriser le repos lorsque vous le prenez 30 \u00e0 45 minutes avant le coucher.<\/li>\n<\/ul>\n<h4>Profil des terp\u00e8nes<\/h4>\n<p>Cette formule soigneusement \u00e9labor\u00e9e contient trois terp\u00e8nes compl\u00e9mentaires connus pour leurs propri\u00e9t\u00e9s calmantes : Myrc\u00e8ne, B\u00eata-Caryophyll\u00e8ne et Linalol. Ces compos\u00e9s naturels agissent en synergie avec les cannabino\u00efdes pour am\u00e9liorer l&rsquo;exp\u00e9rience globale et soutenir l&rsquo;effet d&rsquo;entourage. <\/p>\n<h4>Pourquoi choisir les g\u00e9lules ?<\/h4>\n<p>Les capsules de cannabis offrent aux utilisateurs m\u00e9dicaux un dosage pr\u00e9cis et coh\u00e9rent, sans conjecture. Leur format discret et sans fum\u00e9e les rend id\u00e9ales pour ceux qui recherchent une approche pratique et mesur\u00e9e de leur r\u00e9gime de cannabis, en particulier pour l&rsquo;usage du soir. <\/p>\n<h4>Exp\u00e9dition dans tout le Canada<\/h4>\n<p>Les g\u00e9lules GoodNight sont exp\u00e9di\u00e9es rapidement dans tout le Canada, et la livraison est gratuite pour les commandes de plus de 150 $. Veuillez noter que les produits contenant de la g\u00e9latine peuvent fondre pendant l&rsquo;exp\u00e9dition durant les mois d&rsquo;\u00e9t\u00e9. Nous vous recommandons de tenir compte de ce probl\u00e8me potentiel lorsque vous passez votre commande.   Malheureusement, nous ne pouvons pas offrir de remboursement ou de remplacement pour les produits qui fondent pendant le transport. Nous vous remercions de votre compr\u00e9hension.<\/p>\n<h4>Avantages et couverture pour les anciens combattants<\/h4>\n<p>GoodNight - 1000 mg CBN + 1000 mg THC Softgels est admissible \u00e0 la couverture d&rsquo;ACC (Anciens Combattants Canada) avec facturation directe par l&rsquo;entremise de la Croix Bleue, ce qui signifie que les anciens combattants admissibles n&rsquo;ont pas \u00e0 d\u00e9bourser d&rsquo;argent. Si vous n&rsquo;avez pas encore de carte m\u00e9dicale, <a href=\"https:\/\/mendomedical.ca\/fr\/carte-medicale\/\">obtenez votre carte m\u00e9dicale gratuite rapidement et facilement<\/a>. <\/p>\n<div><b>Ingr\u00e9dients<\/b><br \/>\nHuile de graines de chanvre, g\u00e9latine bovine, glyc\u00e9rine, extraits de cannabis, huile MCT, eau, terp\u00e8nes naturels.<\/div>\n<\/div>\n","protected":false},"featured_media":237320,"comment_status":"closed","ping_status":"closed","template":"","meta":{"_acf_changed":false,"site-sidebar-layout":"default","site-content-layout":"","ast-site-content-layout":"default","site-content-style":"default","site-sidebar-style":"default","ast-global-header-display":"","ast-banner-title-visibility":"","ast-main-header-display":"","ast-hfb-above-header-display":"","ast-hfb-below-header-display":"","ast-hfb-mobile-header-display":"","site-post-title":"","ast-breadcrumbs-content":"","ast-featured-img":"","footer-sml-layout":"","ast-disable-related-posts":"","theme-transparent-header-meta":"default","adv-header-id-meta":"","stick-header-meta":"","header-above-stick-meta":"","header-main-stick-meta":"","header-below-stick-meta":"","astra-migrate-meta-layouts":"set","ast-page-background-enabled":"default","ast-page-background-meta":{"desktop":{"background-color":"var(--ast-global-color-4)","background-image":"","background-repeat":"repeat","background-position":"center center","background-size":"auto","background-attachment":"scroll","background-type":"","background-media":"","overlay-type":"","overlay-color":"","overlay-opacity":"","overlay-gradient":""},"tablet":{"background-color":"","background-image":"","background-repeat":"repeat","background-position":"center center","background-size":"auto","background-attachment":"scroll","background-type":"","background-media":"","overlay-type":"","overlay-color":"","overlay-opacity":"","overlay-gradient":""},"mobile":{"background-color":"","background-image":"","background-repeat":"repeat","background-position":"center center","background-size":"auto","background-attachment":"scroll","background-type":"","background-media":"","overlay-type":"","overlay-color":"","overlay-opacity":"","overlay-gradient":""}},"ast-content-background-meta":{"desktop":{"background-color":"var(--ast-global-color-5)","background-image":"","background-repeat":"repeat","background-position":"center center","background-size":"auto","background-attachment":"scroll","background-type":"","background-media":"","overlay-type":"","overlay-color":"","overlay-opacity":"","overlay-gradient":""},"tablet":{"background-color":"var(--ast-global-color-5)","background-image":"","background-repeat":"repeat","background-position":"center center","background-size":"auto","background-attachment":"scroll","background-type":"","background-media":"","overlay-type":"","overlay-color":"","overlay-opacity":"","overlay-gradient":""},"mobile":{"background-color":"var(--ast-global-color-5)","background-image":"","background-repeat":"repeat","background-position":"center center","background-size":"auto","background-attachment":"scroll","background-type":"","background-media":"","overlay-type":"","overlay-color":"","overlay-opacity":"","overlay-gradient":""}}},"product_brand":[],"product_cat":[3853,1116,1114],"product_tag":[],"product_format_filter":[],"class_list":{"0":"post-237310","1":"product","2":"type-product","3":"status-publish","4":"has-post-thumbnail","6":"product_cat-cbd-minors-5-fr","7":"product_cat-gels-mous","8":"product_cat-gelules","9":"pa_cbn-10mg-fr","10":"pa_format-100-units-fr","11":"pa_intensity-cbn-eleve","12":"pa_intensity-thc-eleve","13":"pa_marques-emprise-fr","14":"pa_origin-ontario-fr","15":"pa_thc-10mg-fr","16":"pa_type-de-plante-cbn-fr","17":"pa_type-de-plante-thc-fr","18":"desktop-align-left","19":"tablet-align-left","20":"mobile-align-left","22":"first","23":"instock","24":"taxable","25":"shipping-taxable","26":"purchasable","27":"product-type-simple"},"group_of_quantity":0,"min_quantity":0,"max_quantity":"","exclude_order_quantity_value_rules":"no","exclude_category_quantity_rules":"no","combine_variations":"no","acf":[],"_links":{"self":[{"href":"https:\/\/mendomedical.ca\/fr\/wp-json\/wp\/v2\/product\/237310","targetHints":{"allow":["GET"]}}],"collection":[{"href":"https:\/\/mendomedical.ca\/fr\/wp-json\/wp\/v2\/product"}],"about":[{"href":"https:\/\/mendomedical.ca\/fr\/wp-json\/wp\/v2\/types\/product"}],"replies":[{"embeddable":true,"href":"https:\/\/mendomedical.ca\/fr\/wp-json\/wp\/v2\/comments?post=237310"}],"wp:featuredmedia":[{"embeddable":true,"href":"https:\/\/mendomedical.ca\/fr\/wp-json\/wp\/v2\/media\/237320"}],"wp:attachment":[{"href":"https:\/\/mendomedical.ca\/fr\/wp-json\/wp\/v2\/media?parent=237310"}],"wp:term":[{"taxonomy":"product_brand","embeddable":true,"href":"https:\/\/mendomedical.ca\/fr\/wp-json\/wp\/v2\/product_brand?post=237310"},{"taxonomy":"product_cat","embeddable":true,"href":"https:\/\/mendomedical.ca\/fr\/wp-json\/wp\/v2\/product_cat?post=237310"},{"taxonomy":"product_tag","embeddable":true,"href":"https:\/\/mendomedical.ca\/fr\/wp-json\/wp\/v2\/product_tag?post=237310"},{"taxonomy":"product_format_filter","embeddable":true,"href":"https:\/\/mendomedical.ca\/fr\/wp-json\/wp\/v2\/product_format_filter?post=237310"}],"curies":[{"name":"wp","href":"https:\/\/api.w.org\/{rel}","templated":true}]}}