{"id":237290,"date":"2023-12-31T13:36:18","date_gmt":"2023-12-31T18:36:18","guid":{"rendered":"https:\/\/mendomedical.ca\/?post_type=product&#038;p=237290"},"modified":"2026-03-29T23:54:49","modified_gmt":"2026-03-30T03:54:49","slug":"limonade-thc-boisson-instantanee-copy","status":"publish","type":"product","link":"https:\/\/mendomedical.ca\/fr\/produit\/limonade-thc-boisson-instantanee-copy\/","title":{"rendered":"Boisson instantan\u00e9e THC \u00e0 la p\u00eache"},"content":{"rendered":"","protected":false},"excerpt":{"rendered":"<div class=\"ExternalClass775EA2F9A2DB407B9C5F7F3016A7AFB7\">\n<h3>Emprise Peach THC Instant Drink - 10mg Advanced Nano THC<\/h3>\n<p>D\u00e9couvrez la commodit\u00e9 d&rsquo;Emprise Rapid THirstC Peach, un m\u00e9lange r\u00e9volutionnaire pour boisson instantan\u00e9e qui d\u00e9livre 10 mg d&rsquo;\u00e9mulsion nano THC avanc\u00e9e dans chaque sachet. Ajoutez simplement le sachet \u00e0 250 ml d&rsquo;eau et profitez de la saveur rafra\u00eechissante de p\u00eache juteuse et des effets rapides en seulement 10 \u00e0 15 minutes. Ce format innovant de boisson offre un dosage pr\u00e9cis et un soulagement rapide, ce qui en fait un choix id\u00e9al pour les patients de cannabis m\u00e9dical \u00e0 la recherche de m\u00e9thodes de consommation rapides et pratiques.  <\/p>\n<h4>Caract\u00e9ristiques principales<\/h4>\n<ul>\n<li>10 mg d&rsquo;\u00e9mulsion nano THC avanc\u00e9e par sachet pour une absorption rapide<\/li>\n<li>Temps d&rsquo;action rapide de 10 \u00e0 15 minutes gr\u00e2ce \u00e0 la technologie de la nano-\u00e9mulsion<\/li>\n<li>Sachets pratiques \u00e0 usage unique - il suffit de les ajouter \u00e0 250 ml d&rsquo;eau.<\/li>\n<li>D\u00e9licieux go\u00fbt de p\u00eache juteuse avec un aspect visuel semblable \u00e0 celui de la limonade<\/li>\n<li>Dosage pr\u00e9cis pour des effets th\u00e9rapeutiques constants<\/li>\n<\/ul>\n<h4>Profil aromatique et sensoriel<\/h4>\n<p><strong>Appel visuel :<\/strong> Limonade<br \/>\n<strong>Ar\u00f4me :<\/strong> P\u00eache fra\u00eeche<br \/>\n<strong>Profil d&rsquo;ar\u00f4me :<\/strong> P\u00eache juteuse avec des notes d&rsquo;agrumes<br \/>\n<strong>Effets :<\/strong> Nano THC \u00e0 action rapide pour un effet rapide<\/p>\n<h4>Pourquoi choisir THC Drinkables ?<\/h4>\n<p>Les boissons infus\u00e9es au THC offrent aux patients qui consomment du cannabis m\u00e9dical une alternative discr\u00e8te, sans fum\u00e9e, avec un contr\u00f4le pr\u00e9cis du dosage. La technologie de nano-\u00e9mulsion de ce produit assure une absorption plus rapide que les edibles traditionnels, procurant un soulagement plus rapide lorsque vous en avez le plus besoin. <\/p>\n<h4>Exp\u00e9dition dans tout le Canada<\/h4>\n<p>La boisson instantan\u00e9e Emprise Peach THC est exp\u00e9di\u00e9e rapidement au Canada. Nous offrons la livraison gratuite pour les commandes de plus de 150 $. Comme ce produit se conserve sous forme de poudre, il est exp\u00e9di\u00e9 en toute s\u00e9curit\u00e9 tout au long de l&rsquo;ann\u00e9e, sans probl\u00e8me de fonte.  <\/p>\n<h4>Avantages et couverture pour les anciens combattants<\/h4>\n<p>La boisson instantan\u00e9e Emprise Peach THC est admissible \u00e0 la couverture d&rsquo;ACC (Anciens Combattants Canada) avec facturation directe par l&rsquo;entremise de la Croix Bleue, ce qui signifie que les anciens combattants admissibles n&rsquo;ont pas \u00e0 d\u00e9bourser d&rsquo;argent. Si vous n&rsquo;avez pas encore de carte de cannabis m\u00e9dical, <a href=\"https:\/\/mendomedical.ca\/fr\/carte-medicale\/\">obtenez votre carte m\u00e9dicale gratuite rapidement et facilement<\/a>. <\/p>\n<h4>Ingr\u00e9dients<\/h4>\n<p>Sucre, poudre de THC \u00e0 action rapide (maltodextrine, eau, extrait de cannabis, polysorbate (80), huile MCT, monool\u00e9ate de sorbitane), acide malique, acide citrique, ar\u00f4me, citrate de sodium, dioxyde de titane, tartrazine, amarante.<\/p>\n<\/div>\n","protected":false},"featured_media":237292,"comment_status":"closed","ping_status":"closed","template":"","meta":{"_acf_changed":false,"site-sidebar-layout":"default","site-content-layout":"","ast-site-content-layout":"default","site-content-style":"default","site-sidebar-style":"default","ast-global-header-display":"","ast-banner-title-visibility":"","ast-main-header-display":"","ast-hfb-above-header-display":"","ast-hfb-below-header-display":"","ast-hfb-mobile-header-display":"","site-post-title":"","ast-breadcrumbs-content":"","ast-featured-img":"","footer-sml-layout":"","ast-disable-related-posts":"","theme-transparent-header-meta":"default","adv-header-id-meta":"","stick-header-meta":"","header-above-stick-meta":"","header-main-stick-meta":"","header-below-stick-meta":"","astra-migrate-meta-layouts":"set","ast-page-background-enabled":"default","ast-page-background-meta":{"desktop":{"background-color":"var(--ast-global-color-4)","background-image":"","background-repeat":"repeat","background-position":"center center","background-size":"auto","background-attachment":"scroll","background-type":"","background-media":"","overlay-type":"","overlay-color":"","overlay-opacity":"","overlay-gradient":""},"tablet":{"background-color":"","background-image":"","background-repeat":"repeat","background-position":"center center","background-size":"auto","background-attachment":"scroll","background-type":"","background-media":"","overlay-type":"","overlay-color":"","overlay-opacity":"","overlay-gradient":""},"mobile":{"background-color":"","background-image":"","background-repeat":"repeat","background-position":"center center","background-size":"auto","background-attachment":"scroll","background-type":"","background-media":"","overlay-type":"","overlay-color":"","overlay-opacity":"","overlay-gradient":""}},"ast-content-background-meta":{"desktop":{"background-color":"var(--ast-global-color-5)","background-image":"","background-repeat":"repeat","background-position":"center center","background-size":"auto","background-attachment":"scroll","background-type":"","background-media":"","overlay-type":"","overlay-color":"","overlay-opacity":"","overlay-gradient":""},"tablet":{"background-color":"var(--ast-global-color-5)","background-image":"","background-repeat":"repeat","background-position":"center center","background-size":"auto","background-attachment":"scroll","background-type":"","background-media":"","overlay-type":"","overlay-color":"","overlay-opacity":"","overlay-gradient":""},"mobile":{"background-color":"var(--ast-global-color-5)","background-image":"","background-repeat":"repeat","background-position":"center center","background-size":"auto","background-attachment":"scroll","background-type":"","background-media":"","overlay-type":"","overlay-color":"","overlay-opacity":"","overlay-gradient":""}}},"product_brand":[],"product_cat":[1131,1128],"product_tag":[],"product_format_filter":[],"class_list":{"0":"post-237290","1":"product","2":"type-product","3":"status-publish","4":"has-post-thumbnail","6":"product_cat-boissons","7":"product_cat-comestibles","8":"pa_flavours-peche-juteuse","9":"pa_format-1-unit-fr","10":"pa_intensity-thc-moyen","11":"pa_marques-emprise-fr","12":"pa_origin-alberta-fr","13":"pa_thc-10mg-fr","14":"pa_type-de-plante-thc-fr","15":"desktop-align-left","16":"tablet-align-left","17":"mobile-align-left","19":"first","20":"instock","21":"taxable","22":"shipping-taxable","23":"purchasable","24":"product-type-simple"},"group_of_quantity":0,"min_quantity":0,"max_quantity":"","exclude_order_quantity_value_rules":"no","exclude_category_quantity_rules":"no","combine_variations":"no","acf":[],"_links":{"self":[{"href":"https:\/\/mendomedical.ca\/fr\/wp-json\/wp\/v2\/product\/237290","targetHints":{"allow":["GET"]}}],"collection":[{"href":"https:\/\/mendomedical.ca\/fr\/wp-json\/wp\/v2\/product"}],"about":[{"href":"https:\/\/mendomedical.ca\/fr\/wp-json\/wp\/v2\/types\/product"}],"replies":[{"embeddable":true,"href":"https:\/\/mendomedical.ca\/fr\/wp-json\/wp\/v2\/comments?post=237290"}],"wp:featuredmedia":[{"embeddable":true,"href":"https:\/\/mendomedical.ca\/fr\/wp-json\/wp\/v2\/media\/237292"}],"wp:attachment":[{"href":"https:\/\/mendomedical.ca\/fr\/wp-json\/wp\/v2\/media?parent=237290"}],"wp:term":[{"taxonomy":"product_brand","embeddable":true,"href":"https:\/\/mendomedical.ca\/fr\/wp-json\/wp\/v2\/product_brand?post=237290"},{"taxonomy":"product_cat","embeddable":true,"href":"https:\/\/mendomedical.ca\/fr\/wp-json\/wp\/v2\/product_cat?post=237290"},{"taxonomy":"product_tag","embeddable":true,"href":"https:\/\/mendomedical.ca\/fr\/wp-json\/wp\/v2\/product_tag?post=237290"},{"taxonomy":"product_format_filter","embeddable":true,"href":"https:\/\/mendomedical.ca\/fr\/wp-json\/wp\/v2\/product_format_filter?post=237290"}],"curies":[{"name":"wp","href":"https:\/\/api.w.org\/{rel}","templated":true}]}}