{"id":237283,"date":"2023-08-01T15:10:52","date_gmt":"2023-08-01T19:10:52","guid":{"rendered":"https:\/\/mendomedical.ca\/product\/6000-mg-dhuile-de-cbd-sans-thc\/"},"modified":"2026-04-24T10:28:46","modified_gmt":"2026-04-24T14:28:46","slug":"6000-mg-dhuile-de-cbd-sans-thc","status":"publish","type":"product","link":"https:\/\/mendomedical.ca\/fr\/produit\/6000-mg-dhuile-de-cbd-sans-thc\/","title":{"rendered":"6000 mg d&rsquo;huile de CBD (sans THC)"},"content":{"rendered":"","protected":false},"excerpt":{"rendered":"<div class=\"ExternalClass694D0E3AC7C542DEB0722E5EB1ED32A3\">\n<h3>Emprise 6000 mg d&rsquo;huile de CBD (sans THC)<\/h3>\n<p>Faites l&rsquo;exp\u00e9rience de l&rsquo;huile de CBD la plus puissante disponible avec l&rsquo;huile de CBD 6000 mg d&rsquo;Emprise. Cette formulation sans THC offre une concentration impressionnante de 200 mg\/g dans un format soluble dans l&rsquo;huile, ce qui en fait l&rsquo;un des produits CBD les plus concentr\u00e9s du march\u00e9. \u00c9labor\u00e9e \u00e0 partir d&rsquo;extraits de cannabis sans THC et d&rsquo;huile de chanvre, cette formulation fid\u00e8le \u00e0 la plante favorise l&rsquo;effet d&rsquo;entourage, vous assurant ainsi de recevoir tout le spectre des compos\u00e9s b\u00e9n\u00e9fiques pr\u00e9vus par la nature.  <\/p>\n<h4>Caract\u00e9ristiques principales<\/h4>\n<ul>\n<li>Ultra-haute puissance : 6000 mg de CBD total dans un flacon de 30 g (concentration de 200 mg\/g).<\/li>\n<li>Formule sans THC convenant \u00e0 ceux qui exigent une teneur nulle en THC<\/li>\n<li>L&rsquo;huile de chanvre renforce l&rsquo;effet d&rsquo;entourage pour une efficacit\u00e9 accrue.<\/li>\n<li>Administration polyvalente : convient \u00e0 l&rsquo;ingestion orale ou \u00e0 l&rsquo;utilisation sublinguale.<\/li>\n<li>Seringue de pr\u00e9cision de 1ml pour un dosage pr\u00e9cis (190mg de CBD par seringue)<\/li>\n<\/ul>\n<h4>Profil d&rsquo;ar\u00f4me<\/h4>\n<p>Cette huile de CBD pr\u00e9sente le go\u00fbt naturel et terreux de l&rsquo;huile de graines de chanvre, offrant une exp\u00e9rience authentique du cannabis sans ar\u00f4mes artificiels ni additifs.<\/p>\n<h4>Pourquoi choisir les huiles et teintures de CBD ?<\/h4>\n<p>Les huiles et les teintures de CBD offrent un contr\u00f4le pr\u00e9cis du dosage et une absorption rapide lorsqu&rsquo;elles sont utilis\u00e9es par voie sublinguale. Ce format permet aux utilisateurs m\u00e9dicaux d&rsquo;ajuster facilement leur consommation en fonction de leurs besoins individuels, tout en offrant une m\u00e9thode d&rsquo;administration discr\u00e8te et pratique. <\/p>\n<h4>Exp\u00e9dition dans tout le Canada<\/h4>\n<p>Obtenez votre Emprise 6000 mg CBD Oil livr\u00e9 rapidement \u00e0 travers le Canada. Nous offrons une livraison gratuite pour toutes les commandes de plus de 150 $, ce qui vous assure de recevoir vos produits de cannabis m\u00e9dical rapidement et \u00e0 un prix abordable. <\/p>\n<h4>Avantages et couverture pour les anciens combattants<\/h4>\n<p>Ce produit est admissible \u00e0 la couverture d&rsquo;ACC (Anciens Combattants Canada) avec facturation directe par l&rsquo;entremise de la Croix Bleue, ce qui signifie que les anciens combattants admissibles n&rsquo;ont pas \u00e0 d\u00e9bourser d&rsquo;argent. Si vous n&rsquo;avez pas encore votre ordonnance de cannabis m\u00e9dical, <a href=\"https:\/\/mendomedical.ca\/fr\/carte-medicale\/\">obtenez votre carte m\u00e9dicale gratuite rapidement et facilement<\/a> pour acc\u00e9der aux avantages de la couverture. <\/p>\n<div>\n<p><b>Ingr\u00e9dients<\/b><\/p>\n<p>Huile de graines de chanvre, extrait de cannabis.<\/p>\n<\/div>\n<\/div>\n","protected":false},"featured_media":237878,"comment_status":"closed","ping_status":"closed","template":"","meta":{"_acf_changed":false,"site-sidebar-layout":"default","site-content-layout":"","ast-site-content-layout":"default","site-content-style":"default","site-sidebar-style":"default","ast-global-header-display":"","ast-banner-title-visibility":"","ast-main-header-display":"","ast-hfb-above-header-display":"","ast-hfb-below-header-display":"","ast-hfb-mobile-header-display":"","site-post-title":"","ast-breadcrumbs-content":"","ast-featured-img":"","footer-sml-layout":"","ast-disable-related-posts":"","theme-transparent-header-meta":"default","adv-header-id-meta":"","stick-header-meta":"","header-above-stick-meta":"","header-main-stick-meta":"","header-below-stick-meta":"","astra-migrate-meta-layouts":"set","ast-page-background-enabled":"default","ast-page-background-meta":{"desktop":{"background-color":"var(--ast-global-color-4)","background-image":"","background-repeat":"repeat","background-position":"center center","background-size":"auto","background-attachment":"scroll","background-type":"","background-media":"","overlay-type":"","overlay-color":"","overlay-opacity":"","overlay-gradient":""},"tablet":{"background-color":"","background-image":"","background-repeat":"repeat","background-position":"center center","background-size":"auto","background-attachment":"scroll","background-type":"","background-media":"","overlay-type":"","overlay-color":"","overlay-opacity":"","overlay-gradient":""},"mobile":{"background-color":"","background-image":"","background-repeat":"repeat","background-position":"center center","background-size":"auto","background-attachment":"scroll","background-type":"","background-media":"","overlay-type":"","overlay-color":"","overlay-opacity":"","overlay-gradient":""}},"ast-content-background-meta":{"desktop":{"background-color":"var(--ast-global-color-5)","background-image":"","background-repeat":"repeat","background-position":"center center","background-size":"auto","background-attachment":"scroll","background-type":"","background-media":"","overlay-type":"","overlay-color":"","overlay-opacity":"","overlay-gradient":""},"tablet":{"background-color":"var(--ast-global-color-5)","background-image":"","background-repeat":"repeat","background-position":"center center","background-size":"auto","background-attachment":"scroll","background-type":"","background-media":"","overlay-type":"","overlay-color":"","overlay-opacity":"","overlay-gradient":""},"mobile":{"background-color":"var(--ast-global-color-5)","background-image":"","background-repeat":"repeat","background-position":"center center","background-size":"auto","background-attachment":"scroll","background-type":"","background-media":"","overlay-type":"","overlay-color":"","overlay-opacity":"","overlay-gradient":""}}},"product_brand":[],"product_cat":[3837,1691,1143],"product_tag":[],"product_format_filter":[],"class_list":{"0":"post-237283","1":"product","2":"type-product","3":"status-publish","4":"has-post-thumbnail","6":"product_cat-cbd-minors-4-fr","7":"product_cat-sans-thc","8":"product_cat-huiles-et-teintures","9":"pa_cbd-200mg-ml-fr","10":"pa_flavours-huile-de-graines-de-chanvre","11":"pa_format-30ml-fr","12":"pa_intensity-eleve-en-cbd","13":"pa_marques-emprise-fr","14":"pa_origin-alberta-fr","15":"pa_type-de-plante-cbd-fr","16":"desktop-align-left","17":"tablet-align-left","18":"mobile-align-left","20":"first","21":"instock","22":"taxable","23":"shipping-taxable","24":"purchasable","25":"product-type-simple"},"group_of_quantity":0,"min_quantity":0,"max_quantity":"","exclude_order_quantity_value_rules":"no","exclude_category_quantity_rules":"no","combine_variations":"no","acf":[],"_links":{"self":[{"href":"https:\/\/mendomedical.ca\/fr\/wp-json\/wp\/v2\/product\/237283","targetHints":{"allow":["GET"]}}],"collection":[{"href":"https:\/\/mendomedical.ca\/fr\/wp-json\/wp\/v2\/product"}],"about":[{"href":"https:\/\/mendomedical.ca\/fr\/wp-json\/wp\/v2\/types\/product"}],"replies":[{"embeddable":true,"href":"https:\/\/mendomedical.ca\/fr\/wp-json\/wp\/v2\/comments?post=237283"}],"wp:featuredmedia":[{"embeddable":true,"href":"https:\/\/mendomedical.ca\/fr\/wp-json\/wp\/v2\/media\/237878"}],"wp:attachment":[{"href":"https:\/\/mendomedical.ca\/fr\/wp-json\/wp\/v2\/media?parent=237283"}],"wp:term":[{"taxonomy":"product_brand","embeddable":true,"href":"https:\/\/mendomedical.ca\/fr\/wp-json\/wp\/v2\/product_brand?post=237283"},{"taxonomy":"product_cat","embeddable":true,"href":"https:\/\/mendomedical.ca\/fr\/wp-json\/wp\/v2\/product_cat?post=237283"},{"taxonomy":"product_tag","embeddable":true,"href":"https:\/\/mendomedical.ca\/fr\/wp-json\/wp\/v2\/product_tag?post=237283"},{"taxonomy":"product_format_filter","embeddable":true,"href":"https:\/\/mendomedical.ca\/fr\/wp-json\/wp\/v2\/product_format_filter?post=237283"}],"curies":[{"name":"wp","href":"https:\/\/api.w.org\/{rel}","templated":true}]}}