{"id":237240,"date":"2024-01-05T11:25:18","date_gmt":"2024-01-05T16:25:18","guid":{"rendered":"https:\/\/mendomedical.ca\/?post_type=product&#038;p=237240"},"modified":"2025-11-26T10:23:32","modified_gmt":"2025-11-26T15:23:32","slug":"11-menthe-copy","status":"publish","type":"product","link":"https:\/\/mendomedical.ca\/fr\/produit\/11-menthe-copy\/","title":{"rendered":"Bandelettes sublinguales CBN THC 4:1 - Menthe"},"content":{"rendered":"","protected":false},"excerpt":{"rendered":"<div class=\"ExternalClass71FA6D079DD443E2BA0BA748A6EDB894\">\n<h3>QuickStrip 4:1 CBN THC Bandes sublinguales - Menthe<\/h3>\n<p>Faites l&rsquo;exp\u00e9rience d&rsquo;un dosage pr\u00e9cis du cannabis avec les bandes sublinguales innovantes de QuickStrip. Chaque bande aromatis\u00e9e \u00e0 la menthe d\u00e9livre 8 mg de CBN et 2 mg de THC gr\u00e2ce \u00e0 une technologie micronis\u00e9e avanc\u00e9e qui am\u00e9liore l&rsquo;absorption directement dans votre circulation sanguine. Ces bandes fines et inodores se dissolvent rapidement sous la langue ou \u00e0 l&rsquo;int\u00e9rieur de la joue, offrant une alternative sans fum\u00e9e et \u00e0 action rapide aux m\u00e9thodes traditionnelles de consommation de cannabis.  <\/p>\n<h4>Caract\u00e9ristiques principales<\/h4>\n<ul>\n<li>Dosage pr\u00e9cis avec 8mg de CBN et 2mg de THC par bande pour des effets constants<\/li>\n<li>L&rsquo;absorption sublinguale rapide contourne le syst\u00e8me digestif pour une action plus rapide.<\/li>\n<li>Formulation sans sucre, sans noix, sans gluten et sans g\u00e9latine<\/li>\n<li>Bandelettes compactes et discr\u00e8tes avec ar\u00f4me naturel d&rsquo;huile de menthe poivr\u00e9e<\/li>\n<li>La technologie du cannabis micronis\u00e9 assure une distribution homog\u00e8ne des cannabino\u00efdes.<\/li>\n<\/ul>\n<h4>Profil aromatique et gustatif<\/h4>\n<p>Ces bandes ont une saveur de menthe fra\u00eeche et revigorante, renforc\u00e9e par de l&rsquo;huile naturelle de menthe poivr\u00e9e. L&rsquo;ar\u00f4me est subtilement menthol\u00e9, rendant chaque dose agr\u00e9able et rafra\u00eechissante. Le rapport CBN\/THC de 4:1 offre un profil cannabino\u00efde unique qui peut fournir des effets de relaxation am\u00e9lior\u00e9s par rapport aux produits \u00e0 base de THC uniquement.  <\/p>\n<h4>Pourquoi choisir les bandelettes sublinguales<\/h4>\n<p>Les bandelettes sublinguales offrent aux consommateurs de cannabis m\u00e9dical un dosage pr\u00e9cis avec une action plus rapide que les edibles traditionnels. La m\u00e9thode d&rsquo;absorption directe peut fournir des effets plus pr\u00e9visibles tout en \u00e9vitant la variabilit\u00e9 digestive commune \u00e0 d&rsquo;autres m\u00e9thodes de consommation. <\/p>\n<h4>Exp\u00e9dition dans tout le Canada<\/h4>\n<p>4:1 CBN THC Sublingual Strips - Mint est exp\u00e9di\u00e9 rapidement \u00e0 travers le Canada. Nous offrons la livraison gratuite pour toutes les commandes de plus de 150 $. Comme ces bandes ne contiennent pas de g\u00e9latine, elles conservent leur int\u00e9grit\u00e9 pendant le transport, quelles que soient les conditions de temp\u00e9rature.  <\/p>\n<h4>Avantages et couverture pour les anciens combattants<\/h4>\n<p>Ce produit est admissible \u00e0 la couverture d&rsquo;ACC (Anciens Combattants Canada) avec facturation directe par l&rsquo;entremise de la Croix Bleue, ce qui signifie que les anciens combattants admissibles n&rsquo;ont pas \u00e0 d\u00e9bourser d&rsquo;argent. Si vous n&rsquo;avez pas encore de carte de cannabis m\u00e9dical, vous pouvez <a href=\"https:\/\/mendomedical.ca\/fr\/carte-medicale\/\">obtenir votre carte m\u00e9dicale gratuite rapidement et facilement<\/a> pour acc\u00e9der \u00e0 ces avantages. <\/p>\n<p><strong>Ingr\u00e9dients :<\/strong> Pullulan, extrait de cannabis, glyc\u00e9rine, huile MCT, polysorbate 80, monool\u00e9ate de sorbitane, huile de menthe poivr\u00e9e, sulfone de dim\u00e9thyle.<\/p>\n<\/div>\n","protected":false},"featured_media":237226,"comment_status":"closed","ping_status":"closed","template":"","meta":{"_acf_changed":false,"site-sidebar-layout":"default","site-content-layout":"","ast-site-content-layout":"default","site-content-style":"default","site-sidebar-style":"default","ast-global-header-display":"","ast-banner-title-visibility":"","ast-main-header-display":"","ast-hfb-above-header-display":"","ast-hfb-below-header-display":"","ast-hfb-mobile-header-display":"","site-post-title":"","ast-breadcrumbs-content":"","ast-featured-img":"","footer-sml-layout":"","ast-disable-related-posts":"","theme-transparent-header-meta":"default","adv-header-id-meta":"","stick-header-meta":"","header-above-stick-meta":"","header-main-stick-meta":"","header-below-stick-meta":"","astra-migrate-meta-layouts":"set","ast-page-background-enabled":"default","ast-page-background-meta":{"desktop":{"background-color":"var(--ast-global-color-4)","background-image":"","background-repeat":"repeat","background-position":"center center","background-size":"auto","background-attachment":"scroll","background-type":"","background-media":"","overlay-type":"","overlay-color":"","overlay-opacity":"","overlay-gradient":""},"tablet":{"background-color":"","background-image":"","background-repeat":"repeat","background-position":"center center","background-size":"auto","background-attachment":"scroll","background-type":"","background-media":"","overlay-type":"","overlay-color":"","overlay-opacity":"","overlay-gradient":""},"mobile":{"background-color":"","background-image":"","background-repeat":"repeat","background-position":"center center","background-size":"auto","background-attachment":"scroll","background-type":"","background-media":"","overlay-type":"","overlay-color":"","overlay-opacity":"","overlay-gradient":""}},"ast-content-background-meta":{"desktop":{"background-color":"var(--ast-global-color-5)","background-image":"","background-repeat":"repeat","background-position":"center center","background-size":"auto","background-attachment":"scroll","background-type":"","background-media":"","overlay-type":"","overlay-color":"","overlay-opacity":"","overlay-gradient":""},"tablet":{"background-color":"var(--ast-global-color-5)","background-image":"","background-repeat":"repeat","background-position":"center center","background-size":"auto","background-attachment":"scroll","background-type":"","background-media":"","overlay-type":"","overlay-color":"","overlay-opacity":"","overlay-gradient":""},"mobile":{"background-color":"var(--ast-global-color-5)","background-image":"","background-repeat":"repeat","background-position":"center center","background-size":"auto","background-attachment":"scroll","background-type":"","background-media":"","overlay-type":"","overlay-color":"","overlay-opacity":"","overlay-gradient":""}}},"product_brand":[],"product_cat":[3825,1135,1128],"product_tag":[],"product_format_filter":[6511],"class_list":{"0":"post-237240","1":"product","2":"type-product","3":"status-publish","4":"has-post-thumbnail","6":"product_cat-cbd-minors-3-fr","7":"product_cat-sans-sucre","8":"product_cat-comestibles","9":"pa_cbn-8mg-fr","10":"pa_flavours-mint","11":"pa_format-10-unites","12":"pa_intensity-faible-thc","13":"pa_intensity-med-cbn-fr","14":"pa_marques-quickstrip-fr","15":"pa_origin-ontario-fr","16":"pa_thc-2mg-fr","17":"pa_type-de-plante-cbn-fr","18":"pa_type-de-plante-thc-fr","19":"product_format_filter-5units","20":"desktop-align-left","21":"tablet-align-left","22":"mobile-align-left","24":"first","25":"instock","26":"taxable","27":"shipping-taxable","28":"purchasable","29":"product-type-simple"},"group_of_quantity":0,"min_quantity":0,"max_quantity":"","exclude_order_quantity_value_rules":"no","exclude_category_quantity_rules":"no","combine_variations":"no","acf":[],"_links":{"self":[{"href":"https:\/\/mendomedical.ca\/fr\/wp-json\/wp\/v2\/product\/237240","targetHints":{"allow":["GET"]}}],"collection":[{"href":"https:\/\/mendomedical.ca\/fr\/wp-json\/wp\/v2\/product"}],"about":[{"href":"https:\/\/mendomedical.ca\/fr\/wp-json\/wp\/v2\/types\/product"}],"replies":[{"embeddable":true,"href":"https:\/\/mendomedical.ca\/fr\/wp-json\/wp\/v2\/comments?post=237240"}],"wp:featuredmedia":[{"embeddable":true,"href":"https:\/\/mendomedical.ca\/fr\/wp-json\/wp\/v2\/media\/237226"}],"wp:attachment":[{"href":"https:\/\/mendomedical.ca\/fr\/wp-json\/wp\/v2\/media?parent=237240"}],"wp:term":[{"taxonomy":"product_brand","embeddable":true,"href":"https:\/\/mendomedical.ca\/fr\/wp-json\/wp\/v2\/product_brand?post=237240"},{"taxonomy":"product_cat","embeddable":true,"href":"https:\/\/mendomedical.ca\/fr\/wp-json\/wp\/v2\/product_cat?post=237240"},{"taxonomy":"product_tag","embeddable":true,"href":"https:\/\/mendomedical.ca\/fr\/wp-json\/wp\/v2\/product_tag?post=237240"},{"taxonomy":"product_format_filter","embeddable":true,"href":"https:\/\/mendomedical.ca\/fr\/wp-json\/wp\/v2\/product_format_filter?post=237240"}],"curies":[{"name":"wp","href":"https:\/\/api.w.org\/{rel}","templated":true}]}}