{"id":237238,"date":"2024-01-05T11:20:23","date_gmt":"2024-01-05T16:20:23","guid":{"rendered":"https:\/\/mendomedical.ca\/product\/11-menthe\/"},"modified":"2026-03-05T11:06:28","modified_gmt":"2026-03-05T16:06:28","slug":"11-menthe","status":"publish","type":"product","link":"https:\/\/mendomedical.ca\/fr\/produit\/11-menthe\/","title":{"rendered":"Bandelettes sublinguales THC CBD 1:1 - Menthe"},"content":{"rendered":"","protected":false},"excerpt":{"rendered":"<div class=\"ExternalClass8FFC2D9237C841F7A1315682B7C2320A\">\n<h3>Bandelettes sublinguales THC CBD 1:1 - Menthe<\/h3>\n<p>Faites l&rsquo;exp\u00e9rience d&rsquo;un soulagement au cannabis \u00e0 action rapide avec les bandes sublinguales innovantes 1:1 THC CBD de QuickStrip, au go\u00fbt de menthe rafra\u00eechissant. Ces fines bandes dissolubles offrent une alternative sans fum\u00e9e qui d\u00e9livre des doses pr\u00e9cises de cannabino\u00efdes gr\u00e2ce \u00e0 une technologie avanc\u00e9e d&rsquo;absorption sublinguale. Elles sont parfaites pour les patients de cannabis m\u00e9dical qui recherchent des effets \u00e9quilibr\u00e9s avec une administration pratique et discr\u00e8te.  <\/p>\n<h4>Caract\u00e9ristiques principales<\/h4>\n<ul>\n<li>Rapport \u00e9quilibr\u00e9 de 1:1 entre le THC et le CBD (10 mg de CBD + 10 mg de THC) pour des effets th\u00e9rapeutiques.<\/li>\n<li>L&rsquo;absorption sublinguale rapide contourne le syst\u00e8me digestif pour une action plus rapide.<\/li>\n<li>Les mol\u00e9cules de cannabis micronis\u00e9es assurent une distribution uniforme et une biodisponibilit\u00e9 accrue.<\/li>\n<li>Formulation sans sucre, sans noix, sans gluten et sans g\u00e9latine<\/li>\n<li>Bandelettes compactes et inodores \u00e0 l&rsquo;ar\u00f4me naturel de menthe poivr\u00e9e<\/li>\n<\/ul>\n<h4>Profil aromatique et gustatif<\/h4>\n<p>Chaque bande pr\u00e9sente un ar\u00f4me subtil de menthe poivr\u00e9e qui se traduit par un go\u00fbt de menthe vif et rafra\u00eechissant lorsqu&rsquo;elle se dissout. L&rsquo;huile naturelle de menthe poivr\u00e9e compl\u00e8te parfaitement les nuances terreuses des cannabino\u00efdes, cr\u00e9ant une exp\u00e9rience gustative agr\u00e9able tout en masquant tout ar\u00f4me de cannabis. <\/p>\n<h4>Pourquoi choisir les bandelettes sublinguales ?<\/h4>\n<p>Les bandes sublinguales offrent aux patients de cannabis m\u00e9dical un dosage pr\u00e9cis avec des temps d&rsquo;action rapides, ce qui les rend id\u00e9ales pour ceux qui ont besoin d&rsquo;un soulagement rapide sans avoir \u00e0 fumer ou \u00e0 vaper. La m\u00e9thode d&rsquo;administration sublinguale peut offrir une plus grande biodisponibilit\u00e9 que les edibles traditionnels, tandis que le rapport THC:CBD \u00e9quilibr\u00e9 offre des avantages th\u00e9rapeutiques avec des effets psychoactifs potentiellement r\u00e9duits. <\/p>\n<h4>Exp\u00e9dition dans tout le Canada<\/h4>\n<p>Obtenez votre 1:1 THC CBD Sublingual Strips - Mint livr\u00e9 rapidement \u00e0 travers le Canada. Nous offrons une livraison gratuite pour toutes les commandes de plus de 150 $, assurant un acc\u00e8s pratique \u00e0 vos produits de cannabis m\u00e9dical dans tout le pays. <\/p>\n<h4>Avantages et couverture pour les anciens combattants<\/h4>\n<p>Bandelettes sublinguales de THC CBD 1:1 - La Monnaie est admissible \u00e0 la couverture d&rsquo;ACC (Anciens Combattants Canada) avec facturation directe par l&rsquo;entremise de la Croix Bleue, ce qui signifie que les anciens combattants admissibles n&rsquo;ont pas \u00e0 d\u00e9bourser d&rsquo;argent. Vous n&rsquo;avez pas encore votre carte de cannabis m\u00e9dical ? <a href=\"https:\/\/mendomedical.ca\/fr\/carte-medicale\/\">Obtenez votre carte m\u00e9dicale gratuite rapidement et facilement<\/a> pour acc\u00e9der aux avantages de la couverture. <\/p>\n<p><strong>Ingr\u00e9dients :<\/strong> Pullulan, extrait de cannabis, glyc\u00e9rine, huile MCT, polysorbate 80, monool\u00e9ate de sorbitane, huile de menthe poivr\u00e9e, sulfone de dim\u00e9thyle.<\/p>\n<\/div>\n","protected":false},"featured_media":237226,"comment_status":"closed","ping_status":"closed","template":"","meta":{"_acf_changed":false,"site-sidebar-layout":"default","site-content-layout":"","ast-site-content-layout":"default","site-content-style":"default","site-sidebar-style":"default","ast-global-header-display":"","ast-banner-title-visibility":"","ast-main-header-display":"","ast-hfb-above-header-display":"","ast-hfb-below-header-display":"","ast-hfb-mobile-header-display":"","site-post-title":"","ast-breadcrumbs-content":"","ast-featured-img":"","footer-sml-layout":"","ast-disable-related-posts":"","theme-transparent-header-meta":"default","adv-header-id-meta":"","stick-header-meta":"","header-above-stick-meta":"","header-main-stick-meta":"","header-below-stick-meta":"","astra-migrate-meta-layouts":"set","ast-page-background-enabled":"default","ast-page-background-meta":{"desktop":{"background-color":"var(--ast-global-color-4)","background-image":"","background-repeat":"repeat","background-position":"center center","background-size":"auto","background-attachment":"scroll","background-type":"","background-media":"","overlay-type":"","overlay-color":"","overlay-opacity":"","overlay-gradient":""},"tablet":{"background-color":"","background-image":"","background-repeat":"repeat","background-position":"center center","background-size":"auto","background-attachment":"scroll","background-type":"","background-media":"","overlay-type":"","overlay-color":"","overlay-opacity":"","overlay-gradient":""},"mobile":{"background-color":"","background-image":"","background-repeat":"repeat","background-position":"center center","background-size":"auto","background-attachment":"scroll","background-type":"","background-media":"","overlay-type":"","overlay-color":"","overlay-opacity":"","overlay-gradient":""}},"ast-content-background-meta":{"desktop":{"background-color":"var(--ast-global-color-5)","background-image":"","background-repeat":"repeat","background-position":"center center","background-size":"auto","background-attachment":"scroll","background-type":"","background-media":"","overlay-type":"","overlay-color":"","overlay-opacity":"","overlay-gradient":""},"tablet":{"background-color":"var(--ast-global-color-5)","background-image":"","background-repeat":"repeat","background-position":"center center","background-size":"auto","background-attachment":"scroll","background-type":"","background-media":"","overlay-type":"","overlay-color":"","overlay-opacity":"","overlay-gradient":""},"mobile":{"background-color":"var(--ast-global-color-5)","background-image":"","background-repeat":"repeat","background-position":"center center","background-size":"auto","background-attachment":"scroll","background-type":"","background-media":"","overlay-type":"","overlay-color":"","overlay-opacity":"","overlay-gradient":""}}},"product_brand":[],"product_cat":[3825,1135,1128],"product_tag":[],"product_format_filter":[],"class_list":{"0":"post-237238","1":"product","2":"type-product","3":"status-publish","4":"has-post-thumbnail","6":"product_cat-cbd-minors-3-fr","7":"product_cat-sans-sucre","8":"product_cat-comestibles","9":"pa_cbd-10mg-fr","10":"pa_flavours-mint","11":"pa_format-10-unites","12":"pa_intensity-faible-cbd","13":"pa_intensity-thc-moyen","14":"pa_marques-quickstrip-fr","15":"pa_origin-ontario-fr","16":"pa_thc-10mg-fr","17":"pa_type-de-plante-cbd-fr","18":"pa_type-de-plante-thc-fr","19":"desktop-align-left","20":"tablet-align-left","21":"mobile-align-left","23":"first","24":"instock","25":"taxable","26":"shipping-taxable","27":"purchasable","28":"product-type-simple"},"group_of_quantity":0,"min_quantity":0,"max_quantity":"","exclude_order_quantity_value_rules":"no","exclude_category_quantity_rules":"no","combine_variations":"no","acf":[],"_links":{"self":[{"href":"https:\/\/mendomedical.ca\/fr\/wp-json\/wp\/v2\/product\/237238","targetHints":{"allow":["GET"]}}],"collection":[{"href":"https:\/\/mendomedical.ca\/fr\/wp-json\/wp\/v2\/product"}],"about":[{"href":"https:\/\/mendomedical.ca\/fr\/wp-json\/wp\/v2\/types\/product"}],"replies":[{"embeddable":true,"href":"https:\/\/mendomedical.ca\/fr\/wp-json\/wp\/v2\/comments?post=237238"}],"wp:featuredmedia":[{"embeddable":true,"href":"https:\/\/mendomedical.ca\/fr\/wp-json\/wp\/v2\/media\/237226"}],"wp:attachment":[{"href":"https:\/\/mendomedical.ca\/fr\/wp-json\/wp\/v2\/media?parent=237238"}],"wp:term":[{"taxonomy":"product_brand","embeddable":true,"href":"https:\/\/mendomedical.ca\/fr\/wp-json\/wp\/v2\/product_brand?post=237238"},{"taxonomy":"product_cat","embeddable":true,"href":"https:\/\/mendomedical.ca\/fr\/wp-json\/wp\/v2\/product_cat?post=237238"},{"taxonomy":"product_tag","embeddable":true,"href":"https:\/\/mendomedical.ca\/fr\/wp-json\/wp\/v2\/product_tag?post=237238"},{"taxonomy":"product_format_filter","embeddable":true,"href":"https:\/\/mendomedical.ca\/fr\/wp-json\/wp\/v2\/product_format_filter?post=237238"}],"curies":[{"name":"wp","href":"https:\/\/api.w.org\/{rel}","templated":true}]}}