{"id":237217,"date":"2025-09-07T16:50:13","date_gmt":"2025-09-07T20:50:13","guid":{"rendered":"https:\/\/mendomedical.ca\/?post_type=product&#038;p=237217"},"modified":"2026-04-06T23:54:53","modified_gmt":"2026-04-07T03:54:53","slug":"alien-og-shatter-fr","status":"publish","type":"product","link":"https:\/\/mendomedical.ca\/fr\/produit\/alien-og-shatter-fr\/","title":{"rendered":"Alien OG Shatter"},"content":{"rendered":"","protected":false},"excerpt":{"rendered":"<div class=\"ExternalClass64EB03C906424888A3F4D91058750F85\">\n<h3>Alien OG Shatter de Spectre<\/h3>\n<h3>Terp\u00e8nes totaux : 2.49%<\/h3>\n<p>Faites l&rsquo;exp\u00e9rience d&rsquo;un shatter BHO de qualit\u00e9 sup\u00e9rieure avec Alien OG Shatter de Spectre, qui pr\u00e9sente 2,49 % de terp\u00e8nes totaux et une puissance de THC exceptionnelle. Ce concentr\u00e9 m\u00e9ticuleusement \u00e9labor\u00e9 offre une consistance semblable \u00e0 celle d&rsquo;un verre avec une clart\u00e9 et une force remarquables, parfait pour les utilisateurs exp\u00e9riment\u00e9s de concentr\u00e9 \u00e0 la recherche d&rsquo;effets fiables et d&rsquo;une valeur s\u00fbre.<\/p>\n<h4>Caract\u00e9ristiques principales<\/h4>\n<ul>\n<li>Shatter \u00e0 haute teneur en THC avec une teneur totale en terp\u00e8nes de 2,49%.<\/li>\n<li>Consistance jaune, semblable \u00e0 celle du verre, avec de petites bulles pour l&rsquo;attrait visuel<\/li>\n<li>Profil \u00e9pic\u00e9 et herbac\u00e9 compl\u00e9t\u00e9 par des notes d&rsquo;agrumes<\/li>\n<li>Profils terp\u00e9niques rotatifs entre 1 et 4 % par lot<\/li>\n<li>Effets enivrants, \u00e9nergie et cr\u00e9ativit\u00e9 accrues<\/li>\n<\/ul>\n<h4>Profil aromatique et gustatif<\/h4>\n<p>Alien OG Shatter offre une exp\u00e9rience sensorielle distinctive gr\u00e2ce \u00e0 sa base \u00e9pic\u00e9e et v\u00e9g\u00e9tale, magnifiquement \u00e9quilibr\u00e9e par de subtiles notes d&rsquo;agrumes. L&rsquo;ar\u00f4me refl\u00e8te le profil de saveur, offrant les m\u00eames notes \u00e9pic\u00e9es et herbac\u00e9es avec une touche rafra\u00eechissante d&rsquo;agrumes. Avec une teneur en terp\u00e8nes variant de 1 \u00e0 4 % selon les lots, chaque lot offre une qualit\u00e9 constante tout en conservant son profil caract\u00e9ristique.<\/p>\n<h4>Pourquoi choisir Shatter ?<\/h4>\n<p>Les concentr\u00e9s de shatter offrent aux patients de cannabis m\u00e9dical un contr\u00f4le pr\u00e9cis du dosage et une apparition rapide des effets. Leur puissance \u00e9lev\u00e9e permet d&rsquo;utiliser des doses plus faibles pour obtenir les r\u00e9sultats souhait\u00e9s, ce qui en fait un choix \u00e9conomique pour les utilisateurs r\u00e9guliers.<\/p>\n<h4>Exp\u00e9dition dans tout le Canada<\/h4>\n<p>Alien OG Shatter est exp\u00e9di\u00e9 rapidement \u00e0 travers le Canada avec une livraison gratuite pour les commandes de plus de 150 $. Nous assurons un emballage s\u00e9curitaire afin de pr\u00e9server l&rsquo;int\u00e9grit\u00e9 du produit pendant le transport jusqu&rsquo;\u00e0 votre lieu de r\u00e9sidence.<\/p>\n<h4>Avantages et couverture pour les anciens combattants<\/h4>\n<p>Alien OG Shatter est admissible \u00e0 la couverture d&rsquo;ACC (Anciens Combattants Canada) avec facturation directe par la Croix Bleue, ce qui \u00e9limine les frais \u00e0 la charge des anciens combattants admissibles. Si vous n&rsquo;avez pas encore votre autorisation de cannabis m\u00e9dical, <a href=\"https:\/\/mendomedical.ca\/fr\/carte-medicale\/\">obtenez votre carte m\u00e9dicale gratuite rapidement et facilement<\/a>.<\/p>\n<div><b>Ingr\u00e9dients<\/b><br \/>\nExtrait de cannabis.<\/div>\n<\/div>\n","protected":false},"featured_media":237221,"comment_status":"closed","ping_status":"closed","template":"","meta":{"_acf_changed":false,"site-sidebar-layout":"default","site-content-layout":"","ast-site-content-layout":"default","site-content-style":"default","site-sidebar-style":"default","ast-global-header-display":"","ast-banner-title-visibility":"","ast-main-header-display":"","ast-hfb-above-header-display":"","ast-hfb-below-header-display":"","ast-hfb-mobile-header-display":"","site-post-title":"","ast-breadcrumbs-content":"","ast-featured-img":"","footer-sml-layout":"","ast-disable-related-posts":"","theme-transparent-header-meta":"default","adv-header-id-meta":"","stick-header-meta":"","header-above-stick-meta":"","header-main-stick-meta":"","header-below-stick-meta":"","astra-migrate-meta-layouts":"set","ast-page-background-enabled":"default","ast-page-background-meta":{"desktop":{"background-color":"var(--ast-global-color-4)","background-image":"","background-repeat":"repeat","background-position":"center center","background-size":"auto","background-attachment":"scroll","background-type":"","background-media":"","overlay-type":"","overlay-color":"","overlay-opacity":"","overlay-gradient":""},"tablet":{"background-color":"","background-image":"","background-repeat":"repeat","background-position":"center center","background-size":"auto","background-attachment":"scroll","background-type":"","background-media":"","overlay-type":"","overlay-color":"","overlay-opacity":"","overlay-gradient":""},"mobile":{"background-color":"","background-image":"","background-repeat":"repeat","background-position":"center center","background-size":"auto","background-attachment":"scroll","background-type":"","background-media":"","overlay-type":"","overlay-color":"","overlay-opacity":"","overlay-gradient":""}},"ast-content-background-meta":{"desktop":{"background-color":"var(--ast-global-color-5)","background-image":"","background-repeat":"repeat","background-position":"center center","background-size":"auto","background-attachment":"scroll","background-type":"","background-media":"","overlay-type":"","overlay-color":"","overlay-opacity":"","overlay-gradient":""},"tablet":{"background-color":"var(--ast-global-color-5)","background-image":"","background-repeat":"repeat","background-position":"center center","background-size":"auto","background-attachment":"scroll","background-type":"","background-media":"","overlay-type":"","overlay-color":"","overlay-opacity":"","overlay-gradient":""},"mobile":{"background-color":"var(--ast-global-color-5)","background-image":"","background-repeat":"repeat","background-position":"center center","background-size":"auto","background-attachment":"scroll","background-type":"","background-media":"","overlay-type":"","overlay-color":"","overlay-opacity":"","overlay-gradient":""}}},"product_brand":[],"product_cat":[1127,1118],"product_tag":[],"product_format_filter":[6439],"class_list":{"0":"post-237217","1":"product","2":"type-product","3":"status-publish","4":"has-post-thumbnail","6":"product_cat-shatter-fr","7":"product_cat-concentres","8":"pa_flavours-agrume","9":"pa_flavours-pimenter","10":"pa_flavours-a-base-de-plantes","11":"pa_format-1-x-1-2g-fr","12":"pa_intensity-thc-eleve","13":"pa_marques-spectre-fr","14":"pa_origin-colombie-britannique-fr","15":"pa_thc-73-3","16":"pa_type-de-plante-hybride-fr","17":"pa_type-de-plante-thc-fr","18":"product_format_filter-1-2g","19":"desktop-align-left","20":"tablet-align-left","21":"mobile-align-left","23":"first","24":"outofstock","25":"taxable","26":"shipping-taxable","27":"purchasable","28":"product-type-simple"},"group_of_quantity":0,"min_quantity":0,"max_quantity":"","exclude_order_quantity_value_rules":"no","exclude_category_quantity_rules":"no","combine_variations":"no","acf":[],"_links":{"self":[{"href":"https:\/\/mendomedical.ca\/fr\/wp-json\/wp\/v2\/product\/237217","targetHints":{"allow":["GET"]}}],"collection":[{"href":"https:\/\/mendomedical.ca\/fr\/wp-json\/wp\/v2\/product"}],"about":[{"href":"https:\/\/mendomedical.ca\/fr\/wp-json\/wp\/v2\/types\/product"}],"replies":[{"embeddable":true,"href":"https:\/\/mendomedical.ca\/fr\/wp-json\/wp\/v2\/comments?post=237217"}],"wp:featuredmedia":[{"embeddable":true,"href":"https:\/\/mendomedical.ca\/fr\/wp-json\/wp\/v2\/media\/237221"}],"wp:attachment":[{"href":"https:\/\/mendomedical.ca\/fr\/wp-json\/wp\/v2\/media?parent=237217"}],"wp:term":[{"taxonomy":"product_brand","embeddable":true,"href":"https:\/\/mendomedical.ca\/fr\/wp-json\/wp\/v2\/product_brand?post=237217"},{"taxonomy":"product_cat","embeddable":true,"href":"https:\/\/mendomedical.ca\/fr\/wp-json\/wp\/v2\/product_cat?post=237217"},{"taxonomy":"product_tag","embeddable":true,"href":"https:\/\/mendomedical.ca\/fr\/wp-json\/wp\/v2\/product_tag?post=237217"},{"taxonomy":"product_format_filter","embeddable":true,"href":"https:\/\/mendomedical.ca\/fr\/wp-json\/wp\/v2\/product_format_filter?post=237217"}],"curies":[{"name":"wp","href":"https:\/\/api.w.org\/{rel}","templated":true}]}}