{"id":236325,"date":"2025-06-16T05:30:13","date_gmt":"2025-06-16T09:30:13","guid":{"rendered":"https:\/\/mendomedical.ca\/?post_type=product&#038;p=236325"},"modified":"2026-04-05T15:46:47","modified_gmt":"2026-04-05T19:46:47","slug":"frost-isolat-cristallin-de-thca","status":"publish","type":"product","link":"https:\/\/mendomedical.ca\/fr\/produit\/frost-isolat-cristallin-de-thca\/","title":{"rendered":"Frost - Isolat cristallin de THCa"},"content":{"rendered":"","protected":false},"excerpt":{"rendered":"<div class=\"Qr7Oae\" role=\"listitem\">\n<div class=\"OxAavc NVbRL\" data-required=\"true\" data-item-id=\"323164731\">\n<div class=\"Ih4Dzb\">\n<div class=\"q4tvle JqSWld yqQS1\" tabindex=\"0\" role=\"textbox\" aria-label=\"Short Product Description&lt;br&gt;Give a brief overall description of the product&lt;br&gt;ex: Indulge your senses in the harmonious symphony of LA Kush Cake and Lindsay OG, two iconic strains seamlessly blended to create a truly extraordinary hybrid cannabis flower. This meticulously cultivated masterpiece boasts a mesmerizing combination of aromas, flavors, and effects that will elevate your cannabis experience to new heights.\" aria-disabled=\"true\"><strong>Le Frost de BC Weed Co est la solution parfaite pour am\u00e9liorer tous vos produits de cannabis pr\u00e9f\u00e9r\u00e9s. Qu&rsquo;il s&rsquo;agisse d&rsquo;infuser vos propres pr\u00e9-rouleaux ou de doubler vos extraits pr\u00e9f\u00e9r\u00e9s, le Frost vous couvre. Cet isolat de THCa pur \u00e0 99% est d\u00e9pourvu de toute saveur ou impuret\u00e9. Pur comme la neige, le frost \u00e9l\u00e8vera votre cannabis \u00e0 un niveau sup\u00e9rieur. Accrochez-vous \u00e0 votre si\u00e8ge, la navette est sur le point de d\u00e9coller ! <\/strong><\/div>\n<div tabindex=\"0\" role=\"textbox\" aria-label=\"Short Product Description&lt;br&gt;Give a brief overall description of the product&lt;br&gt;ex: Indulge your senses in the harmonious symphony of LA Kush Cake and Lindsay OG, two iconic strains seamlessly blended to create a truly extraordinary hybrid cannabis flower. This meticulously cultivated masterpiece boasts a mesmerizing combination of aromas, flavors, and effects that will elevate your cannabis experience to new heights.\" aria-disabled=\"true\"><\/div>\n<\/div>\n<\/div>\n<\/div>\n<div class=\"Qr7Oae\" role=\"listitem\">\n<div class=\"OxAavc NVbRL\" data-required=\"true\" data-item-id=\"354084832\">\n<div class=\"pYfr3c\">\n<div class=\"prOLdf\">\n<div class=\"g53bl\">\n<h5 class=\"cTDvob D1wxyf RjsPE\" role=\"heading\" aria-level=\"3\" aria-describedby=\"i.desc.354084832 c3024\">Aspect Visuel:<\/h5>\n<p>Frost se pr\u00e9sente comme un lit \u00e9tincelant de cristaux blancs comme neige, avec une texture fine comme un diamant qui brille sous la lumi\u00e8re. Son aspect pur et vitreux est le signe d&rsquo;une puissance et d&rsquo;un raffinement tr\u00e8s \u00e9lev\u00e9s - propre et brillant.<\/p>\n<\/div>\n<h5><\/h5>\n<h5>Profil des cannabino\u00efdes et des terp\u00e8nes :<\/h5>\n<p>Frost THCa Isolate pr\u00e9sente un profil cannabino\u00efde exceptionnellement pur, avec 99,74 % de THCa et des niveaux non d\u00e9tectables de THC, de CBD et d&rsquo;autres cannabino\u00efdes avant la d\u00e9carboxylation. En tant qu&rsquo;isolat cristallin raffin\u00e9, il ne contient pas de terp\u00e8nes d\u00e9tectables, ce qui en fait un additif neutre id\u00e9al pour am\u00e9liorer la puissance sans alt\u00e9rer la saveur ou l&rsquo;ar\u00f4me. Tous les lots satisfont aux normes de Sant\u00e9 Canada en mati\u00e8re de solvants r\u00e9siduels, de microbes, de mycotoxines, de pesticides et de m\u00e9taux lourds, ce qui garantit un produit propre et conforme \u00e0 chaque fois.<\/p>\n<p>&nbsp;<\/p>\n<h5>Effets :<\/h5>\n<p>En tant que produit \u00e0 base de THCa pur, Frost ne produit aucun effet psychoactif jusqu&rsquo;\u00e0 ce qu&rsquo;il soit chauff\u00e9. Une fois d\u00e9carboxyl\u00e9 - en le fumant, en le vaporisant ou en le tamponnant - il se transforme en THC et produit un effet puissant et rapide, adapt\u00e9 \u00e0 la fleur ou \u00e0 l&rsquo;extrait avec lequel il est combin\u00e9. Id\u00e9al pour ceux qui recherchent une puissance personnalisable, Frost peut amplifier l&rsquo;euphorie, la relaxation ou la concentration de n&rsquo;importe quelle session, en fonction de la fa\u00e7on dont il est utilis\u00e9. Attendez-vous \u00e0 une intensit\u00e9 nette et imm\u00e9diate sans saveur ajout\u00e9e ni influence terp\u00e9nique.<\/p>\n<h5><\/h5>\n<h5>Ce que les patients disent de ce produit :<\/h5>\n<p>Les patients rapportent que Frost THCa Isolate offre une option hautement personnalisable pour g\u00e9rer des sympt\u00f4mes tels que la douleur chronique, l&rsquo;inflammation et les conditions li\u00e9es au stress, en particulier lorsqu&rsquo;il est ajout\u00e9 \u00e0 leur fleur ou concentr\u00e9 pr\u00e9f\u00e9r\u00e9. Beaucoup appr\u00e9cient le profil propre et sans terp\u00e8nes pour sa polyvalence, ce qui leur permet de le m\u00e9langer avec des vari\u00e9t\u00e9s sp\u00e9cifiques pour cibler la concentration pendant la journ\u00e9e ou la relaxation pendant la nuit. Sa grande puret\u00e9 et sa puissance en font un choix de premier ordre pour les utilisateurs m\u00e9dicaux exp\u00e9riment\u00e9s qui recherchent des effets puissants avec un contr\u00f4le pr\u00e9cis du dosage.<\/p>\n<\/div>\n<\/div>\n<\/div>\n<\/div>\n","protected":false},"featured_media":236330,"comment_status":"closed","ping_status":"closed","template":"","meta":{"_acf_changed":false,"site-sidebar-layout":"default","site-content-layout":"","ast-site-content-layout":"default","site-content-style":"default","site-sidebar-style":"default","ast-global-header-display":"","ast-banner-title-visibility":"","ast-main-header-display":"","ast-hfb-above-header-display":"","ast-hfb-below-header-display":"","ast-hfb-mobile-header-display":"","site-post-title":"","ast-breadcrumbs-content":"","ast-featured-img":"","footer-sml-layout":"","ast-disable-related-posts":"","theme-transparent-header-meta":"default","adv-header-id-meta":"","stick-header-meta":"","header-above-stick-meta":"","header-main-stick-meta":"","header-below-stick-meta":"","astra-migrate-meta-layouts":"set","ast-page-background-enabled":"default","ast-page-background-meta":{"desktop":{"background-color":"var(--ast-global-color-4)","background-image":"","background-repeat":"repeat","background-position":"center center","background-size":"auto","background-attachment":"scroll","background-type":"","background-media":"","overlay-type":"","overlay-color":"","overlay-opacity":"","overlay-gradient":""},"tablet":{"background-color":"","background-image":"","background-repeat":"repeat","background-position":"center center","background-size":"auto","background-attachment":"scroll","background-type":"","background-media":"","overlay-type":"","overlay-color":"","overlay-opacity":"","overlay-gradient":""},"mobile":{"background-color":"","background-image":"","background-repeat":"repeat","background-position":"center center","background-size":"auto","background-attachment":"scroll","background-type":"","background-media":"","overlay-type":"","overlay-color":"","overlay-opacity":"","overlay-gradient":""}},"ast-content-background-meta":{"desktop":{"background-color":"var(--ast-global-color-5)","background-image":"","background-repeat":"repeat","background-position":"center center","background-size":"auto","background-attachment":"scroll","background-type":"","background-media":"","overlay-type":"","overlay-color":"","overlay-opacity":"","overlay-gradient":""},"tablet":{"background-color":"var(--ast-global-color-5)","background-image":"","background-repeat":"repeat","background-position":"center center","background-size":"auto","background-attachment":"scroll","background-type":"","background-media":"","overlay-type":"","overlay-color":"","overlay-opacity":"","overlay-gradient":""},"mobile":{"background-color":"var(--ast-global-color-5)","background-image":"","background-repeat":"repeat","background-position":"center center","background-size":"auto","background-attachment":"scroll","background-type":"","background-media":"","overlay-type":"","overlay-color":"","overlay-opacity":"","overlay-gradient":""}}},"product_brand":[],"product_cat":[1120,1123,1118],"product_tag":[],"product_format_filter":[6369],"class_list":{"0":"post-236325","1":"product","2":"type-product","3":"status-publish","4":"has-post-thumbnail","6":"product_cat-diamants","7":"product_cat-poudres-disolate","8":"product_cat-concentres","9":"pa_intensity-thc-eleve","10":"pa_marques-bc-weed-co-fr","11":"pa_origin-colombie-britannique-fr","12":"pa_type-de-plante-thc-fr","13":"product_format_filter-1g","14":"desktop-align-left","15":"tablet-align-left","16":"mobile-align-left","18":"first","19":"instock","20":"taxable","21":"shipping-taxable","22":"purchasable","23":"product-type-simple"},"group_of_quantity":0,"min_quantity":0,"max_quantity":"","exclude_order_quantity_value_rules":"no","exclude_category_quantity_rules":"no","combine_variations":"no","acf":[],"_links":{"self":[{"href":"https:\/\/mendomedical.ca\/fr\/wp-json\/wp\/v2\/product\/236325","targetHints":{"allow":["GET"]}}],"collection":[{"href":"https:\/\/mendomedical.ca\/fr\/wp-json\/wp\/v2\/product"}],"about":[{"href":"https:\/\/mendomedical.ca\/fr\/wp-json\/wp\/v2\/types\/product"}],"replies":[{"embeddable":true,"href":"https:\/\/mendomedical.ca\/fr\/wp-json\/wp\/v2\/comments?post=236325"}],"wp:featuredmedia":[{"embeddable":true,"href":"https:\/\/mendomedical.ca\/fr\/wp-json\/wp\/v2\/media\/236330"}],"wp:attachment":[{"href":"https:\/\/mendomedical.ca\/fr\/wp-json\/wp\/v2\/media?parent=236325"}],"wp:term":[{"taxonomy":"product_brand","embeddable":true,"href":"https:\/\/mendomedical.ca\/fr\/wp-json\/wp\/v2\/product_brand?post=236325"},{"taxonomy":"product_cat","embeddable":true,"href":"https:\/\/mendomedical.ca\/fr\/wp-json\/wp\/v2\/product_cat?post=236325"},{"taxonomy":"product_tag","embeddable":true,"href":"https:\/\/mendomedical.ca\/fr\/wp-json\/wp\/v2\/product_tag?post=236325"},{"taxonomy":"product_format_filter","embeddable":true,"href":"https:\/\/mendomedical.ca\/fr\/wp-json\/wp\/v2\/product_format_filter?post=236325"}],"curies":[{"name":"wp","href":"https:\/\/api.w.org\/{rel}","templated":true}]}}