{"id":236300,"date":"2025-09-17T16:00:29","date_gmt":"2025-09-17T20:00:29","guid":{"rendered":"https:\/\/mendomedical.ca\/?post_type=product&#038;p=236300"},"modified":"2026-03-12T21:03:12","modified_gmt":"2026-03-13T01:03:12","slug":"fruit-loopz-fr","status":"publish","type":"product","link":"https:\/\/mendomedical.ca\/fr\/produit\/fruit-loopz-fr\/","title":{"rendered":"Fruit Loopz"},"content":{"rendered":"","protected":false},"excerpt":{"rendered":"<div class=\"ExternalClassEB69645174624CBE945BDD3F5D19FD1E\">\n<h3>Fruit Loopz de Simply Bare Organic<\/h3>\n<h3>Terp\u00e8nes totaux : 3,7%.<\/h3>\n<p>D\u00e9couvrez la qualit\u00e9 exceptionnelle de la Fruit Loopz de Simply Bare Organic, un hybride \u00e0 dominante sativa certifi\u00e9 FVOPA qui offre un profil terp\u00e9nique impressionnant de 3,7 %. Cette fleur de qualit\u00e9 sup\u00e9rieure combine les g\u00e9n\u00e9tiques l\u00e9gendaires de Blue Dream et de White Widow, cr\u00e9ant une exp\u00e9rience de cannabis savoureuse, cultiv\u00e9e avec une attention m\u00e9ticuleuse aux pratiques de culture biologique. Cultiv\u00e9e dans un sol vivant et soigneusement s\u00e9ch\u00e9e en suspension, Fruit Loopz repr\u00e9sente le summum de la culture artisanale du cannabis.  <\/p>\n<h4>Caract\u00e9ristiques principales<\/h4>\n<ul>\n<li>Hybride \u00e0 dominance sativa certifi\u00e9 biologique par l&rsquo;OSAV avec 3,7 % de terp\u00e8nes totaux.<\/li>\n<li>G\u00e9n\u00e9tique de qualit\u00e9 sup\u00e9rieure combinant la lign\u00e9e Blue Dream x White Widow<\/li>\n<li>Cultiv\u00e9 dans un sol organique vivant pour un d\u00e9veloppement optimal des cannabino\u00efdes et des terp\u00e8nes.<\/li>\n<li>Par\u00e9s \u00e0 la main et s\u00e9ch\u00e9s lentement pour pr\u00e9server l&rsquo;int\u00e9grit\u00e9 des trichomes.<\/li>\n<li>Cultiv\u00e9 en serre en Colombie-Britannique selon des pratiques durables<\/li>\n<\/ul>\n<h4>Profil aromatique et gustatif<\/h4>\n<p>Fruit Loopz offre une exp\u00e9rience sensorielle qui met l&rsquo;eau \u00e0 la bouche gr\u00e2ce \u00e0 son profil terp\u00e9nique distinctif. La vari\u00e9t\u00e9 se caract\u00e9rise par des notes de baies et d&rsquo;agrumes pro\u00e9minentes, compl\u00e9t\u00e9es par un caract\u00e8re fruit\u00e9 g\u00e9n\u00e9ral. Avec 3,7 % de terp\u00e8nes totaux, ce cultivar offre un profil aromatique robuste et complexe qui le distingue v\u00e9ritablement. Le processus de culture et de s\u00e9chage minutieux garantit la pr\u00e9servation de ces ar\u00f4mes d\u00e9licats, de la r\u00e9colte \u00e0 la consommation.   <\/p>\n<h4>Pourquoi choisir All Flower<\/h4>\n<p>Les produits \u00e0 base de fleurs enti\u00e8res comme Fruit Loopz offrent aux utilisateurs m\u00e9dicaux le spectre complet des cannabino\u00efdes et des terp\u00e8nes \u00e0 l&rsquo;\u00e9tat naturel. Ce format permet aux patients de personnaliser leur dosage et leur m\u00e9thode de consommation tout en b\u00e9n\u00e9ficiant de l&rsquo;effet d&rsquo;entourage complet qui peut r\u00e9pondre \u00e0 divers besoins th\u00e9rapeutiques. <\/p>\n<h4>Exp\u00e9dition dans tout le Canada<\/h4>\n<p>Fruit Loopz livre rapidement \u00e0 travers le Canada, assurant la livraison de produits frais \u00e0 votre porte. Nous offrons une livraison gratuite pour toutes les commandes de plus de 150 $, ce qui rend l&rsquo;acc\u00e8s \u00e0 votre cannabis m\u00e9dical pratique et abordable. <\/p>\n<h4>Avantages et couverture pour les anciens combattants<\/h4>\n<p>Fruit Loopz est admissible \u00e0 la couverture d&rsquo;ACC (Anciens Combattants Canada) et \u00e0 la facturation directe par l&rsquo;entremise de la Croix Bleue, ce qui signifie que les anciens combattants admissibles n&rsquo;ont pas \u00e0 d\u00e9bourser d&rsquo;argent. Si vous n&rsquo;avez pas encore votre carte de cannabis m\u00e9dical, vous pouvez <a href=\"https:\/\/mendomedical.ca\/fr\/carte-medicale\/\">obtenir votre carte m\u00e9dicale gratuite rapidement et facilement<\/a> pour acc\u00e9der \u00e0 ces avantages. <\/p>\n<\/div>\n","protected":false},"featured_media":236411,"comment_status":"closed","ping_status":"closed","template":"","meta":{"_acf_changed":false,"site-sidebar-layout":"default","site-content-layout":"","ast-site-content-layout":"default","site-content-style":"default","site-sidebar-style":"default","ast-global-header-display":"","ast-banner-title-visibility":"","ast-main-header-display":"","ast-hfb-above-header-display":"","ast-hfb-below-header-display":"","ast-hfb-mobile-header-display":"","site-post-title":"","ast-breadcrumbs-content":"","ast-featured-img":"","footer-sml-layout":"","ast-disable-related-posts":"","theme-transparent-header-meta":"default","adv-header-id-meta":"","stick-header-meta":"","header-above-stick-meta":"","header-main-stick-meta":"","header-below-stick-meta":"","astra-migrate-meta-layouts":"set","ast-page-background-enabled":"default","ast-page-background-meta":{"desktop":{"background-color":"var(--ast-global-color-4)","background-image":"","background-repeat":"repeat","background-position":"center center","background-size":"auto","background-attachment":"scroll","background-type":"","background-media":"","overlay-type":"","overlay-color":"","overlay-opacity":"","overlay-gradient":""},"tablet":{"background-color":"","background-image":"","background-repeat":"repeat","background-position":"center center","background-size":"auto","background-attachment":"scroll","background-type":"","background-media":"","overlay-type":"","overlay-color":"","overlay-opacity":"","overlay-gradient":""},"mobile":{"background-color":"","background-image":"","background-repeat":"repeat","background-position":"center center","background-size":"auto","background-attachment":"scroll","background-type":"","background-media":"","overlay-type":"","overlay-color":"","overlay-opacity":"","overlay-gradient":""}},"ast-content-background-meta":{"desktop":{"background-color":"var(--ast-global-color-5)","background-image":"","background-repeat":"repeat","background-position":"center center","background-size":"auto","background-attachment":"scroll","background-type":"","background-media":"","overlay-type":"","overlay-color":"","overlay-opacity":"","overlay-gradient":""},"tablet":{"background-color":"var(--ast-global-color-5)","background-image":"","background-repeat":"repeat","background-position":"center center","background-size":"auto","background-attachment":"scroll","background-type":"","background-media":"","overlay-type":"","overlay-color":"","overlay-opacity":"","overlay-gradient":""},"mobile":{"background-color":"var(--ast-global-color-5)","background-image":"","background-repeat":"repeat","background-position":"center center","background-size":"auto","background-attachment":"scroll","background-type":"","background-media":"","overlay-type":"","overlay-color":"","overlay-opacity":"","overlay-gradient":""}}},"product_brand":[],"product_cat":[1137],"product_tag":[],"product_format_filter":[6373],"class_list":{"0":"post-236300","1":"product","2":"type-product","3":"status-publish","4":"has-post-thumbnail","6":"product_cat-fleur","7":"pa_flavours-agrume","8":"pa_flavours-baies","9":"pa_flavours-fruite","10":"pa_intensity-thc-eleve","11":"pa_marques-simply-bare-organic-fr","12":"pa_origin-colombie-britannique-fr","13":"pa_packaging-date-02-04-2026","14":"pa_prix-par-gramme-9-28-fr","15":"pa_profil-terpene-caryophyllene","16":"pa_profil-terpene-limonene-fr","17":"pa_profil-terpene-myrcene","18":"pa_profil-terpene-pinene-fr","19":"pa_type-de-plante-hybride-fr","20":"product_format_filter-7g","21":"desktop-align-left","22":"tablet-align-left","23":"mobile-align-left","25":"first","26":"outofstock","27":"taxable","28":"shipping-taxable","29":"purchasable","30":"product-type-simple"},"group_of_quantity":0,"min_quantity":0,"max_quantity":"","exclude_order_quantity_value_rules":"no","exclude_category_quantity_rules":"no","combine_variations":"no","acf":[],"_links":{"self":[{"href":"https:\/\/mendomedical.ca\/fr\/wp-json\/wp\/v2\/product\/236300","targetHints":{"allow":["GET"]}}],"collection":[{"href":"https:\/\/mendomedical.ca\/fr\/wp-json\/wp\/v2\/product"}],"about":[{"href":"https:\/\/mendomedical.ca\/fr\/wp-json\/wp\/v2\/types\/product"}],"replies":[{"embeddable":true,"href":"https:\/\/mendomedical.ca\/fr\/wp-json\/wp\/v2\/comments?post=236300"}],"wp:featuredmedia":[{"embeddable":true,"href":"https:\/\/mendomedical.ca\/fr\/wp-json\/wp\/v2\/media\/236411"}],"wp:attachment":[{"href":"https:\/\/mendomedical.ca\/fr\/wp-json\/wp\/v2\/media?parent=236300"}],"wp:term":[{"taxonomy":"product_brand","embeddable":true,"href":"https:\/\/mendomedical.ca\/fr\/wp-json\/wp\/v2\/product_brand?post=236300"},{"taxonomy":"product_cat","embeddable":true,"href":"https:\/\/mendomedical.ca\/fr\/wp-json\/wp\/v2\/product_cat?post=236300"},{"taxonomy":"product_tag","embeddable":true,"href":"https:\/\/mendomedical.ca\/fr\/wp-json\/wp\/v2\/product_tag?post=236300"},{"taxonomy":"product_format_filter","embeddable":true,"href":"https:\/\/mendomedical.ca\/fr\/wp-json\/wp\/v2\/product_format_filter?post=236300"}],"curies":[{"name":"wp","href":"https:\/\/api.w.org\/{rel}","templated":true}]}}