{"id":236191,"date":"2025-09-17T16:05:08","date_gmt":"2025-09-17T20:05:08","guid":{"rendered":"https:\/\/mendomedical.ca\/?post_type=product&#038;p=236191"},"modified":"2026-02-18T15:18:34","modified_gmt":"2026-02-18T20:18:34","slug":"lime-mjito-fr","status":"publish","type":"product","link":"https:\/\/mendomedical.ca\/fr\/produit\/lime-mjito-fr\/","title":{"rendered":"Lime M&rsquo;jito"},"content":{"rendered":"","protected":false},"excerpt":{"rendered":"<div class=\"ExternalClassFC43F9ECA4F948C1B88EF7E1F4B41AEE\">\n<h3>Lime M&rsquo;jito de Simply Bare Organic<\/h3>\n<h3>Terp\u00e8nes totaux : 2,91%.<\/h3>\n<p>D\u00e9couvrez Lime M&rsquo;jito, une fleur de qualit\u00e9 sup\u00e9rieure \u00e0 tendance sativa de Simply Bare Organic, qui offre une exp\u00e9rience de cannabis exceptionnelle aux accents d&rsquo;agrumes. Cette vari\u00e9t\u00e9 cultiv\u00e9e avec soin combine les g\u00e9n\u00e9tiques des cultivars Limegerian et Orange Blossom Trail, ce qui donne une fleur vibrante qui pr\u00e9sente diverses nuances de cocottes vertes g\u00e9n\u00e9reusement givr\u00e9es de trichomes et accentu\u00e9es par des pistils orange vif. <\/p>\n<h4>Caract\u00e9ristiques principales<\/h4>\n<ul>\n<li>Fleur de type sativa avec 2,73 % de terp\u00e8nes totaux pour un profil aromatique robuste.<\/li>\n<li>S\u00e9lectionn\u00e9 de mani\u00e8re experte \u00e0 partir de cultivars Limegerian et Orange Blossom Trail<\/li>\n<li>Cultiv\u00e9 biologiquement par Simply Bare Organic pour une qualit\u00e9 sup\u00e9rieure<\/li>\n<li>Des cocottes visuellement frappantes avec de multiples teintes vertes et une couverture de trichomes givr\u00e9e.<\/li>\n<li>Pistils orange vif distinctifs sur l&rsquo;ensemble de la fleur<\/li>\n<\/ul>\n<h4>Profil aromatique et gustatif<\/h4>\n<p>Lime M&rsquo;jito offre une exp\u00e9rience sensorielle complexe domin\u00e9e par de puissants ar\u00f4mes de citron vert qui \u00e9veillent imm\u00e9diatement les sens. Ces notes vibrantes d&rsquo;agrumes sont magnifiquement \u00e9quilibr\u00e9es par des nuances florales et des \u00e9l\u00e9ments terreux. Avec une teneur totale en terp\u00e8nes de 2,73 %, cette fleur offre un profil aromatique cors\u00e9 qui am\u00e9liore l&rsquo;exp\u00e9rience globale du cannabis.  <\/p>\n<h4>Pourquoi choisir All Flower Products<\/h4>\n<p>Les produits \u00e0 base de fleurs enti\u00e8res offrent aux consommateurs de cannabis m\u00e9dical un maximum de flexibilit\u00e9 et de contr\u00f4le sur leurs m\u00e9thodes de dosage et de consommation. La fleur permet un contr\u00f4le pr\u00e9cis des portions et peut \u00eatre utilis\u00e9e de diff\u00e9rentes mani\u00e8res pour r\u00e9pondre aux besoins th\u00e9rapeutiques et aux pr\u00e9f\u00e9rences de chacun. <\/p>\n<h4>Exp\u00e9dition dans tout le Canada<\/h4>\n<p>Lime M&rsquo;jito exp\u00e9die rapidement \u00e0 travers le Canada, assurant la livraison de produits frais \u00e0 votre porte. Nous offrons la livraison gratuite pour toutes les commandes de plus de 150 $, ce qui vous permet de faire des r\u00e9serves de vos produits de cannabis m\u00e9dical pr\u00e9f\u00e9r\u00e9s. <\/p>\n<h4>Avantages et couverture pour les anciens combattants<\/h4>\n<p>Lime M&rsquo;jito est admissible \u00e0 la couverture d&rsquo;ACC (Anciens Combattants Canada) et prend en charge la facturation directe par l&rsquo;interm\u00e9diaire de la Croix Bleue, ce qui signifie qu&rsquo;il n&rsquo;y a pas de frais \u00e0 d\u00e9bourser pour les anciens combattants admissibles. Si vous n&rsquo;avez pas encore votre carte de cannabis m\u00e9dical, vous pouvez <a href=\"https:\/\/mendomedical.ca\/fr\/carte-medicale\/\">obtenir votre carte m\u00e9dicale gratuite rapidement et facilement<\/a> pour acc\u00e9der \u00e0 ces avantages et acheter notre s\u00e9lection compl\u00e8te de produits de cannabis m\u00e9dical. <\/p>\n<\/div>\n","protected":false},"featured_media":236215,"comment_status":"closed","ping_status":"closed","template":"","meta":{"_acf_changed":false,"site-sidebar-layout":"default","site-content-layout":"","ast-site-content-layout":"default","site-content-style":"default","site-sidebar-style":"default","ast-global-header-display":"","ast-banner-title-visibility":"","ast-main-header-display":"","ast-hfb-above-header-display":"","ast-hfb-below-header-display":"","ast-hfb-mobile-header-display":"","site-post-title":"","ast-breadcrumbs-content":"","ast-featured-img":"","footer-sml-layout":"","ast-disable-related-posts":"","theme-transparent-header-meta":"default","adv-header-id-meta":"","stick-header-meta":"","header-above-stick-meta":"","header-main-stick-meta":"","header-below-stick-meta":"","astra-migrate-meta-layouts":"set","ast-page-background-enabled":"default","ast-page-background-meta":{"desktop":{"background-color":"var(--ast-global-color-4)","background-image":"","background-repeat":"repeat","background-position":"center center","background-size":"auto","background-attachment":"scroll","background-type":"","background-media":"","overlay-type":"","overlay-color":"","overlay-opacity":"","overlay-gradient":""},"tablet":{"background-color":"","background-image":"","background-repeat":"repeat","background-position":"center center","background-size":"auto","background-attachment":"scroll","background-type":"","background-media":"","overlay-type":"","overlay-color":"","overlay-opacity":"","overlay-gradient":""},"mobile":{"background-color":"","background-image":"","background-repeat":"repeat","background-position":"center center","background-size":"auto","background-attachment":"scroll","background-type":"","background-media":"","overlay-type":"","overlay-color":"","overlay-opacity":"","overlay-gradient":""}},"ast-content-background-meta":{"desktop":{"background-color":"var(--ast-global-color-5)","background-image":"","background-repeat":"repeat","background-position":"center center","background-size":"auto","background-attachment":"scroll","background-type":"","background-media":"","overlay-type":"","overlay-color":"","overlay-opacity":"","overlay-gradient":""},"tablet":{"background-color":"var(--ast-global-color-5)","background-image":"","background-repeat":"repeat","background-position":"center center","background-size":"auto","background-attachment":"scroll","background-type":"","background-media":"","overlay-type":"","overlay-color":"","overlay-opacity":"","overlay-gradient":""},"mobile":{"background-color":"var(--ast-global-color-5)","background-image":"","background-repeat":"repeat","background-position":"center center","background-size":"auto","background-attachment":"scroll","background-type":"","background-media":"","overlay-type":"","overlay-color":"","overlay-opacity":"","overlay-gradient":""}}},"product_brand":[],"product_cat":[1137],"product_tag":[],"product_format_filter":[6373],"class_list":{"0":"post-236191","1":"product","2":"type-product","3":"status-publish","4":"has-post-thumbnail","6":"product_cat-fleur","7":"pa_flavours-floral-fr","8":"pa_flavours-lime-fr","9":"pa_flavours-terreux","10":"pa_intensity-thc-eleve","11":"pa_marques-simply-bare-organic-fr","12":"pa_origin-colombie-britannique-fr","13":"pa_packaging-date-02-04-2026","14":"pa_prix-par-gramme-9-28-fr","15":"pa_profil-terpene-caryophyllene","16":"pa_profil-terpene-farnesene-fr","17":"pa_profil-terpene-myrcene","18":"pa_profil-terpene-terpinolene-fr","19":"pa_type-de-plante-sativa-fr","20":"product_format_filter-7g","21":"desktop-align-left","22":"tablet-align-left","23":"mobile-align-left","25":"first","26":"outofstock","27":"taxable","28":"shipping-taxable","29":"purchasable","30":"product-type-simple"},"group_of_quantity":0,"min_quantity":0,"max_quantity":"","exclude_order_quantity_value_rules":"no","exclude_category_quantity_rules":"no","combine_variations":"no","acf":[],"_links":{"self":[{"href":"https:\/\/mendomedical.ca\/fr\/wp-json\/wp\/v2\/product\/236191","targetHints":{"allow":["GET"]}}],"collection":[{"href":"https:\/\/mendomedical.ca\/fr\/wp-json\/wp\/v2\/product"}],"about":[{"href":"https:\/\/mendomedical.ca\/fr\/wp-json\/wp\/v2\/types\/product"}],"replies":[{"embeddable":true,"href":"https:\/\/mendomedical.ca\/fr\/wp-json\/wp\/v2\/comments?post=236191"}],"wp:featuredmedia":[{"embeddable":true,"href":"https:\/\/mendomedical.ca\/fr\/wp-json\/wp\/v2\/media\/236215"}],"wp:attachment":[{"href":"https:\/\/mendomedical.ca\/fr\/wp-json\/wp\/v2\/media?parent=236191"}],"wp:term":[{"taxonomy":"product_brand","embeddable":true,"href":"https:\/\/mendomedical.ca\/fr\/wp-json\/wp\/v2\/product_brand?post=236191"},{"taxonomy":"product_cat","embeddable":true,"href":"https:\/\/mendomedical.ca\/fr\/wp-json\/wp\/v2\/product_cat?post=236191"},{"taxonomy":"product_tag","embeddable":true,"href":"https:\/\/mendomedical.ca\/fr\/wp-json\/wp\/v2\/product_tag?post=236191"},{"taxonomy":"product_format_filter","embeddable":true,"href":"https:\/\/mendomedical.ca\/fr\/wp-json\/wp\/v2\/product_format_filter?post=236191"}],"curies":[{"name":"wp","href":"https:\/\/api.w.org\/{rel}","templated":true}]}}