{"id":236136,"date":"2024-02-07T09:00:08","date_gmt":"2024-02-07T14:00:08","guid":{"rendered":"https:\/\/mendomedical.ca\/product\/cbd-serum-pour-les-cheveux-et-le-cuir-chevelu-au-romarin\/"},"modified":"2026-04-28T01:27:32","modified_gmt":"2026-04-28T05:27:32","slug":"cbd-serum-pour-les-cheveux-et-le-cuir-chevelu-au-romarin","status":"publish","type":"product","link":"https:\/\/mendomedical.ca\/fr\/produit\/cbd-serum-pour-les-cheveux-et-le-cuir-chevelu-au-romarin\/","title":{"rendered":"S\u00e9rum cheveux et cuir chevelu au CBD + romarin"},"content":{"rendered":"","protected":false},"excerpt":{"rendered":"<div class=\"ExternalClassF85CED1287554692BC15DB5C070B03B7\">\n<h3>S\u00e9rum cheveux et cuir chevelu au CBD + romarin<\/h3>\n<p>D\u00e9couvrez la puissance des soins capillaires formul\u00e9s par les pharmaciens avec le CBD + Rosemary Hair &amp; Scalp Serum de FBP. Ce traitement topique fond\u00e9 sur des preuves associe 100 mg d&rsquo;isolat de CBD pur \u00e0 des ingr\u00e9dients botaniques cliniquement \u00e9tudi\u00e9s pour favoriser une croissance saine des cheveux et le bien-\u00eatre du cuir chevelu. La formule non grasse et \u00e0 absorption rapide fournit une alimentation cibl\u00e9e gr\u00e2ce \u00e0 un m\u00e9lange synergique d&rsquo;huile de romarin, d&rsquo;huile de graines de citrouille et d&rsquo;huile de menthe poivr\u00e9e - chacune s\u00e9lectionn\u00e9e pour ses avantages scientifiquement prouv\u00e9s dans la promotion de la densit\u00e9 des cheveux et de la sant\u00e9 folliculaire.  <\/p>\n<h4>Caract\u00e9ristiques principales<\/h4>\n<ul>\n<li>Formule d\u00e9velopp\u00e9e par un pharmacien contenant 100mg d&rsquo;isolat de CBD sans THC par bouteille de 25g<\/li>\n<li>M\u00e9lange cliniquement \u00e9clair\u00e9 contenant de l&rsquo;huile de romarin dont l&rsquo;efficacit\u00e9 est \u00e9quivalente \u00e0 celle du minoxidil \u00e0 2 %.<\/li>\n<li>S\u00e9rum \u00e0 usage quotidien offrant une r\u00e9serve d&rsquo;un mois complet gr\u00e2ce \u00e0 un compte-gouttes pratique de 1 ml.<\/li>\n<li>Ingr\u00e9dients naturels \u00e0 base de plantes, sans parfums synth\u00e9tiques ni conservateurs agressifs<\/li>\n<li>Compatible avec les traitements existants contre la perte de cheveux pour des b\u00e9n\u00e9fices synergiques potentiels.<\/li>\n<\/ul>\n<h4>Ingr\u00e9dients actifs et soutien clinique<\/h4>\n<p>Cette formule avanc\u00e9e contient du CBD qui module le syst\u00e8me endocannabino\u00efde du cuir chevelu, r\u00e9duisant potentiellement l&rsquo;inflammation et favorisant un cycle folliculaire sain. L&rsquo;huile de romarin favorise la croissance des cheveux, tandis que l&rsquo;huile de p\u00e9pins de courge, riche en phytost\u00e9rols, peut contribuer \u00e0 freiner la chute des cheveux li\u00e9e \u00e0 la DHT. L&rsquo;huile de menthe poivr\u00e9e am\u00e9liore la p\u00e9n\u00e9tration des ingr\u00e9dients et a montr\u00e9 des r\u00e9sultats prometteurs dans la promotion de la croissance des cheveux. Des huiles porteuses de qualit\u00e9 sup\u00e9rieure, notamment les huiles de graines de cam\u00e9lia, de jojoba et de TCM, assurent une absorption optimale sans obstruer les follicules.   <\/p>\n<h4>Pourquoi choisir les s\u00e9rums capillaires topiques ?<\/h4>\n<p>Les s\u00e9rums capillaires topiques offrent un traitement cibl\u00e9 et localis\u00e9 directement sur le cuir chevelu et les follicules pileux. Cette formule infus\u00e9e au CBD offre une approche naturelle et non invasive du bien-\u00eatre capillaire qui fonctionne harmonieusement avec les syst\u00e8mes de votre corps tout en \u00e9vitant les effets secondaires syst\u00e9miques souvent associ\u00e9s aux traitements oraux. <\/p>\n<h4>Exp\u00e9dition dans tout le Canada<\/h4>\n<p>Le CBD + Rosemary Hair &amp; Scalp Serum est exp\u00e9di\u00e9 rapidement au Canada. Profitez de la livraison gratuite pour toutes les commandes de plus de 150 $, ce qui vous assure un acc\u00e8s pratique \u00e0 vos produits essentiels pour le soin des cheveux, livr\u00e9s directement \u00e0 votre porte. <\/p>\n<h4>Avantages et couverture pour les anciens combattants<\/h4>\n<p>Le CBD + Rosemary Hair &amp; Scalp Serum est admissible \u00e0 la couverture d&rsquo;ACC (Anciens Combattants Canada) avec facturation directe par l&rsquo;entremise de la Croix Bleue - ce qui signifie que les anciens combattants admissibles n&rsquo;ont pas \u00e0 d\u00e9bourser d&rsquo;argent. Si vous n&rsquo;avez pas encore votre carte m\u00e9dicale, <a href=\"https:\/\/mendomedical.ca\/fr\/carte-medicale\/\">obtenez-la rapidement et facilement<\/a> pour avoir acc\u00e8s \u00e0 ces avantages. <\/p>\n<\/div>\n","protected":false},"featured_media":290638,"comment_status":"closed","ping_status":"closed","template":"","meta":{"_acf_changed":false,"site-sidebar-layout":"default","site-content-layout":"","ast-site-content-layout":"default","site-content-style":"default","site-sidebar-style":"default","ast-global-header-display":"","ast-banner-title-visibility":"","ast-main-header-display":"","ast-hfb-above-header-display":"","ast-hfb-below-header-display":"","ast-hfb-mobile-header-display":"","site-post-title":"","ast-breadcrumbs-content":"","ast-featured-img":"","footer-sml-layout":"","ast-disable-related-posts":"","theme-transparent-header-meta":"default","adv-header-id-meta":"","stick-header-meta":"","header-above-stick-meta":"","header-main-stick-meta":"","header-below-stick-meta":"","astra-migrate-meta-layouts":"set","ast-page-background-enabled":"default","ast-page-background-meta":{"desktop":{"background-color":"var(--ast-global-color-4)","background-image":"","background-repeat":"repeat","background-position":"center center","background-size":"auto","background-attachment":"scroll","background-type":"","background-media":"","overlay-type":"","overlay-color":"","overlay-opacity":"","overlay-gradient":""},"tablet":{"background-color":"","background-image":"","background-repeat":"repeat","background-position":"center center","background-size":"auto","background-attachment":"scroll","background-type":"","background-media":"","overlay-type":"","overlay-color":"","overlay-opacity":"","overlay-gradient":""},"mobile":{"background-color":"","background-image":"","background-repeat":"repeat","background-position":"center center","background-size":"auto","background-attachment":"scroll","background-type":"","background-media":"","overlay-type":"","overlay-color":"","overlay-opacity":"","overlay-gradient":""}},"ast-content-background-meta":{"desktop":{"background-color":"var(--ast-global-color-5)","background-image":"","background-repeat":"repeat","background-position":"center center","background-size":"auto","background-attachment":"scroll","background-type":"","background-media":"","overlay-type":"","overlay-color":"","overlay-opacity":"","overlay-gradient":""},"tablet":{"background-color":"var(--ast-global-color-5)","background-image":"","background-repeat":"repeat","background-position":"center center","background-size":"auto","background-attachment":"scroll","background-type":"","background-media":"","overlay-type":"","overlay-color":"","overlay-opacity":"","overlay-gradient":""},"mobile":{"background-color":"var(--ast-global-color-5)","background-image":"","background-repeat":"repeat","background-position":"center center","background-size":"auto","background-attachment":"scroll","background-type":"","background-media":"","overlay-type":"","overlay-color":"","overlay-opacity":"","overlay-gradient":""}}},"product_brand":[],"product_cat":[1152,1150],"product_tag":[],"product_format_filter":[6645],"class_list":{"0":"post-236136","1":"product","2":"type-product","3":"status-publish","4":"has-post-thumbnail","6":"product_cat-bains","7":"product_cat-topiques","8":"pa_cbd-100mg-fr","9":"pa_format-25g","10":"pa_intensity-eleve-en-cbd","11":"pa_marques-fbp-fr","12":"pa_origin-ontario-fr","13":"pa_type-de-plante-cbd-fr","14":"product_format_filter-25g","15":"desktop-align-left","16":"tablet-align-left","17":"mobile-align-left","19":"first","20":"instock","21":"taxable","22":"shipping-taxable","23":"purchasable","24":"product-type-simple"},"group_of_quantity":0,"min_quantity":0,"max_quantity":"","exclude_order_quantity_value_rules":"no","exclude_category_quantity_rules":"no","combine_variations":"no","acf":[],"_links":{"self":[{"href":"https:\/\/mendomedical.ca\/fr\/wp-json\/wp\/v2\/product\/236136","targetHints":{"allow":["GET"]}}],"collection":[{"href":"https:\/\/mendomedical.ca\/fr\/wp-json\/wp\/v2\/product"}],"about":[{"href":"https:\/\/mendomedical.ca\/fr\/wp-json\/wp\/v2\/types\/product"}],"replies":[{"embeddable":true,"href":"https:\/\/mendomedical.ca\/fr\/wp-json\/wp\/v2\/comments?post=236136"}],"wp:featuredmedia":[{"embeddable":true,"href":"https:\/\/mendomedical.ca\/fr\/wp-json\/wp\/v2\/media\/290638"}],"wp:attachment":[{"href":"https:\/\/mendomedical.ca\/fr\/wp-json\/wp\/v2\/media?parent=236136"}],"wp:term":[{"taxonomy":"product_brand","embeddable":true,"href":"https:\/\/mendomedical.ca\/fr\/wp-json\/wp\/v2\/product_brand?post=236136"},{"taxonomy":"product_cat","embeddable":true,"href":"https:\/\/mendomedical.ca\/fr\/wp-json\/wp\/v2\/product_cat?post=236136"},{"taxonomy":"product_tag","embeddable":true,"href":"https:\/\/mendomedical.ca\/fr\/wp-json\/wp\/v2\/product_tag?post=236136"},{"taxonomy":"product_format_filter","embeddable":true,"href":"https:\/\/mendomedical.ca\/fr\/wp-json\/wp\/v2\/product_format_filter?post=236136"}],"curies":[{"name":"wp","href":"https:\/\/api.w.org\/{rel}","templated":true}]}}