{"id":236042,"date":"2025-06-16T12:25:51","date_gmt":"2025-06-16T16:25:51","guid":{"rendered":"https:\/\/mendomedical.ca\/product\/pre-rouleau-sour-amnesia\/"},"modified":"2026-03-18T10:41:20","modified_gmt":"2026-03-18T14:41:20","slug":"pre-rouleau-sour-amnesia","status":"publish","type":"product","link":"https:\/\/mendomedical.ca\/fr\/produit\/pre-rouleau-sour-amnesia\/","title":{"rendered":"Les pr\u00e9productions d&rsquo;Amnesia"},"content":{"rendered":"","protected":false},"excerpt":{"rendered":"<h3>Total des terp\u00e8nes : 5,1<\/h3>\n<p>&nbsp;<\/p>\n<p><strong>La Sour Amnesia est un croisement l\u00e9gendaire entre la Sour Diesel et l&rsquo;Amnesia. Les cocottes sont vert lime avec des pistoles orange \u00e0 brunes, denses et concentr\u00e9es en r\u00e9sine, d\u00e9gageant un ar\u00f4me piquant qui combine le carburant diesel avec des notes d&rsquo;agrumes et de terre. Le profil de saveur de la Sour Amnesia est un go\u00fbt classique d&rsquo;agrumes avec des nuances de diesel et de bois.  <\/strong><\/p>\n<p>&nbsp;<\/p>\n<h5>Aspect Visuel:<\/h5>\n<p>Joint classique en forme de c\u00f4ne. Roul\u00e9s par des experts. Pas de cano\u00eb.  <\/p>\n<p>&nbsp;<\/p>\n<h5>Ar\u00f4me :<\/h5>\n<p>Lorsque vous ouvrez le tube, une vive explosion d&rsquo;agrumes et de fruits sucr\u00e9s emplit l&rsquo;air, rapidement suivie de riches notes de diesel et de pin terreux. L&rsquo;ar\u00f4me est audacieux mais \u00e9quilibr\u00e9 - brillant et gazeux, avec une pointe de douceur perceptible qui adoucit le funk du carburant. L&rsquo;ouverture du joint r\u00e9v\u00e8le une complexit\u00e9 plus profonde, m\u00ealant une \u00e9corce d&rsquo;agrume sucr\u00e9e \u00e0 des \u00e9pices florales, \u00e0 du bois humide et \u00e0 ce zeste de brume inimitable.  <\/p>\n<p>&nbsp;<\/p>\n<h5>Profil de saveur :<\/h5>\n<p>D\u00e8s l&rsquo;inhalation, attendez-vous \u00e0 une avalanche d&rsquo;agrumes piquants et de notes herbac\u00e9es sucr\u00e9es qui \u00e9gayent instantan\u00e9ment le palais. La saveur se d\u00e9ploie en couches de bonbons au citron acidul\u00e9s et de pin floral, \u00e9quilibr\u00e9s par des nuances subtiles de diesel et de bois terreux. \u00c0 l&rsquo;expiration, un go\u00fbt persistant de funk acide et de carburant s&rsquo;accroche aux papilles gustatives, laissant une finale propre mais piquante que les amateurs de sativas classiques appr\u00e9cieront.  <\/p>\n<p>&nbsp;<\/p>\n<h5>Profil des cannabino\u00efdes et des terp\u00e8nes :<\/h5>\n<p>La Sour Amnesia pr\u00e9sente un profil cannabique puissant, avec 24,5% de THC total et plus de 31% de cannabino\u00efdes totaux, offrant une exp\u00e9rience forte et \u00e9nergisante pour les utilisateurs chevronn\u00e9s. Les niveaux de CBD sont minimes (&lt;0.1%), ce qui en fait un cultivar \u00e0 forte teneur en THC id\u00e9al pour l&rsquo;\u00e9l\u00e9vation de l&rsquo;humeur, la concentration et l&rsquo;utilisation en journ\u00e9e. <\/p>\n<p>Le profil terp\u00e9nique est exceptionnellement riche (5,1 %), men\u00e9 par l&rsquo;ocim\u00e8ne (1,63 %) et le terpinol\u00e8ne (1,34 %), tous deux connus pour leurs propri\u00e9t\u00e9s stimulantes et anti-stress. Les terp\u00e8nes de soutien comme le myrc\u00e8ne, le caryophyll\u00e8ne et le limon\u00e8ne ajoutent de la profondeur, apportant un jeu complexe de zeste d&rsquo;agrumes, d&rsquo;\u00e9pices herbac\u00e9es et de carburant terreux. Ce m\u00e9lange vibrant ne d\u00e9finit pas seulement son ar\u00f4me et sa saveur audacieux, mais contribue \u00e9galement \u00e0 ses effets stimulants et euphorisants.  <\/p>\n<p>&nbsp;<\/p>\n<h5>Effets :<\/h5>\n<p>Ce cultivar \u00e9nergique \u00e0 dominante sativa procure une \u00e9l\u00e9vation c\u00e9r\u00e9brale imm\u00e9diate qui stimule la cr\u00e9ativit\u00e9, la concentration et un sentiment g\u00e9n\u00e9ral de clart\u00e9 mentale. Le high commence par une mont\u00e9e euphorique de la t\u00eate, aiguisant les sens et \u00e9levant l&rsquo;humeur, ce qui le rend id\u00e9al pour les contextes sociaux ou le flux artistique. Au fur et \u00e0 mesure que l&rsquo;exp\u00e9rience se poursuit, les effets subtils sur le corps procurent un l\u00e9ger ancrage sans s\u00e9dation, permettant la productivit\u00e9 ou l&rsquo;exploration sans perdre l&rsquo;\u00e9lan. Sour Amnesia est parfait pour un usage diurne, offrant un high stimulant et bienfaisant qui vous maintient en forme et engag\u00e9.   <\/p>\n<p>&nbsp;<\/p>\n<h5>Ce que les patients disent de ce produit :<\/h5>\n<p>Les patients se tournent souvent vers Sour Amnesia pour ses effets \u00e9nergisants et stimulants. Elle est fr\u00e9quemment lou\u00e9e pour sa clart\u00e9 mentale et sa concentration soutenue, ce qui en fait une option fiable pour g\u00e9rer les sympt\u00f4mes du stress, de la baisse d&rsquo;humeur et de la fatigue. La teneur \u00e9lev\u00e9e en terp\u00e8nes - en particulier l&rsquo;ocim\u00e8ne et le terpinol\u00e8ne - contribue \u00e0 une exp\u00e9rience lumineuse et exaltante que beaucoup trouvent utile pour stimuler la motivation et l&rsquo;engagement social.  <\/p>\n<p>Certains patients notent sa capacit\u00e9 \u00e0 am\u00e9liorer la productivit\u00e9 et la cr\u00e9ativit\u00e9 sans induire d&rsquo;anxi\u00e9t\u00e9 ou de stimulation excessive, ce qui la rend adapt\u00e9e \u00e0 un usage th\u00e9rapeutique de jour. Avec son profil d&rsquo;agrumes et sa fum\u00e9e douce, Sour Amnesia est aussi agr\u00e9able que fonctionnelle - une excellente option pour ceux qui cherchent \u00e0 se soulager tout en restant actifs et pr\u00e9sents. <\/p>\n","protected":false},"featured_media":236038,"comment_status":"closed","ping_status":"closed","template":"","meta":{"_acf_changed":false,"site-sidebar-layout":"default","site-content-layout":"","ast-site-content-layout":"default","site-content-style":"default","site-sidebar-style":"default","ast-global-header-display":"","ast-banner-title-visibility":"","ast-main-header-display":"","ast-hfb-above-header-display":"","ast-hfb-below-header-display":"","ast-hfb-mobile-header-display":"","site-post-title":"","ast-breadcrumbs-content":"","ast-featured-img":"","footer-sml-layout":"","ast-disable-related-posts":"","theme-transparent-header-meta":"default","adv-header-id-meta":"","stick-header-meta":"","header-above-stick-meta":"","header-main-stick-meta":"","header-below-stick-meta":"","astra-migrate-meta-layouts":"set","ast-page-background-enabled":"default","ast-page-background-meta":{"desktop":{"background-color":"var(--ast-global-color-4)","background-image":"","background-repeat":"repeat","background-position":"center center","background-size":"auto","background-attachment":"scroll","background-type":"","background-media":"","overlay-type":"","overlay-color":"","overlay-opacity":"","overlay-gradient":""},"tablet":{"background-color":"","background-image":"","background-repeat":"repeat","background-position":"center center","background-size":"auto","background-attachment":"scroll","background-type":"","background-media":"","overlay-type":"","overlay-color":"","overlay-opacity":"","overlay-gradient":""},"mobile":{"background-color":"","background-image":"","background-repeat":"repeat","background-position":"center center","background-size":"auto","background-attachment":"scroll","background-type":"","background-media":"","overlay-type":"","overlay-color":"","overlay-opacity":"","overlay-gradient":""}},"ast-content-background-meta":{"desktop":{"background-color":"var(--ast-global-color-5)","background-image":"","background-repeat":"repeat","background-position":"center center","background-size":"auto","background-attachment":"scroll","background-type":"","background-media":"","overlay-type":"","overlay-color":"","overlay-opacity":"","overlay-gradient":""},"tablet":{"background-color":"var(--ast-global-color-5)","background-image":"","background-repeat":"repeat","background-position":"center center","background-size":"auto","background-attachment":"scroll","background-type":"","background-media":"","overlay-type":"","overlay-color":"","overlay-opacity":"","overlay-gradient":""},"mobile":{"background-color":"var(--ast-global-color-5)","background-image":"","background-repeat":"repeat","background-position":"center center","background-size":"auto","background-attachment":"scroll","background-type":"","background-media":"","overlay-type":"","overlay-color":"","overlay-opacity":"","overlay-gradient":""}}},"product_brand":[],"product_cat":[4803,1144],"product_tag":[],"product_format_filter":[6369],"class_list":{"0":"post-236042","1":"product","2":"type-product","3":"status-publish","4":"has-post-thumbnail","6":"product_cat-pre-rolls-non-infuses","7":"product_cat-pre-roules","8":"pa_flavours-agrume","9":"pa_flavours-gazeux-diesel","10":"pa_flavours-doux","11":"pa_intensity-thc-moyen","12":"pa_marques-bc-weed-co-fr","13":"pa_origin-colombie-britannique-fr","14":"pa_profil-terpene-caryophyllene","15":"pa_profil-terpene-myrcene","16":"pa_profil-terpene-ocimene-fr","17":"pa_profil-terpene-pinene-fr","18":"pa_profil-terpene-terpinolene-fr","19":"pa_type-de-plante-sativa-fr","20":"product_format_filter-1g","21":"desktop-align-left","22":"tablet-align-left","23":"mobile-align-left","25":"first","26":"outofstock","27":"taxable","28":"shipping-taxable","29":"purchasable","30":"product-type-simple"},"group_of_quantity":0,"min_quantity":0,"max_quantity":"","exclude_order_quantity_value_rules":"no","exclude_category_quantity_rules":"no","combine_variations":"no","acf":[],"_links":{"self":[{"href":"https:\/\/mendomedical.ca\/fr\/wp-json\/wp\/v2\/product\/236042","targetHints":{"allow":["GET"]}}],"collection":[{"href":"https:\/\/mendomedical.ca\/fr\/wp-json\/wp\/v2\/product"}],"about":[{"href":"https:\/\/mendomedical.ca\/fr\/wp-json\/wp\/v2\/types\/product"}],"replies":[{"embeddable":true,"href":"https:\/\/mendomedical.ca\/fr\/wp-json\/wp\/v2\/comments?post=236042"}],"wp:featuredmedia":[{"embeddable":true,"href":"https:\/\/mendomedical.ca\/fr\/wp-json\/wp\/v2\/media\/236038"}],"wp:attachment":[{"href":"https:\/\/mendomedical.ca\/fr\/wp-json\/wp\/v2\/media?parent=236042"}],"wp:term":[{"taxonomy":"product_brand","embeddable":true,"href":"https:\/\/mendomedical.ca\/fr\/wp-json\/wp\/v2\/product_brand?post=236042"},{"taxonomy":"product_cat","embeddable":true,"href":"https:\/\/mendomedical.ca\/fr\/wp-json\/wp\/v2\/product_cat?post=236042"},{"taxonomy":"product_tag","embeddable":true,"href":"https:\/\/mendomedical.ca\/fr\/wp-json\/wp\/v2\/product_tag?post=236042"},{"taxonomy":"product_format_filter","embeddable":true,"href":"https:\/\/mendomedical.ca\/fr\/wp-json\/wp\/v2\/product_format_filter?post=236042"}],"curies":[{"name":"wp","href":"https:\/\/api.w.org\/{rel}","templated":true}]}}