{"id":235145,"date":"2025-08-24T02:25:36","date_gmt":"2025-08-24T06:25:36","guid":{"rendered":"https:\/\/mendomedical.ca\/?post_type=product&#038;p=235145"},"modified":"2026-04-15T12:50:59","modified_gmt":"2026-04-15T16:50:59","slug":"creme-des-trois-soeurs","status":"publish","type":"product","link":"https:\/\/mendomedical.ca\/fr\/produit\/creme-des-trois-soeurs\/","title":{"rendered":"Cr\u00e8me des trois s\u0153urs"},"content":{"rendered":"","protected":false},"excerpt":{"rendered":"<div class=\"ExternalClass536D25A3F7E64F229D8769A36974FDED\">\n<h3>Cr\u00e8me Trois S\u0153urs de Fauna<\/h3>\n<p>Three Sisters Cream de Fauna est un topique de cannabis bien con\u00e7u qui combine des cannabino\u00efdes de haute puissance avec des huiles essentielles de qualit\u00e9 th\u00e9rapeutique. Cette cr\u00e8me artisanale contient 700 mg de CBD, 240 mg de CBG et 40 mg de THC, cr\u00e9ant ainsi une formulation \u00e9quilibr\u00e9e con\u00e7ue pour favoriser le bien-\u00eatre gr\u00e2ce \u00e0 l&rsquo;effet d&rsquo;entourage. Cr\u00e9\u00e9e par une \u00e9quipe compos\u00e9e d&rsquo;un mari et d&rsquo;une femme qui se consacrent aux ingr\u00e9dients naturels et aux pratiques durables, Fauna reverse une partie de ses b\u00e9n\u00e9fices \u00e0 des causes li\u00e9es au bien-\u00eatre des animaux.  <\/p>\n<h4>Caract\u00e9ristiques principales<\/h4>\n<ul>\n<li>M\u00e9lange de cannabino\u00efdes \u00e0 haute puissance : 700 mg de CBD, 240 mg de CBG et 40 mg de THC par unit\u00e9.<\/li>\n<li>Infusion d&rsquo;huiles essentielles de qualit\u00e9 th\u00e9rapeutique, notamment de noix de muscade, d&rsquo;orange, de basilic, de marjolaine et de copaiba.<\/li>\n<li>Fabriqu\u00e9 \u00e0 la main \u00e0 partir de distillat de cannabis \u00e0 large spectre et d&rsquo;ingr\u00e9dients enti\u00e8rement naturels.<\/li>\n<li>Texture lisse et glissante qui p\u00e9n\u00e8tre parfaitement dans la peau.<\/li>\n<li>Propri\u00e9t\u00e9s r\u00e9chauffantes et apaisantes qui peuvent aider \u00e0 soulager les douleurs et l&rsquo;inconfort.<\/li>\n<\/ul>\n<h4>Ar\u00f4me et profil cannabique<\/h4>\n<p>La cr\u00e8me Three Sisters Cream offre un m\u00e9lange aromatique subtil mais puissant de notes sucr\u00e9es, \u00e9pic\u00e9es et d&rsquo;agrumes provenant d&rsquo;huiles essentielles soigneusement s\u00e9lectionn\u00e9es. Le profil des cannabino\u00efdes fournit 700 mg de CBD pour un soutien anti-inflammatoire potentiel, 240 mg de CBG pour des avantages th\u00e9rapeutiques suppl\u00e9mentaires et 40 mg de THC pour renforcer l&rsquo;effet d&rsquo;entourage tout en restant non intoxiquant lorsqu&rsquo;il est appliqu\u00e9 par voie topique. <\/p>\n<h4>Pourquoi choisir les cr\u00e8mes au cannabis ?<\/h4>\n<p>Les cr\u00e8mes infus\u00e9es au cannabis offrent une application cibl\u00e9e pour une g\u00eane localis\u00e9e sans effets syst\u00e9miques. Les utilisateurs m\u00e9dicaux appr\u00e9cient les produits topiques pour leur facilit\u00e9 d&rsquo;utilisation, leur application pr\u00e9cise et la possibilit\u00e9 de combiner les cannabino\u00efdes avec des huiles essentielles compl\u00e9mentaires pour am\u00e9liorer le bien-\u00eatre. <\/p>\n<h4>Exp\u00e9dition dans tout le Canada<\/h4>\n<p>La Cr\u00e8me des trois s\u0153urs est exp\u00e9di\u00e9e rapidement partout au Canada et la livraison est gratuite pour les commandes de plus de 150 $. Vos produits de bien-\u00eatre arrivent discr\u00e8tement emball\u00e9s \u00e0 votre porte, ce qui vous permet de maintenir votre routine th\u00e9rapeutique. <\/p>\n<h4>Avantages et couverture pour les anciens combattants<\/h4>\n<p>Three Sisters Cream est admissible \u00e0 la couverture d&rsquo;ACC (Anciens Combattants Canada) avec facturation directe par l&rsquo;entremise de la Croix Bleue, ce qui signifie que les anciens combattants admissibles n&rsquo;ont rien \u00e0 d\u00e9bourser. Si vous n&rsquo;avez pas encore d&rsquo;ordonnance de cannabis m\u00e9dical, <a href=\"https:\/\/mendomedical.ca\/fr\/carte-medicale\/\">obtenez votre carte m\u00e9dicale gratuite rapidement et facilement<\/a> pour acc\u00e9der aux avantages de la couverture. <\/p>\n<\/div>\n","protected":false},"featured_media":266350,"comment_status":"closed","ping_status":"closed","template":"","meta":{"_acf_changed":false,"site-sidebar-layout":"default","site-content-layout":"","ast-site-content-layout":"default","site-content-style":"default","site-sidebar-style":"default","ast-global-header-display":"","ast-banner-title-visibility":"","ast-main-header-display":"","ast-hfb-above-header-display":"","ast-hfb-below-header-display":"","ast-hfb-mobile-header-display":"","site-post-title":"","ast-breadcrumbs-content":"","ast-featured-img":"","footer-sml-layout":"","ast-disable-related-posts":"","theme-transparent-header-meta":"default","adv-header-id-meta":"","stick-header-meta":"","header-above-stick-meta":"","header-main-stick-meta":"","header-below-stick-meta":"","astra-migrate-meta-layouts":"set","ast-page-background-enabled":"default","ast-page-background-meta":{"desktop":{"background-color":"var(--ast-global-color-4)","background-image":"","background-repeat":"repeat","background-position":"center center","background-size":"auto","background-attachment":"scroll","background-type":"","background-media":"","overlay-type":"","overlay-color":"","overlay-opacity":"","overlay-gradient":""},"tablet":{"background-color":"","background-image":"","background-repeat":"repeat","background-position":"center center","background-size":"auto","background-attachment":"scroll","background-type":"","background-media":"","overlay-type":"","overlay-color":"","overlay-opacity":"","overlay-gradient":""},"mobile":{"background-color":"","background-image":"","background-repeat":"repeat","background-position":"center center","background-size":"auto","background-attachment":"scroll","background-type":"","background-media":"","overlay-type":"","overlay-color":"","overlay-opacity":"","overlay-gradient":""}},"ast-content-background-meta":{"desktop":{"background-color":"var(--ast-global-color-5)","background-image":"","background-repeat":"repeat","background-position":"center center","background-size":"auto","background-attachment":"scroll","background-type":"","background-media":"","overlay-type":"","overlay-color":"","overlay-opacity":"","overlay-gradient":""},"tablet":{"background-color":"var(--ast-global-color-5)","background-image":"","background-repeat":"repeat","background-position":"center center","background-size":"auto","background-attachment":"scroll","background-type":"","background-media":"","overlay-type":"","overlay-color":"","overlay-opacity":"","overlay-gradient":""},"mobile":{"background-color":"var(--ast-global-color-5)","background-image":"","background-repeat":"repeat","background-position":"center center","background-size":"auto","background-attachment":"scroll","background-type":"","background-media":"","overlay-type":"","overlay-color":"","overlay-opacity":"","overlay-gradient":""}}},"product_brand":[],"product_cat":[1153,1150],"product_tag":[],"product_format_filter":[6464],"class_list":{"0":"post-235145","1":"product","2":"type-product","3":"status-publish","4":"has-post-thumbnail","6":"product_cat-cremes","7":"product_cat-topiques","8":"pa_cbd-700-mg","9":"pa_cbg-240-mg","10":"pa_format-60g-fr","11":"pa_intensity-faible-thc","12":"pa_intensity-cbd-moyen","13":"pa_intensity-med-cbg-fr","14":"pa_marques-fauna-fr","15":"pa_origin-ontario-fr","16":"pa_thc-40-mg","17":"pa_type-de-plante-cbd-fr","18":"pa_type-de-plante-cbg-fr","19":"pa_type-de-plante-thc-fr","20":"product_format_filter-6g","21":"desktop-align-left","22":"tablet-align-left","23":"mobile-align-left","25":"first","26":"instock","27":"taxable","28":"shipping-taxable","29":"purchasable","30":"product-type-simple"},"group_of_quantity":0,"min_quantity":0,"max_quantity":"","exclude_order_quantity_value_rules":"no","exclude_category_quantity_rules":"no","combine_variations":"no","acf":[],"_links":{"self":[{"href":"https:\/\/mendomedical.ca\/fr\/wp-json\/wp\/v2\/product\/235145","targetHints":{"allow":["GET"]}}],"collection":[{"href":"https:\/\/mendomedical.ca\/fr\/wp-json\/wp\/v2\/product"}],"about":[{"href":"https:\/\/mendomedical.ca\/fr\/wp-json\/wp\/v2\/types\/product"}],"replies":[{"embeddable":true,"href":"https:\/\/mendomedical.ca\/fr\/wp-json\/wp\/v2\/comments?post=235145"}],"wp:featuredmedia":[{"embeddable":true,"href":"https:\/\/mendomedical.ca\/fr\/wp-json\/wp\/v2\/media\/266350"}],"wp:attachment":[{"href":"https:\/\/mendomedical.ca\/fr\/wp-json\/wp\/v2\/media?parent=235145"}],"wp:term":[{"taxonomy":"product_brand","embeddable":true,"href":"https:\/\/mendomedical.ca\/fr\/wp-json\/wp\/v2\/product_brand?post=235145"},{"taxonomy":"product_cat","embeddable":true,"href":"https:\/\/mendomedical.ca\/fr\/wp-json\/wp\/v2\/product_cat?post=235145"},{"taxonomy":"product_tag","embeddable":true,"href":"https:\/\/mendomedical.ca\/fr\/wp-json\/wp\/v2\/product_tag?post=235145"},{"taxonomy":"product_format_filter","embeddable":true,"href":"https:\/\/mendomedical.ca\/fr\/wp-json\/wp\/v2\/product_format_filter?post=235145"}],"curies":[{"name":"wp","href":"https:\/\/api.w.org\/{rel}","templated":true}]}}