{"id":234785,"date":"2024-09-01T18:55:25","date_gmt":"2024-09-01T22:55:25","guid":{"rendered":"https:\/\/mendomedical.ca\/?post_type=product&#038;p=234785"},"modified":"2026-04-16T14:06:20","modified_gmt":"2026-04-16T18:06:20","slug":"sour-citrus-pre-rolls-10x0-5g-copy","status":"publish","type":"product","link":"https:\/\/mendomedical.ca\/fr\/produit\/sour-citrus-pre-rolls-10x0-5g-copy\/","title":{"rendered":"Biscuits br\u00fbl\u00e9s - Pr\u00e9-rolls"},"content":{"rendered":"","protected":false},"excerpt":{"rendered":"<div class=\"ExternalClass73E1BC823FA144ACB67BF6C99199D2FC\">\n<h3>Biscuits br\u00fbl\u00e9s - Pr\u00e9-rolls<\/h3>\n<p>D\u00e9couvrez les pr\u00e9-rolls Burnt Cookies \u00e0 dominance indica d&rsquo;Orchard, soigneusement \u00e9labor\u00e9s et dot\u00e9s d&rsquo;un profil terp\u00e9nique complexe qui offre des saveurs riches et m\u00e9morables. Chaque multipack contient des Pr\u00e9-rolls sp\u00e9cifiques \u00e0 une souche, fabriqu\u00e9s \u00e0 partir de fleurs de premi\u00e8re qualit\u00e9 qui scintillent avec des trichomes argent\u00e9s et affichent de magnifiques teintes rose et vert kaki. Ces Pr\u00e9-rolls non infus\u00e9s offrent aux utilisateurs m\u00e9dicaux et r\u00e9cr\u00e9atifs une exp\u00e9rience \u00e0 multiples facettes qui commence par des effets stimulants avant de passer \u00e0 un final apaisant.  <\/p>\n<h4>Caract\u00e9ristiques principales<\/h4>\n<ul>\n<li>Pr\u00e9-rolls \u00e0 dominance indica sp\u00e9cifiques \u00e0 la vari\u00e9t\u00e9 et \u00e0 forte teneur en THC.<\/li>\n<li>Profil gustatif riche avec des notes de g\u00e2teau au caf\u00e9, de noix grill\u00e9es, de chocolat noir et de pin \u00e9pic\u00e9.<\/li>\n<li>Les terp\u00e8nes dominants sont le limon\u00e8ne, le \u03b2-caryophyll\u00e8ne et le farn\u00e9s\u00e8ne.<\/li>\n<li>Format multipack soigneusement con\u00e7u pour une qualit\u00e9 et une commodit\u00e9 constantes<\/li>\n<li>L&rsquo;effet est d&rsquo;abord euphorisant, puis moelleux et calmant, ce qui est parfait pour le soir.<\/li>\n<\/ul>\n<h4>Profil aromatique et gustatif<\/h4>\n<p>En ouvrant le tube, vous d\u00e9couvrirez de d\u00e9licats ar\u00f4mes de kush acidul\u00e9 et de caf\u00e9 torr\u00e9fi\u00e9, avec des nuances sucr\u00e9es et terreuses. L&rsquo;exp\u00e9rience gustative est tout aussi complexe, avec de riches notes de g\u00e2teau au caf\u00e9, de noix grill\u00e9es, de chocolat noir onctueux et de pin \u00e9pic\u00e9. Les terp\u00e8nes dominants de cette vari\u00e9t\u00e9 - le limon\u00e8ne, le \u03b2-caryophyll\u00e8ne et le farn\u00e9s\u00e8ne - cr\u00e9ent un m\u00e9lange agr\u00e9able de saveurs et d&rsquo;ar\u00f4mes d\u00e9licieux qui compl\u00e8tent la teneur \u00e9lev\u00e9e en THC.  <\/p>\n<h4>Pourquoi choisir les pr\u00e9-rolls ?<\/h4>\n<p>Les Pr\u00e9-rolls offrent aux consommateurs de cannabis m\u00e9dical un dosage pratique et coh\u00e9rent, sans qu&rsquo;il soit n\u00e9cessaire de les broyer ou de les rouler. Parfaits pour les personnes \u00e0 mobilit\u00e9 r\u00e9duite ou ayant des probl\u00e8mes de dext\u00e9rit\u00e9, les Pr\u00e9-rolls offrent un format pr\u00eat \u00e0 l&#8217;emploi qui garantit un contr\u00f4le ad\u00e9quat des portions. <\/p>\n<h4>Exp\u00e9dition dans tout le Canada<\/h4>\n<p>Burnt Cookies - Pr\u00e9-rolls est exp\u00e9di\u00e9 rapidement \u00e0 travers le Canada avec la livraison gratuite sur les commandes de plus de 150 $. Nous assurons un emballage discret et une livraison fiable aux consommateurs de cannabis m\u00e9dical dans tout le pays. <\/p>\n<h4>Avantages et couverture pour les anciens combattants<\/h4>\n<p>Biscuits br\u00fbl\u00e9s - Pr\u00e9-rolls sont admissibles \u00e0 la couverture d&rsquo;ACC (Anciens Combattants Canada) avec facturation directe par la Croix Bleue, ce qui signifie qu&rsquo;il n&rsquo;y a pas de frais \u00e0 d\u00e9bourser pour les anciens combattants admissibles. Si vous n&rsquo;avez pas encore de carte de cannabis m\u00e9dical, <a href=\"https:\/\/mendomedical.ca\/fr\/carte-medicale\/\">obtenez votre carte m\u00e9dicale gratuite rapidement et facilement<\/a> pour acc\u00e9der \u00e0 ces avantages. <\/p>\n<\/div>\n","protected":false},"featured_media":234787,"comment_status":"closed","ping_status":"closed","template":"","meta":{"_acf_changed":false,"site-sidebar-layout":"default","site-content-layout":"","ast-site-content-layout":"default","site-content-style":"default","site-sidebar-style":"default","ast-global-header-display":"","ast-banner-title-visibility":"","ast-main-header-display":"","ast-hfb-above-header-display":"","ast-hfb-below-header-display":"","ast-hfb-mobile-header-display":"","site-post-title":"","ast-breadcrumbs-content":"","ast-featured-img":"","footer-sml-layout":"","ast-disable-related-posts":"","theme-transparent-header-meta":"default","adv-header-id-meta":"","stick-header-meta":"","header-above-stick-meta":"","header-main-stick-meta":"","header-below-stick-meta":"","astra-migrate-meta-layouts":"set","ast-page-background-enabled":"default","ast-page-background-meta":{"desktop":{"background-color":"var(--ast-global-color-4)","background-image":"","background-repeat":"repeat","background-position":"center center","background-size":"auto","background-attachment":"scroll","background-type":"","background-media":"","overlay-type":"","overlay-color":"","overlay-opacity":"","overlay-gradient":""},"tablet":{"background-color":"","background-image":"","background-repeat":"repeat","background-position":"center center","background-size":"auto","background-attachment":"scroll","background-type":"","background-media":"","overlay-type":"","overlay-color":"","overlay-opacity":"","overlay-gradient":""},"mobile":{"background-color":"","background-image":"","background-repeat":"repeat","background-position":"center center","background-size":"auto","background-attachment":"scroll","background-type":"","background-media":"","overlay-type":"","overlay-color":"","overlay-opacity":"","overlay-gradient":""}},"ast-content-background-meta":{"desktop":{"background-color":"var(--ast-global-color-5)","background-image":"","background-repeat":"repeat","background-position":"center center","background-size":"auto","background-attachment":"scroll","background-type":"","background-media":"","overlay-type":"","overlay-color":"","overlay-opacity":"","overlay-gradient":""},"tablet":{"background-color":"var(--ast-global-color-5)","background-image":"","background-repeat":"repeat","background-position":"center center","background-size":"auto","background-attachment":"scroll","background-type":"","background-media":"","overlay-type":"","overlay-color":"","overlay-opacity":"","overlay-gradient":""},"mobile":{"background-color":"var(--ast-global-color-5)","background-image":"","background-repeat":"repeat","background-position":"center center","background-size":"auto","background-attachment":"scroll","background-type":"","background-media":"","overlay-type":"","overlay-color":"","overlay-opacity":"","overlay-gradient":""}}},"product_brand":[],"product_cat":[4803,1144],"product_tag":[],"product_format_filter":[6374],"class_list":{"0":"post-234785","1":"product","2":"type-product","3":"status-publish","4":"has-post-thumbnail","6":"product_cat-pre-rolls-non-infuses","7":"product_cat-pre-roules","8":"pa_flavours-aigre","9":"pa_flavours-pimenter","10":"pa_flavours-a-base-de-plantes","11":"pa_flavours-pin","12":"pa_flavours-doux","13":"pa_format-0-5g-x-14-fr","14":"pa_intensity-thc-moyen","15":"pa_marques-orchard-fr","16":"pa_origin-colombie-britannique-fr","17":"pa_thc-25-4-fr","18":"pa_type-de-plante-indica-fr","19":"product_format_filter-0-5g","20":"desktop-align-left","21":"tablet-align-left","22":"mobile-align-left","24":"first","25":"instock","26":"taxable","27":"shipping-taxable","28":"purchasable","29":"product-type-simple"},"group_of_quantity":0,"min_quantity":0,"max_quantity":"","exclude_order_quantity_value_rules":"no","exclude_category_quantity_rules":"no","combine_variations":"no","acf":[],"_links":{"self":[{"href":"https:\/\/mendomedical.ca\/fr\/wp-json\/wp\/v2\/product\/234785","targetHints":{"allow":["GET"]}}],"collection":[{"href":"https:\/\/mendomedical.ca\/fr\/wp-json\/wp\/v2\/product"}],"about":[{"href":"https:\/\/mendomedical.ca\/fr\/wp-json\/wp\/v2\/types\/product"}],"replies":[{"embeddable":true,"href":"https:\/\/mendomedical.ca\/fr\/wp-json\/wp\/v2\/comments?post=234785"}],"wp:featuredmedia":[{"embeddable":true,"href":"https:\/\/mendomedical.ca\/fr\/wp-json\/wp\/v2\/media\/234787"}],"wp:attachment":[{"href":"https:\/\/mendomedical.ca\/fr\/wp-json\/wp\/v2\/media?parent=234785"}],"wp:term":[{"taxonomy":"product_brand","embeddable":true,"href":"https:\/\/mendomedical.ca\/fr\/wp-json\/wp\/v2\/product_brand?post=234785"},{"taxonomy":"product_cat","embeddable":true,"href":"https:\/\/mendomedical.ca\/fr\/wp-json\/wp\/v2\/product_cat?post=234785"},{"taxonomy":"product_tag","embeddable":true,"href":"https:\/\/mendomedical.ca\/fr\/wp-json\/wp\/v2\/product_tag?post=234785"},{"taxonomy":"product_format_filter","embeddable":true,"href":"https:\/\/mendomedical.ca\/fr\/wp-json\/wp\/v2\/product_format_filter?post=234785"}],"curies":[{"name":"wp","href":"https:\/\/api.w.org\/{rel}","templated":true}]}}