{"id":234744,"date":"2024-08-02T17:25:38","date_gmt":"2024-08-02T21:25:38","guid":{"rendered":"https:\/\/mendomedical.ca\/product\/or-blanc-live-rosin\/"},"modified":"2026-03-27T21:26:54","modified_gmt":"2026-03-28T01:26:54","slug":"or-blanc-live-rosin","status":"publish","type":"product","link":"https:\/\/mendomedical.ca\/fr\/produit\/or-blanc-live-rosin\/","title":{"rendered":"White Gold Live Rosin"},"content":{"rendered":"","protected":false},"excerpt":{"rendered":"<div class=\"ExternalClassE6B2B57F00F3413BBF2CACC1B95ECEA0\">\n<h3>TERP\u00c8NES TOTAUX 8,83%.<\/h3>\n<h3>White Gold Live Rosin - Concentr\u00e9 de premi\u00e8re qualit\u00e9 sans solvant<\/h3>\n<p>D\u00e9couvrez le summum de l&rsquo;extraction sans solvant avec le White Gold Live Rosin de EarthWolf Farms. Ce concentr\u00e9 de qualit\u00e9 sup\u00e9rieure capture l&rsquo;essence du cannabis biologique certifi\u00e9, cultiv\u00e9 au soleil \u00e0 Lillooet, en Colombie-Britannique. Gr\u00e2ce \u00e0 un traitement fra\u00eechement congel\u00e9 minutieux et \u00e0 un pressage de pr\u00e9cision de la rosine, White Gold pr\u00e9serve un profil terp\u00e9nique exceptionnel de 8,83 %, offrant une exp\u00e9rience aux agrumes d&rsquo;une clart\u00e9 et d&rsquo;une douceur remarquables. Parfaite pour un usage diurne, cette rosine de couleur champagne p\u00e2le offre \u00e0 la fois une \u00e9l\u00e9vation euphorique et une douce relaxation.   <\/p>\n<h4>Caract\u00e9ristiques principales<\/h4>\n<ul>\n<li>L&rsquo;extraction sans solvant des trichomes 90-159\u03bc pr\u00e9serve les effets \u00e0 spectre complet.<\/li>\n<li>La teneur \u00e9lev\u00e9e en terp\u00e8nes (8,83 %) permet d&rsquo;obtenir des ar\u00f4mes robustes d&rsquo;agrumes et de cr\u00e8me.<\/li>\n<li>66% de THC total avec 6,68% de CBG pour des effets \u00e9quilibr\u00e9s et clairs.<\/li>\n<li>Fleurs surgel\u00e9es fra\u00eeches, certifi\u00e9es biologiques et cultiv\u00e9es au soleil, provenant de Lillooet, en Colombie-Britannique.<\/li>\n<li>Texture beurr\u00e9e et douce avec une couleur champagne p\u00e2le<\/li>\n<\/ul>\n<h4>Profil des ar\u00f4mes et des cannabino\u00efdes<\/h4>\n<p>Le White Gold Live Rosin pr\u00e9sente un ar\u00f4me d\u00e9licatement sucr\u00e9 avec des notes d&rsquo;agrumes prononc\u00e9es, compl\u00e9t\u00e9es par des nuances subtiles de cr\u00e8me et d&rsquo;\u00e9pices. Le profil de saveur doux et polyvalent le rend adapt\u00e9 \u00e0 diverses m\u00e9thodes de consommation. Avec 66% de THC total et 6,68% de CBG, ce concentr\u00e9 procure un effet euphorique initial qui se transforme en sensations corporelles apaisantes. L&rsquo;impressionnante teneur en terp\u00e8nes totaux de 8,83 % garantit une exp\u00e9rience riche et cors\u00e9e \u00e0 chaque utilisation.   <\/p>\n<h4>Pourquoi choisir le CBD et les concentr\u00e9s mineurs<\/h4>\n<p>Les concentr\u00e9s de CBD et de cannabino\u00efdes mineurs offrent aux utilisateurs m\u00e9dicaux une polyvalence th\u00e9rapeutique accrue gr\u00e2ce \u00e0 l&rsquo;effet d&rsquo;entourage. La pr\u00e9sence de CBG aux c\u00f4t\u00e9s du THC peut contribuer \u00e0 \u00e9quilibrer les effets, ce qui rend ces produits particuli\u00e8rement adapt\u00e9s \u00e0 la gestion des sympt\u00f4mes pendant la journ\u00e9e sans s\u00e9dation excessive. <\/p>\n<h4>Exp\u00e9dition dans tout le Canada<\/h4>\n<p>White Gold Live Rosin est exp\u00e9di\u00e9 rapidement \u00e0 travers le Canada avec une livraison gratuite sur les commandes de plus de 150 $. Notre service d&rsquo;exp\u00e9dition fiable garantit que vos concentr\u00e9s de qualit\u00e9 sup\u00e9rieure arrivent \u00e0 votre porte en toute s\u00e9curit\u00e9 et en toute discr\u00e9tion. <\/p>\n<h4>Avantages et couverture pour les anciens combattants<\/h4>\n<p>Live Rosin est admissible \u00e0 la couverture d&rsquo;ACC (Anciens Combattants Canada) avec facturation directe par l&rsquo;entremise de la Croix Bleue, ce qui signifie que les anciens combattants admissibles n&rsquo;ont pas \u00e0 d\u00e9bourser d&rsquo;argent. Si vous n&rsquo;avez pas encore votre carte m\u00e9dicale, obtenez une approbation rapide et facile \u00e0 l&rsquo;<a href=\"https:\/\/mendomedical.ca\/fr\/carte-medicale\/\">adresse https:\/\/mendomedical.ca\/medical-card\/.<\/a> <\/p>\n<\/div>\n","protected":false},"featured_media":234841,"comment_status":"closed","ping_status":"closed","template":"","meta":{"_acf_changed":false,"site-sidebar-layout":"default","site-content-layout":"","ast-site-content-layout":"default","site-content-style":"default","site-sidebar-style":"default","ast-global-header-display":"","ast-banner-title-visibility":"","ast-main-header-display":"","ast-hfb-above-header-display":"","ast-hfb-below-header-display":"","ast-hfb-mobile-header-display":"","site-post-title":"","ast-breadcrumbs-content":"","ast-featured-img":"","footer-sml-layout":"","ast-disable-related-posts":"","theme-transparent-header-meta":"default","adv-header-id-meta":"","stick-header-meta":"","header-above-stick-meta":"","header-main-stick-meta":"","header-below-stick-meta":"","astra-migrate-meta-layouts":"set","ast-page-background-enabled":"default","ast-page-background-meta":{"desktop":{"background-color":"var(--ast-global-color-4)","background-image":"","background-repeat":"repeat","background-position":"center center","background-size":"auto","background-attachment":"scroll","background-type":"","background-media":"","overlay-type":"","overlay-color":"","overlay-opacity":"","overlay-gradient":""},"tablet":{"background-color":"","background-image":"","background-repeat":"repeat","background-position":"center center","background-size":"auto","background-attachment":"scroll","background-type":"","background-media":"","overlay-type":"","overlay-color":"","overlay-opacity":"","overlay-gradient":""},"mobile":{"background-color":"","background-image":"","background-repeat":"repeat","background-position":"center center","background-size":"auto","background-attachment":"scroll","background-type":"","background-media":"","overlay-type":"","overlay-color":"","overlay-opacity":"","overlay-gradient":""}},"ast-content-background-meta":{"desktop":{"background-color":"var(--ast-global-color-5)","background-image":"","background-repeat":"repeat","background-position":"center center","background-size":"auto","background-attachment":"scroll","background-type":"","background-media":"","overlay-type":"","overlay-color":"","overlay-opacity":"","overlay-gradient":""},"tablet":{"background-color":"var(--ast-global-color-5)","background-image":"","background-repeat":"repeat","background-position":"center center","background-size":"auto","background-attachment":"scroll","background-type":"","background-media":"","overlay-type":"","overlay-color":"","overlay-opacity":"","overlay-gradient":""},"mobile":{"background-color":"var(--ast-global-color-5)","background-image":"","background-repeat":"repeat","background-position":"center center","background-size":"auto","background-attachment":"scroll","background-type":"","background-media":"","overlay-type":"","overlay-color":"","overlay-opacity":"","overlay-gradient":""}}},"product_brand":[],"product_cat":[3926,1125,1118,1119],"product_tag":[],"product_format_filter":[6369],"class_list":{"0":"post-234744","1":"product","2":"type-product","3":"status-publish","4":"has-post-thumbnail","6":"product_cat-cbd-minors-2-fr","7":"product_cat-rosin-vivante","8":"product_cat-concentres","9":"product_cat-tout-sans-solvant","10":"pa_cbg-6-68-fr","11":"pa_flavours-agrume","12":"pa_flavours-cremeux","13":"pa_flavours-pimenter","14":"pa_format-1g-2-fr","15":"pa_intensity-cbg-eleve","16":"pa_intensity-thc-eleve","17":"pa_marques-earthwolf-farms-fr","18":"pa_origin-colombie-britannique-fr","19":"pa_thc-66-2-fr","20":"pa_type-de-plante-hybride-fr","21":"product_format_filter-1g","22":"desktop-align-left","23":"tablet-align-left","24":"mobile-align-left","26":"first","27":"instock","28":"taxable","29":"shipping-taxable","30":"purchasable","31":"product-type-simple"},"group_of_quantity":0,"min_quantity":0,"max_quantity":"","exclude_order_quantity_value_rules":"no","exclude_category_quantity_rules":"no","combine_variations":"no","acf":[],"_links":{"self":[{"href":"https:\/\/mendomedical.ca\/fr\/wp-json\/wp\/v2\/product\/234744","targetHints":{"allow":["GET"]}}],"collection":[{"href":"https:\/\/mendomedical.ca\/fr\/wp-json\/wp\/v2\/product"}],"about":[{"href":"https:\/\/mendomedical.ca\/fr\/wp-json\/wp\/v2\/types\/product"}],"replies":[{"embeddable":true,"href":"https:\/\/mendomedical.ca\/fr\/wp-json\/wp\/v2\/comments?post=234744"}],"wp:featuredmedia":[{"embeddable":true,"href":"https:\/\/mendomedical.ca\/fr\/wp-json\/wp\/v2\/media\/234841"}],"wp:attachment":[{"href":"https:\/\/mendomedical.ca\/fr\/wp-json\/wp\/v2\/media?parent=234744"}],"wp:term":[{"taxonomy":"product_brand","embeddable":true,"href":"https:\/\/mendomedical.ca\/fr\/wp-json\/wp\/v2\/product_brand?post=234744"},{"taxonomy":"product_cat","embeddable":true,"href":"https:\/\/mendomedical.ca\/fr\/wp-json\/wp\/v2\/product_cat?post=234744"},{"taxonomy":"product_tag","embeddable":true,"href":"https:\/\/mendomedical.ca\/fr\/wp-json\/wp\/v2\/product_tag?post=234744"},{"taxonomy":"product_format_filter","embeddable":true,"href":"https:\/\/mendomedical.ca\/fr\/wp-json\/wp\/v2\/product_format_filter?post=234744"}],"curies":[{"name":"wp","href":"https:\/\/api.w.org\/{rel}","templated":true}]}}