{"id":234733,"date":"2024-08-02T17:30:41","date_gmt":"2024-08-02T21:30:41","guid":{"rendered":"https:\/\/mendomedical.ca\/product\/acapulco-gold-live-rosin\/"},"modified":"2026-02-24T12:26:25","modified_gmt":"2026-02-24T17:26:25","slug":"acapulco-gold-live-rosin","status":"publish","type":"product","link":"https:\/\/mendomedical.ca\/fr\/produit\/acapulco-gold-live-rosin\/","title":{"rendered":"Acapulco Gold Live Rosin"},"content":{"rendered":"","protected":false},"excerpt":{"rendered":"<div class=\"ExternalClass69E6CF5189F8493D841706E24510A547\">\n<h3>Acapulco Gold Live Rosin<\/h3>\n<h3>Terp\u00e8nes totaux : 9,9%.<\/h3>\n<p>D\u00e9couvrez la l\u00e9gendaire souche Acapulco Gold dans sa forme la plus pure avec le Live Rosin de qualit\u00e9 sup\u00e9rieure d&rsquo;EarthWolf Farms. Ce concentr\u00e9 trait\u00e9 \u00e0 froid offre une combinaison exceptionnelle de 60 % de THC et de 10 % de CBG, \u00e9labor\u00e9e \u00e0 partir de fleurs de cannabis fra\u00eechement congel\u00e9es et certifi\u00e9es biologiques cultiv\u00e9es \u00e0 Lillooet, en Colombie-Britannique. En utilisant des m\u00e9thodes traditionnelles d&rsquo;extraction \u00e0 l&rsquo;eau glac\u00e9e et un pressage \u00e0 chaud minutieux, cette rosine artisanale pr\u00e9serve le profil terp\u00e9nique embl\u00e9matique de la souche tout en offrant une touche moderne \u00e0 un favori classique.  <\/p>\n<h4>Caract\u00e9ristiques principales<\/h4>\n<ul>\n<li>Rosine vivante s\u00e9ch\u00e9e \u00e0 froid avec de superbes teintes dor\u00e9es et 9,9 % de terp\u00e8nes totaux.<\/li>\n<li>Une teneur \u00e9lev\u00e9e en CBG (10,1 %) combin\u00e9e \u00e0 60,3 % de THC pour des effets \u00e9quilibr\u00e9s.<\/li>\n<li>Fabriqu\u00e9 \u00e0 partir de fleurs fra\u00eeches congel\u00e9es certifi\u00e9es biologiques utilisant des trichomes 73-120u<\/li>\n<li>Effets concentr\u00e9s et c\u00e9r\u00e9braux avec des propri\u00e9t\u00e9s stimulantes<\/li>\n<li>Profil classique de terpinol\u00e8ne avec des notes tropicales et d&rsquo;agrumes<\/li>\n<\/ul>\n<h4>Profil des ar\u00f4mes et des cannabino\u00efdes<\/h4>\n<p>Ce Live Rosin exceptionnel pr\u00e9sente un profil aromatique complexe avec des notes \u00e9pic\u00e9es, brumeuses et d&rsquo;agrumes, avec une expiration super fruit\u00e9e abondante en r\u00e9glisse et en fruits de la passion. L&rsquo;ar\u00f4me pr\u00e9sente des caract\u00e9ristiques sucr\u00e9es et pin\u00e9es avec des nuances d&rsquo;agrumes, offrant l&rsquo;exp\u00e9rience classique du terpinol\u00e8ne. Avec son profil cannabino\u00efde unique de 60,3 % de THC total, 10 % de CBG total et 9,9 % de Terp\u00e8nes totaux, ce concentr\u00e9 offre des effets puissants que les patients d\u00e9crivent comme exaltants avec un high clair qui peut aider \u00e0 soutenir la concentration et la pens\u00e9e cr\u00e9ative.  <\/p>\n<h4>Pourquoi choisir les concentr\u00e9s de Live Rosin ?<\/h4>\n<p>Les concentr\u00e9s de Live Rosin offrent aux patients de cannabis m\u00e9dical une option sans solvant, \u00e0 spectre complet, qui pr\u00e9serve les terp\u00e8nes et les cannabino\u00efdes naturels de la plante. Leur puissance \u00e9lev\u00e9e et leur action rapide font des concentr\u00e9s un choix efficace pour les utilisateurs m\u00e9dicaux exp\u00e9riment\u00e9s \u00e0 la recherche d&rsquo;un soulagement cibl\u00e9. <\/p>\n<h4>Exp\u00e9dition dans tout le Canada<\/h4>\n<p>Acapulco Gold Live Rosin est exp\u00e9di\u00e9 rapidement \u00e0 travers le Canada avec une livraison gratuite pour les commandes de plus de 150 $. Notre emballage s\u00e9curis\u00e9 garantit que votre concentr\u00e9 arrive en toute s\u00e9curit\u00e9 et en toute discr\u00e9tion \u00e0 votre porte. <\/p>\n<h4>Avantages et couverture pour les anciens combattants<\/h4>\n<p>Acapulco Gold Live Rosin est admissible \u00e0 la couverture d&rsquo;ACC (Anciens Combattants Canada) avec facturation directe par l&rsquo;interm\u00e9diaire de Blue Cross, ce qui signifie qu&rsquo;il n&rsquo;y a pas de frais \u00e0 d\u00e9bourser pour les anciens combattants admissibles. Si vous n&rsquo;avez pas encore d&rsquo;ordonnance de cannabis m\u00e9dical, vous pouvez <a href=\"https:\/\/mendomedical.ca\/fr\/carte-medicale\/\">obtenir votre carte m\u00e9dicale gratuite rapidement et facilement<\/a> gr\u00e2ce \u00e0 notre processus simplifi\u00e9. <\/p>\n<\/div>\n","protected":false},"featured_media":234839,"comment_status":"closed","ping_status":"closed","template":"","meta":{"_acf_changed":false,"site-sidebar-layout":"default","site-content-layout":"","ast-site-content-layout":"default","site-content-style":"default","site-sidebar-style":"default","ast-global-header-display":"","ast-banner-title-visibility":"","ast-main-header-display":"","ast-hfb-above-header-display":"","ast-hfb-below-header-display":"","ast-hfb-mobile-header-display":"","site-post-title":"","ast-breadcrumbs-content":"","ast-featured-img":"","footer-sml-layout":"","ast-disable-related-posts":"","theme-transparent-header-meta":"default","adv-header-id-meta":"","stick-header-meta":"","header-above-stick-meta":"","header-main-stick-meta":"","header-below-stick-meta":"","astra-migrate-meta-layouts":"set","ast-page-background-enabled":"default","ast-page-background-meta":{"desktop":{"background-color":"var(--ast-global-color-4)","background-image":"","background-repeat":"repeat","background-position":"center center","background-size":"auto","background-attachment":"scroll","background-type":"","background-media":"","overlay-type":"","overlay-color":"","overlay-opacity":"","overlay-gradient":""},"tablet":{"background-color":"","background-image":"","background-repeat":"repeat","background-position":"center center","background-size":"auto","background-attachment":"scroll","background-type":"","background-media":"","overlay-type":"","overlay-color":"","overlay-opacity":"","overlay-gradient":""},"mobile":{"background-color":"","background-image":"","background-repeat":"repeat","background-position":"center center","background-size":"auto","background-attachment":"scroll","background-type":"","background-media":"","overlay-type":"","overlay-color":"","overlay-opacity":"","overlay-gradient":""}},"ast-content-background-meta":{"desktop":{"background-color":"var(--ast-global-color-5)","background-image":"","background-repeat":"repeat","background-position":"center center","background-size":"auto","background-attachment":"scroll","background-type":"","background-media":"","overlay-type":"","overlay-color":"","overlay-opacity":"","overlay-gradient":""},"tablet":{"background-color":"var(--ast-global-color-5)","background-image":"","background-repeat":"repeat","background-position":"center center","background-size":"auto","background-attachment":"scroll","background-type":"","background-media":"","overlay-type":"","overlay-color":"","overlay-opacity":"","overlay-gradient":""},"mobile":{"background-color":"var(--ast-global-color-5)","background-image":"","background-repeat":"repeat","background-position":"center center","background-size":"auto","background-attachment":"scroll","background-type":"","background-media":"","overlay-type":"","overlay-color":"","overlay-opacity":"","overlay-gradient":""}}},"product_brand":[],"product_cat":[3926,1125,1118,1119],"product_tag":[],"product_format_filter":[6369],"class_list":{"0":"post-234733","1":"product","2":"type-product","3":"status-publish","4":"has-post-thumbnail","6":"product_cat-cbd-minors-2-fr","7":"product_cat-rosin-vivante","8":"product_cat-concentres","9":"product_cat-tout-sans-solvant","10":"pa_cbg-10-1-fr","11":"pa_flavours-agrume","12":"pa_flavours-a-base-de-plantes","13":"pa_flavours-pin","14":"pa_flavours-doux","15":"pa_flavours-tropical-fr","16":"pa_format-1g-2-fr","17":"pa_intensity-cbg-eleve","18":"pa_intensity-thc-eleve","19":"pa_marques-earthwolf-farms-fr","20":"pa_origin-colombie-britannique-fr","21":"pa_thc-60-3-fr","22":"pa_type-de-plante-hybride-sativa-fr","23":"product_format_filter-1g","24":"desktop-align-left","25":"tablet-align-left","26":"mobile-align-left","28":"first","29":"instock","30":"taxable","31":"shipping-taxable","32":"purchasable","33":"product-type-simple"},"group_of_quantity":0,"min_quantity":0,"max_quantity":"","exclude_order_quantity_value_rules":"no","exclude_category_quantity_rules":"no","combine_variations":"no","acf":[],"_links":{"self":[{"href":"https:\/\/mendomedical.ca\/fr\/wp-json\/wp\/v2\/product\/234733","targetHints":{"allow":["GET"]}}],"collection":[{"href":"https:\/\/mendomedical.ca\/fr\/wp-json\/wp\/v2\/product"}],"about":[{"href":"https:\/\/mendomedical.ca\/fr\/wp-json\/wp\/v2\/types\/product"}],"replies":[{"embeddable":true,"href":"https:\/\/mendomedical.ca\/fr\/wp-json\/wp\/v2\/comments?post=234733"}],"wp:featuredmedia":[{"embeddable":true,"href":"https:\/\/mendomedical.ca\/fr\/wp-json\/wp\/v2\/media\/234839"}],"wp:attachment":[{"href":"https:\/\/mendomedical.ca\/fr\/wp-json\/wp\/v2\/media?parent=234733"}],"wp:term":[{"taxonomy":"product_brand","embeddable":true,"href":"https:\/\/mendomedical.ca\/fr\/wp-json\/wp\/v2\/product_brand?post=234733"},{"taxonomy":"product_cat","embeddable":true,"href":"https:\/\/mendomedical.ca\/fr\/wp-json\/wp\/v2\/product_cat?post=234733"},{"taxonomy":"product_tag","embeddable":true,"href":"https:\/\/mendomedical.ca\/fr\/wp-json\/wp\/v2\/product_tag?post=234733"},{"taxonomy":"product_format_filter","embeddable":true,"href":"https:\/\/mendomedical.ca\/fr\/wp-json\/wp\/v2\/product_format_filter?post=234733"}],"curies":[{"name":"wp","href":"https:\/\/api.w.org\/{rel}","templated":true}]}}