{"id":233885,"date":"2025-04-30T19:00:57","date_gmt":"2025-04-30T23:00:57","guid":{"rendered":"https:\/\/mendomedical.ca\/?post_type=product&#038;p=233885"},"modified":"2025-10-09T14:06:58","modified_gmt":"2025-10-09T18:06:58","slug":"strawberry-grail-copy","status":"publish","type":"product","link":"https:\/\/mendomedical.ca\/fr\/produit\/strawberry-grail-copy\/","title":{"rendered":"Sugar Daddy"},"content":{"rendered":"","protected":false},"excerpt":{"rendered":"<div class=\"ExternalClassC5D3B8850BD1442CA141EC16D03A6F00\">\n<h3>Sugar Daddy par Cheers Cannabis<\/h3>\n<p>D\u00e9couvrez le profil distinctif de Sugar Daddy, un puissant cultivar \u00e0 dominance indica qui se d\u00e9marque dans la collection Cheers Cannabis. Avec une impressionnante teneur totale en terp\u00e8nes de 2,86 %, cette fleur de qualit\u00e9 sup\u00e9rieure produit des effets lourds et s\u00e9datifs, parfaits pour se d\u00e9tendre le soir. Sa combinaison unique d&rsquo;ar\u00f4mes d&rsquo;agrumes, de cr\u00e8me et de terre cr\u00e9e une exp\u00e9rience sensorielle sophistiqu\u00e9e que les amateurs d&rsquo;indica appr\u00e9cieront.<\/p>\n<h4>Caract\u00e9ristiques principales<\/h4>\n<ul>\n<li>Teneur \u00e9lev\u00e9e en terp\u00e8nes (2,86 %) pour un potentiel aromatique et th\u00e9rapeutique accru<\/li>\n<li>Souche puissante \u00e0 dominance indica avec des effets s\u00e9datifs et physiques prononc\u00e9s.<\/li>\n<li>Cocottes vert clair recouvertes de trichomes blanc givr\u00e9 pour un attrait visuel exceptionnel.<\/li>\n<li>Profil de saveur complexe avec des notes d&rsquo;agrumes cr\u00e9meuses et des nuances terreuses.<\/li>\n<li>Profil terp\u00e9nique riche en myrc\u00e8ne, limon\u00e8ne et caryophyll\u00e8ne<\/li>\n<\/ul>\n<h4>Profil aromatique et terp\u00e9nique<\/h4>\n<p>Sugar Daddy offre une exp\u00e9rience sensorielle \u00e0 plusieurs niveaux, en commen\u00e7ant par des ar\u00f4mes d&rsquo;herbes, de gaz et d&rsquo;agrumes. Le profil de saveur offre des notes cr\u00e9meuses et d&rsquo;agrumes compl\u00e9t\u00e9es par des tons terreux, cr\u00e9ant une exp\u00e9rience de consommation douce et agr\u00e9able. Les terp\u00e8nes dominants - myrc\u00e8ne, limon\u00e8ne et caryophyll\u00e8ne - agissent en synergie pour produire \u00e0 la fois l&rsquo;ar\u00f4me distinctif de cr\u00e8me d&rsquo;agrumes et les effets particuli\u00e8rement puissants de la vari\u00e9t\u00e9.<\/p>\n<h4>Pourquoi choisir All Flower<\/h4>\n<p>Les produits \u00e0 base de fleurs enti\u00e8res offrent aux consommateurs de cannabis m\u00e9dical le spectre complet des cannabino\u00efdes et des terp\u00e8nes sous leur forme naturelle. Cela permet un contr\u00f4le pr\u00e9cis du dosage et la flexibilit\u00e9 de choisir votre m\u00e9thode de consommation pr\u00e9f\u00e9r\u00e9e, qu&rsquo;il s&rsquo;agisse de vaporisation ou de m\u00e9thodes traditionnelles.<\/p>\n<h4>Exp\u00e9dition dans tout le Canada<\/h4>\n<p>Sugar Daddy livre rapidement \u00e0 travers le Canada, assurant la livraison de produits frais \u00e0 votre porte. Nous offrons la livraison gratuite pour toutes les commandes de plus de 150 $, ce qui rend l&rsquo;acc\u00e8s \u00e0 votre cannabis m\u00e9dical pratique et abordable.<\/p>\n<h4>Avantages et couverture pour les anciens combattants<\/h4>\n<p>Sugar Daddy est admissible \u00e0 la couverture d&rsquo;ACC (Anciens Combattants Canada) et \u00e0 la facturation directe par l&rsquo;entremise de la Croix Bleue, ce qui signifie que les anciens combattants admissibles n&rsquo;ont pas \u00e0 d\u00e9bourser d&rsquo;argent. Si vous n&rsquo;avez pas encore de carte m\u00e9dicale, obtenez-la gratuitement, rapidement et facilement, \u00e0 l&rsquo;<a href=\"https:\/\/mendomedical.ca\/fr\/carte-medicale\/\">adresse https:\/\/mendomedical.ca\/medical-card\/.<\/a><\/p>\n<\/div>\n","protected":false},"featured_media":233888,"comment_status":"closed","ping_status":"closed","template":"","meta":{"_acf_changed":false,"site-sidebar-layout":"default","site-content-layout":"","ast-site-content-layout":"default","site-content-style":"default","site-sidebar-style":"default","ast-global-header-display":"","ast-banner-title-visibility":"","ast-main-header-display":"","ast-hfb-above-header-display":"","ast-hfb-below-header-display":"","ast-hfb-mobile-header-display":"","site-post-title":"","ast-breadcrumbs-content":"","ast-featured-img":"","footer-sml-layout":"","ast-disable-related-posts":"","theme-transparent-header-meta":"default","adv-header-id-meta":"","stick-header-meta":"","header-above-stick-meta":"","header-main-stick-meta":"","header-below-stick-meta":"","astra-migrate-meta-layouts":"set","ast-page-background-enabled":"default","ast-page-background-meta":{"desktop":{"background-color":"var(--ast-global-color-4)","background-image":"","background-repeat":"repeat","background-position":"center center","background-size":"auto","background-attachment":"scroll","background-type":"","background-media":"","overlay-type":"","overlay-color":"","overlay-opacity":"","overlay-gradient":""},"tablet":{"background-color":"","background-image":"","background-repeat":"repeat","background-position":"center center","background-size":"auto","background-attachment":"scroll","background-type":"","background-media":"","overlay-type":"","overlay-color":"","overlay-opacity":"","overlay-gradient":""},"mobile":{"background-color":"","background-image":"","background-repeat":"repeat","background-position":"center center","background-size":"auto","background-attachment":"scroll","background-type":"","background-media":"","overlay-type":"","overlay-color":"","overlay-opacity":"","overlay-gradient":""}},"ast-content-background-meta":{"desktop":{"background-color":"var(--ast-global-color-5)","background-image":"","background-repeat":"repeat","background-position":"center center","background-size":"auto","background-attachment":"scroll","background-type":"","background-media":"","overlay-type":"","overlay-color":"","overlay-opacity":"","overlay-gradient":""},"tablet":{"background-color":"var(--ast-global-color-5)","background-image":"","background-repeat":"repeat","background-position":"center center","background-size":"auto","background-attachment":"scroll","background-type":"","background-media":"","overlay-type":"","overlay-color":"","overlay-opacity":"","overlay-gradient":""},"mobile":{"background-color":"var(--ast-global-color-5)","background-image":"","background-repeat":"repeat","background-position":"center center","background-size":"auto","background-attachment":"scroll","background-type":"","background-media":"","overlay-type":"","overlay-color":"","overlay-opacity":"","overlay-gradient":""}}},"product_brand":[4665],"product_cat":[1137],"product_tag":[3051],"product_format_filter":[6373],"class_list":{"0":"post-233885","1":"product","2":"type-product","3":"status-publish","4":"has-post-thumbnail","6":"product_brand-cheers-cannabis","7":"product_cat-fleur","8":"product_tag-cheers-cannabis-fr","9":"pa_flavours-agrume","10":"pa_flavours-cremeux","11":"pa_flavours-terreux","12":"pa_format-7g-fr","13":"pa_intensity-thc-eleve","14":"pa_marques-cheers-cannabis-fr","15":"pa_origin-quebec-fr","16":"pa_packaging-date-05-17-2025-fr","17":"pa_prix-par-gramme-8-57-fr","18":"pa_profil-terpene-caryophyllene","19":"pa_profil-terpene-limonene-fr","20":"pa_profil-terpene-linalol-fr","21":"pa_profil-terpene-myrcene","22":"pa_thc-26-8-fr","23":"pa_type-de-plante-indica-fr","24":"product_format_filter-7g","25":"desktop-align-left","26":"tablet-align-left","27":"mobile-align-left","29":"first","30":"outofstock","31":"taxable","32":"shipping-taxable","33":"purchasable","34":"product-type-simple"},"group_of_quantity":0,"min_quantity":0,"max_quantity":"","exclude_order_quantity_value_rules":"no","exclude_category_quantity_rules":"no","combine_variations":"no","acf":[],"_links":{"self":[{"href":"https:\/\/mendomedical.ca\/fr\/wp-json\/wp\/v2\/product\/233885","targetHints":{"allow":["GET"]}}],"collection":[{"href":"https:\/\/mendomedical.ca\/fr\/wp-json\/wp\/v2\/product"}],"about":[{"href":"https:\/\/mendomedical.ca\/fr\/wp-json\/wp\/v2\/types\/product"}],"replies":[{"embeddable":true,"href":"https:\/\/mendomedical.ca\/fr\/wp-json\/wp\/v2\/comments?post=233885"}],"wp:featuredmedia":[{"embeddable":true,"href":"https:\/\/mendomedical.ca\/fr\/wp-json\/wp\/v2\/media\/233888"}],"wp:attachment":[{"href":"https:\/\/mendomedical.ca\/fr\/wp-json\/wp\/v2\/media?parent=233885"}],"wp:term":[{"taxonomy":"product_brand","embeddable":true,"href":"https:\/\/mendomedical.ca\/fr\/wp-json\/wp\/v2\/product_brand?post=233885"},{"taxonomy":"product_cat","embeddable":true,"href":"https:\/\/mendomedical.ca\/fr\/wp-json\/wp\/v2\/product_cat?post=233885"},{"taxonomy":"product_tag","embeddable":true,"href":"https:\/\/mendomedical.ca\/fr\/wp-json\/wp\/v2\/product_tag?post=233885"},{"taxonomy":"product_format_filter","embeddable":true,"href":"https:\/\/mendomedical.ca\/fr\/wp-json\/wp\/v2\/product_format_filter?post=233885"}],"curies":[{"name":"wp","href":"https:\/\/api.w.org\/{rel}","templated":true}]}}