{"id":233866,"date":"2024-08-02T17:00:26","date_gmt":"2024-08-02T21:00:26","guid":{"rendered":"https:\/\/mendomedical.ca\/?post_type=product&#038;p=233866"},"modified":"2025-05-25T03:14:00","modified_gmt":"2025-05-25T07:14:00","slug":"first-class-funk-live-rosin-copy","status":"publish","type":"product","link":"https:\/\/mendomedical.ca\/fr\/produit\/first-class-funk-live-rosin-copy\/","title":{"rendered":"Garlic Juice Live Rosin"},"content":{"rendered":"","protected":false},"excerpt":{"rendered":"<h3>Terp\u00e8nes totaux : 9.67%<\/h3>\n<h5>Garlic Juice ( GMO x Papaya)<\/h5>\n<p><strong>M\u00e9lange parfait de Papaya et GMO.<\/strong><\/p>\n<p>&nbsp;<\/p>\n<h5>Aspect Visuel:<\/h5>\n<p>P\u00e2te Humide.<\/p>\n<p>&nbsp;<\/p>\n<h5>Ar\u00f4me :<\/h5>\n<p>Gaz, bonbons, ail.<\/p>\n<p>&nbsp;<\/p>\n<h5>Profil de saveur :<\/h5>\n<p>Odeur d&rsquo;ail doux.<\/p>\n<p>&nbsp;<\/p>\n<h5>Profil des cannabino\u00efdes et des terp\u00e8nes :<\/h5>\n<p>Myrc\u00e8ne, limon\u00e8ne, linalol, pinene, caryophyll\u00e8ne.<\/p>\n<p>&nbsp;<\/p>\n<h5>Effets :<\/h5>\n<p>S\u00e9datif, puissant.<\/p>\n<p>&nbsp;<\/p>\n<h5>Ce que les patients disent de ce produit :<\/h5>\n<p>M\u00e9decine tr\u00e8s efficace.<\/p>\n","protected":false},"featured_media":233839,"comment_status":"closed","ping_status":"closed","template":"","meta":{"_acf_changed":false,"site-sidebar-layout":"default","site-content-layout":"","ast-site-content-layout":"default","site-content-style":"default","site-sidebar-style":"default","ast-global-header-display":"","ast-banner-title-visibility":"","ast-main-header-display":"","ast-hfb-above-header-display":"","ast-hfb-below-header-display":"","ast-hfb-mobile-header-display":"","site-post-title":"","ast-breadcrumbs-content":"","ast-featured-img":"","footer-sml-layout":"","ast-disable-related-posts":"","theme-transparent-header-meta":"default","adv-header-id-meta":"","stick-header-meta":"","header-above-stick-meta":"","header-main-stick-meta":"","header-below-stick-meta":"","astra-migrate-meta-layouts":"set","ast-page-background-enabled":"default","ast-page-background-meta":{"desktop":{"background-color":"var(--ast-global-color-4)","background-image":"","background-repeat":"repeat","background-position":"center center","background-size":"auto","background-attachment":"scroll","background-type":"","background-media":"","overlay-type":"","overlay-color":"","overlay-opacity":"","overlay-gradient":""},"tablet":{"background-color":"","background-image":"","background-repeat":"repeat","background-position":"center center","background-size":"auto","background-attachment":"scroll","background-type":"","background-media":"","overlay-type":"","overlay-color":"","overlay-opacity":"","overlay-gradient":""},"mobile":{"background-color":"","background-image":"","background-repeat":"repeat","background-position":"center center","background-size":"auto","background-attachment":"scroll","background-type":"","background-media":"","overlay-type":"","overlay-color":"","overlay-opacity":"","overlay-gradient":""}},"ast-content-background-meta":{"desktop":{"background-color":"var(--ast-global-color-5)","background-image":"","background-repeat":"repeat","background-position":"center center","background-size":"auto","background-attachment":"scroll","background-type":"","background-media":"","overlay-type":"","overlay-color":"","overlay-opacity":"","overlay-gradient":""},"tablet":{"background-color":"var(--ast-global-color-5)","background-image":"","background-repeat":"repeat","background-position":"center center","background-size":"auto","background-attachment":"scroll","background-type":"","background-media":"","overlay-type":"","overlay-color":"","overlay-opacity":"","overlay-gradient":""},"mobile":{"background-color":"var(--ast-global-color-5)","background-image":"","background-repeat":"repeat","background-position":"center center","background-size":"auto","background-attachment":"scroll","background-type":"","background-media":"","overlay-type":"","overlay-color":"","overlay-opacity":"","overlay-gradient":""}}},"product_brand":[],"product_cat":[1125,1118],"product_tag":[],"product_format_filter":[],"class_list":{"0":"post-233866","1":"product","2":"type-product","3":"status-publish","4":"has-post-thumbnail","6":"product_cat-rosin-vivante","7":"product_cat-concentres","8":"pa_cbg--1-5-fr","9":"pa_flavours-gazeux-diesel","10":"pa_flavours-doux","11":"pa_format-1g-2-fr","12":"pa_intensity-thc-eleve","13":"pa_intensity-low-cbg-fr","14":"pa_marques-unlicensed-producer-fr","15":"pa_origin-manitoba-fr","16":"pa_profil-terpene-caryophyllene","17":"pa_profil-terpene-limonene-fr","18":"pa_profil-terpene-linalol-fr","19":"pa_profil-terpene-myrcene","20":"pa_profil-terpene-pinene-fr","21":"pa_thc-75-7-fr","22":"pa_type-de-plante-hybride-indica-fr","23":"desktop-align-left","24":"tablet-align-left","25":"mobile-align-left","27":"first","28":"outofstock","29":"taxable","30":"shipping-taxable","31":"purchasable","32":"product-type-simple"},"group_of_quantity":0,"min_quantity":0,"max_quantity":"","exclude_order_quantity_value_rules":"no","exclude_category_quantity_rules":"no","combine_variations":"no","acf":[],"_links":{"self":[{"href":"https:\/\/mendomedical.ca\/fr\/wp-json\/wp\/v2\/product\/233866","targetHints":{"allow":["GET"]}}],"collection":[{"href":"https:\/\/mendomedical.ca\/fr\/wp-json\/wp\/v2\/product"}],"about":[{"href":"https:\/\/mendomedical.ca\/fr\/wp-json\/wp\/v2\/types\/product"}],"replies":[{"embeddable":true,"href":"https:\/\/mendomedical.ca\/fr\/wp-json\/wp\/v2\/comments?post=233866"}],"wp:featuredmedia":[{"embeddable":true,"href":"https:\/\/mendomedical.ca\/fr\/wp-json\/wp\/v2\/media\/233839"}],"wp:attachment":[{"href":"https:\/\/mendomedical.ca\/fr\/wp-json\/wp\/v2\/media?parent=233866"}],"wp:term":[{"taxonomy":"product_brand","embeddable":true,"href":"https:\/\/mendomedical.ca\/fr\/wp-json\/wp\/v2\/product_brand?post=233866"},{"taxonomy":"product_cat","embeddable":true,"href":"https:\/\/mendomedical.ca\/fr\/wp-json\/wp\/v2\/product_cat?post=233866"},{"taxonomy":"product_tag","embeddable":true,"href":"https:\/\/mendomedical.ca\/fr\/wp-json\/wp\/v2\/product_tag?post=233866"},{"taxonomy":"product_format_filter","embeddable":true,"href":"https:\/\/mendomedical.ca\/fr\/wp-json\/wp\/v2\/product_format_filter?post=233866"}],"curies":[{"name":"wp","href":"https:\/\/api.w.org\/{rel}","templated":true}]}}