{"id":233830,"date":"2024-09-01T18:00:04","date_gmt":"2024-09-01T22:00:04","guid":{"rendered":"https:\/\/mendomedical.ca\/?post_type=product&#038;p=233830"},"modified":"2025-07-29T15:28:35","modified_gmt":"2025-07-29T19:28:35","slug":"zoap-blockberry-infused-hash-hole","status":"publish","type":"product","link":"https:\/\/mendomedical.ca\/fr\/produit\/zoap-blockberry-infused-hash-hole\/","title":{"rendered":"Zoap + Blockberry Infused Hash Hole"},"content":{"rendered":"","protected":false},"excerpt":{"rendered":"<p><strong>Zoap Flower (1.5g) + Blockberry Live Rosin (0.5g)<\/strong><\/p>\n<p><strong>Les Hash Holes sont des joints infus\u00e9s roul\u00e9s \u00e0 la main avec un embout en bois, de la fleur enti\u00e8re d&rsquo;int\u00e9rieur de la plus haute qualit\u00e9 que nous puissions trouver et de la rosine de haschisch riche en terp\u00e8nes parfaitement centr\u00e9e dans le joint, cr\u00e9ant un effet de trou de beignet pendant qu&rsquo;il br\u00fble. Parfaitement portionn\u00e9 et roul\u00e9 par des experts, il t\u00e9moigne du d\u00e9vouement de la marque \u00e0 la qualit\u00e9 et \u00e0 l&rsquo;innovation dans l&rsquo;industrie du cannabis. <\/strong><\/p>\n<p>&nbsp;<\/p>\n<h5>Ar\u00f4me et saveur :<\/h5>\n<p>Cr\u00e9meux avec du gaz, une saveur classique de Kush.<\/p>\n","protected":false},"featured_media":233834,"comment_status":"closed","ping_status":"closed","template":"","meta":{"_acf_changed":false,"site-sidebar-layout":"default","site-content-layout":"","ast-site-content-layout":"default","site-content-style":"default","site-sidebar-style":"default","ast-global-header-display":"","ast-banner-title-visibility":"","ast-main-header-display":"","ast-hfb-above-header-display":"","ast-hfb-below-header-display":"","ast-hfb-mobile-header-display":"","site-post-title":"","ast-breadcrumbs-content":"","ast-featured-img":"","footer-sml-layout":"","ast-disable-related-posts":"","theme-transparent-header-meta":"default","adv-header-id-meta":"","stick-header-meta":"","header-above-stick-meta":"","header-main-stick-meta":"","header-below-stick-meta":"","astra-migrate-meta-layouts":"set","ast-page-background-enabled":"default","ast-page-background-meta":{"desktop":{"background-color":"var(--ast-global-color-4)","background-image":"","background-repeat":"repeat","background-position":"center center","background-size":"auto","background-attachment":"scroll","background-type":"","background-media":"","overlay-type":"","overlay-color":"","overlay-opacity":"","overlay-gradient":""},"tablet":{"background-color":"","background-image":"","background-repeat":"repeat","background-position":"center center","background-size":"auto","background-attachment":"scroll","background-type":"","background-media":"","overlay-type":"","overlay-color":"","overlay-opacity":"","overlay-gradient":""},"mobile":{"background-color":"","background-image":"","background-repeat":"repeat","background-position":"center center","background-size":"auto","background-attachment":"scroll","background-type":"","background-media":"","overlay-type":"","overlay-color":"","overlay-opacity":"","overlay-gradient":""}},"ast-content-background-meta":{"desktop":{"background-color":"var(--ast-global-color-5)","background-image":"","background-repeat":"repeat","background-position":"center center","background-size":"auto","background-attachment":"scroll","background-type":"","background-media":"","overlay-type":"","overlay-color":"","overlay-opacity":"","overlay-gradient":""},"tablet":{"background-color":"var(--ast-global-color-5)","background-image":"","background-repeat":"repeat","background-position":"center center","background-size":"auto","background-attachment":"scroll","background-type":"","background-media":"","overlay-type":"","overlay-color":"","overlay-opacity":"","overlay-gradient":""},"mobile":{"background-color":"var(--ast-global-color-5)","background-image":"","background-repeat":"repeat","background-position":"center center","background-size":"auto","background-attachment":"scroll","background-type":"","background-media":"","overlay-type":"","overlay-color":"","overlay-opacity":"","overlay-gradient":""}}},"product_brand":[4399],"product_cat":[1125,1147,1144],"product_tag":[],"product_format_filter":[6391],"class_list":{"0":"post-233830","1":"product","2":"type-product","3":"status-publish","4":"has-post-thumbnail","6":"product_brand-1above","7":"product_cat-rosin-vivante","8":"product_cat-pre-roules-infuses","9":"product_cat-pre-roules","10":"pa_flavours-cremeux","11":"pa_flavours-gaz","12":"pa_intensity-thc-eleve","13":"pa_marques-1above-fr","14":"pa_origin-ontario-fr","15":"product_format_filter-2g","16":"desktop-align-left","17":"tablet-align-left","18":"mobile-align-left","20":"first","21":"outofstock","22":"taxable","23":"shipping-taxable","24":"purchasable","25":"product-type-simple"},"group_of_quantity":0,"min_quantity":0,"max_quantity":"","exclude_order_quantity_value_rules":"no","exclude_category_quantity_rules":"no","combine_variations":"no","acf":[],"_links":{"self":[{"href":"https:\/\/mendomedical.ca\/fr\/wp-json\/wp\/v2\/product\/233830","targetHints":{"allow":["GET"]}}],"collection":[{"href":"https:\/\/mendomedical.ca\/fr\/wp-json\/wp\/v2\/product"}],"about":[{"href":"https:\/\/mendomedical.ca\/fr\/wp-json\/wp\/v2\/types\/product"}],"replies":[{"embeddable":true,"href":"https:\/\/mendomedical.ca\/fr\/wp-json\/wp\/v2\/comments?post=233830"}],"wp:featuredmedia":[{"embeddable":true,"href":"https:\/\/mendomedical.ca\/fr\/wp-json\/wp\/v2\/media\/233834"}],"wp:attachment":[{"href":"https:\/\/mendomedical.ca\/fr\/wp-json\/wp\/v2\/media?parent=233830"}],"wp:term":[{"taxonomy":"product_brand","embeddable":true,"href":"https:\/\/mendomedical.ca\/fr\/wp-json\/wp\/v2\/product_brand?post=233830"},{"taxonomy":"product_cat","embeddable":true,"href":"https:\/\/mendomedical.ca\/fr\/wp-json\/wp\/v2\/product_cat?post=233830"},{"taxonomy":"product_tag","embeddable":true,"href":"https:\/\/mendomedical.ca\/fr\/wp-json\/wp\/v2\/product_tag?post=233830"},{"taxonomy":"product_format_filter","embeddable":true,"href":"https:\/\/mendomedical.ca\/fr\/wp-json\/wp\/v2\/product_format_filter?post=233830"}],"curies":[{"name":"wp","href":"https:\/\/api.w.org\/{rel}","templated":true}]}}