{"id":233222,"date":"2024-09-01T17:10:46","date_gmt":"2024-09-01T21:10:46","guid":{"rendered":"https:\/\/mendomedical.ca\/?post_type=product&#038;p=233222"},"modified":"2025-07-07T12:58:38","modified_gmt":"2025-07-07T16:58:38","slug":"sour-citrus-10x0-5","status":"publish","type":"product","link":"https:\/\/mendomedical.ca\/fr\/produit\/sour-citrus-10x0-5\/","title":{"rendered":"Sour Citrus - Pre-Rolls 10&#215;0.5g"},"content":{"rendered":"","protected":false},"excerpt":{"rendered":"<p><strong>Les pr\u00e9-roul\u00e9s Sour Citrus de TobaGrown reviennent dans un format plus grand de 5 x 1 g pour des sessions prolong\u00e9es ou des moments de partage en groupe. Ce cultivar \u00e0 dominante sativa offre des saveurs d\u2019agrumes et de cerise caract\u00e9ristiques et des effets intenses dans un format pratique. Avec 31 % de THC et des fleurs enti\u00e8res riches en terp\u00e8nes, ces pr\u00e9-roul\u00e9s sont synonymes d\u2019\u00e9nergie, de concentration et d\u2019une saveur exceptionnelle.<\/strong><\/p>\n<p>&nbsp;<\/p>\n<h5>Aspect visuel\u00a0:<\/h5>\n<p>Chaque joint de 1 g est rempli de fleurs de premi\u00e8re qualit\u00e9 finement moulues\u00a0; sans taille, ni secousse. Vous obtiendrez une combustion uniforme, un ar\u00f4me intense et une saveur qui dure du d\u00e9but \u00e0 la fin.<\/p>\n<p>&nbsp;<\/p>\n<h5>Profil aromatique et gustatif\u00a0:<\/h5>\n<p>Sour Citrus est fid\u00e8le \u00e0 son nom\u00a0: attendez-vous \u00e0 des explosions intenses de zeste de citron, d\u2019\u00e9corce de citron vert et de pamplemousse acidul\u00e9, soutenues par une l\u00e9g\u00e8re note de diesel et d\u2019\u00e9pices v\u00e9g\u00e9tales. L\u2019inhalation est vive et fruit\u00e9e\u00a0; l\u2019expiration est vive et p\u00e9tillante.<\/p>\n<p>&nbsp;<\/p>\n<h5>Profil cannabino\u00efde et terp\u00e9nique\u00a0:<\/h5>\n<p>Terp\u00e8nes totaux\u00a0: 2,2\u20132,6\u00a0%<\/p>\n<p>Limon\u00e8ne 0,60\u00a0% Note de t\u00eate vive d\u2019agrumes, effet \u00e9nergisant<br \/>\nTerpinol\u00e8ne 0,50\u00a0% Note fruit\u00e9e-florale, ajoute une pointe sucr\u00e9e et acidul\u00e9e<br \/>\nMyrc\u00e8ne 0,40\u00a0% \u00c9quilibre herbac\u00e9, arrondit la note acidul\u00e9e<br \/>\nCaryophyll\u00e8ne 0,30\u00a0% Gaz subtil et \u00e9pices enracinantes<br \/>\nOcim\u00e8ne 0,20\u00a0% Douceur florale l\u00e9g\u00e8re et finale onctueuse<\/p>\n<h5><\/h5>\n<h5>Effets constat\u00e9s\u00a0:<\/h5>\n<p>Attendez-vous \u00e0 un buzz c\u00e9r\u00e9bral rapide qui se transforme en \u00e9nergie lucide et en aisance sociale. Id\u00e9al pour la concentration cr\u00e9ative, les s\u00e9ances nature ou les moments de d\u00e9tente en journ\u00e9e.<\/p>\n<p>&nbsp;<\/p>\n<h5>Avis des consommateurs\u00a0:<\/h5>\n<p>Pour les amateurs de sativas aux notes d\u2019agrumes, au mordant et \u00e0 la puissance intenses, ce pack de cinq est fait pour vous. Puissant, facile \u00e0 emporter et d\u2019une fra\u00eecheur incomparable.<\/p>\n","protected":false},"featured_media":233006,"comment_status":"closed","ping_status":"closed","template":"","meta":{"_acf_changed":false,"site-sidebar-layout":"default","site-content-layout":"","ast-site-content-layout":"default","site-content-style":"default","site-sidebar-style":"default","ast-global-header-display":"","ast-banner-title-visibility":"","ast-main-header-display":"","ast-hfb-above-header-display":"","ast-hfb-below-header-display":"","ast-hfb-mobile-header-display":"","site-post-title":"","ast-breadcrumbs-content":"","ast-featured-img":"","footer-sml-layout":"","ast-disable-related-posts":"","theme-transparent-header-meta":"default","adv-header-id-meta":"","stick-header-meta":"","header-above-stick-meta":"","header-main-stick-meta":"","header-below-stick-meta":"","astra-migrate-meta-layouts":"set","ast-page-background-enabled":"default","ast-page-background-meta":{"desktop":{"background-color":"var(--ast-global-color-4)","background-image":"","background-repeat":"repeat","background-position":"center center","background-size":"auto","background-attachment":"scroll","background-type":"","background-media":"","overlay-type":"","overlay-color":"","overlay-opacity":"","overlay-gradient":""},"tablet":{"background-color":"","background-image":"","background-repeat":"repeat","background-position":"center center","background-size":"auto","background-attachment":"scroll","background-type":"","background-media":"","overlay-type":"","overlay-color":"","overlay-opacity":"","overlay-gradient":""},"mobile":{"background-color":"","background-image":"","background-repeat":"repeat","background-position":"center center","background-size":"auto","background-attachment":"scroll","background-type":"","background-media":"","overlay-type":"","overlay-color":"","overlay-opacity":"","overlay-gradient":""}},"ast-content-background-meta":{"desktop":{"background-color":"var(--ast-global-color-5)","background-image":"","background-repeat":"repeat","background-position":"center center","background-size":"auto","background-attachment":"scroll","background-type":"","background-media":"","overlay-type":"","overlay-color":"","overlay-opacity":"","overlay-gradient":""},"tablet":{"background-color":"var(--ast-global-color-5)","background-image":"","background-repeat":"repeat","background-position":"center center","background-size":"auto","background-attachment":"scroll","background-type":"","background-media":"","overlay-type":"","overlay-color":"","overlay-opacity":"","overlay-gradient":""},"mobile":{"background-color":"var(--ast-global-color-5)","background-image":"","background-repeat":"repeat","background-position":"center center","background-size":"auto","background-attachment":"scroll","background-type":"","background-media":"","overlay-type":"","overlay-color":"","overlay-opacity":"","overlay-gradient":""}}},"product_brand":[],"product_cat":[4803,1144],"product_tag":[5833],"product_format_filter":[],"class_list":{"0":"post-233222","1":"product","2":"type-product","3":"status-publish","4":"has-post-thumbnail","6":"product_cat-pre-rolls-non-infuses","7":"product_cat-pre-roules","8":"product_tag-uniquement-pour-les-veterans","9":"pa_format-10x05g","10":"pa_intensity-thc-eleve","11":"pa_marques-tobagrown-fr","12":"pa_origin-manitoba-fr","13":"pa_thc-30-9-fr","14":"pa_type-de-plante-sativa-fr","15":"desktop-align-left","16":"tablet-align-left","17":"mobile-align-left","19":"first","20":"outofstock","21":"taxable","22":"shipping-taxable","23":"purchasable","24":"product-type-simple"},"group_of_quantity":0,"min_quantity":0,"max_quantity":"","exclude_order_quantity_value_rules":"no","exclude_category_quantity_rules":"no","combine_variations":"no","acf":[],"_links":{"self":[{"href":"https:\/\/mendomedical.ca\/fr\/wp-json\/wp\/v2\/product\/233222","targetHints":{"allow":["GET"]}}],"collection":[{"href":"https:\/\/mendomedical.ca\/fr\/wp-json\/wp\/v2\/product"}],"about":[{"href":"https:\/\/mendomedical.ca\/fr\/wp-json\/wp\/v2\/types\/product"}],"replies":[{"embeddable":true,"href":"https:\/\/mendomedical.ca\/fr\/wp-json\/wp\/v2\/comments?post=233222"}],"wp:featuredmedia":[{"embeddable":true,"href":"https:\/\/mendomedical.ca\/fr\/wp-json\/wp\/v2\/media\/233006"}],"wp:attachment":[{"href":"https:\/\/mendomedical.ca\/fr\/wp-json\/wp\/v2\/media?parent=233222"}],"wp:term":[{"taxonomy":"product_brand","embeddable":true,"href":"https:\/\/mendomedical.ca\/fr\/wp-json\/wp\/v2\/product_brand?post=233222"},{"taxonomy":"product_cat","embeddable":true,"href":"https:\/\/mendomedical.ca\/fr\/wp-json\/wp\/v2\/product_cat?post=233222"},{"taxonomy":"product_tag","embeddable":true,"href":"https:\/\/mendomedical.ca\/fr\/wp-json\/wp\/v2\/product_tag?post=233222"},{"taxonomy":"product_format_filter","embeddable":true,"href":"https:\/\/mendomedical.ca\/fr\/wp-json\/wp\/v2\/product_format_filter?post=233222"}],"curies":[{"name":"wp","href":"https:\/\/api.w.org\/{rel}","templated":true}]}}